{"id":2390,"date":"2024-10-21T13:40:02","date_gmt":"2024-10-21T11:40:02","guid":{"rendered":"https:\/\/mbc-marine.com\/?post_type=product&#038;p=2390"},"modified":"2025-09-09T13:46:28","modified_gmt":"2025-09-09T11:46:28","slug":"pompe-a-eau-de-mer-mp-40-r","status":"publish","type":"product","link":"https:\/\/mbc-marine.com\/fr\/product\/mp-40-r-sea-water-pump\/","title":{"rendered":"Pompe \u00e0 eau de mer MP40-R"},"content":{"rendered":"<div data-elementor-type=\"product-post\" data-elementor-id=\"2390\" class=\"elementor elementor-2390\" data-elementor-post-type=\"product\">\n\t\t\t\t\t\t<section class=\"elementor-section elementor-top-section elementor-element elementor-element-42bf677e elementor-section-full_width elementor-section-height-default elementor-section-height-default\" data-id=\"42bf677e\" data-element_type=\"section\" data-e-type=\"section\" data-settings=\"{&quot;jet_parallax_layout_list&quot;:[]}\">\n\t\t\t\t\t\t<div class=\"elementor-container elementor-column-gap-default\">\n\t\t\t\t\t<div class=\"elementor-column elementor-col-100 elementor-top-column elementor-element elementor-element-3779d6b8\" data-id=\"3779d6b8\" data-element_type=\"column\" data-e-type=\"column\">\n\t\t\t<div class=\"elementor-widget-wrap elementor-element-populated\">\n\t\t\t\t\t\t<div class=\"elementor-element elementor-element-2d60f6f9 elementor-widget elementor-widget-text-editor\" data-id=\"2d60f6f9\" data-element_type=\"widget\" data-e-type=\"widget\" data-widget_type=\"text-editor.default\">\n\t\t\t\t<div class=\"elementor-widget-container\">\n\t\t\t\t\t\t\t\t\t<div class=\"page\" title=\"Page 15\"><div class=\"section\"><div class=\"layoutArea\"><div class=\"column\"><h5><span style=\"font-size: 12pt; font-family: arial, helvetica, sans-serif;\">La MBC MP-40R est une pompe centrifuge \u00e0 entra\u00eenement magn\u00e9tique durable, con\u00e7ue pour un fonctionnement continu. <strong data-start=\"246\" data-end=\"270\">circulation de l'eau de mer<\/strong> dans les syst\u00e8mes de refroidissement et de climatisation marins. <\/span><\/h5><h5><span style=\"font-size: 12pt; font-family: arial, helvetica, sans-serif;\">Son <strong data-start=\"323\" data-end=\"353\">accouplement magn\u00e9tique sans joint<\/strong> \u00e9limine le besoin de joints d'arbre traditionnels, ce qui en fait une solution sans fuite et r\u00e9sistante \u00e0 la corrosion, id\u00e9ale pour les environnements marins difficiles.<\/span><span style=\"font-size: 12pt; font-family: arial, helvetica, sans-serif;\">Avec un <strong data-start=\"503\" data-end=\"520\">Moteur \u00e0 courant alternatif 220 V<\/strong>, le MD-40R offre jusqu'\u00e0 <strong data-start=\"548\" data-end=\"572\">52 litres par minute<\/strong> de d\u00e9bit et un <strong data-start=\"587\" data-end=\"605\">T\u00eate de 6,5 m\u00e8tres<\/strong>, ce qui le rend particuli\u00e8rement adapt\u00e9 aux applications n\u00e9cessitant un d\u00e9bit plus \u00e9lev\u00e9 ou une course verticale.<br \/><\/span><\/h5><h5><span style=\"font-size: 12pt; font-family: arial, helvetica, sans-serif;\">Construit avec <strong data-start=\"712\" data-end=\"760\">bo\u00eetier en polypropyl\u00e8ne renforc\u00e9 de fibres de verre<\/strong>, un <strong data-start=\"764\" data-end=\"783\">broche en c\u00e9ramique<\/strong>, et <strong data-start=\"789\" data-end=\"806\">Roulements en PTFE<\/strong>, cette pompe offre une excellente r\u00e9sistance \u00e0 l'eau sal\u00e9e et aux produits chimiques. La <strong data-start=\"886\" data-end=\"917\">Raccords cannel\u00e9s pour tuyaux de 20 mm<\/strong> permettent une installation rapide et s\u00fbre dans les syst\u00e8mes de plomberie marins standard.<br \/><\/span><span style=\"font-size: 12pt; font-family: arial, helvetica, sans-serif;\">Silencieux, compact et con\u00e7u pour durer, le MD-40R est un choix fiable pour <strong data-start=\"1075\" data-end=\"1126\">Syst\u00e8mes de climatisation marine refroidis \u00e0 l'eau de mer<\/strong> jusqu'\u00e0 <strong data-start=\"1133\" data-end=\"1147\">24 000 BTU<\/strong>, ou pour la circulation g\u00e9n\u00e9rale de l'eau de mer o\u00f9 la s\u00e9curit\u00e9 et la fiabilit\u00e9 sont importantes.<\/span><\/h5><\/div><\/div><\/div><\/div>\t\t\t\t\t\t\t\t<\/div>\n\t\t\t\t<\/div>\n\t\t\t\t\t<\/div>\n\t\t<\/div>\n\t\t\t\t\t<\/div>\n\t\t<\/section>\n\t\t\t\t<\/div>","protected":false},"excerpt":{"rendered":"<table class=\"w-fit min-w-(--thread-content-width)\" style=\"width: 99.9176%;\" data-start=\"151\" data-end=\"1956\">\n<thead data-start=\"151\" data-end=\"225\">\n<tr data-start=\"151\" data-end=\"225\">\n<th style=\"width: 29.948365%;\" data-start=\"151\" data-end=\"184\" data-col-size=\"sm\"><strong data-start=\"153\" data-end=\"170\">\u00a0Sp\u00e9cifications du MP40R<\/strong><\/th>\n<th style=\"width: 232.702238%;\" data-start=\"184\" data-end=\"225\" data-col-size=\"md\"><strong data-start=\"186\" data-end=\"195\">Valeur<\/strong><\/th>\n<\/tr>\n<\/thead>\n<tbody data-start=\"300\" data-end=\"1956\">\n<tr data-start=\"300\" data-end=\"373\">\n<td style=\"width: 29.948365%;\" data-start=\"300\" data-end=\"332\" data-col-size=\"sm\">Mod\u00e8le<\/td>\n<td style=\"width: 232.702238%;\" data-col-size=\"md\" data-start=\"332\" data-end=\"373\">MBC MP-40R (220 V)<\/td>\n<\/tr>\n<tr data-start=\"374\" data-end=\"447\">\n<td style=\"width: 29.948365%;\" data-start=\"374\" data-end=\"406\" data-col-size=\"sm\">Type de pompe<\/td>\n<td style=\"width: 232.702238%;\" data-col-size=\"md\" data-start=\"406\" data-end=\"447\">Centrifuge \u00e0 entra\u00eenement magn\u00e9tique (sans joint)<\/td>\n<\/tr>\n<tr data-start=\"448\" data-end=\"521\">\n<td style=\"width: 29.948365%;\" data-start=\"448\" data-end=\"480\" data-col-size=\"sm\">Tension nominale<\/td>\n<td style=\"width: 232.702238%;\" data-col-size=\"md\" data-start=\"480\" data-end=\"521\">220 V CA<\/td>\n<\/tr>\n<tr data-start=\"522\" data-end=\"595\">\n<td style=\"width: 29.948365%;\" data-start=\"522\" data-end=\"554\" data-col-size=\"sm\">Puissance du moteur<\/td>\n<td style=\"width: 232.702238%;\" data-col-size=\"md\" data-start=\"554\" data-end=\"595\">~60 W<\/td>\n<\/tr>\n<tr data-start=\"596\" data-end=\"669\">\n<td style=\"width: 29.948365%;\" data-start=\"596\" data-end=\"628\" data-col-size=\"sm\">Vitesse<\/td>\n<td style=\"width: 232.702238%;\" data-col-size=\"md\" data-start=\"628\" data-end=\"669\">~3200 tr\/min<\/td>\n<\/tr>\n<tr data-start=\"670\" data-end=\"743\">\n<td style=\"width: 29.948365%;\" data-start=\"670\" data-end=\"702\" data-col-size=\"sm\">D\u00e9bit maximal<\/td>\n<td style=\"width: 232.702238%;\" data-col-size=\"md\" data-start=\"702\" data-end=\"743\">~40 L\/min<\/td>\n<\/tr>\n<tr data-start=\"744\" data-end=\"817\">\n<td style=\"width: 29.948365%;\" data-start=\"744\" data-end=\"776\" data-col-size=\"sm\">Hauteur maximale<\/td>\n<td style=\"width: 232.702238%;\" data-col-size=\"md\" data-start=\"776\" data-end=\"817\">~6,5 m<\/td>\n<\/tr>\n<tr data-start=\"818\" data-end=\"891\">\n<td style=\"width: 29.948365%;\" data-start=\"818\" data-end=\"850\" data-col-size=\"sm\">Consommation \u00e9lectrique<\/td>\n<td style=\"width: 232.702238%;\" data-col-size=\"md\" data-start=\"850\" data-end=\"891\">~1,3 A<\/td>\n<\/tr>\n<tr data-start=\"892\" data-end=\"973\">\n<td style=\"width: 29.948365%;\" data-start=\"892\" data-end=\"924\" data-col-size=\"sm\">Mat\u00e9riau de construction<\/td>\n<td style=\"width: 232.702238%;\" data-col-size=\"md\" data-start=\"924\" data-end=\"973\">Polypropyl\u00e8ne renforc\u00e9 de fibres de verre (GFR-PP)<\/td>\n<\/tr>\n<tr data-start=\"974\" data-end=\"1047\">\n<td style=\"width: 29.948365%;\" data-start=\"974\" data-end=\"1006\" data-col-size=\"sm\">Arbre \/ Broche<\/td>\n<td style=\"width: 232.702238%;\" data-col-size=\"md\" data-start=\"1006\" data-end=\"1047\">C\u00e9ramique (alumine)<\/td>\n<\/tr>\n<tr data-start=\"1048\" data-end=\"1121\">\n<td style=\"width: 29.948365%;\" data-start=\"1048\" data-end=\"1080\" data-col-size=\"sm\">Roulements<\/td>\n<td style=\"width: 232.702238%;\" data-start=\"1080\" data-end=\"1121\" data-col-size=\"md\">PTFE (t\u00e9flon)<\/td>\n<\/tr>\n<tr data-start=\"1122\" data-end=\"1195\">\n<td style=\"width: 29.948365%;\" data-start=\"1122\" data-end=\"1154\" data-col-size=\"sm\">Type de scellage<\/td>\n<td style=\"width: 232.702238%;\" data-col-size=\"md\" data-start=\"1154\" data-end=\"1195\">Accouplement magn\u00e9tique (sans joint)<\/td>\n<\/tr>\n<tr data-start=\"1196\" data-end=\"1269\">\n<td style=\"width: 29.948365%;\" data-start=\"1196\" data-end=\"1228\" data-col-size=\"sm\">Raccordement entr\u00e9e\/sortie<\/td>\n<td style=\"width: 232.702238%;\" data-col-size=\"md\" data-start=\"1228\" data-end=\"1269\">Raccord cannel\u00e9 de 20 mm<\/td>\n<\/tr>\n<tr data-start=\"1270\" data-end=\"1344\">\n<td style=\"width: 29.948365%;\" data-start=\"1270\" data-end=\"1302\" data-col-size=\"sm\">Annexe<\/td>\n<td style=\"width: 232.702238%;\" data-col-size=\"md\" data-start=\"1302\" data-end=\"1344\">Enti\u00e8rement ferm\u00e9 avec ventilation<\/td>\n<\/tr>\n<tr data-start=\"1345\" data-end=\"1418\">\n<td style=\"width: 29.948365%;\" data-start=\"1345\" data-end=\"1377\" data-col-size=\"sm\">Temp\u00e9rature maximale du fluide<\/td>\n<td style=\"width: 232.702238%;\" data-col-size=\"md\" data-start=\"1377\" data-end=\"1418\">Jusqu'\u00e0 80 \u00b0C<\/td>\n<\/tr>\n<tr data-start=\"1419\" data-end=\"1492\">\n<td style=\"width: 29.948365%;\" data-start=\"1419\" data-end=\"1451\" data-col-size=\"sm\">Pression maximale du syst\u00e8me<\/td>\n<td style=\"width: 232.702238%;\" data-col-size=\"md\" data-start=\"1451\" data-end=\"1492\">~1 bar<\/td>\n<\/tr>\n<tr data-start=\"1493\" data-end=\"1566\">\n<td style=\"width: 29.948365%;\" data-start=\"1493\" data-end=\"1525\" data-col-size=\"sm\">Densit\u00e9 maximale<\/td>\n<td style=\"width: 232.702238%;\" data-col-size=\"md\" data-start=\"1525\" data-end=\"1566\">~1,1 kg\/L<\/td>\n<\/tr>\n<tr data-start=\"1567\" data-end=\"1640\">\n<td style=\"width: 29.948365%;\" data-start=\"1567\" data-end=\"1599\" data-col-size=\"sm\">Classe d'isolation<\/td>\n<td style=\"width: 232.702238%;\" data-col-size=\"md\" data-start=\"1599\" data-end=\"1640\">E ou sup\u00e9rieur<\/td>\n<\/tr>\n<tr data-start=\"1641\" data-end=\"1714\">\n<td style=\"width: 29.948365%;\" data-start=\"1641\" data-end=\"1673\" data-col-size=\"sm\">Mode de fonctionnement<\/td>\n<td style=\"width: 232.702238%;\" data-col-size=\"md\" data-start=\"1673\" data-end=\"1714\">En continu<\/td>\n<\/tr>\n<tr data-start=\"1715\" data-end=\"1788\">\n<td style=\"width: 29.948365%;\" data-start=\"1715\" data-end=\"1747\" data-col-size=\"sm\">Niveau sonore<\/td>\n<td style=\"width: 232.702238%;\" data-col-size=\"md\" data-start=\"1747\" data-end=\"1788\">Faible (fonctionnement silencieux)<\/td>\n<\/tr>\n<tr data-start=\"1789\" data-end=\"1862\">\n<td style=\"width: 29.948365%;\" data-start=\"1789\" data-end=\"1821\" data-col-size=\"sm\">Poids<\/td>\n<td style=\"width: 232.702238%;\" data-col-size=\"md\" data-start=\"1821\" data-end=\"1862\">~3,9 kg<\/td>\n<\/tr>\n<tr data-start=\"1863\" data-end=\"1956\">\n<td style=\"width: 29.948365%;\" data-start=\"1863\" data-end=\"1895\" data-col-size=\"sm\">Applications<\/td>\n<td style=\"width: 232.702238%;\" data-col-size=\"md\" data-start=\"1895\" data-end=\"1956\">Circulation d'eau de mer et d'eau r\u00e9frig\u00e9r\u00e9e<\/td>\n<\/tr>\n<\/tbody>\n<\/table>\n<div class=\"sticky end-(--thread-content-margin) h-0 self-end select-none\">\n<div class=\"absolute end-0 flex items-end\"><\/div>\n<\/div>","protected":false},"featured_media":2369,"template":"","meta":{"_acf_changed":false},"product_brand":[],"product_cat":[75],"product_tag":[],"class_list":{"0":"post-2390","1":"product","2":"type-product","3":"status-publish","4":"has-post-thumbnail","6":"product_cat-sea-water-pump","8":"first","9":"instock","10":"shipping-taxable","11":"product-type-simple"},"acf":[],"yoast_head":"<!-- This site is optimized with the Yoast SEO Premium plugin v27.3 (Yoast SEO v27.3) - https:\/\/yoast.com\/product\/yoast-seo-premium-wordpress\/ -->\n<title>MP40-R Sea water pump - MBC Marine<\/title>\n<meta name=\"description\" content=\"MP40-R Sea water pump\" \/>\n<meta name=\"robots\" content=\"index, follow, max-snippet:-1, max-image-preview:large, max-video-preview:-1\" \/>\n<link rel=\"canonical\" href=\"https:\/\/mbc-marine.com\/fr\/product\/pompe-a-eau-de-mer-mp-40-r\/\" \/>\n<meta property=\"og:locale\" content=\"fr_FR\" \/>\n<meta property=\"og:type\" content=\"article\" \/>\n<meta property=\"og:title\" content=\"MP40-R Sea water pump\" \/>\n<meta property=\"og:description\" content=\"MP40-R Sea water pump\" \/>\n<meta property=\"og:url\" content=\"https:\/\/mbc-marine.com\/fr\/product\/pompe-a-eau-de-mer-mp-40-r\/\" \/>\n<meta property=\"og:site_name\" content=\"MBC Marine\" \/>\n<meta property=\"article:modified_time\" content=\"2025-09-09T11:46:28+00:00\" \/>\n<meta property=\"og:image\" content=\"https:\/\/mbc-marine.com\/wp-content\/uploads\/2024\/10\/MP-series-3.jpg\" \/>\n\t<meta property=\"og:image:width\" content=\"1920\" \/>\n\t<meta property=\"og:image:height\" content=\"1282\" \/>\n\t<meta property=\"og:image:type\" content=\"image\/jpeg\" \/>\n<meta name=\"twitter:card\" content=\"summary_large_image\" \/>\n<meta name=\"twitter:label1\" content=\"Prix\" \/>\n\t<meta name=\"twitter:data1\" content=\"\" \/>\n\t<meta name=\"twitter:label2\" content=\"Disponibilit\u00e9\" \/>\n\t<meta name=\"twitter:data2\" content=\"En stock\" \/>\n<script type=\"application\/ld+json\" class=\"yoast-schema-graph\">{\"@context\":\"https:\\\/\\\/schema.org\",\"@graph\":[{\"@type\":[\"WebPage\",\"ItemPage\"],\"@id\":\"https:\\\/\\\/mbc-marine.com\\\/product\\\/mp-40-r-sea-water-pump\\\/\",\"url\":\"https:\\\/\\\/mbc-marine.com\\\/product\\\/mp-40-r-sea-water-pump\\\/\",\"name\":\"MP40-R Sea water pump - MBC Marine\",\"isPartOf\":{\"@id\":\"https:\\\/\\\/mbc-marine.com\\\/#website\"},\"primaryImageOfPage\":{\"@id\":\"https:\\\/\\\/mbc-marine.com\\\/product\\\/mp-40-r-sea-water-pump\\\/#primaryimage\"},\"image\":{\"@id\":\"https:\\\/\\\/mbc-marine.com\\\/product\\\/mp-40-r-sea-water-pump\\\/#primaryimage\"},\"thumbnailUrl\":\"https:\\\/\\\/mbc-marine.com\\\/wp-content\\\/uploads\\\/2024\\\/10\\\/MP-series-3.jpg?wsr\",\"datePublished\":\"2024-10-21T11:40:02+00:00\",\"dateModified\":\"2025-09-09T11:46:28+00:00\",\"description\":\"MP40-R Sea water pump\",\"breadcrumb\":{\"@id\":\"https:\\\/\\\/mbc-marine.com\\\/product\\\/mp-40-r-sea-water-pump\\\/#breadcrumb\"},\"inLanguage\":\"fr-FR\",\"potentialAction\":[{\"@type\":\"ReadAction\",\"target\":[\"https:\\\/\\\/mbc-marine.com\\\/product\\\/mp-40-r-sea-water-pump\\\/\"]}]},{\"@type\":\"ImageObject\",\"inLanguage\":\"fr-FR\",\"@id\":\"https:\\\/\\\/mbc-marine.com\\\/product\\\/mp-40-r-sea-water-pump\\\/#primaryimage\",\"url\":\"https:\\\/\\\/mbc-marine.com\\\/wp-content\\\/uploads\\\/2024\\\/10\\\/MP-series-3.jpg?wsr\",\"contentUrl\":\"https:\\\/\\\/mbc-marine.com\\\/wp-content\\\/uploads\\\/2024\\\/10\\\/MP-series-3.jpg?wsr\",\"width\":1920,\"height\":1282},{\"@type\":\"BreadcrumbList\",\"@id\":\"https:\\\/\\\/mbc-marine.com\\\/product\\\/mp-40-r-sea-water-pump\\\/#breadcrumb\",\"itemListElement\":[{\"@type\":\"ListItem\",\"position\":1,\"name\":\"Home\",\"item\":\"https:\\\/\\\/mbc-marine.com\\\/\"},{\"@type\":\"ListItem\",\"position\":2,\"name\":\"Shop\",\"item\":\"https:\\\/\\\/mbc-marine.com\\\/shop\\\/\"},{\"@type\":\"ListItem\",\"position\":3,\"name\":\"MP40-R Sea water pump\"}]},{\"@type\":\"WebSite\",\"@id\":\"https:\\\/\\\/mbc-marine.com\\\/#website\",\"url\":\"https:\\\/\\\/mbc-marine.com\\\/\",\"name\":\"MBC Marine\",\"description\":\"\",\"potentialAction\":[{\"@type\":\"SearchAction\",\"target\":{\"@type\":\"EntryPoint\",\"urlTemplate\":\"https:\\\/\\\/mbc-marine.com\\\/?s={search_term_string}\"},\"query-input\":{\"@type\":\"PropertyValueSpecification\",\"valueRequired\":true,\"valueName\":\"search_term_string\"}}],\"inLanguage\":\"fr-FR\"}]}<\/script>\n<meta property=\"product:price:currency\" content=\"EUR\" \/>\n<meta property=\"og:availability\" content=\"instock\" \/>\n<meta property=\"product:availability\" content=\"instock\" \/>\n<meta property=\"product:condition\" content=\"new\" \/>\n<!-- \/ Yoast SEO Premium plugin. -->","yoast_head_json":{"title":"Pompe \u00e0 eau de mer MP40-R - MBC Marine","description":"Pompe \u00e0 eau de mer MP40-R","robots":{"index":"index","follow":"follow","max-snippet":"max-snippet:-1","max-image-preview":"max-image-preview:large","max-video-preview":"max-video-preview:-1"},"canonical":"https:\/\/mbc-marine.com\/fr\/product\/pompe-a-eau-de-mer-mp-40-r\/","og_locale":"fr_FR","og_type":"article","og_title":"MP40-R Sea water pump","og_description":"MP40-R Sea water pump","og_url":"https:\/\/mbc-marine.com\/fr\/product\/pompe-a-eau-de-mer-mp-40-r\/","og_site_name":"MBC Marine","article_modified_time":"2025-09-09T11:46:28+00:00","og_image":[{"width":1920,"height":1282,"url":"https:\/\/mbc-marine.com\/wp-content\/uploads\/2024\/10\/MP-series-3.jpg","type":"image\/jpeg"}],"twitter_card":"summary_large_image","twitter_misc":{"Prix":"","Disponibilit\u00e9":"En stock"},"schema":{"@context":"https:\/\/schema.org","@graph":[{"@type":["WebPage","ItemPage"],"@id":"https:\/\/mbc-marine.com\/product\/mp-40-r-sea-water-pump\/","url":"https:\/\/mbc-marine.com\/product\/mp-40-r-sea-water-pump\/","name":"Pompe \u00e0 eau de mer MP40-R - MBC Marine","isPartOf":{"@id":"https:\/\/mbc-marine.com\/#website"},"primaryImageOfPage":{"@id":"https:\/\/mbc-marine.com\/product\/mp-40-r-sea-water-pump\/#primaryimage"},"image":{"@id":"https:\/\/mbc-marine.com\/product\/mp-40-r-sea-water-pump\/#primaryimage"},"thumbnailUrl":"https:\/\/mbc-marine.com\/wp-content\/uploads\/2024\/10\/MP-series-3.jpg?wsr","datePublished":"2024-10-21T11:40:02+00:00","dateModified":"2025-09-09T11:46:28+00:00","description":"Pompe \u00e0 eau de mer MP40-R","breadcrumb":{"@id":"https:\/\/mbc-marine.com\/product\/mp-40-r-sea-water-pump\/#breadcrumb"},"inLanguage":"fr-FR","potentialAction":[{"@type":"ReadAction","target":["https:\/\/mbc-marine.com\/product\/mp-40-r-sea-water-pump\/"]}]},{"@type":"ImageObject","inLanguage":"fr-FR","@id":"https:\/\/mbc-marine.com\/product\/mp-40-r-sea-water-pump\/#primaryimage","url":"https:\/\/mbc-marine.com\/wp-content\/uploads\/2024\/10\/MP-series-3.jpg?wsr","contentUrl":"https:\/\/mbc-marine.com\/wp-content\/uploads\/2024\/10\/MP-series-3.jpg?wsr","width":1920,"height":1282},{"@type":"BreadcrumbList","@id":"https:\/\/mbc-marine.com\/product\/mp-40-r-sea-water-pump\/#breadcrumb","itemListElement":[{"@type":"ListItem","position":1,"name":"Home","item":"https:\/\/mbc-marine.com\/"},{"@type":"ListItem","position":2,"name":"Shop","item":"https:\/\/mbc-marine.com\/shop\/"},{"@type":"ListItem","position":3,"name":"MP40-R Sea water pump"}]},{"@type":"WebSite","@id":"https:\/\/mbc-marine.com\/#website","url":"https:\/\/mbc-marine.com\/","name":"MBC Marine","description":"","potentialAction":[{"@type":"SearchAction","target":{"@type":"EntryPoint","urlTemplate":"https:\/\/mbc-marine.com\/?s={search_term_string}"},"query-input":{"@type":"PropertyValueSpecification","valueRequired":true,"valueName":"search_term_string"}}],"inLanguage":"fr-FR"}]},"product_price_currency":"EUR","og_availability":"instock","product_availability":"instock","product_condition":"new"},"_links":{"self":[{"href":"https:\/\/mbc-marine.com\/fr\/wp-json\/wp\/v2\/product\/2390","targetHints":{"allow":["GET"]}}],"collection":[{"href":"https:\/\/mbc-marine.com\/fr\/wp-json\/wp\/v2\/product"}],"about":[{"href":"https:\/\/mbc-marine.com\/fr\/wp-json\/wp\/v2\/types\/product"}],"version-history":[{"count":0,"href":"https:\/\/mbc-marine.com\/fr\/wp-json\/wp\/v2\/product\/2390\/revisions"}],"wp:featuredmedia":[{"embeddable":true,"href":"https:\/\/mbc-marine.com\/fr\/wp-json\/wp\/v2\/media\/2369"}],"wp:attachment":[{"href":"https:\/\/mbc-marine.com\/fr\/wp-json\/wp\/v2\/media?parent=2390"}],"wp:term":[{"taxonomy":"product_brand","embeddable":true,"href":"https:\/\/mbc-marine.com\/fr\/wp-json\/wp\/v2\/product_brand?post=2390"},{"taxonomy":"product_cat","embeddable":true,"href":"https:\/\/mbc-marine.com\/fr\/wp-json\/wp\/v2\/product_cat?post=2390"},{"taxonomy":"product_tag","embeddable":true,"href":"https:\/\/mbc-marine.com\/fr\/wp-json\/wp\/v2\/product_tag?post=2390"}],"curies":[{"name":"wp","href":"https:\/\/api.w.org\/{rel}","templated":true}]}}