{"id":2397,"date":"2024-10-21T13:44:43","date_gmt":"2024-10-21T11:44:43","guid":{"rendered":"https:\/\/mbc-marine.com\/?post_type=product&#038;p=2397"},"modified":"2026-04-29T17:38:28","modified_gmt":"2026-04-29T15:38:28","slug":"prb-6","status":"publish","type":"product","link":"https:\/\/mbc-marine.com\/fr\/product\/prb-6\/","title":{"rendered":"Bo\u00eetier relais de pompe AC-PRB-6 230 V"},"content":{"rendered":"","protected":false},"excerpt":{"rendered":"<p><strong>Bo\u00eetier de relais \u00e0 6 stations pour une commande fluide par MBC Marine !<\/strong><\/p>\n<p><span style=\"font-size: 15px;\">Le bo\u00eetier relais \u00e0 6 stations est con\u00e7u pour g\u00e9rer sans effort une pompe \u00e0 eau de mer commune \u00e0 deux ou plusieurs unit\u00e9s de climatisation.<\/span><\/p>\n<p><span style=\"font-size: 15px;\">Notre carte relais de pompe (PRP) permet un contr\u00f4le transparent d'une pompe \u00e0 eau de mer commune entre plusieurs unit\u00e9s de climatisation.<\/span><\/p>\n<p><span style=\"font-size: 15px;\">Chaque unit\u00e9 dispose d'entr\u00e9es de d\u00e9clenchement de pompe s\u00e9par\u00e9es et enti\u00e8rement isol\u00e9es qui acceptent soit 230 V CA\/50-60 Hz, garantissant ainsi la compatibilit\u00e9 et la s\u00e9curit\u00e9.<\/span><\/p>\n<p><span style=\"font-size: 15px;\">La source d'alimentation et la sortie de la pompe sont \u00e9galement isol\u00e9es, capables de supporter 230 V CA\/50-60 Hz. Log\u00e9 dans un bo\u00eetier m\u00e9tallique durable, le bo\u00eetier de relais garantit une entr\u00e9e et une sortie faciles pour tous les fils de commande, les sources d'alimentation de la pompe et les connexions de la pompe, offrant ainsi une solution fiable et efficace pour vos syst\u00e8mes de climatisation marine.<\/span><\/p>","protected":false},"featured_media":6188,"template":"","meta":{"_acf_changed":false},"product_brand":[],"product_cat":[35,76],"product_tag":[],"class_list":{"0":"post-2397","1":"product","2":"type-product","3":"status-publish","4":"has-post-thumbnail","6":"product_cat-accessories","7":"product_cat-electrical-accessories","9":"first","10":"instock","11":"shipping-taxable","12":"product-type-simple"},"acf":[],"_links":{"self":[{"href":"https:\/\/mbc-marine.com\/fr\/wp-json\/wp\/v2\/product\/2397","targetHints":{"allow":["GET"]}}],"collection":[{"href":"https:\/\/mbc-marine.com\/fr\/wp-json\/wp\/v2\/product"}],"about":[{"href":"https:\/\/mbc-marine.com\/fr\/wp-json\/wp\/v2\/types\/product"}],"version-history":[{"count":1,"href":"https:\/\/mbc-marine.com\/fr\/wp-json\/wp\/v2\/product\/2397\/revisions"}],"predecessor-version":[{"id":8168,"href":"https:\/\/mbc-marine.com\/fr\/wp-json\/wp\/v2\/product\/2397\/revisions\/8168"}],"wp:featuredmedia":[{"embeddable":true,"href":"https:\/\/mbc-marine.com\/fr\/wp-json\/wp\/v2\/media\/6188"}],"wp:attachment":[{"href":"https:\/\/mbc-marine.com\/fr\/wp-json\/wp\/v2\/media?parent=2397"}],"wp:term":[{"taxonomy":"product_brand","embeddable":true,"href":"https:\/\/mbc-marine.com\/fr\/wp-json\/wp\/v2\/product_brand?post=2397"},{"taxonomy":"product_cat","embeddable":true,"href":"https:\/\/mbc-marine.com\/fr\/wp-json\/wp\/v2\/product_cat?post=2397"},{"taxonomy":"product_tag","embeddable":true,"href":"https:\/\/mbc-marine.com\/fr\/wp-json\/wp\/v2\/product_tag?post=2397"}],"curies":[{"name":"wp","href":"https:\/\/api.w.org\/{rel}","templated":true}]}}