{"id":4134,"date":"2025-05-16T11:09:55","date_gmt":"2025-05-16T09:09:55","guid":{"rendered":"https:\/\/mbc-marine.com\/?post_type=product&#038;p=4134"},"modified":"2025-09-09T13:47:05","modified_gmt":"2025-09-09T11:47:05","slug":"dc4024d","status":"publish","type":"product","link":"https:\/\/mbc-marine.com\/fr\/product\/dc4024d\/","title":{"rendered":"DC4024D Pompe \u00e0 eau de mer 24 V"},"content":{"rendered":"<p data-start=\"48\" data-end=\"336\">Les pompes de circulation DC40 con\u00e7ues pour les syst\u00e8mes de climatisation marine DC de MBC Marine sont des pompes centrifuges avanc\u00e9es, sans balais et isol\u00e9es magn\u00e9tiquement, qui offrent un fonctionnement exceptionnellement silencieux (&lt;40 dB) et \u00e9conome en \u00e9nergie. Elles sont parfaitement adapt\u00e9es aux environnements compacts et \u00e0 faible consommation.<\/p>\n<p data-start=\"338\" data-end=\"572\">Gr\u00e2ce \u00e0 leur conception enti\u00e8rement \u00e9tanche (IP68), ces pompes peuvent \u00eatre install\u00e9es aussi bien en immersion que dans des endroits secs. L'arbre en c\u00e9ramique et le palier r\u00e9sistant \u00e0 l'usure garantissent une longue dur\u00e9e de vie pouvant atteindre 30 000 heures sans entretien.<\/p>\n<p data-start=\"574\" data-end=\"751\">Leur taille compacte et leurs performances fiables en font un choix id\u00e9al pour les syst\u00e8mes de climatisation marine 12 V ou 24 V CC, en particulier pour les unit\u00e9s d'une capacit\u00e9 d'environ 7 000 BTU.<\/p>","protected":false},"excerpt":{"rendered":"<div class=\"_tableContainer_80l1q_1\">\n<div class=\"_tableWrapper_80l1q_14 group flex w-fit flex-col-reverse\" tabindex=\"-1\">\n<table class=\"w-fit min-w-(--thread-content-width)\" style=\"width: 100.880811%;\" data-start=\"155\" data-end=\"2276\">\n<thead data-start=\"155\" data-end=\"243\">\n<tr data-start=\"155\" data-end=\"243\">\n<th style=\"width: 37.45583%;\" data-start=\"155\" data-end=\"197\" data-col-size=\"sm\"><strong data-start=\"157\" data-end=\"174\">Sp\u00e9cification<\/strong><\/th>\n<th style=\"width: 231.625442%;\" data-start=\"197\" data-end=\"243\" data-col-size=\"md\"><strong data-start=\"199\" data-end=\"208\">Valeur<\/strong><\/th>\n<\/tr>\n<\/thead>\n<tbody data-start=\"332\" data-end=\"2276\">\n<tr data-start=\"332\" data-end=\"419\">\n<td style=\"width: 37.45583%;\" data-start=\"332\" data-end=\"373\" data-col-size=\"sm\">S\u00e9rie de produits<\/td>\n<td style=\"width: 231.625442%;\" data-col-size=\"md\" data-start=\"373\" data-end=\"419\">S\u00e9rie MBC Marine DC40D<\/td>\n<\/tr>\n<tr data-start=\"420\" data-end=\"507\">\n<td style=\"width: 37.45583%;\" data-start=\"420\" data-end=\"461\" data-col-size=\"sm\">Type de pompe<\/td>\n<td style=\"width: 231.625442%;\" data-col-size=\"md\" data-start=\"461\" data-end=\"507\">Pompe centrifuge magn\u00e9tique \u00e0 courant continu sans balais<\/td>\n<\/tr>\n<tr data-start=\"508\" data-end=\"595\">\n<td style=\"width: 37.45583%;\" data-start=\"508\" data-end=\"549\" data-col-size=\"sm\">Options de tension<\/td>\n<td style=\"width: 231.625442%;\" data-col-size=\"md\" data-start=\"549\" data-end=\"595\">24 V CC<\/td>\n<\/tr>\n<tr data-start=\"596\" data-end=\"683\">\n<td style=\"width: 37.45583%;\" data-start=\"596\" data-end=\"637\" data-col-size=\"sm\">Consommation \u00e9lectrique<\/td>\n<td style=\"width: 231.625442%;\" data-col-size=\"md\" data-start=\"637\" data-end=\"683\">28,8 W \u2013 1,2 A<\/td>\n<\/tr>\n<tr data-start=\"684\" data-end=\"770\">\n<td style=\"width: 37.45583%;\" data-start=\"684\" data-end=\"725\" data-col-size=\"sm\">D\u00e9bit maximal<\/td>\n<td style=\"width: 231.625442%;\" data-col-size=\"md\" data-start=\"725\" data-end=\"770\">15 l\/min<\/td>\n<\/tr>\n<tr data-start=\"771\" data-end=\"858\">\n<td style=\"width: 37.45583%;\" data-start=\"771\" data-end=\"812\" data-col-size=\"sm\">Hauteur maximale (levage)<\/td>\n<td style=\"width: 231.625442%;\" data-col-size=\"md\" data-start=\"812\" data-end=\"858\">4 \u00e0 6 m\u00e8tres (selon le mod\u00e8le)<\/td>\n<\/tr>\n<tr data-start=\"859\" data-end=\"947\">\n<td style=\"width: 37.45583%;\" data-start=\"859\" data-end=\"900\" data-col-size=\"sm\">Niveau sonore<\/td>\n<td style=\"width: 231.625442%;\" data-col-size=\"md\" data-start=\"900\" data-end=\"947\">&lt; 40 dB<\/td>\n<\/tr>\n<tr data-start=\"948\" data-end=\"1035\">\n<td style=\"width: 37.45583%;\" data-start=\"948\" data-end=\"989\" data-col-size=\"sm\">Dur\u00e9e de vie nominale<\/td>\n<td style=\"width: 231.625442%;\" data-col-size=\"md\" data-start=\"989\" data-end=\"1035\">&gt; 30 000 heures<\/td>\n<\/tr>\n<tr data-start=\"1036\" data-end=\"1123\">\n<td style=\"width: 37.45583%;\" data-start=\"1036\" data-end=\"1077\" data-col-size=\"sm\">Classe de protection<\/td>\n<td style=\"width: 231.625442%;\" data-col-size=\"md\" data-start=\"1077\" data-end=\"1123\">IP68 (Enti\u00e8rement submersible et \u00e9tanche)<\/td>\n<\/tr>\n<tr data-start=\"1124\" data-end=\"1211\">\n<td style=\"width: 37.45583%;\" data-start=\"1124\" data-end=\"1165\" data-col-size=\"sm\">Mat\u00e9riau de l'arbre<\/td>\n<td style=\"width: 231.625442%;\" data-col-size=\"md\" data-start=\"1165\" data-end=\"1211\">C\u00e9ramique avec manchon en fibre de carbone<\/td>\n<\/tr>\n<tr data-start=\"1212\" data-end=\"1299\">\n<td style=\"width: 37.45583%;\" data-start=\"1212\" data-end=\"1253\" data-col-size=\"sm\">Type de joint<\/td>\n<td style=\"width: 231.625442%;\" data-col-size=\"md\" data-start=\"1253\" data-end=\"1299\">Isolation magn\u00e9tique, sans joint d'arbre<\/td>\n<\/tr>\n<tr data-start=\"1300\" data-end=\"1389\">\n<td style=\"width: 37.45583%;\" data-start=\"1300\" data-end=\"1341\" data-col-size=\"sm\">Mat\u00e9riau du corps de pompe<\/td>\n<td style=\"width: 231.625442%;\" data-col-size=\"md\" data-start=\"1341\" data-end=\"1389\">Plastique (r\u00e9sine technique haute performance)<\/td>\n<\/tr>\n<tr data-start=\"1390\" data-end=\"1477\">\n<td style=\"width: 37.45583%;\" data-start=\"1390\" data-end=\"1431\" data-col-size=\"sm\">Contr\u00f4le de la vitesse<\/td>\n<td style=\"width: 231.625442%;\" data-col-size=\"md\" data-start=\"1431\" data-end=\"1477\">PWM \/ 0\u20135 V analogique \/ potentiom\u00e8tre<\/td>\n<\/tr>\n<tr data-start=\"1478\" data-end=\"1566\">\n<td style=\"width: 37.45583%;\" data-start=\"1478\" data-end=\"1519\" data-col-size=\"sm\">Protection contre les essais \u00e0 vide<\/td>\n<td style=\"width: 231.625442%;\" data-col-size=\"md\" data-start=\"1519\" data-end=\"1566\">Facultatif<\/td>\n<\/tr>\n<tr data-start=\"1567\" data-end=\"1655\">\n<td style=\"width: 37.45583%;\" data-start=\"1567\" data-end=\"1608\" data-col-size=\"sm\">Protection contre le blocage\/le verrouillage<\/td>\n<td style=\"width: 231.625442%;\" data-col-size=\"md\" data-start=\"1608\" data-end=\"1655\">Facultatif<\/td>\n<\/tr>\n<tr data-start=\"1656\" data-end=\"1744\">\n<td style=\"width: 37.45583%;\" data-start=\"1656\" data-end=\"1697\" data-col-size=\"sm\">Temp\u00e9rature maximale du liquide<\/td>\n<td style=\"width: 231.625442%;\" data-col-size=\"md\" data-start=\"1697\" data-end=\"1744\">~60 \u00b0C<\/td>\n<\/tr>\n<tr data-start=\"1745\" data-end=\"1833\">\n<td style=\"width: 37.45583%;\" data-start=\"1745\" data-end=\"1786\" data-col-size=\"sm\">Plage de temp\u00e9rature ambiante<\/td>\n<td style=\"width: 231.625442%;\" data-col-size=\"md\" data-start=\"1786\" data-end=\"1833\">-40 \u00b0C \u00e0 60 \u00b0C<\/td>\n<\/tr>\n<tr data-start=\"1834\" data-end=\"1921\">\n<td style=\"width: 37.45583%;\" data-start=\"1834\" data-end=\"1875\" data-col-size=\"sm\">Type de montage<\/td>\n<td style=\"width: 231.625442%;\" data-col-size=\"md\" data-start=\"1875\" data-end=\"1921\">Submersible ou externe (non auto-amor\u00e7ante)<\/td>\n<\/tr>\n<tr data-start=\"1922\" data-end=\"2010\">\n<td style=\"width: 37.45583%;\" data-start=\"1922\" data-end=\"1963\" data-col-size=\"sm\">Entr\u00e9e\/Sortie<\/td>\n<td style=\"width: 231.625442%;\" data-col-size=\"md\" data-start=\"1963\" data-end=\"2010\">Filetage G1\/2\u2033 (M20) ou raccord cannel\u00e9<\/td>\n<\/tr>\n<tr data-start=\"2011\" data-end=\"2099\">\n<td style=\"width: 37.45583%;\" data-start=\"2011\" data-end=\"2052\" data-col-size=\"sm\">Dimensions<\/td>\n<td style=\"width: 231.625442%;\" data-col-size=\"md\" data-start=\"2052\" data-end=\"2099\">88,5 \u00d7 81,5 \u00d7 43,8 mm<\/td>\n<\/tr>\n<tr data-start=\"2100\" data-end=\"2188\">\n<td style=\"width: 37.45583%;\" data-start=\"2100\" data-end=\"2141\" data-col-size=\"sm\">Poids<\/td>\n<td style=\"width: 231.625442%;\" data-col-size=\"md\" data-start=\"2141\" data-end=\"2188\">~235 g<\/td>\n<\/tr>\n<tr data-start=\"2189\" data-end=\"2276\">\n<td style=\"width: 37.45583%;\" data-start=\"2189\" data-end=\"2230\" data-col-size=\"sm\">Longueur du c\u00e2ble<\/td>\n<td style=\"width: 231.625442%;\" data-col-size=\"md\" data-start=\"2230\" data-end=\"2276\">~50 cm (typique)<\/td>\n<\/tr>\n<\/tbody>\n<\/table>\n<div class=\"sticky end-(--thread-content-margin) h-0 self-end select-none\">\n<div class=\"absolute end-0 flex items-end\"><\/div>\n<\/div>\n<\/div>\n<\/div>","protected":false},"featured_media":4131,"template":"","meta":{"_acf_changed":false},"product_brand":[],"product_cat":[75,35],"product_tag":[],"class_list":{"0":"post-4134","1":"product","2":"type-product","3":"status-publish","4":"has-post-thumbnail","6":"product_cat-sea-water-pump","7":"product_cat-accessories","9":"first","10":"instock","11":"shipping-taxable","12":"product-type-simple"},"acf":[],"yoast_head":"<!-- This site is optimized with the Yoast SEO Premium plugin v27.3 (Yoast SEO v27.3) - https:\/\/yoast.com\/product\/yoast-seo-premium-wordpress\/ -->\n<title>DC4024D 24V Sea Water Pump - MBC Marine<\/title>\n<meta name=\"description\" content=\"The DC40 circulation pumps designed for MBC Marine&#039;s DC marine air conditioning systems are advanced, brushless, magnetically isolated centrifugal pumps that offer exceptionally quiet (&lt;40 dB) and energy-efficient operation. They are perfectly suited for compact, low-consumption environments.\" \/>\n<meta name=\"robots\" content=\"index, follow, max-snippet:-1, max-image-preview:large, max-video-preview:-1\" \/>\n<link rel=\"canonical\" href=\"https:\/\/mbc-marine.com\/fr\/product\/dc4024d\/\" \/>\n<meta property=\"og:locale\" content=\"fr_FR\" \/>\n<meta property=\"og:type\" content=\"article\" \/>\n<meta property=\"og:title\" content=\"DC4024D 24V Sea Water Pump\" \/>\n<meta property=\"og:description\" content=\"The DC40 circulation pumps designed for MBC Marine&#039;s DC marine air conditioning systems are advanced, brushless, magnetically isolated centrifugal pumps that offer exceptionally quiet (&lt;40 dB) and energy-efficient operation. They are perfectly suited for compact, low-consumption environments.\" \/>\n<meta property=\"og:url\" content=\"https:\/\/mbc-marine.com\/fr\/product\/dc4024d\/\" \/>\n<meta property=\"og:site_name\" content=\"MBC Marine\" \/>\n<meta property=\"article:modified_time\" content=\"2025-09-09T11:47:05+00:00\" \/>\n<meta property=\"og:image\" content=\"https:\/\/mbc-marine.com\/wp-content\/uploads\/2025\/05\/MBC-120.jpg\" \/>\n\t<meta property=\"og:image:width\" content=\"1920\" \/>\n\t<meta property=\"og:image:height\" content=\"1280\" \/>\n\t<meta property=\"og:image:type\" content=\"image\/jpeg\" \/>\n<meta name=\"twitter:card\" content=\"summary_large_image\" \/>\n<meta name=\"twitter:label1\" content=\"Prix\" \/>\n\t<meta name=\"twitter:data1\" content=\"\" \/>\n\t<meta name=\"twitter:label2\" content=\"Disponibilit\u00e9\" \/>\n\t<meta name=\"twitter:data2\" content=\"En stock\" \/>\n<script type=\"application\/ld+json\" class=\"yoast-schema-graph\">{\"@context\":\"https:\\\/\\\/schema.org\",\"@graph\":[{\"@type\":[\"WebPage\",\"ItemPage\"],\"@id\":\"https:\\\/\\\/mbc-marine.com\\\/product\\\/dc4024d\\\/\",\"url\":\"https:\\\/\\\/mbc-marine.com\\\/product\\\/dc4024d\\\/\",\"name\":\"DC4024D 24V Sea Water Pump - MBC Marine\",\"isPartOf\":{\"@id\":\"https:\\\/\\\/mbc-marine.com\\\/#website\"},\"primaryImageOfPage\":{\"@id\":\"https:\\\/\\\/mbc-marine.com\\\/product\\\/dc4024d\\\/#primaryimage\"},\"image\":{\"@id\":\"https:\\\/\\\/mbc-marine.com\\\/product\\\/dc4024d\\\/#primaryimage\"},\"thumbnailUrl\":\"https:\\\/\\\/mbc-marine.com\\\/wp-content\\\/uploads\\\/2025\\\/05\\\/MBC-120.jpg?wsr\",\"datePublished\":\"2025-05-16T09:09:55+00:00\",\"dateModified\":\"2025-09-09T11:47:05+00:00\",\"description\":\"The DC40 circulation pumps designed for MBC Marine's DC marine air conditioning systems are advanced, brushless, magnetically isolated centrifugal pumps that offer exceptionally quiet (&lt;40 dB) and energy-efficient operation. They are perfectly suited for compact, low-consumption environments.\",\"breadcrumb\":{\"@id\":\"https:\\\/\\\/mbc-marine.com\\\/product\\\/dc4024d\\\/#breadcrumb\"},\"inLanguage\":\"fr-FR\",\"potentialAction\":[{\"@type\":\"ReadAction\",\"target\":[\"https:\\\/\\\/mbc-marine.com\\\/product\\\/dc4024d\\\/\"]}]},{\"@type\":\"ImageObject\",\"inLanguage\":\"fr-FR\",\"@id\":\"https:\\\/\\\/mbc-marine.com\\\/product\\\/dc4024d\\\/#primaryimage\",\"url\":\"https:\\\/\\\/mbc-marine.com\\\/wp-content\\\/uploads\\\/2025\\\/05\\\/MBC-120.jpg?wsr\",\"contentUrl\":\"https:\\\/\\\/mbc-marine.com\\\/wp-content\\\/uploads\\\/2025\\\/05\\\/MBC-120.jpg?wsr\",\"width\":1920,\"height\":1280,\"caption\":\"DC4012C 12V Sea Water Pump\"},{\"@type\":\"BreadcrumbList\",\"@id\":\"https:\\\/\\\/mbc-marine.com\\\/product\\\/dc4024d\\\/#breadcrumb\",\"itemListElement\":[{\"@type\":\"ListItem\",\"position\":1,\"name\":\"Home\",\"item\":\"https:\\\/\\\/mbc-marine.com\\\/\"},{\"@type\":\"ListItem\",\"position\":2,\"name\":\"Shop\",\"item\":\"https:\\\/\\\/mbc-marine.com\\\/shop\\\/\"},{\"@type\":\"ListItem\",\"position\":3,\"name\":\"DC4024D 24V Sea Water Pump\"}]},{\"@type\":\"WebSite\",\"@id\":\"https:\\\/\\\/mbc-marine.com\\\/#website\",\"url\":\"https:\\\/\\\/mbc-marine.com\\\/\",\"name\":\"MBC Marine\",\"description\":\"\",\"potentialAction\":[{\"@type\":\"SearchAction\",\"target\":{\"@type\":\"EntryPoint\",\"urlTemplate\":\"https:\\\/\\\/mbc-marine.com\\\/?s={search_term_string}\"},\"query-input\":{\"@type\":\"PropertyValueSpecification\",\"valueRequired\":true,\"valueName\":\"search_term_string\"}}],\"inLanguage\":\"fr-FR\"}]}<\/script>\n<meta property=\"product:price:currency\" content=\"EUR\" \/>\n<meta property=\"og:availability\" content=\"instock\" \/>\n<meta property=\"product:availability\" content=\"instock\" \/>\n<meta property=\"product:condition\" content=\"new\" \/>\n<!-- \/ Yoast SEO Premium plugin. -->","yoast_head_json":{"title":"DC4024D Pompe \u00e0 eau de mer 24 V - MBC Marine","description":"Les pompes de circulation DC40 con\u00e7ues pour les syst\u00e8mes de climatisation marine DC de MBC Marine sont des pompes centrifuges avanc\u00e9es, sans balais et isol\u00e9es magn\u00e9tiquement, qui offrent un fonctionnement exceptionnellement silencieux (&lt;40 dB) et \u00e9conome en \u00e9nergie. Elles sont parfaitement adapt\u00e9es aux environnements compacts et \u00e0 faible consommation.","robots":{"index":"index","follow":"follow","max-snippet":"max-snippet:-1","max-image-preview":"max-image-preview:large","max-video-preview":"max-video-preview:-1"},"canonical":"https:\/\/mbc-marine.com\/fr\/product\/dc4024d\/","og_locale":"fr_FR","og_type":"article","og_title":"DC4024D 24V Sea Water Pump","og_description":"The DC40 circulation pumps designed for MBC Marine's DC marine air conditioning systems are advanced, brushless, magnetically isolated centrifugal pumps that offer exceptionally quiet (&lt;40 dB) and energy-efficient operation. They are perfectly suited for compact, low-consumption environments.","og_url":"https:\/\/mbc-marine.com\/fr\/product\/dc4024d\/","og_site_name":"MBC Marine","article_modified_time":"2025-09-09T11:47:05+00:00","og_image":[{"width":1920,"height":1280,"url":"https:\/\/mbc-marine.com\/wp-content\/uploads\/2025\/05\/MBC-120.jpg","type":"image\/jpeg"}],"twitter_card":"summary_large_image","twitter_misc":{"Prix":"","Disponibilit\u00e9":"En stock"},"schema":{"@context":"https:\/\/schema.org","@graph":[{"@type":["WebPage","ItemPage"],"@id":"https:\/\/mbc-marine.com\/product\/dc4024d\/","url":"https:\/\/mbc-marine.com\/product\/dc4024d\/","name":"DC4024D Pompe \u00e0 eau de mer 24 V - MBC Marine","isPartOf":{"@id":"https:\/\/mbc-marine.com\/#website"},"primaryImageOfPage":{"@id":"https:\/\/mbc-marine.com\/product\/dc4024d\/#primaryimage"},"image":{"@id":"https:\/\/mbc-marine.com\/product\/dc4024d\/#primaryimage"},"thumbnailUrl":"https:\/\/mbc-marine.com\/wp-content\/uploads\/2025\/05\/MBC-120.jpg?wsr","datePublished":"2025-05-16T09:09:55+00:00","dateModified":"2025-09-09T11:47:05+00:00","description":"Les pompes de circulation DC40 con\u00e7ues pour les syst\u00e8mes de climatisation marine DC de MBC Marine sont des pompes centrifuges avanc\u00e9es, sans balais et isol\u00e9es magn\u00e9tiquement, qui offrent un fonctionnement exceptionnellement silencieux (&lt;40 dB) et \u00e9conome en \u00e9nergie. Elles sont parfaitement adapt\u00e9es aux environnements compacts et \u00e0 faible consommation.","breadcrumb":{"@id":"https:\/\/mbc-marine.com\/product\/dc4024d\/#breadcrumb"},"inLanguage":"fr-FR","potentialAction":[{"@type":"ReadAction","target":["https:\/\/mbc-marine.com\/product\/dc4024d\/"]}]},{"@type":"ImageObject","inLanguage":"fr-FR","@id":"https:\/\/mbc-marine.com\/product\/dc4024d\/#primaryimage","url":"https:\/\/mbc-marine.com\/wp-content\/uploads\/2025\/05\/MBC-120.jpg?wsr","contentUrl":"https:\/\/mbc-marine.com\/wp-content\/uploads\/2025\/05\/MBC-120.jpg?wsr","width":1920,"height":1280,"caption":"DC4012C 12V Sea Water Pump"},{"@type":"BreadcrumbList","@id":"https:\/\/mbc-marine.com\/product\/dc4024d\/#breadcrumb","itemListElement":[{"@type":"ListItem","position":1,"name":"Home","item":"https:\/\/mbc-marine.com\/"},{"@type":"ListItem","position":2,"name":"Shop","item":"https:\/\/mbc-marine.com\/shop\/"},{"@type":"ListItem","position":3,"name":"DC4024D 24V Sea Water Pump"}]},{"@type":"WebSite","@id":"https:\/\/mbc-marine.com\/#website","url":"https:\/\/mbc-marine.com\/","name":"MBC Marine","description":"","potentialAction":[{"@type":"SearchAction","target":{"@type":"EntryPoint","urlTemplate":"https:\/\/mbc-marine.com\/?s={search_term_string}"},"query-input":{"@type":"PropertyValueSpecification","valueRequired":true,"valueName":"search_term_string"}}],"inLanguage":"fr-FR"}]},"product_price_currency":"EUR","og_availability":"instock","product_availability":"instock","product_condition":"new"},"_links":{"self":[{"href":"https:\/\/mbc-marine.com\/fr\/wp-json\/wp\/v2\/product\/4134","targetHints":{"allow":["GET"]}}],"collection":[{"href":"https:\/\/mbc-marine.com\/fr\/wp-json\/wp\/v2\/product"}],"about":[{"href":"https:\/\/mbc-marine.com\/fr\/wp-json\/wp\/v2\/types\/product"}],"version-history":[{"count":0,"href":"https:\/\/mbc-marine.com\/fr\/wp-json\/wp\/v2\/product\/4134\/revisions"}],"wp:featuredmedia":[{"embeddable":true,"href":"https:\/\/mbc-marine.com\/fr\/wp-json\/wp\/v2\/media\/4131"}],"wp:attachment":[{"href":"https:\/\/mbc-marine.com\/fr\/wp-json\/wp\/v2\/media?parent=4134"}],"wp:term":[{"taxonomy":"product_brand","embeddable":true,"href":"https:\/\/mbc-marine.com\/fr\/wp-json\/wp\/v2\/product_brand?post=4134"},{"taxonomy":"product_cat","embeddable":true,"href":"https:\/\/mbc-marine.com\/fr\/wp-json\/wp\/v2\/product_cat?post=4134"},{"taxonomy":"product_tag","embeddable":true,"href":"https:\/\/mbc-marine.com\/fr\/wp-json\/wp\/v2\/product_tag?post=4134"}],"curies":[{"name":"wp","href":"https:\/\/api.w.org\/{rel}","templated":true}]}}