{"id":4136,"date":"2025-05-16T11:11:33","date_gmt":"2025-05-16T09:11:33","guid":{"rendered":"https:\/\/mbc-marine.com\/?post_type=product&#038;p=4136"},"modified":"2025-09-09T13:47:25","modified_gmt":"2025-09-09T11:47:25","slug":"dc5612e","status":"publish","type":"product","link":"https:\/\/mbc-marine.com\/fr\/product\/dc5612e\/","title":{"rendered":"DC5612E Pompe \u00e0 eau de mer 12 V"},"content":{"rendered":"<p data-start=\"48\" data-end=\"286\">La pompe centrifuge sans balais et isol\u00e9e magn\u00e9tiquement DC5612E est parfaitement adapt\u00e9e aux syst\u00e8mes de climatisation 12 V CC de MBC Marine. Elle offre un fonctionnement fiable, silencieux (&lt;35 dB) et \u00e9conome en \u00e9nergie, m\u00eame dans des conditions difficiles.<\/p>\n<p data-start=\"288\" data-end=\"483\">Gr\u00e2ce \u00e0 sa conception \u00e9tanche certifi\u00e9e IP68, la pompe peut \u00eatre install\u00e9e soit immerg\u00e9e, soit dans un environnement sec. Son arbre en c\u00e9ramique durable garantit une longue dur\u00e9e de vie sans entretien pouvant atteindre 30 000 heures.<\/p>\n<p data-start=\"485\" data-end=\"743\">Le DC5612E peut fournir jusqu'\u00e0 10 m\u00e8tres de hauteur de refoulement et un d\u00e9bit de 30 litres par minute dans un syst\u00e8me 12 V, ce qui en fait un choix id\u00e9al pour les climatiseurs 7000 BTU DC de MBC Marine, en particulier dans les installations avec des tuyaux plus longs ou des condenseurs en hauteur.<\/p>","protected":false},"excerpt":{"rendered":"<div class=\"_tableContainer_80l1q_1\">\n<div class=\"_tableWrapper_80l1q_14 group flex w-fit flex-col-reverse\" tabindex=\"-1\">\n<table class=\"w-fit min-w-(--thread-content-width)\" style=\"width: 98.205748%;\" data-start=\"114\" data-end=\"1834\">\n<thead data-start=\"114\" data-end=\"200\">\n<tr data-start=\"114\" data-end=\"200\">\n<th style=\"width: 32.307692%;\" data-start=\"114\" data-end=\"151\" data-col-size=\"sm\"><strong data-start=\"116\" data-end=\"133\">DC5612E \/ 12 V Sp\u00e9cifications<\/strong><\/th>\n<th style=\"width: 256.538462%;\" data-start=\"151\" data-end=\"200\" data-col-size=\"md\"><strong data-start=\"153\" data-end=\"187\">Valeur\u00a0<\/strong><\/th>\n<\/tr>\n<\/thead>\n<tbody data-start=\"287\" data-end=\"1834\">\n<tr data-start=\"287\" data-end=\"372\">\n<td style=\"width: 32.307692%;\" data-start=\"287\" data-end=\"323\" data-col-size=\"sm\">Tension nominale<\/td>\n<td style=\"width: 256.538462%;\" data-col-size=\"md\" data-start=\"323\" data-end=\"372\">12 V CC<\/td>\n<\/tr>\n<tr data-start=\"373\" data-end=\"458\">\n<td style=\"width: 32.307692%;\" data-start=\"373\" data-end=\"409\" data-col-size=\"sm\">Consommation \u00e9lectrique<\/td>\n<td style=\"width: 256.538462%;\" data-col-size=\"md\" data-start=\"409\" data-end=\"458\">~42 W<\/td>\n<\/tr>\n<tr data-start=\"459\" data-end=\"544\">\n<td style=\"width: 32.307692%;\" data-start=\"459\" data-end=\"495\" data-col-size=\"sm\">Courant maximal<\/td>\n<td style=\"width: 256.538462%;\" data-col-size=\"md\" data-start=\"495\" data-end=\"544\">~3,5 A<\/td>\n<\/tr>\n<tr data-start=\"545\" data-end=\"630\">\n<td style=\"width: 32.307692%;\" data-start=\"545\" data-end=\"581\" data-col-size=\"sm\">Max Head<\/td>\n<td style=\"width: 256.538462%;\" data-col-size=\"md\" data-start=\"581\" data-end=\"630\">Jusqu'\u00e0 10 m\u00e8tres<\/td>\n<\/tr>\n<tr data-start=\"631\" data-end=\"716\">\n<td style=\"width: 32.307692%;\" data-start=\"631\" data-end=\"667\" data-col-size=\"sm\">D\u00e9bit maximal<\/td>\n<td style=\"width: 256.538462%;\" data-col-size=\"md\" data-start=\"667\" data-end=\"716\">Jusqu'\u00e0 1 800 L\/h (30 L\/min)<\/td>\n<\/tr>\n<tr data-start=\"717\" data-end=\"802\">\n<td style=\"width: 32.307692%;\" data-start=\"717\" data-end=\"753\" data-col-size=\"sm\">Indice d'\u00e9tanch\u00e9it\u00e9<\/td>\n<td style=\"width: 256.538462%;\" data-col-size=\"md\" data-start=\"753\" data-end=\"802\">IP68<\/td>\n<\/tr>\n<tr data-start=\"803\" data-end=\"888\">\n<td style=\"width: 32.307692%;\" data-start=\"803\" data-end=\"839\" data-col-size=\"sm\">Dur\u00e9e de vie<\/td>\n<td style=\"width: 256.538462%;\" data-col-size=\"md\" data-start=\"839\" data-end=\"888\">&gt;30 000 heures<\/td>\n<\/tr>\n<tr data-start=\"889\" data-end=\"974\">\n<td style=\"width: 32.307692%;\" data-start=\"889\" data-end=\"925\" data-col-size=\"sm\">Niveau sonore<\/td>\n<td style=\"width: 256.538462%;\" data-col-size=\"md\" data-start=\"925\" data-end=\"974\">\u226435 dB<\/td>\n<\/tr>\n<tr data-start=\"975\" data-end=\"1060\">\n<td style=\"width: 32.307692%;\" data-start=\"975\" data-end=\"1011\" data-col-size=\"sm\">Corps de pompe<\/td>\n<td style=\"width: 256.538462%;\" data-col-size=\"md\" data-start=\"1011\" data-end=\"1060\">PPS avec fibre de verre 30%<\/td>\n<\/tr>\n<tr data-start=\"1061\" data-end=\"1146\">\n<td style=\"width: 32.307692%;\" data-start=\"1061\" data-end=\"1097\" data-col-size=\"sm\">Type d'arbre<\/td>\n<td style=\"width: 256.538462%;\" data-col-size=\"md\" data-start=\"1097\" data-end=\"1146\">Arbre en c\u00e9ramique, isol\u00e9 magn\u00e9tiquement<\/td>\n<\/tr>\n<tr data-start=\"1147\" data-end=\"1232\">\n<td style=\"width: 32.307692%;\" data-start=\"1147\" data-end=\"1183\" data-col-size=\"sm\">\u00c9tanch\u00e9it\u00e9<\/td>\n<td style=\"width: 256.538462%;\" data-col-size=\"md\" data-start=\"1183\" data-end=\"1232\">Pas de joint m\u00e9canique (isolation magn\u00e9tique)<\/td>\n<\/tr>\n<tr data-start=\"1233\" data-end=\"1318\">\n<td style=\"width: 32.307692%;\" data-start=\"1233\" data-end=\"1269\" data-col-size=\"sm\">Type d'impulseur<\/td>\n<td style=\"width: 256.538462%;\" data-col-size=\"md\" data-start=\"1269\" data-end=\"1318\">Roue ferm\u00e9e<\/td>\n<\/tr>\n<tr data-start=\"1319\" data-end=\"1404\">\n<td style=\"width: 32.307692%;\" data-start=\"1319\" data-end=\"1355\" data-col-size=\"sm\">Fonctions de protection<\/td>\n<td style=\"width: 256.538462%;\" data-col-size=\"md\" data-start=\"1355\" data-end=\"1404\">Fonctionnement \u00e0 vide, surcharge, inversion de polarit\u00e9, blocage<\/td>\n<\/tr>\n<tr data-start=\"1405\" data-end=\"1490\">\n<td style=\"width: 32.307692%;\" data-start=\"1405\" data-end=\"1441\" data-col-size=\"sm\">Options de contr\u00f4le de la vitesse<\/td>\n<td style=\"width: 256.538462%;\" data-col-size=\"md\" data-start=\"1441\" data-end=\"1490\">PWM \/ 0\u20135 V analogique \/ potentiom\u00e8tre<\/td>\n<\/tr>\n<tr data-start=\"1491\" data-end=\"1576\">\n<td style=\"width: 32.307692%;\" data-start=\"1491\" data-end=\"1527\" data-col-size=\"sm\">Supports adapt\u00e9s<\/td>\n<td style=\"width: 256.538462%;\" data-col-size=\"md\" data-start=\"1527\" data-end=\"1576\">Eau, huile, acide\/alcalin doux (test pr\u00e9alable)<\/td>\n<\/tr>\n<tr data-start=\"1577\" data-end=\"1662\">\n<td style=\"width: 32.307692%;\" data-start=\"1577\" data-end=\"1613\" data-col-size=\"sm\">Plage de temp\u00e9ratures de fonctionnement<\/td>\n<td style=\"width: 256.538462%;\" data-col-size=\"md\" data-start=\"1613\" data-end=\"1662\">-30 \u00b0C \u00e0 +100 \u00b0C (avec le pilote appropri\u00e9)<\/td>\n<\/tr>\n<tr data-start=\"1663\" data-end=\"1748\">\n<td style=\"width: 32.307692%;\" data-start=\"1663\" data-end=\"1699\" data-col-size=\"sm\">Poids<\/td>\n<td style=\"width: 256.538462%;\" data-col-size=\"md\" data-start=\"1699\" data-end=\"1748\">~0,52 kg<\/td>\n<\/tr>\n<tr data-start=\"1749\" data-end=\"1834\">\n<td style=\"width: 32.307692%;\" data-start=\"1749\" data-end=\"1785\" data-col-size=\"sm\">Dimensions<\/td>\n<td style=\"width: 256.538462%;\" data-col-size=\"md\" data-start=\"1785\" data-end=\"1834\">~100 \u00d7 75 \u00d7 60 mm (environ, selon le mod\u00e8le)<\/td>\n<\/tr>\n<\/tbody>\n<\/table>\n<div class=\"sticky end-(--thread-content-margin) h-0 self-end select-none\">\n<div class=\"absolute end-0 flex items-end\"><\/div>\n<\/div>\n<\/div>\n<\/div>","protected":false},"featured_media":6186,"template":"","meta":{"_acf_changed":false},"product_brand":[],"product_cat":[35,75],"product_tag":[],"class_list":{"0":"post-4136","1":"product","2":"type-product","3":"status-publish","4":"has-post-thumbnail","6":"product_cat-accessories","7":"product_cat-sea-water-pump","9":"first","10":"instock","11":"shipping-taxable","12":"product-type-simple"},"acf":[],"yoast_head":"<!-- This site is optimized with the Yoast SEO Premium plugin v27.3 (Yoast SEO v27.4) - https:\/\/yoast.com\/product\/yoast-seo-premium-wordpress\/ -->\n<title>DC5612E 12V Sea Water Pump - MBC Marine<\/title>\n<meta name=\"description\" content=\"The DC5612E brushless, magnetically isolated centrifugal pump is an excellent match for MBC Marine\u2019s 12V DC air conditioning systems. It delivers reliable, quiet (&lt;35 dB), and energy-efficient operation even under demanding conditions.\" \/>\n<meta name=\"robots\" content=\"index, follow, max-snippet:-1, max-image-preview:large, max-video-preview:-1\" \/>\n<link rel=\"canonical\" href=\"https:\/\/mbc-marine.com\/fr\/product\/dc5612e\/\" \/>\n<meta property=\"og:locale\" content=\"fr_FR\" \/>\n<meta property=\"og:type\" content=\"article\" \/>\n<meta property=\"og:title\" content=\"DC5612E 12V Sea Water Pump\" \/>\n<meta property=\"og:description\" content=\"The DC5612E brushless, magnetically isolated centrifugal pump is an excellent match for MBC Marine\u2019s 12V DC air conditioning systems. It delivers reliable, quiet (&lt;35 dB), and energy-efficient operation even under demanding conditions.\" \/>\n<meta property=\"og:url\" content=\"https:\/\/mbc-marine.com\/fr\/product\/dc5612e\/\" \/>\n<meta property=\"og:site_name\" content=\"MBC Marine\" \/>\n<meta property=\"article:modified_time\" content=\"2025-09-09T11:47:25+00:00\" \/>\n<meta property=\"og:image\" content=\"https:\/\/mbc-marine.com\/wp-content\/uploads\/2025\/05\/dc5612e-12v-sea-water-pump2.png\" \/>\n\t<meta property=\"og:image:width\" content=\"1920\" \/>\n\t<meta property=\"og:image:height\" content=\"1280\" \/>\n\t<meta property=\"og:image:type\" content=\"image\/png\" \/>\n<meta name=\"twitter:card\" content=\"summary_large_image\" \/>\n<meta name=\"twitter:label1\" content=\"Prix\" \/>\n\t<meta name=\"twitter:data1\" content=\"\" \/>\n\t<meta name=\"twitter:label2\" content=\"Disponibilit\u00e9\" \/>\n\t<meta name=\"twitter:data2\" content=\"En stock\" \/>\n<script type=\"application\/ld+json\" class=\"yoast-schema-graph\">{\"@context\":\"https:\\\/\\\/schema.org\",\"@graph\":[{\"@type\":[\"WebPage\",\"ItemPage\"],\"@id\":\"https:\\\/\\\/mbc-marine.com\\\/product\\\/dc5612e\\\/\",\"url\":\"https:\\\/\\\/mbc-marine.com\\\/product\\\/dc5612e\\\/\",\"name\":\"DC5612E 12V Sea Water Pump - MBC Marine\",\"isPartOf\":{\"@id\":\"https:\\\/\\\/mbc-marine.com\\\/#website\"},\"primaryImageOfPage\":{\"@id\":\"https:\\\/\\\/mbc-marine.com\\\/product\\\/dc5612e\\\/#primaryimage\"},\"image\":{\"@id\":\"https:\\\/\\\/mbc-marine.com\\\/product\\\/dc5612e\\\/#primaryimage\"},\"thumbnailUrl\":\"https:\\\/\\\/mbc-marine.com\\\/wp-content\\\/uploads\\\/2025\\\/05\\\/dc5612e-12v-sea-water-pump2.png?wsr\",\"datePublished\":\"2025-05-16T09:11:33+00:00\",\"dateModified\":\"2025-09-09T11:47:25+00:00\",\"description\":\"The DC5612E brushless, magnetically isolated centrifugal pump is an excellent match for MBC Marine\u2019s 12V DC air conditioning systems. It delivers reliable, quiet (&lt;35 dB), and energy-efficient operation even under demanding conditions.\",\"breadcrumb\":{\"@id\":\"https:\\\/\\\/mbc-marine.com\\\/product\\\/dc5612e\\\/#breadcrumb\"},\"inLanguage\":\"fr-FR\",\"potentialAction\":[{\"@type\":\"ReadAction\",\"target\":[\"https:\\\/\\\/mbc-marine.com\\\/product\\\/dc5612e\\\/\"]}]},{\"@type\":\"ImageObject\",\"inLanguage\":\"fr-FR\",\"@id\":\"https:\\\/\\\/mbc-marine.com\\\/product\\\/dc5612e\\\/#primaryimage\",\"url\":\"https:\\\/\\\/mbc-marine.com\\\/wp-content\\\/uploads\\\/2025\\\/05\\\/dc5612e-12v-sea-water-pump2.png?wsr\",\"contentUrl\":\"https:\\\/\\\/mbc-marine.com\\\/wp-content\\\/uploads\\\/2025\\\/05\\\/dc5612e-12v-sea-water-pump2.png?wsr\",\"width\":1920,\"height\":1280,\"caption\":\"DC5612E 12V Sea Water Pump\"},{\"@type\":\"BreadcrumbList\",\"@id\":\"https:\\\/\\\/mbc-marine.com\\\/product\\\/dc5612e\\\/#breadcrumb\",\"itemListElement\":[{\"@type\":\"ListItem\",\"position\":1,\"name\":\"Home\",\"item\":\"https:\\\/\\\/mbc-marine.com\\\/\"},{\"@type\":\"ListItem\",\"position\":2,\"name\":\"Shop\",\"item\":\"https:\\\/\\\/mbc-marine.com\\\/shop\\\/\"},{\"@type\":\"ListItem\",\"position\":3,\"name\":\"DC5612E 12V Sea Water Pump\"}]},{\"@type\":\"WebSite\",\"@id\":\"https:\\\/\\\/mbc-marine.com\\\/#website\",\"url\":\"https:\\\/\\\/mbc-marine.com\\\/\",\"name\":\"MBC Marine\",\"description\":\"\",\"potentialAction\":[{\"@type\":\"SearchAction\",\"target\":{\"@type\":\"EntryPoint\",\"urlTemplate\":\"https:\\\/\\\/mbc-marine.com\\\/?s={search_term_string}\"},\"query-input\":{\"@type\":\"PropertyValueSpecification\",\"valueRequired\":true,\"valueName\":\"search_term_string\"}}],\"inLanguage\":\"fr-FR\"}]}<\/script>\n<meta property=\"product:price:currency\" content=\"EUR\" \/>\n<meta property=\"og:availability\" content=\"instock\" \/>\n<meta property=\"product:availability\" content=\"instock\" \/>\n<meta property=\"product:condition\" content=\"new\" \/>\n<!-- \/ Yoast SEO Premium plugin. -->","yoast_head_json":{"title":"DC5612E Pompe \u00e0 eau de mer 12 V - MBC Marine","description":"La pompe centrifuge sans balais et isol\u00e9e magn\u00e9tiquement DC5612E est parfaitement adapt\u00e9e aux syst\u00e8mes de climatisation 12 V CC de MBC Marine. Elle offre un fonctionnement fiable, silencieux (&lt;35 dB) et \u00e9conome en \u00e9nergie, m\u00eame dans des conditions difficiles.","robots":{"index":"index","follow":"follow","max-snippet":"max-snippet:-1","max-image-preview":"max-image-preview:large","max-video-preview":"max-video-preview:-1"},"canonical":"https:\/\/mbc-marine.com\/fr\/product\/dc5612e\/","og_locale":"fr_FR","og_type":"article","og_title":"DC5612E 12V Sea Water Pump","og_description":"The DC5612E brushless, magnetically isolated centrifugal pump is an excellent match for MBC Marine\u2019s 12V DC air conditioning systems. It delivers reliable, quiet (&lt;35 dB), and energy-efficient operation even under demanding conditions.","og_url":"https:\/\/mbc-marine.com\/fr\/product\/dc5612e\/","og_site_name":"MBC Marine","article_modified_time":"2025-09-09T11:47:25+00:00","og_image":[{"width":1920,"height":1280,"url":"https:\/\/mbc-marine.com\/wp-content\/uploads\/2025\/05\/dc5612e-12v-sea-water-pump2.png","type":"image\/png"}],"twitter_card":"summary_large_image","twitter_misc":{"Prix":"","Disponibilit\u00e9":"En stock"},"schema":{"@context":"https:\/\/schema.org","@graph":[{"@type":["WebPage","ItemPage"],"@id":"https:\/\/mbc-marine.com\/product\/dc5612e\/","url":"https:\/\/mbc-marine.com\/product\/dc5612e\/","name":"DC5612E Pompe \u00e0 eau de mer 12 V - MBC Marine","isPartOf":{"@id":"https:\/\/mbc-marine.com\/#website"},"primaryImageOfPage":{"@id":"https:\/\/mbc-marine.com\/product\/dc5612e\/#primaryimage"},"image":{"@id":"https:\/\/mbc-marine.com\/product\/dc5612e\/#primaryimage"},"thumbnailUrl":"https:\/\/mbc-marine.com\/wp-content\/uploads\/2025\/05\/dc5612e-12v-sea-water-pump2.png?wsr","datePublished":"2025-05-16T09:11:33+00:00","dateModified":"2025-09-09T11:47:25+00:00","description":"La pompe centrifuge sans balais et isol\u00e9e magn\u00e9tiquement DC5612E est parfaitement adapt\u00e9e aux syst\u00e8mes de climatisation 12 V CC de MBC Marine. Elle offre un fonctionnement fiable, silencieux (&lt;35 dB) et \u00e9conome en \u00e9nergie, m\u00eame dans des conditions difficiles.","breadcrumb":{"@id":"https:\/\/mbc-marine.com\/product\/dc5612e\/#breadcrumb"},"inLanguage":"fr-FR","potentialAction":[{"@type":"ReadAction","target":["https:\/\/mbc-marine.com\/product\/dc5612e\/"]}]},{"@type":"ImageObject","inLanguage":"fr-FR","@id":"https:\/\/mbc-marine.com\/product\/dc5612e\/#primaryimage","url":"https:\/\/mbc-marine.com\/wp-content\/uploads\/2025\/05\/dc5612e-12v-sea-water-pump2.png?wsr","contentUrl":"https:\/\/mbc-marine.com\/wp-content\/uploads\/2025\/05\/dc5612e-12v-sea-water-pump2.png?wsr","width":1920,"height":1280,"caption":"DC5612E 12V Sea Water Pump"},{"@type":"BreadcrumbList","@id":"https:\/\/mbc-marine.com\/product\/dc5612e\/#breadcrumb","itemListElement":[{"@type":"ListItem","position":1,"name":"Home","item":"https:\/\/mbc-marine.com\/"},{"@type":"ListItem","position":2,"name":"Shop","item":"https:\/\/mbc-marine.com\/shop\/"},{"@type":"ListItem","position":3,"name":"DC5612E 12V Sea Water Pump"}]},{"@type":"WebSite","@id":"https:\/\/mbc-marine.com\/#website","url":"https:\/\/mbc-marine.com\/","name":"MBC Marine","description":"","potentialAction":[{"@type":"SearchAction","target":{"@type":"EntryPoint","urlTemplate":"https:\/\/mbc-marine.com\/?s={search_term_string}"},"query-input":{"@type":"PropertyValueSpecification","valueRequired":true,"valueName":"search_term_string"}}],"inLanguage":"fr-FR"}]},"product_price_currency":"EUR","og_availability":"instock","product_availability":"instock","product_condition":"new"},"_links":{"self":[{"href":"https:\/\/mbc-marine.com\/fr\/wp-json\/wp\/v2\/product\/4136","targetHints":{"allow":["GET"]}}],"collection":[{"href":"https:\/\/mbc-marine.com\/fr\/wp-json\/wp\/v2\/product"}],"about":[{"href":"https:\/\/mbc-marine.com\/fr\/wp-json\/wp\/v2\/types\/product"}],"version-history":[{"count":0,"href":"https:\/\/mbc-marine.com\/fr\/wp-json\/wp\/v2\/product\/4136\/revisions"}],"wp:featuredmedia":[{"embeddable":true,"href":"https:\/\/mbc-marine.com\/fr\/wp-json\/wp\/v2\/media\/6186"}],"wp:attachment":[{"href":"https:\/\/mbc-marine.com\/fr\/wp-json\/wp\/v2\/media?parent=4136"}],"wp:term":[{"taxonomy":"product_brand","embeddable":true,"href":"https:\/\/mbc-marine.com\/fr\/wp-json\/wp\/v2\/product_brand?post=4136"},{"taxonomy":"product_cat","embeddable":true,"href":"https:\/\/mbc-marine.com\/fr\/wp-json\/wp\/v2\/product_cat?post=4136"},{"taxonomy":"product_tag","embeddable":true,"href":"https:\/\/mbc-marine.com\/fr\/wp-json\/wp\/v2\/product_tag?post=4136"}],"curies":[{"name":"wp","href":"https:\/\/api.w.org\/{rel}","templated":true}]}}