{"id":4144,"date":"2025-05-16T11:17:04","date_gmt":"2025-05-16T09:17:04","guid":{"rendered":"https:\/\/mbc-marine.com\/?post_type=product&#038;p=4144"},"modified":"2025-09-09T13:47:59","modified_gmt":"2025-09-09T11:47:59","slug":"dc5624f-2","status":"publish","type":"product","link":"https:\/\/mbc-marine.com\/fr\/product\/dc5624f-2\/","title":{"rendered":"DC5624F Pompe \u00e0 eau de mer 24 V"},"content":{"rendered":"<p data-start=\"159\" data-end=\"379\">La pompe de circulation MBC Marine DC55F est une pompe centrifuge fiable, sans balais et \u00e0 isolation magn\u00e9tique, con\u00e7ue pour les climatiseurs 24 V CC de MBC Marine. Elle offre des performances \u00e9lev\u00e9es, m\u00eame dans les environnements marins difficiles.<\/p>\n<p data-start=\"381\" data-end=\"573\">Avec un <strong data-start=\"388\" data-end=\"423\">hauteur maximale pouvant atteindre 16 m\u00e8tres<\/strong> et un <strong data-start=\"430\" data-end=\"473\">d\u00e9bit pouvant atteindre 2400 litres par heure<\/strong> (40 L\/min), il est bien adapt\u00e9 aux installations avec des tuyauteries plus longues ou des positions de condenseur sur\u00e9lev\u00e9es.<\/p>\n<p data-start=\"575\" data-end=\"781\">Son <strong data-start=\"579\" data-end=\"611\">Construction \u00e9tanche IP68<\/strong> permet une installation immerg\u00e9e ou \u00e0 sec, tandis que l'arbre en c\u00e9ramique et le bo\u00eetier composite durable garantissent une longue dur\u00e9e de vie sans entretien pouvant atteindre 30 000 heures.<\/p>\n<p data-start=\"783\" data-end=\"970\">Le mod\u00e8le MBC Marine DC55F 24 V est parfaitement adapt\u00e9 aux syst\u00e8mes 24 V de MBC Marine dans le domaine <strong data-start=\"863\" data-end=\"887\">Plage de 7 000 \u00e0 12 000 BTU<\/strong>, o\u00f9 une circulation constante de l'eau et un fonctionnement silencieux et fiable sont essentiels.<\/p>","protected":false},"excerpt":{"rendered":"<div class=\"_tableContainer_80l1q_1\">\n<div class=\"_tableWrapper_80l1q_14 group flex w-fit flex-col-reverse\" tabindex=\"-1\">\n<table class=\"w-fit min-w-(--thread-content-width)\" style=\"width: 101.75123%;\" data-start=\"140\" data-end=\"1612\">\n<thead data-start=\"140\" data-end=\"206\">\n<tr data-start=\"140\" data-end=\"206\">\n<th style=\"width: 37.248322%;\" data-start=\"140\" data-end=\"173\" data-col-size=\"sm\"><strong data-start=\"142\" data-end=\"159\">DC 5624F 24 V Sp\u00e9cifications<\/strong><\/th>\n<th style=\"width: 220.469799%;\" data-start=\"173\" data-end=\"206\" data-col-size=\"md\"><strong data-start=\"175\" data-end=\"184\">Valeur<\/strong><\/th>\n<\/tr>\n<\/thead>\n<tbody data-start=\"273\" data-end=\"1612\">\n<tr data-start=\"273\" data-end=\"338\">\n<td style=\"width: 37.248322%;\" data-start=\"273\" data-end=\"305\" data-col-size=\"sm\">Tension nominale<\/td>\n<td style=\"width: 220.469799%;\" data-col-size=\"md\" data-start=\"305\" data-end=\"338\">24 V CC<\/td>\n<\/tr>\n<tr data-start=\"339\" data-end=\"404\">\n<td style=\"width: 37.248322%;\" data-start=\"339\" data-end=\"371\" data-col-size=\"sm\">Consommation \u00e9lectrique<\/td>\n<td style=\"width: 220.469799%;\" data-col-size=\"md\" data-start=\"371\" data-end=\"404\">42\u201354 W<\/td>\n<\/tr>\n<tr data-start=\"405\" data-end=\"469\">\n<td style=\"width: 37.248322%;\" data-start=\"405\" data-end=\"437\" data-col-size=\"sm\">Courant nominal<\/td>\n<td style=\"width: 220.469799%;\" data-col-size=\"md\" data-start=\"437\" data-end=\"469\">~1,4\u20132,2 A<\/td>\n<\/tr>\n<tr data-start=\"470\" data-end=\"533\">\n<td style=\"width: 37.248322%;\" data-start=\"470\" data-end=\"501\" data-col-size=\"sm\">Hauteur maximale<\/td>\n<td style=\"width: 220.469799%;\" data-col-size=\"md\" data-start=\"501\" data-end=\"533\">Jusqu'\u00e0 16 m<\/td>\n<\/tr>\n<tr data-start=\"534\" data-end=\"599\">\n<td style=\"width: 37.248322%;\" data-start=\"534\" data-end=\"566\" data-col-size=\"sm\">D\u00e9bit maximal<\/td>\n<td style=\"width: 220.469799%;\" data-col-size=\"md\" data-start=\"566\" data-end=\"599\">Jusqu'\u00e0 2400 L\/h (40 L\/min)<\/td>\n<\/tr>\n<tr data-start=\"600\" data-end=\"665\">\n<td style=\"width: 37.248322%;\" data-start=\"600\" data-end=\"632\" data-col-size=\"sm\">Indice d'\u00e9tanch\u00e9it\u00e9<\/td>\n<td style=\"width: 220.469799%;\" data-col-size=\"md\" data-start=\"632\" data-end=\"665\">IP68<\/td>\n<\/tr>\n<tr data-start=\"666\" data-end=\"731\">\n<td style=\"width: 37.248322%;\" data-start=\"666\" data-end=\"698\" data-col-size=\"sm\">Dur\u00e9e de vie pr\u00e9vue<\/td>\n<td style=\"width: 220.469799%;\" data-col-size=\"md\" data-start=\"698\" data-end=\"731\">&gt;30 000 heures<\/td>\n<\/tr>\n<tr data-start=\"732\" data-end=\"797\">\n<td style=\"width: 37.248322%;\" data-start=\"732\" data-end=\"764\" data-col-size=\"sm\">Niveau sonore<\/td>\n<td style=\"width: 220.469799%;\" data-col-size=\"md\" data-start=\"764\" data-end=\"797\">\u226435\u201340 dB<\/td>\n<\/tr>\n<tr data-start=\"798\" data-end=\"863\">\n<td style=\"width: 37.248322%;\" data-start=\"798\" data-end=\"830\" data-col-size=\"sm\">Mat\u00e9riau du corps de pompe<\/td>\n<td style=\"width: 220.469799%;\" data-col-size=\"md\" data-start=\"830\" data-end=\"863\">PPS avec fibre de verre 30%<\/td>\n<\/tr>\n<tr data-start=\"864\" data-end=\"929\">\n<td style=\"width: 37.248322%;\" data-start=\"864\" data-end=\"896\" data-col-size=\"sm\">Arbre<\/td>\n<td style=\"width: 220.469799%;\" data-col-size=\"md\" data-start=\"896\" data-end=\"929\">Arbre en c\u00e9ramique<\/td>\n<\/tr>\n<tr data-start=\"930\" data-end=\"995\">\n<td style=\"width: 37.248322%;\" data-start=\"930\" data-end=\"962\" data-col-size=\"sm\">Type de scellage<\/td>\n<td style=\"width: 220.469799%;\" data-col-size=\"md\" data-start=\"962\" data-end=\"995\">Isolation magn\u00e9tique (sans joint)<\/td>\n<\/tr>\n<tr data-start=\"996\" data-end=\"1061\">\n<td style=\"width: 37.248322%;\" data-start=\"996\" data-end=\"1028\" data-col-size=\"sm\">Roue \u00e0 aubes<\/td>\n<td style=\"width: 220.469799%;\" data-col-size=\"md\" data-start=\"1028\" data-end=\"1061\">Roue ferm\u00e9e<\/td>\n<\/tr>\n<tr data-start=\"1062\" data-end=\"1127\">\n<td style=\"width: 37.248322%;\" data-start=\"1062\" data-end=\"1094\" data-col-size=\"sm\">Classe d'isolation<\/td>\n<td style=\"width: 220.469799%;\" data-col-size=\"md\" data-start=\"1094\" data-end=\"1127\">H (180 \u00b0C)<\/td>\n<\/tr>\n<tr data-start=\"1128\" data-end=\"1193\">\n<td style=\"width: 37.248322%;\" data-start=\"1128\" data-end=\"1160\" data-col-size=\"sm\">Entr\u00e9e\/Sortie<\/td>\n<td style=\"width: 220.469799%;\" data-col-size=\"md\" data-start=\"1160\" data-end=\"1193\">Filetage de 20 mm<\/td>\n<\/tr>\n<tr data-start=\"1194\" data-end=\"1259\">\n<td style=\"width: 37.248322%;\" data-start=\"1194\" data-end=\"1226\" data-col-size=\"sm\">Plage de tension de fonctionnement<\/td>\n<td style=\"width: 220.469799%;\" data-col-size=\"md\" data-start=\"1226\" data-end=\"1259\">12\u201330 V CC<\/td>\n<\/tr>\n<tr data-start=\"1260\" data-end=\"1325\">\n<td style=\"width: 37.248322%;\" data-start=\"1260\" data-end=\"1292\" data-col-size=\"sm\">Plage de temp\u00e9rature de fonctionnement<\/td>\n<td style=\"width: 220.469799%;\" data-col-size=\"md\" data-start=\"1292\" data-end=\"1325\">\u201330 \u00b0C \u00e0 +100 \u00b0C<\/td>\n<\/tr>\n<tr data-start=\"1326\" data-end=\"1414\">\n<td style=\"width: 37.248322%;\" data-start=\"1326\" data-end=\"1358\" data-col-size=\"sm\">Fonctions de protection<\/td>\n<td style=\"width: 220.469799%;\" data-col-size=\"md\" data-start=\"1358\" data-end=\"1414\">Fonctionnement \u00e0 vide, surcharge, inversion de polarit\u00e9, protection contre le blocage<\/td>\n<\/tr>\n<tr data-start=\"1415\" data-end=\"1480\">\n<td style=\"width: 37.248322%;\" data-start=\"1415\" data-end=\"1447\" data-col-size=\"sm\">Contr\u00f4le de la vitesse<\/td>\n<td style=\"width: 220.469799%;\" data-col-size=\"md\" data-start=\"1447\" data-end=\"1480\">Non disponible<\/td>\n<\/tr>\n<tr data-start=\"1481\" data-end=\"1546\">\n<td style=\"width: 37.248322%;\" data-start=\"1481\" data-end=\"1513\" data-col-size=\"sm\">Poids<\/td>\n<td style=\"width: 220.469799%;\" data-col-size=\"md\" data-start=\"1513\" data-end=\"1546\">~520 g<\/td>\n<\/tr>\n<tr data-start=\"1547\" data-end=\"1612\">\n<td style=\"width: 37.248322%;\" data-start=\"1547\" data-end=\"1579\" data-col-size=\"sm\">Dimensions<\/td>\n<td style=\"width: 220.469799%;\" data-col-size=\"md\" data-start=\"1579\" data-end=\"1612\">102 \u00d7 78 \u00d7 80 mm<\/td>\n<\/tr>\n<\/tbody>\n<\/table>\n<div class=\"sticky end-(--thread-content-margin) h-0 self-end select-none\">\n<div class=\"absolute end-0 flex items-end\"><\/div>\n<\/div>\n<\/div>\n<\/div>","protected":false},"featured_media":6179,"template":"","meta":{"_acf_changed":false},"product_brand":[],"product_cat":[35,75],"product_tag":[],"class_list":{"0":"post-4144","1":"product","2":"type-product","3":"status-publish","4":"has-post-thumbnail","6":"product_cat-accessories","7":"product_cat-sea-water-pump","9":"first","10":"instock","11":"shipping-taxable","12":"product-type-simple"},"acf":[],"yoast_head":"<!-- This site is optimized with the Yoast SEO Premium plugin v27.3 (Yoast SEO v27.4) - https:\/\/yoast.com\/product\/yoast-seo-premium-wordpress\/ -->\n<title>DC5624F 24V Sea Water Pump - MBC Marine<\/title>\n<meta name=\"description\" content=\"The MBC Marine DC55F circulation pump is a reliable, brushless, magnetically isolated centrifugal pump designed for MBC Marine\u2019s 24V DC air conditioning units, offering strong performance even in demanding marine environments.\" \/>\n<meta name=\"robots\" content=\"index, follow, max-snippet:-1, max-image-preview:large, max-video-preview:-1\" \/>\n<link rel=\"canonical\" href=\"https:\/\/mbc-marine.com\/fr\/product\/dc5624f-2\/\" \/>\n<meta property=\"og:locale\" content=\"fr_FR\" \/>\n<meta property=\"og:type\" content=\"article\" \/>\n<meta property=\"og:title\" content=\"DC5624F 24V Sea Water Pump\" \/>\n<meta property=\"og:description\" content=\"The MBC Marine DC55F circulation pump is a reliable, brushless, magnetically isolated centrifugal pump designed for MBC Marine\u2019s 24V DC air conditioning units, offering strong performance even in demanding marine environments.\" \/>\n<meta property=\"og:url\" content=\"https:\/\/mbc-marine.com\/fr\/product\/dc5624f-2\/\" \/>\n<meta property=\"og:site_name\" content=\"MBC Marine\" \/>\n<meta property=\"article:modified_time\" content=\"2025-09-09T11:47:59+00:00\" \/>\n<meta property=\"og:image\" content=\"https:\/\/mbc-marine.com\/wp-content\/uploads\/2025\/05\/MBC-130.png\" \/>\n\t<meta property=\"og:image:width\" content=\"1920\" \/>\n\t<meta property=\"og:image:height\" content=\"1280\" \/>\n\t<meta property=\"og:image:type\" content=\"image\/png\" \/>\n<meta name=\"twitter:card\" content=\"summary_large_image\" \/>\n<meta name=\"twitter:label1\" content=\"Prix\" \/>\n\t<meta name=\"twitter:data1\" content=\"\" \/>\n\t<meta name=\"twitter:label2\" content=\"Disponibilit\u00e9\" \/>\n\t<meta name=\"twitter:data2\" content=\"En stock\" \/>\n<script type=\"application\/ld+json\" class=\"yoast-schema-graph\">{\"@context\":\"https:\\\/\\\/schema.org\",\"@graph\":[{\"@type\":[\"WebPage\",\"ItemPage\"],\"@id\":\"https:\\\/\\\/mbc-marine.com\\\/product\\\/dc5624f-2\\\/\",\"url\":\"https:\\\/\\\/mbc-marine.com\\\/product\\\/dc5624f-2\\\/\",\"name\":\"DC5624F 24V Sea Water Pump - MBC Marine\",\"isPartOf\":{\"@id\":\"https:\\\/\\\/mbc-marine.com\\\/#website\"},\"primaryImageOfPage\":{\"@id\":\"https:\\\/\\\/mbc-marine.com\\\/product\\\/dc5624f-2\\\/#primaryimage\"},\"image\":{\"@id\":\"https:\\\/\\\/mbc-marine.com\\\/product\\\/dc5624f-2\\\/#primaryimage\"},\"thumbnailUrl\":\"https:\\\/\\\/mbc-marine.com\\\/wp-content\\\/uploads\\\/2025\\\/05\\\/MBC-130.png?wsr\",\"datePublished\":\"2025-05-16T09:17:04+00:00\",\"dateModified\":\"2025-09-09T11:47:59+00:00\",\"description\":\"The MBC Marine DC55F circulation pump is a reliable, brushless, magnetically isolated centrifugal pump designed for MBC Marine\u2019s 24V DC air conditioning units, offering strong performance even in demanding marine environments.\",\"breadcrumb\":{\"@id\":\"https:\\\/\\\/mbc-marine.com\\\/product\\\/dc5624f-2\\\/#breadcrumb\"},\"inLanguage\":\"fr-FR\",\"potentialAction\":[{\"@type\":\"ReadAction\",\"target\":[\"https:\\\/\\\/mbc-marine.com\\\/product\\\/dc5624f-2\\\/\"]}]},{\"@type\":\"ImageObject\",\"inLanguage\":\"fr-FR\",\"@id\":\"https:\\\/\\\/mbc-marine.com\\\/product\\\/dc5624f-2\\\/#primaryimage\",\"url\":\"https:\\\/\\\/mbc-marine.com\\\/wp-content\\\/uploads\\\/2025\\\/05\\\/MBC-130.png?wsr\",\"contentUrl\":\"https:\\\/\\\/mbc-marine.com\\\/wp-content\\\/uploads\\\/2025\\\/05\\\/MBC-130.png?wsr\",\"width\":1920,\"height\":1280,\"caption\":\"DC5624F 24V Sea Water Pump\"},{\"@type\":\"BreadcrumbList\",\"@id\":\"https:\\\/\\\/mbc-marine.com\\\/product\\\/dc5624f-2\\\/#breadcrumb\",\"itemListElement\":[{\"@type\":\"ListItem\",\"position\":1,\"name\":\"Home\",\"item\":\"https:\\\/\\\/mbc-marine.com\\\/\"},{\"@type\":\"ListItem\",\"position\":2,\"name\":\"Shop\",\"item\":\"https:\\\/\\\/mbc-marine.com\\\/shop\\\/\"},{\"@type\":\"ListItem\",\"position\":3,\"name\":\"DC5624F 24V Sea Water Pump\"}]},{\"@type\":\"WebSite\",\"@id\":\"https:\\\/\\\/mbc-marine.com\\\/#website\",\"url\":\"https:\\\/\\\/mbc-marine.com\\\/\",\"name\":\"MBC Marine\",\"description\":\"\",\"potentialAction\":[{\"@type\":\"SearchAction\",\"target\":{\"@type\":\"EntryPoint\",\"urlTemplate\":\"https:\\\/\\\/mbc-marine.com\\\/?s={search_term_string}\"},\"query-input\":{\"@type\":\"PropertyValueSpecification\",\"valueRequired\":true,\"valueName\":\"search_term_string\"}}],\"inLanguage\":\"fr-FR\"}]}<\/script>\n<meta property=\"product:price:currency\" content=\"EUR\" \/>\n<meta property=\"og:availability\" content=\"instock\" \/>\n<meta property=\"product:availability\" content=\"instock\" \/>\n<meta property=\"product:condition\" content=\"new\" \/>\n<!-- \/ Yoast SEO Premium plugin. -->","yoast_head_json":{"title":"DC5624F Pompe \u00e0 eau de mer 24 V - MBC Marine","description":"La pompe de circulation MBC Marine DC55F est une pompe centrifuge fiable, sans balais et \u00e0 isolation magn\u00e9tique, con\u00e7ue pour les climatiseurs 24 V CC de MBC Marine. Elle offre des performances \u00e9lev\u00e9es, m\u00eame dans les environnements marins difficiles.","robots":{"index":"index","follow":"follow","max-snippet":"max-snippet:-1","max-image-preview":"max-image-preview:large","max-video-preview":"max-video-preview:-1"},"canonical":"https:\/\/mbc-marine.com\/fr\/product\/dc5624f-2\/","og_locale":"fr_FR","og_type":"article","og_title":"DC5624F 24V Sea Water Pump","og_description":"The MBC Marine DC55F circulation pump is a reliable, brushless, magnetically isolated centrifugal pump designed for MBC Marine\u2019s 24V DC air conditioning units, offering strong performance even in demanding marine environments.","og_url":"https:\/\/mbc-marine.com\/fr\/product\/dc5624f-2\/","og_site_name":"MBC Marine","article_modified_time":"2025-09-09T11:47:59+00:00","og_image":[{"width":1920,"height":1280,"url":"https:\/\/mbc-marine.com\/wp-content\/uploads\/2025\/05\/MBC-130.png","type":"image\/png"}],"twitter_card":"summary_large_image","twitter_misc":{"Prix":"","Disponibilit\u00e9":"En stock"},"schema":{"@context":"https:\/\/schema.org","@graph":[{"@type":["WebPage","ItemPage"],"@id":"https:\/\/mbc-marine.com\/product\/dc5624f-2\/","url":"https:\/\/mbc-marine.com\/product\/dc5624f-2\/","name":"DC5624F Pompe \u00e0 eau de mer 24 V - MBC Marine","isPartOf":{"@id":"https:\/\/mbc-marine.com\/#website"},"primaryImageOfPage":{"@id":"https:\/\/mbc-marine.com\/product\/dc5624f-2\/#primaryimage"},"image":{"@id":"https:\/\/mbc-marine.com\/product\/dc5624f-2\/#primaryimage"},"thumbnailUrl":"https:\/\/mbc-marine.com\/wp-content\/uploads\/2025\/05\/MBC-130.png?wsr","datePublished":"2025-05-16T09:17:04+00:00","dateModified":"2025-09-09T11:47:59+00:00","description":"La pompe de circulation MBC Marine DC55F est une pompe centrifuge fiable, sans balais et \u00e0 isolation magn\u00e9tique, con\u00e7ue pour les climatiseurs 24 V CC de MBC Marine. Elle offre des performances \u00e9lev\u00e9es, m\u00eame dans les environnements marins difficiles.","breadcrumb":{"@id":"https:\/\/mbc-marine.com\/product\/dc5624f-2\/#breadcrumb"},"inLanguage":"fr-FR","potentialAction":[{"@type":"ReadAction","target":["https:\/\/mbc-marine.com\/product\/dc5624f-2\/"]}]},{"@type":"ImageObject","inLanguage":"fr-FR","@id":"https:\/\/mbc-marine.com\/product\/dc5624f-2\/#primaryimage","url":"https:\/\/mbc-marine.com\/wp-content\/uploads\/2025\/05\/MBC-130.png?wsr","contentUrl":"https:\/\/mbc-marine.com\/wp-content\/uploads\/2025\/05\/MBC-130.png?wsr","width":1920,"height":1280,"caption":"DC5624F 24V Sea Water Pump"},{"@type":"BreadcrumbList","@id":"https:\/\/mbc-marine.com\/product\/dc5624f-2\/#breadcrumb","itemListElement":[{"@type":"ListItem","position":1,"name":"Home","item":"https:\/\/mbc-marine.com\/"},{"@type":"ListItem","position":2,"name":"Shop","item":"https:\/\/mbc-marine.com\/shop\/"},{"@type":"ListItem","position":3,"name":"DC5624F 24V Sea Water Pump"}]},{"@type":"WebSite","@id":"https:\/\/mbc-marine.com\/#website","url":"https:\/\/mbc-marine.com\/","name":"MBC Marine","description":"","potentialAction":[{"@type":"SearchAction","target":{"@type":"EntryPoint","urlTemplate":"https:\/\/mbc-marine.com\/?s={search_term_string}"},"query-input":{"@type":"PropertyValueSpecification","valueRequired":true,"valueName":"search_term_string"}}],"inLanguage":"fr-FR"}]},"product_price_currency":"EUR","og_availability":"instock","product_availability":"instock","product_condition":"new"},"_links":{"self":[{"href":"https:\/\/mbc-marine.com\/fr\/wp-json\/wp\/v2\/product\/4144","targetHints":{"allow":["GET"]}}],"collection":[{"href":"https:\/\/mbc-marine.com\/fr\/wp-json\/wp\/v2\/product"}],"about":[{"href":"https:\/\/mbc-marine.com\/fr\/wp-json\/wp\/v2\/types\/product"}],"version-history":[{"count":0,"href":"https:\/\/mbc-marine.com\/fr\/wp-json\/wp\/v2\/product\/4144\/revisions"}],"wp:featuredmedia":[{"embeddable":true,"href":"https:\/\/mbc-marine.com\/fr\/wp-json\/wp\/v2\/media\/6179"}],"wp:attachment":[{"href":"https:\/\/mbc-marine.com\/fr\/wp-json\/wp\/v2\/media?parent=4144"}],"wp:term":[{"taxonomy":"product_brand","embeddable":true,"href":"https:\/\/mbc-marine.com\/fr\/wp-json\/wp\/v2\/product_brand?post=4144"},{"taxonomy":"product_cat","embeddable":true,"href":"https:\/\/mbc-marine.com\/fr\/wp-json\/wp\/v2\/product_cat?post=4144"},{"taxonomy":"product_tag","embeddable":true,"href":"https:\/\/mbc-marine.com\/fr\/wp-json\/wp\/v2\/product_tag?post=4144"}],"curies":[{"name":"wp","href":"https:\/\/api.w.org\/{rel}","templated":true}]}}