{"id":4156,"date":"2025-05-16T11:28:36","date_gmt":"2025-05-16T09:28:36","guid":{"rendered":"https:\/\/mbc-marine.com\/?post_type=product&#038;p=4156"},"modified":"2026-04-29T17:23:40","modified_gmt":"2026-04-29T15:23:40","slug":"xv-1","status":"publish","type":"product","link":"https:\/\/mbc-marine.com\/fr\/product\/xv-1\/","title":{"rendered":"XV1 \u2013 Convertisseur 48\/24 V 15 A"},"content":{"rendered":"<p data-start=\"240\" data-end=\"314\"><strong data-start=\"240\" data-end=\"314\">Module d'int\u00e9gration de pompe pour syst\u00e8mes de climatisation MBC Marine 48 V CC<\/strong><\/p>\n<p data-start=\"316\" data-end=\"579\">Le <strong data-start=\"320\" data-end=\"328\">XV-1<\/strong> Le convertisseur est con\u00e7u pour permettre l'int\u00e9gration transparente d'un <strong data-start=\"387\" data-end=\"408\">Pompe \u00e0 eau de mer 24 V<\/strong> dans des syst\u00e8mes aliment\u00e9s par une alimentation \u00e9lectrique de 48 V CC. Cela le rend id\u00e9al pour les installations o\u00f9 une pompe fiable de 24 V est disponible, mais o\u00f9 le climatiseur fonctionne \u00e0 48 V.<\/p>","protected":false},"excerpt":{"rendered":"<table class=\"w-fit min-w-(--thread-content-width)\" style=\"width: 101.073544%;\" data-start=\"102\" data-end=\"1213\">\n<thead data-start=\"102\" data-end=\"213\">\n<tr data-start=\"102\" data-end=\"213\">\n<th style=\"width: 48.633705%;\" data-start=\"102\" data-end=\"134\" data-col-size=\"sm\"><strong data-start=\"104\" data-end=\"121\">Sp\u00e9cifications XV-1<\/strong><\/th>\n<th style=\"width: 119.499807%;\" data-start=\"134\" data-end=\"213\" data-col-size=\"md\"><strong data-start=\"136\" data-end=\"147\">D\u00e9tails<\/strong><\/th>\n<\/tr>\n<\/thead>\n<tbody data-start=\"326\" data-end=\"1213\">\n<tr data-start=\"326\" data-end=\"436\">\n<td style=\"width: 48.633705%;\" data-start=\"326\" data-end=\"357\" data-col-size=\"sm\"><strong data-start=\"328\" data-end=\"345\">Tension d'entr\u00e9e<\/strong><\/td>\n<td style=\"width: 119.499807%;\" data-col-size=\"md\" data-start=\"357\" data-end=\"436\">48 V CC<\/td>\n<\/tr>\n<tr data-start=\"437\" data-end=\"547\">\n<td style=\"width: 48.633705%;\" data-start=\"437\" data-end=\"468\" data-col-size=\"sm\"><strong data-start=\"439\" data-end=\"457\">Tension de sortie<\/strong><\/td>\n<td style=\"width: 119.499807%;\" data-col-size=\"md\" data-start=\"468\" data-end=\"547\">24 V CC<\/td>\n<\/tr>\n<tr data-start=\"548\" data-end=\"658\">\n<td style=\"width: 48.633705%;\" data-start=\"548\" data-end=\"579\" data-col-size=\"sm\"><strong data-start=\"550\" data-end=\"572\">Courant de sortie maximal<\/strong><\/td>\n<td style=\"width: 119.499807%;\" data-col-size=\"md\" data-start=\"579\" data-end=\"658\">15A<\/td>\n<\/tr>\n<tr data-start=\"659\" data-end=\"769\">\n<td style=\"width: 48.633705%;\" data-start=\"659\" data-end=\"690\" data-col-size=\"sm\"><strong data-start=\"661\" data-end=\"677\">Puissance nominale<\/strong><\/td>\n<td style=\"width: 119.499807%;\" data-col-size=\"md\" data-start=\"690\" data-end=\"769\">Jusqu'\u00e0 360 W<\/td>\n<\/tr>\n<tr data-start=\"770\" data-end=\"880\">\n<td style=\"width: 48.633705%;\" data-start=\"770\" data-end=\"801\" data-col-size=\"sm\"><strong data-start=\"772\" data-end=\"795\">Fonctions de protection<\/strong><\/td>\n<td style=\"width: 119.499807%;\" data-col-size=\"md\" data-start=\"801\" data-end=\"880\">Surtension, surintensit\u00e9, court-circuit, surchauffe<\/td>\n<\/tr>\n<tr data-start=\"881\" data-end=\"991\">\n<td style=\"width: 48.633705%;\" data-start=\"881\" data-end=\"912\" data-col-size=\"sm\"><strong data-start=\"883\" data-end=\"896\">Annexe<\/strong><\/td>\n<td style=\"width: 119.499807%;\" data-col-size=\"md\" data-start=\"912\" data-end=\"991\">Dissipateur thermique en aluminium avec bo\u00eetier \u00e9tanche, adapt\u00e9 aux environnements marins<\/td>\n<\/tr>\n<tr data-start=\"992\" data-end=\"1102\">\n<td style=\"width: 48.633705%;\" data-start=\"992\" data-end=\"1023\" data-col-size=\"sm\"><strong data-start=\"994\" data-end=\"1009\">Connexions<\/strong><\/td>\n<td style=\"width: 119.499807%;\" data-col-size=\"md\" data-start=\"1023\" data-end=\"1102\">Bornes \u00e0 vis ou connecteurs rapides<\/td>\n<\/tr>\n<tr data-start=\"1103\" data-end=\"1213\">\n<td style=\"width: 48.633705%;\" data-start=\"1103\" data-end=\"1134\" data-col-size=\"sm\"><strong data-start=\"1105\" data-end=\"1121\">Taille compacte<\/strong><\/td>\n<td style=\"width: 119.499807%;\" data-col-size=\"md\" data-start=\"1134\" data-end=\"1213\">Facile \u00e0 installer dans les espaces restreints<\/td>\n<\/tr>\n<\/tbody>\n<\/table>","protected":false},"featured_media":6177,"template":"","meta":{"_acf_changed":false},"product_brand":[],"product_cat":[35,76],"product_tag":[],"class_list":{"0":"post-4156","1":"product","2":"type-product","3":"status-publish","4":"has-post-thumbnail","6":"product_cat-accessories","7":"product_cat-electrical-accessories","9":"first","10":"instock","11":"shipping-taxable","12":"product-type-simple"},"acf":[],"_links":{"self":[{"href":"https:\/\/mbc-marine.com\/fr\/wp-json\/wp\/v2\/product\/4156","targetHints":{"allow":["GET"]}}],"collection":[{"href":"https:\/\/mbc-marine.com\/fr\/wp-json\/wp\/v2\/product"}],"about":[{"href":"https:\/\/mbc-marine.com\/fr\/wp-json\/wp\/v2\/types\/product"}],"version-history":[{"count":1,"href":"https:\/\/mbc-marine.com\/fr\/wp-json\/wp\/v2\/product\/4156\/revisions"}],"predecessor-version":[{"id":8162,"href":"https:\/\/mbc-marine.com\/fr\/wp-json\/wp\/v2\/product\/4156\/revisions\/8162"}],"wp:featuredmedia":[{"embeddable":true,"href":"https:\/\/mbc-marine.com\/fr\/wp-json\/wp\/v2\/media\/6177"}],"wp:attachment":[{"href":"https:\/\/mbc-marine.com\/fr\/wp-json\/wp\/v2\/media?parent=4156"}],"wp:term":[{"taxonomy":"product_brand","embeddable":true,"href":"https:\/\/mbc-marine.com\/fr\/wp-json\/wp\/v2\/product_brand?post=4156"},{"taxonomy":"product_cat","embeddable":true,"href":"https:\/\/mbc-marine.com\/fr\/wp-json\/wp\/v2\/product_cat?post=4156"},{"taxonomy":"product_tag","embeddable":true,"href":"https:\/\/mbc-marine.com\/fr\/wp-json\/wp\/v2\/product_tag?post=4156"}],"curies":[{"name":"wp","href":"https:\/\/api.w.org\/{rel}","templated":true}]}}