{"id":5006,"date":"2025-07-08T22:14:26","date_gmt":"2025-07-08T20:14:26","guid":{"rendered":"https:\/\/mbc-marine.com\/?post_type=product&#038;p=5006"},"modified":"2026-04-29T17:00:29","modified_gmt":"2026-04-29T15:00:29","slug":"cpm-100-st6","status":"publish","type":"product","link":"https:\/\/mbc-marine.com\/fr\/product\/cpm-100-st6\/","title":{"rendered":"Pompe \u00e0 eau de mer CPM100-ST6"},"content":{"rendered":"<p>La pompe CPm-ST6, fabriqu\u00e9e en acier inoxydable AISI 316L, offre une excellente r\u00e9sistance \u00e0 la corrosion et est id\u00e9ale pour une utilisation en milieu marin avec de l'eau de mer. Sa construction robuste garantit une fiabilit\u00e9 \u00e0 long terme, m\u00eame dans des conditions difficiles. Dans les syst\u00e8mes MBC Marine, elle est particuli\u00e8rement recommand\u00e9e pour la circulation d'eau de mer dans les applications de climatisation.<\/p>","protected":false},"excerpt":{"rendered":"<table class=\"w-fit min-w-(--thread-content-width)\" style=\"width: 98.614206%;\" data-start=\"89\" data-end=\"1708\">\n<thead data-start=\"89\" data-end=\"178\">\n<tr data-start=\"89\" data-end=\"178\">\n<th style=\"width: 49.246231%;\" data-start=\"89\" data-end=\"133\" data-col-size=\"sm\"><strong data-start=\"91\" data-end=\"108\">Sp\u00e9cifications du Cpm 100 ST-6<\/strong><\/th>\n<th style=\"width: 333.919598%;\" data-start=\"133\" data-end=\"178\" data-col-size=\"sm\"><strong data-start=\"135\" data-end=\"144\">Valeur<\/strong><\/th>\n<\/tr>\n<\/thead>\n<tbody data-start=\"268\" data-end=\"1708\">\n<tr data-start=\"268\" data-end=\"357\">\n<td style=\"width: 49.246231%;\" data-start=\"268\" data-end=\"312\" data-col-size=\"sm\">Garantie<\/td>\n<td style=\"width: 333.919598%;\" data-col-size=\"sm\" data-start=\"312\" data-end=\"357\">2 ans<\/td>\n<\/tr>\n<tr data-start=\"358\" data-end=\"447\">\n<td style=\"width: 49.246231%;\" data-start=\"358\" data-end=\"402\" data-col-size=\"sm\">Tension<\/td>\n<td style=\"width: 333.919598%;\" data-col-size=\"sm\" data-start=\"402\" data-end=\"447\">230 volts<\/td>\n<\/tr>\n<tr data-start=\"448\" data-end=\"537\">\n<td style=\"width: 49.246231%;\" data-start=\"448\" data-end=\"492\" data-col-size=\"sm\">Puissance<\/td>\n<td style=\"width: 333.919598%;\" data-col-size=\"sm\" data-start=\"492\" data-end=\"537\">250 watts<\/td>\n<\/tr>\n<tr data-start=\"538\" data-end=\"628\">\n<td style=\"width: 49.246231%;\" data-start=\"538\" data-end=\"582\" data-col-size=\"sm\">T\u00eate (min.-max.)<\/td>\n<td style=\"width: 333.919598%;\" data-col-size=\"sm\" data-start=\"582\" data-end=\"628\">6,5 \u00e0 15,5 m<\/td>\n<\/tr>\n<tr data-start=\"629\" data-end=\"718\">\n<td style=\"width: 49.246231%;\" data-start=\"629\" data-end=\"673\" data-col-size=\"sm\">D\u00e9bit \u00e0 des hauteurs sp\u00e9cifi\u00e9es<\/td>\n<td style=\"width: 333.919598%;\" data-col-size=\"sm\" data-start=\"673\" data-end=\"718\">10 \u00e0 90 litres\/min<\/td>\n<\/tr>\n<tr data-start=\"719\" data-end=\"808\">\n<td style=\"width: 49.246231%;\" data-start=\"719\" data-end=\"763\" data-col-size=\"sm\">Raccord d'aspiration<\/td>\n<td style=\"width: 333.919598%;\" data-col-size=\"sm\" data-start=\"763\" data-end=\"808\">Filetage interne de 1 1\/4 pouce<\/td>\n<\/tr>\n<tr data-start=\"809\" data-end=\"898\">\n<td style=\"width: 49.246231%;\" data-start=\"809\" data-end=\"853\" data-col-size=\"sm\">Raccord de d\u00e9charge<\/td>\n<td style=\"width: 333.919598%;\" data-col-size=\"sm\" data-start=\"853\" data-end=\"898\">Filetage interne de 1 pouce<\/td>\n<\/tr>\n<tr data-start=\"899\" data-end=\"988\">\n<td style=\"width: 49.246231%;\" data-start=\"899\" data-end=\"943\" data-col-size=\"sm\">Profondeur maximale d'aspiration<\/td>\n<td style=\"width: 333.919598%;\" data-col-size=\"sm\" data-start=\"943\" data-end=\"988\">7 m\u00e8tres<\/td>\n<\/tr>\n<tr data-start=\"989\" data-end=\"1078\">\n<td style=\"width: 49.246231%;\" data-start=\"989\" data-end=\"1033\" data-col-size=\"sm\">Temp\u00e9rature maximale du liquide<\/td>\n<td style=\"width: 333.919598%;\" data-col-size=\"sm\" data-start=\"1033\" data-end=\"1078\">90 \u00b0C<\/td>\n<\/tr>\n<tr data-start=\"1079\" data-end=\"1168\">\n<td style=\"width: 49.246231%;\" data-start=\"1079\" data-end=\"1123\" data-col-size=\"sm\">Corps de pompe<\/td>\n<td style=\"width: 333.919598%;\" data-col-size=\"sm\" data-start=\"1123\" data-end=\"1168\">Acier inoxydable AISI 316L<\/td>\n<\/tr>\n<tr data-start=\"1169\" data-end=\"1258\">\n<td style=\"width: 49.246231%;\" data-start=\"1169\" data-end=\"1213\" data-col-size=\"sm\">Arbre<\/td>\n<td style=\"width: 333.919598%;\" data-col-size=\"sm\" data-start=\"1213\" data-end=\"1258\">Acier inoxydable AISI 316L<\/td>\n<\/tr>\n<tr data-start=\"1259\" data-end=\"1348\">\n<td style=\"width: 49.246231%;\" data-start=\"1259\" data-end=\"1303\" data-col-size=\"sm\">Joint m\u00e9canique<\/td>\n<td style=\"width: 333.919598%;\" data-col-size=\"sm\" data-start=\"1303\" data-end=\"1348\">AR-12ST6 Carbone-c\u00e9ramique<\/td>\n<\/tr>\n<tr data-start=\"1349\" data-end=\"1438\">\n<td style=\"width: 49.246231%;\" data-start=\"1349\" data-end=\"1393\" data-col-size=\"sm\">Roue \u00e0 aubes<\/td>\n<td style=\"width: 333.919598%;\" data-col-size=\"sm\" data-start=\"1393\" data-end=\"1438\">Acier inoxydable AISI 316L<\/td>\n<\/tr>\n<tr data-start=\"1439\" data-end=\"1528\">\n<td style=\"width: 49.246231%;\" data-start=\"1439\" data-end=\"1483\" data-col-size=\"sm\">Longueur du c\u00e2ble<\/td>\n<td style=\"width: 333.919598%;\" data-col-size=\"sm\" data-start=\"1483\" data-end=\"1528\">0 m\u00e8tre<\/td>\n<\/tr>\n<tr data-start=\"1529\" data-end=\"1618\">\n<td style=\"width: 49.246231%;\" data-start=\"1529\" data-end=\"1573\" data-col-size=\"sm\">Classe de protection<\/td>\n<td style=\"width: 333.919598%;\" data-col-size=\"sm\" data-start=\"1573\" data-end=\"1618\">IP X4<\/td>\n<\/tr>\n<tr data-start=\"1619\" data-end=\"1708\">\n<td style=\"width: 49.246231%;\" data-start=\"1619\" data-end=\"1663\" data-col-size=\"sm\">Poids<\/td>\n<td style=\"width: 333.919598%;\" data-col-size=\"sm\" data-start=\"1663\" data-end=\"1708\">5,6 kg<\/td>\n<\/tr>\n<\/tbody>\n<\/table>","protected":false},"featured_media":4932,"template":"","meta":{"_acf_changed":false},"product_brand":[],"product_cat":[75],"product_tag":[],"class_list":{"0":"post-5006","1":"product","2":"type-product","3":"status-publish","4":"has-post-thumbnail","6":"product_cat-sea-water-pump","8":"first","9":"instock","10":"shipping-taxable","11":"product-type-simple"},"acf":[],"_links":{"self":[{"href":"https:\/\/mbc-marine.com\/fr\/wp-json\/wp\/v2\/product\/5006","targetHints":{"allow":["GET"]}}],"collection":[{"href":"https:\/\/mbc-marine.com\/fr\/wp-json\/wp\/v2\/product"}],"about":[{"href":"https:\/\/mbc-marine.com\/fr\/wp-json\/wp\/v2\/types\/product"}],"version-history":[{"count":1,"href":"https:\/\/mbc-marine.com\/fr\/wp-json\/wp\/v2\/product\/5006\/revisions"}],"predecessor-version":[{"id":8147,"href":"https:\/\/mbc-marine.com\/fr\/wp-json\/wp\/v2\/product\/5006\/revisions\/8147"}],"wp:featuredmedia":[{"embeddable":true,"href":"https:\/\/mbc-marine.com\/fr\/wp-json\/wp\/v2\/media\/4932"}],"wp:attachment":[{"href":"https:\/\/mbc-marine.com\/fr\/wp-json\/wp\/v2\/media?parent=5006"}],"wp:term":[{"taxonomy":"product_brand","embeddable":true,"href":"https:\/\/mbc-marine.com\/fr\/wp-json\/wp\/v2\/product_brand?post=5006"},{"taxonomy":"product_cat","embeddable":true,"href":"https:\/\/mbc-marine.com\/fr\/wp-json\/wp\/v2\/product_cat?post=5006"},{"taxonomy":"product_tag","embeddable":true,"href":"https:\/\/mbc-marine.com\/fr\/wp-json\/wp\/v2\/product_tag?post=5006"}],"curies":[{"name":"wp","href":"https:\/\/api.w.org\/{rel}","templated":true}]}}