{"id":5010,"date":"2025-07-08T22:16:46","date_gmt":"2025-07-08T20:16:46","guid":{"rendered":"https:\/\/mbc-marine.com\/?post_type=product&#038;p=5010"},"modified":"2026-04-29T16:58:41","modified_gmt":"2026-04-29T14:58:41","slug":"cpm-132-st6","status":"publish","type":"product","link":"https:\/\/mbc-marine.com\/fr\/product\/cpm-132-st6\/","title":{"rendered":"Pompe \u00e0 eau de mer CPM132-ST6"},"content":{"rendered":"<p><strong data-start=\"87\" data-end=\"130\">Pompe centrifuge Pedrollo CPm 132 ST6 \u2013 1 phase<\/strong><br data-start=\"130\" data-end=\"133\" \/>Cette pompe est adapt\u00e9e \u00e0 la circulation d'eau douce dans les syst\u00e8mes de refroidissement MBC Marine. Elle est con\u00e7ue pour les liquides propres qui n'agressent pas les mat\u00e9riaux de la pompe. Fiable et facile \u00e0 utiliser, elle doit \u00eatre install\u00e9e dans un endroit sec et prot\u00e9g\u00e9.<\/p>","protected":false},"excerpt":{"rendered":"<div class=\"_tableContainer_80l1q_1\">\n<div class=\"_tableWrapper_80l1q_14 group flex w-fit flex-col-reverse\" tabindex=\"-1\">\n<table class=\"w-fit min-w-(--thread-content-width)\" style=\"width: 97.847422%;\" data-start=\"83\" data-end=\"2152\">\n<thead data-start=\"83\" data-end=\"172\">\n<tr data-start=\"83\" data-end=\"172\">\n<th style=\"width: 43.79085%;\" data-start=\"83\" data-end=\"127\" data-col-size=\"sm\"><strong data-start=\"85\" data-end=\"102\">CPM-132 ST6 \u2013 Sp\u00e9cifications<\/strong><\/th>\n<th style=\"width: 277.559913%;\" data-start=\"127\" data-end=\"172\" data-col-size=\"sm\"><strong data-start=\"129\" data-end=\"138\">Valeur<\/strong><\/th>\n<\/tr>\n<\/thead>\n<tbody data-start=\"262\" data-end=\"2152\">\n<tr data-start=\"262\" data-end=\"351\">\n<td style=\"width: 43.79085%;\" data-start=\"262\" data-end=\"306\" data-col-size=\"sm\">Garantie<\/td>\n<td style=\"width: 277.559913%;\" data-col-size=\"sm\" data-start=\"306\" data-end=\"351\">2 ans<\/td>\n<\/tr>\n<tr data-start=\"352\" data-end=\"441\">\n<td style=\"width: 43.79085%;\" data-start=\"352\" data-end=\"396\" data-col-size=\"sm\">Tension<\/td>\n<td style=\"width: 277.559913%;\" data-col-size=\"sm\" data-start=\"396\" data-end=\"441\">230 volts<\/td>\n<\/tr>\n<tr data-start=\"442\" data-end=\"531\">\n<td style=\"width: 43.79085%;\" data-start=\"442\" data-end=\"486\" data-col-size=\"sm\">Vitesse<\/td>\n<td style=\"width: 277.559913%;\" data-col-size=\"sm\" data-start=\"486\" data-end=\"531\">2900 tours par minute<\/td>\n<\/tr>\n<tr data-start=\"532\" data-end=\"621\">\n<td style=\"width: 43.79085%;\" data-start=\"532\" data-end=\"576\" data-col-size=\"sm\">Puissance<\/td>\n<td style=\"width: 277.559913%;\" data-col-size=\"sm\" data-start=\"576\" data-end=\"621\">550 watts<\/td>\n<\/tr>\n<tr data-start=\"622\" data-end=\"712\">\n<td style=\"width: 43.79085%;\" data-start=\"622\" data-end=\"666\" data-col-size=\"sm\">T\u00eate (min.-max.)<\/td>\n<td style=\"width: 277.559913%;\" data-col-size=\"sm\" data-start=\"666\" data-end=\"712\">12 \u00e0 22,5 m<\/td>\n<\/tr>\n<tr data-start=\"713\" data-end=\"802\">\n<td style=\"width: 43.79085%;\" data-start=\"713\" data-end=\"757\" data-col-size=\"sm\">D\u00e9bit \u00e0 des hauteurs sp\u00e9cifi\u00e9es<\/td>\n<td style=\"width: 277.559913%;\" data-col-size=\"sm\" data-start=\"757\" data-end=\"802\">20 \u00e0 120 litres\/min<\/td>\n<\/tr>\n<tr data-start=\"803\" data-end=\"892\">\n<td style=\"width: 43.79085%;\" data-start=\"803\" data-end=\"847\" data-col-size=\"sm\">Raccord d'aspiration<\/td>\n<td style=\"width: 277.559913%;\" data-col-size=\"sm\" data-start=\"847\" data-end=\"892\">1 pouce<\/td>\n<\/tr>\n<tr data-start=\"893\" data-end=\"982\">\n<td style=\"width: 43.79085%;\" data-start=\"893\" data-end=\"937\" data-col-size=\"sm\">Raccord de d\u00e9charge<\/td>\n<td style=\"width: 277.559913%;\" data-col-size=\"sm\" data-start=\"937\" data-end=\"982\">1 pouce<\/td>\n<\/tr>\n<tr data-start=\"983\" data-end=\"1072\">\n<td style=\"width: 43.79085%;\" data-start=\"983\" data-end=\"1027\" data-col-size=\"sm\">Profondeur maximale d'aspiration<\/td>\n<td style=\"width: 277.559913%;\" data-col-size=\"sm\" data-start=\"1027\" data-end=\"1072\">7 m\u00e8tres<\/td>\n<\/tr>\n<tr data-start=\"1073\" data-end=\"1162\">\n<td style=\"width: 43.79085%;\" data-start=\"1073\" data-end=\"1117\" data-col-size=\"sm\">Temp\u00e9rature maximale du liquide<\/td>\n<td style=\"width: 277.559913%;\" data-col-size=\"sm\" data-start=\"1117\" data-end=\"1162\">90 \u00b0C<\/td>\n<\/tr>\n<tr data-start=\"1163\" data-end=\"1252\">\n<td style=\"width: 43.79085%;\" data-start=\"1163\" data-end=\"1207\" data-col-size=\"sm\">Temp\u00e9rature ambiante maximale<\/td>\n<td style=\"width: 277.559913%;\" data-col-size=\"sm\" data-start=\"1207\" data-end=\"1252\">40 \u00b0C<\/td>\n<\/tr>\n<tr data-start=\"1253\" data-end=\"1342\">\n<td style=\"width: 43.79085%;\" data-start=\"1253\" data-end=\"1297\" data-col-size=\"sm\">Longueur d'installation<\/td>\n<td style=\"width: 277.559913%;\" data-col-size=\"sm\" data-start=\"1297\" data-end=\"1342\">257 mm<\/td>\n<\/tr>\n<tr data-start=\"1343\" data-end=\"1432\">\n<td style=\"width: 43.79085%;\" data-start=\"1343\" data-end=\"1387\" data-col-size=\"sm\">Corps de pompe<\/td>\n<td style=\"width: 277.559913%;\" data-col-size=\"sm\" data-start=\"1387\" data-end=\"1432\">Fonte avec filetage ISO 228\/1<\/td>\n<\/tr>\n<tr data-start=\"1433\" data-end=\"1522\">\n<td style=\"width: 43.79085%;\" data-start=\"1433\" data-end=\"1477\" data-col-size=\"sm\">Arbre<\/td>\n<td style=\"width: 277.559913%;\" data-col-size=\"sm\" data-start=\"1477\" data-end=\"1522\">Acier inoxydable EN 10088-3-1.4104<\/td>\n<\/tr>\n<tr data-start=\"1523\" data-end=\"1612\">\n<td style=\"width: 43.79085%;\" data-start=\"1523\" data-end=\"1567\" data-col-size=\"sm\">Joint m\u00e9canique<\/td>\n<td style=\"width: 277.559913%;\" data-col-size=\"sm\" data-start=\"1567\" data-end=\"1612\">AR-12 C\u00e9ramique-Graphite-NBR<\/td>\n<\/tr>\n<tr data-start=\"1613\" data-end=\"1702\">\n<td style=\"width: 43.79085%;\" data-start=\"1613\" data-end=\"1657\" data-col-size=\"sm\">Roue \u00e0 aubes<\/td>\n<td style=\"width: 277.559913%;\" data-col-size=\"sm\" data-start=\"1657\" data-end=\"1702\">Acier inoxydable AISI 304<\/td>\n<\/tr>\n<tr data-start=\"1703\" data-end=\"1792\">\n<td style=\"width: 43.79085%;\" data-start=\"1703\" data-end=\"1747\" data-col-size=\"sm\">Longueur du c\u00e2ble<\/td>\n<td style=\"width: 277.559913%;\" data-col-size=\"sm\" data-start=\"1747\" data-end=\"1792\">0 m\u00e8tre<\/td>\n<\/tr>\n<tr data-start=\"1793\" data-end=\"1882\">\n<td style=\"width: 43.79085%;\" data-start=\"1793\" data-end=\"1837\" data-col-size=\"sm\">Classe de protection<\/td>\n<td style=\"width: 277.559913%;\" data-col-size=\"sm\" data-start=\"1837\" data-end=\"1882\">IP X4<\/td>\n<\/tr>\n<tr data-start=\"1883\" data-end=\"1972\">\n<td style=\"width: 43.79085%;\" data-start=\"1883\" data-end=\"1927\" data-col-size=\"sm\">Classe d'isolation<\/td>\n<td style=\"width: 277.559913%;\" data-col-size=\"sm\" data-start=\"1927\" data-end=\"1972\">F<\/td>\n<\/tr>\n<tr data-start=\"1973\" data-end=\"2062\">\n<td style=\"width: 43.79085%;\" data-start=\"1973\" data-end=\"2017\" data-col-size=\"sm\">D\u00e9bit optimal<\/td>\n<td style=\"width: 277.559913%;\" data-col-size=\"sm\" data-start=\"2017\" data-end=\"2062\">90 litres\/min \u00e0 17,5 m\u00e8tres<\/td>\n<\/tr>\n<tr data-start=\"2063\" data-end=\"2152\">\n<td style=\"width: 43.79085%;\" data-start=\"2063\" data-end=\"2107\" data-col-size=\"sm\">Poids<\/td>\n<td style=\"width: 277.559913%;\" data-col-size=\"sm\" data-start=\"2107\" data-end=\"2152\">8,4 kg<\/td>\n<\/tr>\n<\/tbody>\n<\/table>\n<div class=\"sticky end-(--thread-content-margin) h-0 self-end select-none\">\n<div class=\"absolute end-0 flex items-end\"><\/div>\n<\/div>\n<\/div>\n<\/div>","protected":false},"featured_media":4932,"template":"","meta":{"_acf_changed":false},"product_brand":[],"product_cat":[75],"product_tag":[],"class_list":{"0":"post-5010","1":"product","2":"type-product","3":"status-publish","4":"has-post-thumbnail","6":"product_cat-sea-water-pump","8":"first","9":"instock","10":"shipping-taxable","11":"product-type-simple"},"acf":[],"_links":{"self":[{"href":"https:\/\/mbc-marine.com\/fr\/wp-json\/wp\/v2\/product\/5010","targetHints":{"allow":["GET"]}}],"collection":[{"href":"https:\/\/mbc-marine.com\/fr\/wp-json\/wp\/v2\/product"}],"about":[{"href":"https:\/\/mbc-marine.com\/fr\/wp-json\/wp\/v2\/types\/product"}],"version-history":[{"count":2,"href":"https:\/\/mbc-marine.com\/fr\/wp-json\/wp\/v2\/product\/5010\/revisions"}],"predecessor-version":[{"id":8145,"href":"https:\/\/mbc-marine.com\/fr\/wp-json\/wp\/v2\/product\/5010\/revisions\/8145"}],"wp:featuredmedia":[{"embeddable":true,"href":"https:\/\/mbc-marine.com\/fr\/wp-json\/wp\/v2\/media\/4932"}],"wp:attachment":[{"href":"https:\/\/mbc-marine.com\/fr\/wp-json\/wp\/v2\/media?parent=5010"}],"wp:term":[{"taxonomy":"product_brand","embeddable":true,"href":"https:\/\/mbc-marine.com\/fr\/wp-json\/wp\/v2\/product_brand?post=5010"},{"taxonomy":"product_cat","embeddable":true,"href":"https:\/\/mbc-marine.com\/fr\/wp-json\/wp\/v2\/product_cat?post=5010"},{"taxonomy":"product_tag","embeddable":true,"href":"https:\/\/mbc-marine.com\/fr\/wp-json\/wp\/v2\/product_tag?post=5010"}],"curies":[{"name":"wp","href":"https:\/\/api.w.org\/{rel}","templated":true}]}}