{"id":5063,"date":"2025-07-22T11:33:49","date_gmt":"2025-07-22T09:33:49","guid":{"rendered":"https:\/\/mbc-marine.com\/?post_type=product&#038;p=5063"},"modified":"2026-04-29T16:55:55","modified_gmt":"2026-04-29T14:55:55","slug":"cpm130","status":"publish","type":"product","link":"https:\/\/mbc-marine.com\/fr\/product\/cpm130\/","title":{"rendered":"CPM130 \u2013 Pompe \u00e0 eau douce"},"content":{"rendered":"<p>La pompe CPM 130 est adapt\u00e9e \u00e0 la circulation d'eau douce dans les syst\u00e8mes de refroidissement MBC Marine. Elle est con\u00e7ue pour les liquides propres qui n'agressent pas les mat\u00e9riaux de la pompe. Fiable et facile \u00e0 utiliser, elle doit \u00eatre install\u00e9e dans un endroit sec et prot\u00e9g\u00e9.<\/p>","protected":false},"excerpt":{"rendered":"<p>&nbsp;<\/p>\n<table style=\"width: 101.144142%;\">\n<thead>\n<tr>\n<th style=\"width: 43.79085%;\"><strong>Sp\u00e9cifications CPM130<\/strong><\/th>\n<th style=\"width: 288.453159%;\"><strong>Valeur<\/strong><\/th>\n<\/tr>\n<\/thead>\n<tbody>\n<tr>\n<td style=\"width: 43.79085%;\">Garantie<\/td>\n<td style=\"width: 288.453159%;\">2 ans<\/td>\n<\/tr>\n<tr>\n<td style=\"width: 43.79085%;\">Tension<\/td>\n<td style=\"width: 288.453159%;\">230 volts<\/td>\n<\/tr>\n<tr>\n<td style=\"width: 43.79085%;\">Vitesse<\/td>\n<td style=\"width: 288.453159%;\">2900 tours par minute<\/td>\n<\/tr>\n<tr>\n<td style=\"width: 43.79085%;\">Puissance<\/td>\n<td style=\"width: 288.453159%;\">370 watts<\/td>\n<\/tr>\n<tr>\n<td style=\"width: 43.79085%;\">T\u00eate (min.-max.)<\/td>\n<td style=\"width: 288.453159%;\">14 \u00e0 22 m<\/td>\n<\/tr>\n<tr>\n<td style=\"width: 43.79085%;\">D\u00e9bit \u00e0 des hauteurs sp\u00e9cifi\u00e9es<\/td>\n<td style=\"width: 288.453159%;\">10 \u00e0 80 litres\/min<\/td>\n<\/tr>\n<tr>\n<td style=\"width: 43.79085%;\">Raccord d'aspiration<\/td>\n<td style=\"width: 288.453159%;\">1 pouce<\/td>\n<\/tr>\n<tr>\n<td style=\"width: 43.79085%;\">Raccord de d\u00e9charge<\/td>\n<td style=\"width: 288.453159%;\">1 pouce<\/td>\n<\/tr>\n<tr>\n<td style=\"width: 43.79085%;\">Profondeur maximale d'aspiration<\/td>\n<td style=\"width: 288.453159%;\">7 m\u00e8tres<\/td>\n<\/tr>\n<tr>\n<td style=\"width: 43.79085%;\">Temp\u00e9rature maximale du liquide<\/td>\n<td style=\"width: 288.453159%;\">90 \u00b0C<\/td>\n<\/tr>\n<tr>\n<td style=\"width: 43.79085%;\">Temp\u00e9rature ambiante maximale<\/td>\n<td style=\"width: 288.453159%;\">40 \u00b0C<\/td>\n<\/tr>\n<tr>\n<td style=\"width: 43.79085%;\">Longueur d'installation<\/td>\n<td style=\"width: 288.453159%;\">257 mm<\/td>\n<\/tr>\n<tr>\n<td style=\"width: 43.79085%;\">Corps de pompe<\/td>\n<td style=\"width: 288.453159%;\">Fonte avec filetage ISO 228\/1<\/td>\n<\/tr>\n<tr>\n<td style=\"width: 43.79085%;\">Arbre<\/td>\n<td style=\"width: 288.453159%;\">Acier inoxydable AISI 431<\/td>\n<\/tr>\n<tr>\n<td style=\"width: 43.79085%;\">Joint m\u00e9canique<\/td>\n<td style=\"width: 288.453159%;\">AR-12 C\u00e9ramique-Graphite-NBR<\/td>\n<\/tr>\n<tr>\n<td style=\"width: 43.79085%;\">Roue \u00e0 aubes<\/td>\n<td style=\"width: 288.453159%;\">Acier inoxydable AISI 304<\/td>\n<\/tr>\n<tr>\n<td style=\"width: 43.79085%;\">Longueur du c\u00e2ble<\/td>\n<td style=\"width: 288.453159%;\">0 m\u00e8tre<\/td>\n<\/tr>\n<tr>\n<td style=\"width: 43.79085%;\">Classe de protection<\/td>\n<td style=\"width: 288.453159%;\">IP X4<\/td>\n<\/tr>\n<tr>\n<td style=\"width: 43.79085%;\">Classe d'isolation<\/td>\n<td style=\"width: 288.453159%;\">F<\/td>\n<\/tr>\n<tr>\n<td style=\"width: 43.79085%;\">D\u00e9bit optimal<\/td>\n<td style=\"width: 288.453159%;\">61 litres\/min \u00e0 16 m\u00e8tres<\/td>\n<\/tr>\n<tr>\n<td style=\"width: 43.79085%;\">Poids<\/td>\n<td style=\"width: 288.453159%;\">7,7 kg<\/td>\n<\/tr>\n<\/tbody>\n<\/table>","protected":false},"featured_media":5057,"template":"","meta":{"_acf_changed":false},"product_brand":[],"product_cat":[86],"product_tag":[],"class_list":{"0":"post-5063","1":"product","2":"type-product","3":"status-publish","4":"has-post-thumbnail","6":"product_cat-fresh-water-pumps","8":"first","9":"instock","10":"shipping-taxable","11":"product-type-simple"},"acf":[],"_links":{"self":[{"href":"https:\/\/mbc-marine.com\/fr\/wp-json\/wp\/v2\/product\/5063","targetHints":{"allow":["GET"]}}],"collection":[{"href":"https:\/\/mbc-marine.com\/fr\/wp-json\/wp\/v2\/product"}],"about":[{"href":"https:\/\/mbc-marine.com\/fr\/wp-json\/wp\/v2\/types\/product"}],"version-history":[{"count":1,"href":"https:\/\/mbc-marine.com\/fr\/wp-json\/wp\/v2\/product\/5063\/revisions"}],"predecessor-version":[{"id":8141,"href":"https:\/\/mbc-marine.com\/fr\/wp-json\/wp\/v2\/product\/5063\/revisions\/8141"}],"wp:featuredmedia":[{"embeddable":true,"href":"https:\/\/mbc-marine.com\/fr\/wp-json\/wp\/v2\/media\/5057"}],"wp:attachment":[{"href":"https:\/\/mbc-marine.com\/fr\/wp-json\/wp\/v2\/media?parent=5063"}],"wp:term":[{"taxonomy":"product_brand","embeddable":true,"href":"https:\/\/mbc-marine.com\/fr\/wp-json\/wp\/v2\/product_brand?post=5063"},{"taxonomy":"product_cat","embeddable":true,"href":"https:\/\/mbc-marine.com\/fr\/wp-json\/wp\/v2\/product_cat?post=5063"},{"taxonomy":"product_tag","embeddable":true,"href":"https:\/\/mbc-marine.com\/fr\/wp-json\/wp\/v2\/product_tag?post=5063"}],"curies":[{"name":"wp","href":"https:\/\/api.w.org\/{rel}","templated":true}]}}