{"id":5299,"date":"2025-07-23T21:02:48","date_gmt":"2025-07-23T19:02:48","guid":{"rendered":"https:\/\/mbc-marine.com\/?post_type=product&#038;p=5299"},"modified":"2025-09-09T13:55:12","modified_gmt":"2025-09-09T11:55:12","slug":"filtre-a-eau-de-mer","status":"publish","type":"product","link":"https:\/\/mbc-marine.com\/fr\/product\/sea-water-filter\/","title":{"rendered":"FILTRE \u00c0 EAU DE MER AMP-S-03"},"content":{"rendered":"<h3 data-start=\"62\" data-end=\"111\">Filtre \u00e0 eau AMP-S-03 \u2013 \u00be po et 1 po<\/h3>\n<p data-start=\"113\" data-end=\"249\">Filtres \u00e0 eau de mer compacts et performants \u2013 id\u00e9aux pour les syst\u00e8mes de climatisation marins, les g\u00e9n\u00e9rateurs et autres applications embarqu\u00e9es.<\/p>\n<p data-start=\"251\" data-end=\"642\">Les filtres de la s\u00e9rie AMP-S-03 sont dot\u00e9s d'un corps en bronze marin nickel\u00e9 et d'un couvercle transparent en polycarbonate r\u00e9sistant aux chocs, ce qui permet une inspection visuelle rapide du filtre sans d\u00e9monter le syst\u00e8me. \u00c0 l'int\u00e9rieur, un panier en acier inoxydable AISI 316L assure une durabilit\u00e9 et une r\u00e9sistance \u00e0 la corrosion exceptionnelles, tandis que le joint en n\u00e9opr\u00e8ne garantit une \u00e9tanch\u00e9it\u00e9 parfaite.<\/p>","protected":false},"excerpt":{"rendered":"<h3 data-start=\"123\" data-end=\"193\">Sp\u00e9cifications techniques \u2013 Filtre \u00e0 eau AMP-S-03 (\u00be\u2033 et 1\u2033)<\/h3>\n<div class=\"_tableContainer_80l1q_1\">\n<div class=\"_tableWrapper_80l1q_14 group flex w-fit flex-col-reverse\" tabindex=\"-1\">\n<table class=\"w-fit min-w-(--thread-content-width)\" style=\"width: 100.898145%;\" data-start=\"195\" data-end=\"1663\">\n<thead data-start=\"195\" data-end=\"289\">\n<tr data-start=\"195\" data-end=\"289\">\n<th style=\"width: 40.254822%;\" data-start=\"195\" data-end=\"222\" data-col-size=\"sm\">Sp\u00e9cification<\/th>\n<th style=\"width: 31.598282%;\" data-start=\"222\" data-end=\"255\" data-col-size=\"md\">Taille \u00be\u2033<\/th>\n<th style=\"width: 60.912729%;\" data-start=\"255\" data-end=\"289\" data-col-size=\"md\">Taille 1 pouce<\/th>\n<\/tr>\n<\/thead>\n<tbody data-start=\"385\" data-end=\"1663\">\n<tr data-start=\"385\" data-end=\"479\">\n<td style=\"width: 40.254822%;\" data-start=\"385\" data-end=\"412\" data-col-size=\"sm\"><strong data-start=\"387\" data-end=\"403\">Code produit<\/strong><\/td>\n<td style=\"width: 31.598282%;\" data-col-size=\"md\" data-start=\"412\" data-end=\"445\">1164,75<\/td>\n<td style=\"width: 60.912729%;\" data-col-size=\"md\" data-start=\"445\" data-end=\"479\">1164.1<\/td>\n<\/tr>\n<tr data-start=\"480\" data-end=\"574\">\n<td style=\"width: 40.254822%;\" data-start=\"480\" data-end=\"507\" data-col-size=\"sm\"><strong data-start=\"482\" data-end=\"501\">Type de connexion<\/strong><\/td>\n<td style=\"width: 31.598282%;\" data-col-size=\"md\" data-start=\"507\" data-end=\"540\">Filetage femelle BSP (ISO 228\/1)<\/td>\n<td style=\"width: 60.912729%;\" data-col-size=\"md\" data-start=\"540\" data-end=\"574\">Filetage femelle BSP (ISO 228\/1)<\/td>\n<\/tr>\n<tr data-start=\"575\" data-end=\"669\">\n<td style=\"width: 40.254822%;\" data-start=\"575\" data-end=\"602\" data-col-size=\"sm\"><strong data-start=\"577\" data-end=\"594\">Mat\u00e9riau du corps<\/strong><\/td>\n<td style=\"width: 31.598282%;\" data-col-size=\"md\" data-start=\"602\" data-end=\"635\">Bronze marin nickel\u00e9<\/td>\n<td style=\"width: 60.912729%;\" data-col-size=\"md\" data-start=\"635\" data-end=\"669\">Bronze marin nickel\u00e9<\/td>\n<\/tr>\n<tr data-start=\"670\" data-end=\"764\">\n<td style=\"width: 40.254822%;\" data-start=\"670\" data-end=\"697\" data-col-size=\"sm\"><strong data-start=\"672\" data-end=\"690\">Mat\u00e9riau de couverture<\/strong><\/td>\n<td style=\"width: 31.598282%;\" data-col-size=\"md\" data-start=\"697\" data-end=\"730\">Polycarbonate transparent<\/td>\n<td style=\"width: 60.912729%;\" data-col-size=\"md\" data-start=\"730\" data-end=\"764\">Polycarbonate transparent<\/td>\n<\/tr>\n<tr data-start=\"765\" data-end=\"861\">\n<td style=\"width: 40.254822%;\" data-start=\"765\" data-end=\"792\" data-col-size=\"sm\"><strong data-start=\"767\" data-end=\"784\">Panier filtrant<\/strong><\/td>\n<td style=\"width: 31.598282%;\" data-col-size=\"md\" data-start=\"792\" data-end=\"826\">Acier inoxydable AISI 316L<\/td>\n<td style=\"width: 60.912729%;\" data-col-size=\"md\" data-start=\"826\" data-end=\"861\">Acier inoxydable AISI 316L<\/td>\n<\/tr>\n<tr data-start=\"862\" data-end=\"956\">\n<td style=\"width: 40.254822%;\" data-start=\"862\" data-end=\"889\" data-col-size=\"sm\"><strong data-start=\"864\" data-end=\"874\">Joint<\/strong><\/td>\n<td style=\"width: 31.598282%;\" data-col-size=\"md\" data-start=\"889\" data-end=\"922\">N\u00e9opr\u00e8ne<\/td>\n<td style=\"width: 60.912729%;\" data-col-size=\"md\" data-start=\"922\" data-end=\"956\">N\u00e9opr\u00e8ne<\/td>\n<\/tr>\n<tr data-start=\"957\" data-end=\"1051\">\n<td style=\"width: 40.254822%;\" data-start=\"957\" data-end=\"984\" data-col-size=\"sm\"><strong data-start=\"959\" data-end=\"976\">D\u00e9bit maximal<\/strong><\/td>\n<td style=\"width: 31.598282%;\" data-col-size=\"md\" data-start=\"984\" data-end=\"1017\">14 900 l\/h<\/td>\n<td style=\"width: 60.912729%;\" data-col-size=\"md\" data-start=\"1017\" data-end=\"1051\">25 500 l\/h<\/td>\n<\/tr>\n<tr data-start=\"1052\" data-end=\"1146\">\n<td style=\"width: 40.254822%;\" data-start=\"1052\" data-end=\"1079\" data-col-size=\"sm\"><strong data-start=\"1054\" data-end=\"1064\">Poids<\/strong><\/td>\n<td style=\"width: 31.598282%;\" data-col-size=\"md\" data-start=\"1079\" data-end=\"1112\">environ 2 700 \u00e0 2 800 g<\/td>\n<td style=\"width: 60.912729%;\" data-col-size=\"md\" data-start=\"1112\" data-end=\"1146\">environ 2 800 g<\/td>\n<\/tr>\n<tr data-start=\"1147\" data-end=\"1241\">\n<td style=\"width: 40.254822%;\" data-start=\"1147\" data-end=\"1174\" data-col-size=\"sm\"><strong data-start=\"1149\" data-end=\"1169\">Hauteur totale (H)<\/strong><\/td>\n<td style=\"width: 31.598282%;\" data-col-size=\"md\" data-start=\"1174\" data-end=\"1207\">145 mm<\/td>\n<td style=\"width: 60.912729%;\" data-col-size=\"md\" data-start=\"1207\" data-end=\"1241\">145 mm<\/td>\n<\/tr>\n<tr data-start=\"1242\" data-end=\"1336\">\n<td style=\"width: 40.254822%;\" data-start=\"1242\" data-end=\"1269\" data-col-size=\"sm\"><strong data-start=\"1244\" data-end=\"1266\">Diam\u00e8tre du couvercle (A)<\/strong><\/td>\n<td style=\"width: 31.598282%;\" data-col-size=\"md\" data-start=\"1269\" data-end=\"1302\">30 mm<\/td>\n<td style=\"width: 60.912729%;\" data-col-size=\"md\" data-start=\"1302\" data-end=\"1336\">30 mm<\/td>\n<\/tr>\n<tr data-start=\"1337\" data-end=\"1431\">\n<td style=\"width: 40.254822%;\" data-start=\"1337\" data-end=\"1364\" data-col-size=\"sm\"><strong data-start=\"1339\" data-end=\"1360\">Hauteur du panier (L)<\/strong><\/td>\n<td style=\"width: 31.598282%;\" data-col-size=\"md\" data-start=\"1364\" data-end=\"1397\">151 mm<\/td>\n<td style=\"width: 60.912729%;\" data-col-size=\"md\" data-start=\"1397\" data-end=\"1431\">151 mm<\/td>\n<\/tr>\n<tr data-start=\"1432\" data-end=\"1526\">\n<td style=\"width: 40.254822%;\" data-start=\"1432\" data-end=\"1459\" data-col-size=\"sm\"><strong data-start=\"1434\" data-end=\"1451\">Certification<\/strong><\/td>\n<td style=\"width: 31.598282%;\" data-col-size=\"md\" data-start=\"1459\" data-end=\"1492\">RINA DIP<\/td>\n<td style=\"width: 60.912729%;\" data-col-size=\"md\" data-start=\"1492\" data-end=\"1526\">RINA DIP<\/td>\n<\/tr>\n<tr data-start=\"1527\" data-end=\"1663\">\n<td style=\"width: 40.254822%;\" data-start=\"1527\" data-end=\"1554\" data-col-size=\"sm\"><strong data-start=\"1529\" data-end=\"1548\">Utilisation recommand\u00e9e<\/strong><\/td>\n<td style=\"width: 31.598282%;\" data-col-size=\"md\" data-start=\"1554\" data-end=\"1608\">Filtration de l'eau de mer (par exemple, syst\u00e8mes de refroidissement)<\/td>\n<td style=\"width: 60.912729%;\" data-col-size=\"md\" data-start=\"1608\" data-end=\"1663\">Filtration de l'eau de mer (par exemple, syst\u00e8mes de refroidissement)<\/td>\n<\/tr>\n<\/tbody>\n<\/table>\n<div class=\"sticky end-(--thread-content-margin) h-0 self-end select-none\">\n<div class=\"absolute end-0 flex items-end\"><\/div>\n<\/div>\n<\/div>\n<\/div>","protected":false},"featured_media":6169,"template":"","meta":{"_acf_changed":false},"product_brand":[],"product_cat":[35,54],"product_tag":[],"class_list":{"0":"post-5299","1":"product","2":"type-product","3":"status-publish","4":"has-post-thumbnail","6":"product_cat-accessories","7":"product_cat-sea-water-circuit","9":"first","10":"instock","11":"shipping-taxable","12":"product-type-simple"},"acf":[],"yoast_head":"<!-- This site is optimized with the Yoast SEO Premium plugin v27.3 (Yoast SEO v27.4) - https:\/\/yoast.com\/product\/yoast-seo-premium-wordpress\/ -->\n<title>SEA WATER FILTER AMP-S-03 - MBC Marine<\/title>\n<meta name=\"description\" content=\"AMP-S-03 Water Strainer \u2013 \u00be\u2033 and 1\u2033 Compact and high-performance seawater strainers \u2013 ideal for marine air conditioning systems, generators, and other onboard applications.\" \/>\n<meta name=\"robots\" content=\"index, follow, max-snippet:-1, max-image-preview:large, max-video-preview:-1\" \/>\n<link rel=\"canonical\" href=\"https:\/\/mbc-marine.com\/fr\/product\/filtre-a-eau-de-mer\/\" \/>\n<meta property=\"og:locale\" content=\"fr_FR\" \/>\n<meta property=\"og:type\" content=\"article\" \/>\n<meta property=\"og:title\" content=\"SEA WATER FILTER AMP-S-03\" \/>\n<meta property=\"og:description\" content=\"AMP-S-03 Water Strainer \u2013 \u00be\u2033 and 1\u2033 Compact and high-performance seawater strainers \u2013 ideal for marine air conditioning systems, generators, and other onboard applications.\" \/>\n<meta property=\"og:url\" content=\"https:\/\/mbc-marine.com\/fr\/product\/filtre-a-eau-de-mer\/\" \/>\n<meta property=\"og:site_name\" content=\"MBC Marine\" \/>\n<meta property=\"article:modified_time\" content=\"2025-09-09T11:55:12+00:00\" \/>\n<meta property=\"og:image\" content=\"https:\/\/mbc-marine.com\/wp-content\/uploads\/2025\/05\/amp-m-03-3-4-water-strainer-series.png\" \/>\n\t<meta property=\"og:image:width\" content=\"1920\" \/>\n\t<meta property=\"og:image:height\" content=\"1280\" \/>\n\t<meta property=\"og:image:type\" content=\"image\/png\" \/>\n<meta name=\"twitter:card\" content=\"summary_large_image\" \/>\n<meta name=\"twitter:label1\" content=\"Prix\" \/>\n\t<meta name=\"twitter:data1\" content=\"\" \/>\n\t<meta name=\"twitter:label2\" content=\"Disponibilit\u00e9\" \/>\n\t<meta name=\"twitter:data2\" content=\"En stock\" \/>\n<script type=\"application\/ld+json\" class=\"yoast-schema-graph\">{\"@context\":\"https:\\\/\\\/schema.org\",\"@graph\":[{\"@type\":[\"WebPage\",\"ItemPage\"],\"@id\":\"https:\\\/\\\/mbc-marine.com\\\/product\\\/sea-water-filter\\\/\",\"url\":\"https:\\\/\\\/mbc-marine.com\\\/product\\\/sea-water-filter\\\/\",\"name\":\"SEA WATER FILTER AMP-S-03 - MBC Marine\",\"isPartOf\":{\"@id\":\"https:\\\/\\\/mbc-marine.com\\\/#website\"},\"primaryImageOfPage\":{\"@id\":\"https:\\\/\\\/mbc-marine.com\\\/product\\\/sea-water-filter\\\/#primaryimage\"},\"image\":{\"@id\":\"https:\\\/\\\/mbc-marine.com\\\/product\\\/sea-water-filter\\\/#primaryimage\"},\"thumbnailUrl\":\"https:\\\/\\\/mbc-marine.com\\\/wp-content\\\/uploads\\\/2025\\\/05\\\/amp-m-03-3-4-water-strainer-series.png?wsr\",\"datePublished\":\"2025-07-23T19:02:48+00:00\",\"dateModified\":\"2025-09-09T11:55:12+00:00\",\"description\":\"AMP-S-03 Water Strainer \u2013 \u00be\u2033 and 1\u2033 Compact and high-performance seawater strainers \u2013 ideal for marine air conditioning systems, generators, and other onboard applications.\",\"breadcrumb\":{\"@id\":\"https:\\\/\\\/mbc-marine.com\\\/product\\\/sea-water-filter\\\/#breadcrumb\"},\"inLanguage\":\"fr-FR\",\"potentialAction\":[{\"@type\":\"ReadAction\",\"target\":[\"https:\\\/\\\/mbc-marine.com\\\/product\\\/sea-water-filter\\\/\"]}]},{\"@type\":\"ImageObject\",\"inLanguage\":\"fr-FR\",\"@id\":\"https:\\\/\\\/mbc-marine.com\\\/product\\\/sea-water-filter\\\/#primaryimage\",\"url\":\"https:\\\/\\\/mbc-marine.com\\\/wp-content\\\/uploads\\\/2025\\\/05\\\/amp-m-03-3-4-water-strainer-series.png?wsr\",\"contentUrl\":\"https:\\\/\\\/mbc-marine.com\\\/wp-content\\\/uploads\\\/2025\\\/05\\\/amp-m-03-3-4-water-strainer-series.png?wsr\",\"width\":1920,\"height\":1280,\"caption\":\"AMP-M-03 &#8211; 3\\\/4\u201d WATER STRAINER SERIES\"},{\"@type\":\"BreadcrumbList\",\"@id\":\"https:\\\/\\\/mbc-marine.com\\\/product\\\/sea-water-filter\\\/#breadcrumb\",\"itemListElement\":[{\"@type\":\"ListItem\",\"position\":1,\"name\":\"Home\",\"item\":\"https:\\\/\\\/mbc-marine.com\\\/\"},{\"@type\":\"ListItem\",\"position\":2,\"name\":\"Shop\",\"item\":\"https:\\\/\\\/mbc-marine.com\\\/shop\\\/\"},{\"@type\":\"ListItem\",\"position\":3,\"name\":\"SEA WATER FILTER AMP-S-03\"}]},{\"@type\":\"WebSite\",\"@id\":\"https:\\\/\\\/mbc-marine.com\\\/#website\",\"url\":\"https:\\\/\\\/mbc-marine.com\\\/\",\"name\":\"MBC Marine\",\"description\":\"\",\"potentialAction\":[{\"@type\":\"SearchAction\",\"target\":{\"@type\":\"EntryPoint\",\"urlTemplate\":\"https:\\\/\\\/mbc-marine.com\\\/?s={search_term_string}\"},\"query-input\":{\"@type\":\"PropertyValueSpecification\",\"valueRequired\":true,\"valueName\":\"search_term_string\"}}],\"inLanguage\":\"fr-FR\"}]}<\/script>\n<meta property=\"product:price:currency\" content=\"EUR\" \/>\n<meta property=\"og:availability\" content=\"instock\" \/>\n<meta property=\"product:availability\" content=\"instock\" \/>\n<meta property=\"product:condition\" content=\"new\" \/>\n<!-- \/ Yoast SEO Premium plugin. -->","yoast_head_json":{"title":"FILTRE \u00c0 EAU DE MER AMP-S-03 - MBC Marine","description":"Filtre \u00e0 eau AMP-S-03 \u2013 \u00be\u2033 et 1\u2033 Filtres \u00e0 eau de mer compacts et hautement performants \u2013 id\u00e9aux pour les syst\u00e8mes de climatisation marins, les g\u00e9n\u00e9rateurs et autres applications embarqu\u00e9es.","robots":{"index":"index","follow":"follow","max-snippet":"max-snippet:-1","max-image-preview":"max-image-preview:large","max-video-preview":"max-video-preview:-1"},"canonical":"https:\/\/mbc-marine.com\/fr\/product\/filtre-a-eau-de-mer\/","og_locale":"fr_FR","og_type":"article","og_title":"SEA WATER FILTER AMP-S-03","og_description":"AMP-S-03 Water Strainer \u2013 \u00be\u2033 and 1\u2033 Compact and high-performance seawater strainers \u2013 ideal for marine air conditioning systems, generators, and other onboard applications.","og_url":"https:\/\/mbc-marine.com\/fr\/product\/filtre-a-eau-de-mer\/","og_site_name":"MBC Marine","article_modified_time":"2025-09-09T11:55:12+00:00","og_image":[{"width":1920,"height":1280,"url":"https:\/\/mbc-marine.com\/wp-content\/uploads\/2025\/05\/amp-m-03-3-4-water-strainer-series.png","type":"image\/png"}],"twitter_card":"summary_large_image","twitter_misc":{"Prix":"","Disponibilit\u00e9":"En stock"},"schema":{"@context":"https:\/\/schema.org","@graph":[{"@type":["WebPage","ItemPage"],"@id":"https:\/\/mbc-marine.com\/product\/sea-water-filter\/","url":"https:\/\/mbc-marine.com\/product\/sea-water-filter\/","name":"FILTRE \u00c0 EAU DE MER AMP-S-03 - MBC Marine","isPartOf":{"@id":"https:\/\/mbc-marine.com\/#website"},"primaryImageOfPage":{"@id":"https:\/\/mbc-marine.com\/product\/sea-water-filter\/#primaryimage"},"image":{"@id":"https:\/\/mbc-marine.com\/product\/sea-water-filter\/#primaryimage"},"thumbnailUrl":"https:\/\/mbc-marine.com\/wp-content\/uploads\/2025\/05\/amp-m-03-3-4-water-strainer-series.png?wsr","datePublished":"2025-07-23T19:02:48+00:00","dateModified":"2025-09-09T11:55:12+00:00","description":"Filtre \u00e0 eau AMP-S-03 \u2013 \u00be\u2033 et 1\u2033 Filtres \u00e0 eau de mer compacts et hautement performants \u2013 id\u00e9aux pour les syst\u00e8mes de climatisation marins, les g\u00e9n\u00e9rateurs et autres applications embarqu\u00e9es.","breadcrumb":{"@id":"https:\/\/mbc-marine.com\/product\/sea-water-filter\/#breadcrumb"},"inLanguage":"fr-FR","potentialAction":[{"@type":"ReadAction","target":["https:\/\/mbc-marine.com\/product\/sea-water-filter\/"]}]},{"@type":"ImageObject","inLanguage":"fr-FR","@id":"https:\/\/mbc-marine.com\/product\/sea-water-filter\/#primaryimage","url":"https:\/\/mbc-marine.com\/wp-content\/uploads\/2025\/05\/amp-m-03-3-4-water-strainer-series.png?wsr","contentUrl":"https:\/\/mbc-marine.com\/wp-content\/uploads\/2025\/05\/amp-m-03-3-4-water-strainer-series.png?wsr","width":1920,"height":1280,"caption":"AMP-M-03 &#8211; 3\/4\u201d WATER STRAINER SERIES"},{"@type":"BreadcrumbList","@id":"https:\/\/mbc-marine.com\/product\/sea-water-filter\/#breadcrumb","itemListElement":[{"@type":"ListItem","position":1,"name":"Home","item":"https:\/\/mbc-marine.com\/"},{"@type":"ListItem","position":2,"name":"Shop","item":"https:\/\/mbc-marine.com\/shop\/"},{"@type":"ListItem","position":3,"name":"SEA WATER FILTER AMP-S-03"}]},{"@type":"WebSite","@id":"https:\/\/mbc-marine.com\/#website","url":"https:\/\/mbc-marine.com\/","name":"MBC Marine","description":"","potentialAction":[{"@type":"SearchAction","target":{"@type":"EntryPoint","urlTemplate":"https:\/\/mbc-marine.com\/?s={search_term_string}"},"query-input":{"@type":"PropertyValueSpecification","valueRequired":true,"valueName":"search_term_string"}}],"inLanguage":"fr-FR"}]},"product_price_currency":"EUR","og_availability":"instock","product_availability":"instock","product_condition":"new"},"_links":{"self":[{"href":"https:\/\/mbc-marine.com\/fr\/wp-json\/wp\/v2\/product\/5299","targetHints":{"allow":["GET"]}}],"collection":[{"href":"https:\/\/mbc-marine.com\/fr\/wp-json\/wp\/v2\/product"}],"about":[{"href":"https:\/\/mbc-marine.com\/fr\/wp-json\/wp\/v2\/types\/product"}],"version-history":[{"count":0,"href":"https:\/\/mbc-marine.com\/fr\/wp-json\/wp\/v2\/product\/5299\/revisions"}],"wp:featuredmedia":[{"embeddable":true,"href":"https:\/\/mbc-marine.com\/fr\/wp-json\/wp\/v2\/media\/6169"}],"wp:attachment":[{"href":"https:\/\/mbc-marine.com\/fr\/wp-json\/wp\/v2\/media?parent=5299"}],"wp:term":[{"taxonomy":"product_brand","embeddable":true,"href":"https:\/\/mbc-marine.com\/fr\/wp-json\/wp\/v2\/product_brand?post=5299"},{"taxonomy":"product_cat","embeddable":true,"href":"https:\/\/mbc-marine.com\/fr\/wp-json\/wp\/v2\/product_cat?post=5299"},{"taxonomy":"product_tag","embeddable":true,"href":"https:\/\/mbc-marine.com\/fr\/wp-json\/wp\/v2\/product_tag?post=5299"}],"curies":[{"name":"wp","href":"https:\/\/api.w.org\/{rel}","templated":true}]}}