{"id":5319,"date":"2025-07-23T21:43:09","date_gmt":"2025-07-23T19:43:09","guid":{"rendered":"https:\/\/mbc-marine.com\/?post_type=product&#038;p=5319"},"modified":"2026-04-29T15:57:18","modified_gmt":"2026-04-29T13:57:18","slug":"mini-pompe-a-condensat-mince-pour-levacuation-de-leau","status":"publish","type":"product","link":"https:\/\/mbc-marine.com\/fr\/product\/drain-water-mini-slim-condensate-pump\/","title":{"rendered":"POMPE \u00c0 CONDENSAT MINI SLIM POUR EAU DE VIDANGE"},"content":{"rendered":"<h2 data-start=\"188\" data-end=\"261\"><span style=\"font-size: 12pt;\">Pompe d'\u00e9vacuation des condensats P12 \u2013 Solution ultra-compacte pour climatisation marine<\/span><\/h2>\n<p data-start=\"263\" data-end=\"449\"><span style=\"font-size: 12pt;\">La P12 est l'une des pompes \u00e0 condensat mini-split les plus minces du march\u00e9. Sp\u00e9cialement con\u00e7ue pour les espaces restreints et les installations discr\u00e8tes, elle est id\u00e9ale pour les applications marines. <\/span><span style=\"font-size: 12pt;\">Son bo\u00eetier ultra-compact, son fonctionnement silencieux et ses vibrations<\/span>La technologie d'amortissement des vibrations le rend parfaitement adapt\u00e9 \u00e0 une utilisation \u00e0 bord des yachts, catamarans et bateaux compacts.<\/p>","protected":false},"excerpt":{"rendered":"<div class=\"_tableContainer_80l1q_1\">\n<div class=\"_tableWrapper_80l1q_14 group flex w-fit flex-col-reverse\" tabindex=\"-1\">\n<table class=\"w-fit min-w-(--thread-content-width)\" style=\"width: 101.409164%;\" data-start=\"942\" data-end=\"1879\">\n<thead data-start=\"942\" data-end=\"1019\">\n<tr data-start=\"942\" data-end=\"1019\">\n<th style=\"width: 50.183639%;\" data-start=\"942\" data-end=\"975\" data-col-size=\"sm\"><strong data-start=\"944\" data-end=\"961\">Sp\u00e9cification<\/strong><\/th>\n<th style=\"width: 177.508669%;\" data-start=\"975\" data-end=\"1019\" data-col-size=\"sm\"><strong data-start=\"977\" data-end=\"986\">Valeur<\/strong><\/th>\n<\/tr>\n<\/thead>\n<tbody data-start=\"1098\" data-end=\"1879\">\n<tr data-start=\"1098\" data-end=\"1175\">\n<td style=\"width: 50.183639%;\" data-start=\"1098\" data-end=\"1130\" data-col-size=\"sm\">D\u00e9bit maximal<\/td>\n<td style=\"width: 177.508669%;\" data-col-size=\"sm\" data-start=\"1130\" data-end=\"1175\">12 litres\/heure<\/td>\n<\/tr>\n<tr data-start=\"1176\" data-end=\"1253\">\n<td style=\"width: 50.183639%;\" data-start=\"1176\" data-end=\"1208\" data-col-size=\"sm\">Hauteur maximale de levage (t\u00eate)<\/td>\n<td style=\"width: 177.508669%;\" data-col-size=\"sm\" data-start=\"1208\" data-end=\"1253\">7 m\u00e8tres<\/td>\n<\/tr>\n<tr data-start=\"1254\" data-end=\"1331\">\n<td style=\"width: 50.183639%;\" data-start=\"1254\" data-end=\"1286\" data-col-size=\"sm\">Niveau sonore<\/td>\n<td style=\"width: 177.508669%;\" data-col-size=\"sm\" data-start=\"1286\" data-end=\"1331\">~19 dB<\/td>\n<\/tr>\n<tr data-start=\"1332\" data-end=\"1410\">\n<td style=\"width: 50.183639%;\" data-start=\"1332\" data-end=\"1364\" data-col-size=\"sm\">Capacit\u00e9 recommand\u00e9e pour la climatisation<\/td>\n<td style=\"width: 177.508669%;\" data-col-size=\"sm\" data-start=\"1364\" data-end=\"1410\">Jusqu'\u00e0 30 000 BTU<\/td>\n<\/tr>\n<tr data-start=\"1411\" data-end=\"1489\">\n<td style=\"width: 50.183639%;\" data-start=\"1411\" data-end=\"1443\" data-col-size=\"sm\">Dimensions (unit\u00e9 de pompage)<\/td>\n<td style=\"width: 177.508669%;\" data-col-size=\"sm\" data-start=\"1443\" data-end=\"1489\">Ultra-compact (g\u00e9n\u00e9ralement ~29 \u00d7 45 \u00d7 45 mm)<\/td>\n<\/tr>\n<tr data-start=\"1490\" data-end=\"1567\">\n<td style=\"width: 50.183639%;\" data-start=\"1490\" data-end=\"1522\" data-col-size=\"sm\">Type d'installation<\/td>\n<td style=\"width: 177.508669%;\" data-col-size=\"sm\" data-start=\"1522\" data-end=\"1567\">S\u00e9par\u00e9 : pompe + capteur<\/td>\n<\/tr>\n<tr data-start=\"1568\" data-end=\"1645\">\n<td style=\"width: 50.183639%;\" data-start=\"1568\" data-end=\"1600\" data-col-size=\"sm\">Interrupteur de s\u00e9curit\u00e9<\/td>\n<td style=\"width: 177.508669%;\" data-start=\"1600\" data-end=\"1645\" data-col-size=\"sm\">Oui (int\u00e9gr\u00e9)<\/td>\n<\/tr>\n<tr data-start=\"1646\" data-end=\"1723\">\n<td style=\"width: 50.183639%;\" data-start=\"1646\" data-end=\"1678\" data-col-size=\"sm\">Alimentation \u00e9lectrique<\/td>\n<td style=\"width: 177.508669%;\" data-start=\"1678\" data-end=\"1723\" data-col-size=\"sm\">230 V \/ 50\u201360 Hz<\/td>\n<\/tr>\n<tr data-start=\"1724\" data-end=\"1801\">\n<td style=\"width: 50.183639%;\" data-start=\"1724\" data-end=\"1756\" data-col-size=\"sm\">Isolation contre les vibrations<\/td>\n<td style=\"width: 177.508669%;\" data-start=\"1756\" data-end=\"1801\" data-col-size=\"sm\">Oui<\/td>\n<\/tr>\n<tr data-start=\"1802\" data-end=\"1879\">\n<td style=\"width: 50.183639%;\" data-start=\"1802\" data-end=\"1834\" data-col-size=\"sm\">Demande<\/td>\n<td style=\"width: 177.508669%;\" data-start=\"1834\" data-end=\"1879\" data-col-size=\"sm\">\u00c9limination des condensats de climatisation marine<\/td>\n<\/tr>\n<\/tbody>\n<\/table>\n<div class=\"sticky end-(--thread-content-margin) h-0 self-end select-none\">\n<div class=\"absolute end-0 flex items-end\"><\/div>\n<\/div>\n<\/div>\n<\/div>","protected":false},"featured_media":5320,"template":"","meta":{"_acf_changed":false},"product_brand":[],"product_cat":[35,54],"product_tag":[],"class_list":{"0":"post-5319","1":"product","2":"type-product","3":"status-publish","4":"has-post-thumbnail","6":"product_cat-accessories","7":"product_cat-sea-water-accessories","9":"first","10":"instock","11":"shipping-taxable","12":"product-type-simple"},"acf":[],"_links":{"self":[{"href":"https:\/\/mbc-marine.com\/fr\/wp-json\/wp\/v2\/product\/5319","targetHints":{"allow":["GET"]}}],"collection":[{"href":"https:\/\/mbc-marine.com\/fr\/wp-json\/wp\/v2\/product"}],"about":[{"href":"https:\/\/mbc-marine.com\/fr\/wp-json\/wp\/v2\/types\/product"}],"version-history":[{"count":2,"href":"https:\/\/mbc-marine.com\/fr\/wp-json\/wp\/v2\/product\/5319\/revisions"}],"predecessor-version":[{"id":8133,"href":"https:\/\/mbc-marine.com\/fr\/wp-json\/wp\/v2\/product\/5319\/revisions\/8133"}],"wp:featuredmedia":[{"embeddable":true,"href":"https:\/\/mbc-marine.com\/fr\/wp-json\/wp\/v2\/media\/5320"}],"wp:attachment":[{"href":"https:\/\/mbc-marine.com\/fr\/wp-json\/wp\/v2\/media?parent=5319"}],"wp:term":[{"taxonomy":"product_brand","embeddable":true,"href":"https:\/\/mbc-marine.com\/fr\/wp-json\/wp\/v2\/product_brand?post=5319"},{"taxonomy":"product_cat","embeddable":true,"href":"https:\/\/mbc-marine.com\/fr\/wp-json\/wp\/v2\/product_cat?post=5319"},{"taxonomy":"product_tag","embeddable":true,"href":"https:\/\/mbc-marine.com\/fr\/wp-json\/wp\/v2\/product_tag?post=5319"}],"curies":[{"name":"wp","href":"https:\/\/api.w.org\/{rel}","templated":true}]}}