{"id":5542,"date":"2025-07-24T23:19:06","date_gmt":"2025-07-24T21:19:06","guid":{"rendered":"https:\/\/mbc-marine.com\/?post_type=product&#038;p=5542"},"modified":"2025-09-09T13:57:03","modified_gmt":"2025-09-09T11:57:03","slug":"batterie-lithium-bluetooth-lifepo4-12-v-100-ah-a-decharge-profonde","status":"publish","type":"product","link":"https:\/\/mbc-marine.com\/fr\/product\/12v-100ah-bluetooth-lifepo4-lithium-deep-cycle-battery\/","title":{"rendered":"Batterie lithium LiFePO4 \u00e0 d\u00e9charge profonde 12 V 100 Ah BLUETOOTH"},"content":{"rendered":"","protected":false},"excerpt":{"rendered":"<table class=\"w-fit min-w-(--thread-content-width)\" style=\"width: 98.833%; height: 97px;\" data-start=\"78\" data-end=\"2032\">\n<thead data-start=\"78\" data-end=\"162\">\n<tr style=\"height: 23px;\" data-start=\"78\" data-end=\"162\">\n<th style=\"width: 582.469px; height: 23px;\" data-start=\"78\" data-end=\"122\" data-col-size=\"sm\"><strong data-start=\"80\" data-end=\"97\">Sp\u00e9cification<\/strong><\/th>\n<th style=\"width: 748.812px; height: 23px;\" data-start=\"122\" data-end=\"162\" data-col-size=\"sm\"><strong data-start=\"124\" data-end=\"133\">Valeur<\/strong><\/th>\n<\/tr>\n<\/thead>\n<tbody data-start=\"247\" data-end=\"2032\">\n<tr style=\"height: 23px;\" data-start=\"247\" data-end=\"331\">\n<td style=\"width: 582.469px; height: 23px;\" data-start=\"247\" data-end=\"291\" data-col-size=\"sm\">Capacit\u00e9<\/td>\n<td style=\"width: 748.812px; height: 23px;\" data-col-size=\"sm\" data-start=\"291\" data-end=\"331\">100 Ah<\/td>\n<\/tr>\n<tr style=\"height: 23px;\" data-start=\"332\" data-end=\"416\">\n<td style=\"width: 582.469px; height: 23px;\" data-start=\"332\" data-end=\"376\" data-col-size=\"sm\">Tension<\/td>\n<td style=\"width: 748.812px; height: 23px;\" data-col-size=\"sm\" data-start=\"376\" data-end=\"416\">12 volts<\/td>\n<\/tr>\n<\/tbody>\n<\/table>","protected":false},"featured_media":5578,"template":"","meta":{"_acf_changed":false},"product_brand":[],"product_cat":[90,35],"product_tag":[],"class_list":{"0":"post-5542","1":"product","2":"type-product","3":"status-publish","4":"has-post-thumbnail","6":"product_cat-battery","7":"product_cat-accessories","9":"first","10":"instock","11":"shipping-taxable","12":"product-type-simple"},"acf":[],"yoast_head":"<!-- This site is optimized with the Yoast SEO Premium plugin v27.3 (Yoast SEO v27.3) - https:\/\/yoast.com\/product\/yoast-seo-premium-wordpress\/ -->\n<title>12V 100Ah BLUETOOTH LiFePO4 LITHIUM DEEP CYCLE BATTERY - MBC Marine<\/title>\n<meta name=\"description\" content=\"12V 100Ah BLUETOOTH LiFePO4 LITHIUM DEEP CYCLE BATTERY\" \/>\n<meta name=\"robots\" content=\"index, follow, max-snippet:-1, max-image-preview:large, max-video-preview:-1\" \/>\n<link rel=\"canonical\" href=\"https:\/\/mbc-marine.com\/fr\/product\/batterie-lithium-bluetooth-lifepo4-12-v-100-ah-a-decharge-profonde\/\" \/>\n<meta property=\"og:locale\" content=\"fr_FR\" \/>\n<meta property=\"og:type\" content=\"article\" \/>\n<meta property=\"og:title\" content=\"12V 100Ah BLUETOOTH LiFePO4 LITHIUM DEEP CYCLE BATTERY\" \/>\n<meta property=\"og:description\" content=\"12V 100Ah BLUETOOTH LiFePO4 LITHIUM DEEP CYCLE BATTERY\" \/>\n<meta property=\"og:url\" content=\"https:\/\/mbc-marine.com\/fr\/product\/batterie-lithium-bluetooth-lifepo4-12-v-100-ah-a-decharge-profonde\/\" \/>\n<meta property=\"og:site_name\" content=\"MBC Marine\" \/>\n<meta property=\"article:modified_time\" content=\"2025-09-09T11:57:03+00:00\" \/>\n<meta property=\"og:image\" content=\"https:\/\/mbc-marine.com\/wp-content\/uploads\/2025\/07\/12v-100ah-bluetooth-lifepo4-lithium-deep-cycle-battery.webp\" \/>\n\t<meta property=\"og:image:width\" content=\"450\" \/>\n\t<meta property=\"og:image:height\" content=\"399\" \/>\n\t<meta property=\"og:image:type\" content=\"image\/webp\" \/>\n<meta name=\"twitter:card\" content=\"summary_large_image\" \/>\n<meta name=\"twitter:label1\" content=\"Prix\" \/>\n\t<meta name=\"twitter:data1\" content=\"\" \/>\n\t<meta name=\"twitter:label2\" content=\"Disponibilit\u00e9\" \/>\n\t<meta name=\"twitter:data2\" content=\"En stock\" \/>\n<script type=\"application\/ld+json\" class=\"yoast-schema-graph\">{\"@context\":\"https:\\\/\\\/schema.org\",\"@graph\":[{\"@type\":[\"WebPage\",\"ItemPage\"],\"@id\":\"https:\\\/\\\/mbc-marine.com\\\/product\\\/12v-100ah-bluetooth-lifepo4-lithium-deep-cycle-battery\\\/\",\"url\":\"https:\\\/\\\/mbc-marine.com\\\/product\\\/12v-100ah-bluetooth-lifepo4-lithium-deep-cycle-battery\\\/\",\"name\":\"12V 100Ah BLUETOOTH LiFePO4 LITHIUM DEEP CYCLE BATTERY - MBC Marine\",\"isPartOf\":{\"@id\":\"https:\\\/\\\/mbc-marine.com\\\/#website\"},\"primaryImageOfPage\":{\"@id\":\"https:\\\/\\\/mbc-marine.com\\\/product\\\/12v-100ah-bluetooth-lifepo4-lithium-deep-cycle-battery\\\/#primaryimage\"},\"image\":{\"@id\":\"https:\\\/\\\/mbc-marine.com\\\/product\\\/12v-100ah-bluetooth-lifepo4-lithium-deep-cycle-battery\\\/#primaryimage\"},\"thumbnailUrl\":\"https:\\\/\\\/mbc-marine.com\\\/wp-content\\\/uploads\\\/2025\\\/07\\\/12v-100ah-bluetooth-lifepo4-lithium-deep-cycle-battery.webp?wsr\",\"datePublished\":\"2025-07-24T21:19:06+00:00\",\"dateModified\":\"2025-09-09T11:57:03+00:00\",\"description\":\"12V 100Ah BLUETOOTH LiFePO4 LITHIUM DEEP CYCLE BATTERY\",\"breadcrumb\":{\"@id\":\"https:\\\/\\\/mbc-marine.com\\\/product\\\/12v-100ah-bluetooth-lifepo4-lithium-deep-cycle-battery\\\/#breadcrumb\"},\"inLanguage\":\"fr-FR\",\"potentialAction\":[{\"@type\":\"ReadAction\",\"target\":[\"https:\\\/\\\/mbc-marine.com\\\/product\\\/12v-100ah-bluetooth-lifepo4-lithium-deep-cycle-battery\\\/\"]}]},{\"@type\":\"ImageObject\",\"inLanguage\":\"fr-FR\",\"@id\":\"https:\\\/\\\/mbc-marine.com\\\/product\\\/12v-100ah-bluetooth-lifepo4-lithium-deep-cycle-battery\\\/#primaryimage\",\"url\":\"https:\\\/\\\/mbc-marine.com\\\/wp-content\\\/uploads\\\/2025\\\/07\\\/12v-100ah-bluetooth-lifepo4-lithium-deep-cycle-battery.webp?wsr\",\"contentUrl\":\"https:\\\/\\\/mbc-marine.com\\\/wp-content\\\/uploads\\\/2025\\\/07\\\/12v-100ah-bluetooth-lifepo4-lithium-deep-cycle-battery.webp?wsr\",\"width\":450,\"height\":399,\"caption\":\"12V 100Ah BLUETOOTH LiFePO4 LITHIUM DEEP CYCLE BATTERY\"},{\"@type\":\"BreadcrumbList\",\"@id\":\"https:\\\/\\\/mbc-marine.com\\\/product\\\/12v-100ah-bluetooth-lifepo4-lithium-deep-cycle-battery\\\/#breadcrumb\",\"itemListElement\":[{\"@type\":\"ListItem\",\"position\":1,\"name\":\"Home\",\"item\":\"https:\\\/\\\/mbc-marine.com\\\/\"},{\"@type\":\"ListItem\",\"position\":2,\"name\":\"Shop\",\"item\":\"https:\\\/\\\/mbc-marine.com\\\/shop\\\/\"},{\"@type\":\"ListItem\",\"position\":3,\"name\":\"12V 100Ah BLUETOOTH LiFePO4 LITHIUM DEEP CYCLE BATTERY\"}]},{\"@type\":\"WebSite\",\"@id\":\"https:\\\/\\\/mbc-marine.com\\\/#website\",\"url\":\"https:\\\/\\\/mbc-marine.com\\\/\",\"name\":\"MBC Marine\",\"description\":\"\",\"potentialAction\":[{\"@type\":\"SearchAction\",\"target\":{\"@type\":\"EntryPoint\",\"urlTemplate\":\"https:\\\/\\\/mbc-marine.com\\\/?s={search_term_string}\"},\"query-input\":{\"@type\":\"PropertyValueSpecification\",\"valueRequired\":true,\"valueName\":\"search_term_string\"}}],\"inLanguage\":\"fr-FR\"}]}<\/script>\n<meta property=\"product:price:currency\" content=\"EUR\" \/>\n<meta property=\"og:availability\" content=\"instock\" \/>\n<meta property=\"product:availability\" content=\"instock\" \/>\n<meta property=\"product:condition\" content=\"new\" \/>\n<!-- \/ Yoast SEO Premium plugin. -->","yoast_head_json":{"title":"Batterie lithium LiFePO4 \u00e0 d\u00e9charge profonde 12 V 100 Ah BLUETOOTH - MBC Marine","description":"Batterie lithium LiFePO4 \u00e0 d\u00e9charge profonde 12 V 100 Ah BLUETOOTH","robots":{"index":"index","follow":"follow","max-snippet":"max-snippet:-1","max-image-preview":"max-image-preview:large","max-video-preview":"max-video-preview:-1"},"canonical":"https:\/\/mbc-marine.com\/fr\/product\/batterie-lithium-bluetooth-lifepo4-12-v-100-ah-a-decharge-profonde\/","og_locale":"fr_FR","og_type":"article","og_title":"12V 100Ah BLUETOOTH LiFePO4 LITHIUM DEEP CYCLE BATTERY","og_description":"12V 100Ah BLUETOOTH LiFePO4 LITHIUM DEEP CYCLE BATTERY","og_url":"https:\/\/mbc-marine.com\/fr\/product\/batterie-lithium-bluetooth-lifepo4-12-v-100-ah-a-decharge-profonde\/","og_site_name":"MBC Marine","article_modified_time":"2025-09-09T11:57:03+00:00","og_image":[{"width":450,"height":399,"url":"https:\/\/mbc-marine.com\/wp-content\/uploads\/2025\/07\/12v-100ah-bluetooth-lifepo4-lithium-deep-cycle-battery.webp","type":"image\/webp"}],"twitter_card":"summary_large_image","twitter_misc":{"Prix":"","Disponibilit\u00e9":"En stock"},"schema":{"@context":"https:\/\/schema.org","@graph":[{"@type":["WebPage","ItemPage"],"@id":"https:\/\/mbc-marine.com\/product\/12v-100ah-bluetooth-lifepo4-lithium-deep-cycle-battery\/","url":"https:\/\/mbc-marine.com\/product\/12v-100ah-bluetooth-lifepo4-lithium-deep-cycle-battery\/","name":"Batterie lithium LiFePO4 \u00e0 d\u00e9charge profonde 12 V 100 Ah BLUETOOTH - MBC Marine","isPartOf":{"@id":"https:\/\/mbc-marine.com\/#website"},"primaryImageOfPage":{"@id":"https:\/\/mbc-marine.com\/product\/12v-100ah-bluetooth-lifepo4-lithium-deep-cycle-battery\/#primaryimage"},"image":{"@id":"https:\/\/mbc-marine.com\/product\/12v-100ah-bluetooth-lifepo4-lithium-deep-cycle-battery\/#primaryimage"},"thumbnailUrl":"https:\/\/mbc-marine.com\/wp-content\/uploads\/2025\/07\/12v-100ah-bluetooth-lifepo4-lithium-deep-cycle-battery.webp?wsr","datePublished":"2025-07-24T21:19:06+00:00","dateModified":"2025-09-09T11:57:03+00:00","description":"Batterie lithium LiFePO4 \u00e0 d\u00e9charge profonde 12 V 100 Ah BLUETOOTH","breadcrumb":{"@id":"https:\/\/mbc-marine.com\/product\/12v-100ah-bluetooth-lifepo4-lithium-deep-cycle-battery\/#breadcrumb"},"inLanguage":"fr-FR","potentialAction":[{"@type":"ReadAction","target":["https:\/\/mbc-marine.com\/product\/12v-100ah-bluetooth-lifepo4-lithium-deep-cycle-battery\/"]}]},{"@type":"ImageObject","inLanguage":"fr-FR","@id":"https:\/\/mbc-marine.com\/product\/12v-100ah-bluetooth-lifepo4-lithium-deep-cycle-battery\/#primaryimage","url":"https:\/\/mbc-marine.com\/wp-content\/uploads\/2025\/07\/12v-100ah-bluetooth-lifepo4-lithium-deep-cycle-battery.webp?wsr","contentUrl":"https:\/\/mbc-marine.com\/wp-content\/uploads\/2025\/07\/12v-100ah-bluetooth-lifepo4-lithium-deep-cycle-battery.webp?wsr","width":450,"height":399,"caption":"12V 100Ah BLUETOOTH LiFePO4 LITHIUM DEEP CYCLE BATTERY"},{"@type":"BreadcrumbList","@id":"https:\/\/mbc-marine.com\/product\/12v-100ah-bluetooth-lifepo4-lithium-deep-cycle-battery\/#breadcrumb","itemListElement":[{"@type":"ListItem","position":1,"name":"Home","item":"https:\/\/mbc-marine.com\/"},{"@type":"ListItem","position":2,"name":"Shop","item":"https:\/\/mbc-marine.com\/shop\/"},{"@type":"ListItem","position":3,"name":"12V 100Ah BLUETOOTH LiFePO4 LITHIUM DEEP CYCLE BATTERY"}]},{"@type":"WebSite","@id":"https:\/\/mbc-marine.com\/#website","url":"https:\/\/mbc-marine.com\/","name":"MBC Marine","description":"","potentialAction":[{"@type":"SearchAction","target":{"@type":"EntryPoint","urlTemplate":"https:\/\/mbc-marine.com\/?s={search_term_string}"},"query-input":{"@type":"PropertyValueSpecification","valueRequired":true,"valueName":"search_term_string"}}],"inLanguage":"fr-FR"}]},"product_price_currency":"EUR","og_availability":"instock","product_availability":"instock","product_condition":"new"},"_links":{"self":[{"href":"https:\/\/mbc-marine.com\/fr\/wp-json\/wp\/v2\/product\/5542","targetHints":{"allow":["GET"]}}],"collection":[{"href":"https:\/\/mbc-marine.com\/fr\/wp-json\/wp\/v2\/product"}],"about":[{"href":"https:\/\/mbc-marine.com\/fr\/wp-json\/wp\/v2\/types\/product"}],"version-history":[{"count":0,"href":"https:\/\/mbc-marine.com\/fr\/wp-json\/wp\/v2\/product\/5542\/revisions"}],"wp:featuredmedia":[{"embeddable":true,"href":"https:\/\/mbc-marine.com\/fr\/wp-json\/wp\/v2\/media\/5578"}],"wp:attachment":[{"href":"https:\/\/mbc-marine.com\/fr\/wp-json\/wp\/v2\/media?parent=5542"}],"wp:term":[{"taxonomy":"product_brand","embeddable":true,"href":"https:\/\/mbc-marine.com\/fr\/wp-json\/wp\/v2\/product_brand?post=5542"},{"taxonomy":"product_cat","embeddable":true,"href":"https:\/\/mbc-marine.com\/fr\/wp-json\/wp\/v2\/product_cat?post=5542"},{"taxonomy":"product_tag","embeddable":true,"href":"https:\/\/mbc-marine.com\/fr\/wp-json\/wp\/v2\/product_tag?post=5542"}],"curies":[{"name":"wp","href":"https:\/\/api.w.org\/{rel}","templated":true}]}}