{"id":3774,"date":"2025-03-18T09:49:28","date_gmt":"2025-03-18T08:49:28","guid":{"rendered":"https:\/\/mbc-marine.com\/?page_id=3774"},"modified":"2025-09-09T16:32:21","modified_gmt":"2025-09-09T14:32:21","slug":"informazioni","status":"publish","type":"page","link":"https:\/\/mbc-marine.com\/it\/information\/","title":{"rendered":"Informazioni"},"content":{"rendered":"<div data-elementor-type=\"wp-page\" data-elementor-id=\"3774\" class=\"elementor elementor-3774\" data-elementor-post-type=\"page\">\n\t\t\t\t<div class=\"elementor-element elementor-element-633bd9b e-flex e-con-boxed e-con e-parent\" data-id=\"633bd9b\" data-element_type=\"container\" data-e-type=\"container\" data-settings=\"{&quot;jet_parallax_layout_list&quot;:[]}\">\n\t\t\t\t\t<div class=\"e-con-inner\">\n\t\t\t\t<div class=\"elementor-element elementor-element-1d4d8b3 elementor-widget elementor-widget-heading\" data-id=\"1d4d8b3\" data-element_type=\"widget\" data-e-type=\"widget\" data-widget_type=\"heading.default\">\n\t\t\t\t<div class=\"elementor-widget-container\">\n\t\t\t\t\t<h1 class=\"elementor-heading-title elementor-size-default\">Informazioni<\/h1>\t\t\t\t<\/div>\n\t\t\t\t<\/div>\n\t\t\t\t<div class=\"elementor-element elementor-element-c53bf46 elementor-widget elementor-widget-heading\" data-id=\"c53bf46\" data-element_type=\"widget\" data-e-type=\"widget\" data-widget_type=\"heading.default\">\n\t\t\t\t<div class=\"elementor-widget-container\">\n\t\t\t\t\t<h2 class=\"elementor-heading-title elementor-size-default\">Materiale dell'evaporatore<\/h2>\t\t\t\t<\/div>\n\t\t\t\t<\/div>\n\t\t\t\t<div class=\"elementor-element elementor-element-57e071e elementor-widget elementor-widget-text-editor\" data-id=\"57e071e\" data-element_type=\"widget\" data-e-type=\"widget\" data-widget_type=\"text-editor.default\">\n\t\t\t\t<div class=\"elementor-widget-container\">\n\t\t\t\t\t\t\t\t\t<p><strong>CuNi (rame-nichel)<\/strong><br \/>Gli scambiatori di calore in CuNi (rame-nichel) offrono un'eccezionale resistenza alla corrosione, poich\u00e9 la loro naturale durata li protegge dall'esposizione all'acqua di mare e alle sostanze chimiche, a differenza degli scambiatori di calore in alluminio rivestito, il cui strato protettivo pu\u00f2 consumarsi nel tempo. Hanno una durata maggiore, richiedono meno manutenzione e offrono una migliore efficienza di trasferimento del calore grazie alla superiore conduttivit\u00e0 termica della lega di rame-nichel. Inoltre, sono pi\u00f9 resistenti dal punto di vista meccanico, meno soggetti a danni e pi\u00f9 facili da pulire, poich\u00e9 sono meno sensibili al biofilm e ad altri depositi. Per questi motivi, gli scambiatori di calore in CuNi sono la scelta ideale per gli ambienti marini e le condizioni operative estreme.<\/p>\t\t\t\t\t\t\t\t<\/div>\n\t\t\t\t<\/div>\n\t\t\t\t<div class=\"elementor-element elementor-element-4e25090 elementor-widget elementor-widget-text-editor\" data-id=\"4e25090\" data-element_type=\"widget\" data-e-type=\"widget\" data-widget_type=\"text-editor.default\">\n\t\t\t\t<div class=\"elementor-widget-container\">\n\t\t\t\t\t\t\t\t\t<p><strong>Alluminio rivestito in finitura blu<\/strong><br \/>Gli scambiatori di calore in alluminio rivestiti con Blue Fin offrono una maggiore resistenza alla corrosione grazie all'applicazione di uno strato protettivo idrofobico alle alette in alluminio. Questo rivestimento migliora la durata in ambienti umidi e salini, riducendo il rischio di ossidazione e prolungando la durata dell'unit\u00e0 rispetto all'alluminio standard. Il rivestimento Blue Fin migliora anche il drenaggio dell'acqua, prevenendo l'accumulo di umidit\u00e0 e migliorando l'efficienza dello scambio termico. Sebbene non sia resistente come gli scambiatori di calore in CuNi, l'alluminio rivestito Blue Fin offre un'alternativa economica con prestazioni migliorate in condizioni difficili, rendendolo una scelta adatta per applicazioni marine e costiere.<\/p>\t\t\t\t\t\t\t\t<\/div>\n\t\t\t\t<\/div>\n\t\t\t\t<div class=\"elementor-element elementor-element-e32a8e8 elementor-widget elementor-widget-heading\" data-id=\"e32a8e8\" data-element_type=\"widget\" data-e-type=\"widget\" data-widget_type=\"heading.default\">\n\t\t\t\t<div class=\"elementor-widget-container\">\n\t\t\t\t\t<h2 class=\"elementor-heading-title elementor-size-default\">Accessori<\/h2>\t\t\t\t<\/div>\n\t\t\t\t<\/div>\n\t\t\t\t<div class=\"elementor-element elementor-element-a45c65c elementor-widget elementor-widget-text-editor\" data-id=\"a45c65c\" data-element_type=\"widget\" data-e-type=\"widget\" data-widget_type=\"text-editor.default\">\n\t\t\t\t<div class=\"elementor-widget-container\">\n\t\t\t\t\t\t\t\t\t<p><strong>Display SMART<\/strong><br \/>MBC Marine Smart Connect: prova il massimo comfort sulla tua barca con MBC Marine Smart Connect.<br \/>Garantite la temperatura perfetta e l'apporto di aria fresca alla vostra imbarcazione in qualsiasi momento e ovunque vi troviate con MBC Marine Smart Connect.<br \/>Immaginate la comodit\u00e0: che siate in ufficio o fermi al semaforo rosso, potete impostare l'aria condizionata della vostra barca alla temperatura ideale prima ancora di salire a bordo.\u00a0<br \/>Con pochi tocchi sul tuo smartphone, connettiti al sistema di climatizzazione della tua imbarcazione tramite Internet e regola le impostazioni in base alle tue preferenze, sia che si tratti della modalit\u00e0 raffreddamento o riscaldamento.<br \/><br \/><\/p>\t\t\t\t\t\t\t\t<\/div>\n\t\t\t\t<\/div>\n\t\t\t\t<div class=\"elementor-element elementor-element-903ef67 elementor-widget elementor-widget-text-editor\" data-id=\"903ef67\" data-element_type=\"widget\" data-e-type=\"widget\" data-widget_type=\"text-editor.default\">\n\t\t\t\t<div class=\"elementor-widget-container\">\n\t\t\t\t\t\t\t\t\t<p><strong>Avviatore graduale<\/strong><br \/>La soluzione definitiva per un avvio ottimizzato MBC Easy Start consente a qualsiasi condizionatore d'aria di funzionare con una fonte di alimentazione a tensione inferiore, eliminando la necessit\u00e0 di un generatore pi\u00f9 grande o aggiuntivo. Riduce significativamente la corrente di avvio del compressore, rendendolo un soft starter progettato su misura specificamente per motori monofase. L'avviatore graduale MBC utilizza una sequenza di rampa di avvio auto-ottimizzante in quattro parti per ottenere la corrente di avvio pi\u00f9 bassa possibile. Questo lo rende la soluzione perfetta per il funzionamento di condizionatori d'aria con un generatore o un inverter, anche quando l'alimentazione di rete \u00e8 limitata. <br \/><br \/><\/p>\t\t\t\t\t\t\t\t<\/div>\n\t\t\t\t<\/div>\n\t\t\t\t<div class=\"elementor-element elementor-element-1d89487 elementor-widget elementor-widget-heading\" data-id=\"1d89487\" data-element_type=\"widget\" data-e-type=\"widget\" data-widget_type=\"heading.default\">\n\t\t\t\t<div class=\"elementor-widget-container\">\n\t\t\t\t\t<h2 class=\"elementor-heading-title elementor-size-default\">Raffreddamento \/ Riscaldamento\n<\/h2>\t\t\t\t<\/div>\n\t\t\t\t<\/div>\n\t\t\t\t<div class=\"elementor-element elementor-element-22ba37f elementor-widget elementor-widget-text-editor\" data-id=\"22ba37f\" data-element_type=\"widget\" data-e-type=\"widget\" data-widget_type=\"text-editor.default\">\n\t\t\t\t<div class=\"elementor-widget-container\">\n\t\t\t\t\t\t\t\t\t<p>Nei sistemi di climatizzazione marina, l'inversione di ciclo consente all'unit\u00e0 di passare dal raffreddamento al riscaldamento invertendo il flusso del refrigerante attraverso una valvola a quattro vie. In modalit\u00e0 raffreddamento, il calore viene assorbito dall'aria interna ed espulso nell'acqua di mare, mentre in modalit\u00e0 riscaldamento, il sistema estrae il calore dall'acqua di mare e lo trasferisce all'interno. Questo processo efficiente consente il controllo climatico durante tutto l'anno utilizzando un unico sistema, ma la sua efficacia dipende dalla temperatura dell'acqua di mare, poich\u00e9 l'acqua estremamente fredda pu\u00f2 ridurre le prestazioni di riscaldamento.<\/p>\t\t\t\t\t\t\t\t<\/div>\n\t\t\t\t<\/div>\n\t\t\t\t<div class=\"elementor-element elementor-element-f6e915c elementor-widget elementor-widget-heading\" data-id=\"f6e915c\" data-element_type=\"widget\" data-e-type=\"widget\" data-widget_type=\"heading.default\">\n\t\t\t\t<div class=\"elementor-widget-container\">\n\t\t\t\t\t<h2 class=\"elementor-heading-title elementor-size-default\">CONDIZIONI DI GARANZIA<\/h2>\t\t\t\t<\/div>\n\t\t\t\t<\/div>\n\t\t\t\t<div class=\"elementor-element elementor-element-f6927a7 elementor-widget elementor-widget-text-editor\" data-id=\"f6927a7\" data-element_type=\"widget\" data-e-type=\"widget\" data-widget_type=\"text-editor.default\">\n\t\t\t\t<div class=\"elementor-widget-container\">\n\t\t\t\t\t\t\t\t\t<p data-start=\"0\" data-end=\"740\">Le presenti Condizioni di garanzia si applicano esclusivamente alla vendita di unit\u00e0 nuove e accessori (di seguito denominati \u201ci Prodotti\u201d) effettuata da MBC MARINE Kft. (di seguito denominata \u201cla Societ\u00e0\u201d) a favore di un Rivenditore appartenente alla rete di distribuzione della Societ\u00e0. Per Rivenditore si intende qualsiasi persona fisica o giuridica approvata dalla Societ\u00e0 che acquista i Prodotti nell'ambito della propria attivit\u00e0 professionale, per rivenderli a subacquirenti. Le presenti condizioni di garanzia non limitano in alcun modo i diritti che, in base alla legge applicabile alla rivendita del Prodotto a un subacquirente, non possono essere esclusi o limitati. Il Rivenditore \u00e8 l'unico responsabile delle modalit\u00e0 di vendita e delle garanzie applicabili alla rivendita del Prodotto al subacquirente, indipendentemente dalla loro qualit\u00e0.<\/p><p data-start=\"742\" data-end=\"2356\">GARANZIE CONTRATTUALI Le garanzie contrattuali di seguito indicate sono concesse esclusivamente al Rivenditore, il quale riconosce e dichiara di disporre delle risorse materiali, delle conoscenze specifiche e delle competenze tecniche necessarie per eseguire i servizi (compresi l'installazione e i servizi post-vendita) e si impegna inoltre a fornire tali servizi con la massima qualit\u00e0, diligenza e competenza attraverso il proprio personale qualificato e addestrato. I prodotti beneficiano di una garanzia contrattuale per tutti i difetti nascosti per una durata di 2 (due) anni a partire dalla data di consegna del Prodotto da parte del Rivenditore al cliente (il \u201cCliente\u201d). Se richiesto dalla Societ\u00e0, la data di consegna dovr\u00e0 essere comprovata dal Rivenditore con adeguata documentazione (protocollo di consegna, scheda di garanzia compilata e firmata, ecc. Questa garanzia include la sostituzione o la riparazione (a scelta della Societ\u00e0) di tutte le parti riconosciute difettose dalla Societ\u00e0. Il tempo di riparazione non \u00e8 incluso nel periodo di garanzia della Societ\u00e0; durante tale periodo la Societ\u00e0 non fornir\u00e0 alcuna unit\u00e0 sostitutiva n\u00e9 al Rivenditore n\u00e9 al Cliente. I prodotti venduti dalla Societ\u00e0 al Rivenditore sono soggetti ai presenti termini di garanzia, che sostituiscono tutte le altre garanzie della Societ\u00e0, espresse o implicite. Il Rivenditore non \u00e8 autorizzato ad assumersi o intraprendere, per conto della Societ\u00e0, alcuna responsabilit\u00e0 in relazione alla vendita del Prodotto da parte del Rivenditore, ad eccezione di quanto stabilito nei presenti termini di garanzia. Il Rivenditore dovr\u00e0 identificare e tenere indenne la Societ\u00e0 in relazione a qualsiasi impegno, assunzione o dichiarazione da parte del Rivenditore che vada oltre quanto previsto nei presenti termini di garanzia.<\/p><p data-start=\"2358\" data-end=\"2846\">GARANZIA SPECIFICA La garanzia contrattuale di 2 anni non si applica ai Prodotti utilizzati a fini commerciali (qualsiasi attivit\u00e0 di noleggio o charter rientra in questa categoria), poich\u00e9 tali Prodotti possono essere coperti da una garanzia della durata di 1 (uno) anno a partire dalla data di consegna del Prodotto da parte del Rivenditore al Cliente. Se richiesto dalla Societ\u00e0, la data di consegna dovr\u00e0 essere comprovata dal Rivenditore con adeguata documentazione (protocollo di consegna, scheda di garanzia compilata e firmata, ecc.).<\/p><p data-start=\"2848\" data-end=\"5320\">DISPOSIZIONI PER L'ATTUAZIONE DELLE GARANZIE In caso di reclamo in garanzia, il Rivenditore deve informare la Societ\u00e0 tramite e-mail (<a rel=\"noopener\" data-start=\"2966\" data-end=\"2985\">info@mbc-marine.com<\/a>) entro un massimo di otto (8) giorni dal ricevimento del reclamo. Ci\u00f2 non pregiudica l'obbligo del Rivenditore di indagare e valutare il caso prima di informare la Societ\u00e0 in merito al reclamo ricevuto. Qualsiasi reclamo dovr\u00e0 inoltre riportare il numero di serie del Prodotto in questione e, se del caso, il numero di serie della parte o delle parti oggetto del reclamo in garanzia, insieme a tutti i documenti giustificativi (breve descrizione con foto e video). Inoltre, il reclamo dovr\u00e0 indicare le circostanze esatte in cui si \u00e8 verificato il problema. La Societ\u00e0 potr\u00e0, al fine di esaminare il reclamo, richiedere ulteriori dettagli e prove giustificative. La Societ\u00e0 valuter\u00e0 il reclamo e informer\u00e0 il Rivenditore se il difetto \u00e8 coperto dalla garanzia della Societ\u00e0 o se \u00e8 il risultato di un'installazione\/uso\/manutenzione non appropriata del Prodotto, che non \u00e8 coperta dalla garanzia della Societ\u00e0. L'immobilizzazione del Prodotto a seguito dei problemi riscontrati e\/o dei lavori di sostituzione e\/o riparazione, indipendentemente dalla durata, non d\u00e0 diritto ad alcun risarcimento. La Societ\u00e0 non sar\u00e0 in alcun caso responsabile delle spese di trasporto, dei dazi doganali e delle altre spese accessorie, salvo quanto diversamente indicato di seguito. Se il reclamo pu\u00f2 essere gestito localmente e il costo della riparazione non supera i 150 EUR + IVA, la riparazione e\/o la sostituzione saranno effettuate dal Rivenditore a spese della Societ\u00e0. La Societ\u00e0 non sosterr\u00e0 alcun altro costo relativo alla riparazione. Il costo della riparazione sar\u00e0 fatturato dal Rivenditore entro 15 giorni. Qualora la natura delle riparazioni richieda che il lavoro in garanzia venga eseguito nell'officina della Societ\u00e0 o in un luogo diverso da quello in cui si trova il Prodotto e il costo della riparazione sia previsto superiore a 150 EUR + IVA, la Societ\u00e0 provveder\u00e0 alla riparazione o alla sostituzione (se il difetto non pu\u00f2 essere riparato), dopo aver verificato che il difetto rientri effettivamente nei termini di garanzia della Societ\u00e0. Il costo della restituzione del Prodotto difettoso alla Societ\u00e0 sar\u00e0 a carico del Cliente. Il costo della spedizione di ritorno dalla Societ\u00e0 al Cliente e il costo della riparazione, se del caso, saranno a carico della Societ\u00e0, che inoltre non accetter\u00e0 spese per la rimozione e la restituzione all'imbarcazione se il Prodotto deve essere rimosso. Il Prodotto difettoso dovr\u00e0, in ogni caso, essere restituito alla Societ\u00e0 nella sua confezione originale.<\/p><p data-start=\"5322\" data-end=\"7543\" data-is-last-node=\"\" data-is-only-node=\"\">ESCLUSIONI DALLA COPERTURA DELLA GARANZIA CONTRATTUALE Sono esclusi dalla garanzia contrattuale: \u2022 danni derivanti dalla normale usura e parti che devono essere sostituite regolarmente (filtro, ecc.); \u2022 parti non originali e\/o parti originali modificate\/alterate e\/o \u2022 le conseguenze dell'installazione di tali parti e delle suddette trasformazioni o \u2022 modifiche; \u2022 danni derivanti da scarsa manutenzione, uso improprio o negligenza, uso scorretto, immersione, applicazione impropria o uso contrario alle istruzioni; \u2022 danni legati in particolare a un incidente o a seguito di un incendio, un'esplosione, una catastrofe naturale \u2022 , corrosione o degrado lento o qualsiasi fenomeno di qualsiasi tipo; \u2022 danni derivanti da un'installazione impropria o difettosa, un'installazione non conforme alle istruzioni della Societ\u00e0 o altro e qualsiasi danno derivante da ci\u00f2; \u2022 danni derivanti dalla mancanza di una regolare manutenzione preventiva come indicato nel manuale d'uso; \u2022 articoli non fabbricati dalla Societ\u00e0; \u2022 Prodotti della Societ\u00e0 utilizzati o applicati dal proprietario come parte integrante di prodotti non fabbricati dalla Societ\u00e0; \u2022 costi aggiuntivi associati alla rimozione, reinstallazione o sostituzione di qualsiasi attrezzatura o arredo oltre al Prodotto specifico coperto; \u2022 le spese di viaggio del personale di assistenza del Rivenditore superiori a 1,0 (una) ora; \u2022 danni relativi alle pompe con teste incrinate o pompe che hanno funzionato a secco, danneggiate dall'acqua o con tappi antigelo bruciati; \u2022 calibrazione degli strumenti di misurazione; \u2022 corrosione esterna; \u2022 danni causati dall'acqua, in particolare ai seguenti componenti: ventilatori, schede logiche e display; \u2022 programmazione errata dei display; \u2022 condensatori e\/o evaporatori sporchi; \u2022 danni relativi a guasti derivanti da un'invernizzazione impropria; \u2022 danni al prodotto derivanti da un imballaggio di restituzione improprio o altri danni causati dal trasporto; \u2022 sostituzione del refrigerante con un sostituto senza previa autorizzazione della Societ\u00e0; \u2022 spese ambientali e\/o di recupero; \u2022 spese di saldatura e azoto. L'installazione e l'applicazione dei Prodotti non sono garantite dalla Societ\u00e0 a meno che l'installazione non sia stata eseguita internamente, poich\u00e9 la Societ\u00e0 non ha alcun controllo o autorit\u00e0 sulla selezione, l'ubicazione, l'applicazione o l'installazione dei Prodotti.<\/p>\t\t\t\t\t\t\t\t<\/div>\n\t\t\t\t<\/div>\n\t\t\t\t\t<\/div>\n\t\t\t\t<\/div>\n\t\t\t\t<\/div>","protected":false},"excerpt":{"rendered":"<p>Informations Evaporator Material CuNi (Copper Nickel)CuNi (Copper-Nickel) heat exchangers offer outstanding corrosion resistance, as their natural durability protects them from seawater and chemical exposure, unlike coated aluminum heat exchangers, whose protective layer may wear off over time. They have a longer lifespan, require less maintenance, and provide better heat transfer efficiency due to the superior [&hellip;]<\/p>\n","protected":false},"author":1,"featured_media":0,"parent":0,"menu_order":0,"comment_status":"closed","ping_status":"closed","template":"","meta":{"_acf_changed":false,"footnotes":""},"class_list":["post-3774","page","type-page","status-publish","hentry"],"acf":[],"yoast_head":"<!-- This site is optimized with the Yoast SEO Premium plugin v27.3 (Yoast SEO v27.3) - https:\/\/yoast.com\/product\/yoast-seo-premium-wordpress\/ -->\n<title>Information - MBC Marine<\/title>\n<meta name=\"description\" content=\"Informations\" \/>\n<meta name=\"robots\" content=\"index, follow, max-snippet:-1, max-image-preview:large, max-video-preview:-1\" \/>\n<link rel=\"canonical\" href=\"https:\/\/mbc-marine.com\/it\/informazioni\/\" \/>\n<meta property=\"og:locale\" content=\"it_IT\" \/>\n<meta property=\"og:type\" content=\"article\" \/>\n<meta property=\"og:title\" content=\"Information\" \/>\n<meta property=\"og:description\" content=\"Informations\" \/>\n<meta property=\"og:url\" content=\"https:\/\/mbc-marine.com\/it\/informazioni\/\" \/>\n<meta property=\"og:site_name\" content=\"MBC Marine\" \/>\n<meta property=\"article:modified_time\" content=\"2025-09-09T14:32:21+00:00\" \/>\n<meta name=\"twitter:card\" content=\"summary_large_image\" \/>\n<meta name=\"twitter:label1\" content=\"Tempo di lettura stimato\" \/>\n\t<meta name=\"twitter:data1\" content=\"8 minuti\" \/>\n<script type=\"application\/ld+json\" class=\"yoast-schema-graph\">{\"@context\":\"https:\\\/\\\/schema.org\",\"@graph\":[{\"@type\":\"WebPage\",\"@id\":\"https:\\\/\\\/mbc-marine.com\\\/information\\\/\",\"url\":\"https:\\\/\\\/mbc-marine.com\\\/information\\\/\",\"name\":\"Information - MBC Marine\",\"isPartOf\":{\"@id\":\"https:\\\/\\\/mbc-marine.com\\\/#website\"},\"datePublished\":\"2025-03-18T08:49:28+00:00\",\"dateModified\":\"2025-09-09T14:32:21+00:00\",\"description\":\"Informations\",\"breadcrumb\":{\"@id\":\"https:\\\/\\\/mbc-marine.com\\\/information\\\/#breadcrumb\"},\"inLanguage\":\"it-IT\",\"potentialAction\":[{\"@type\":\"ReadAction\",\"target\":[\"https:\\\/\\\/mbc-marine.com\\\/information\\\/\"]}]},{\"@type\":\"BreadcrumbList\",\"@id\":\"https:\\\/\\\/mbc-marine.com\\\/information\\\/#breadcrumb\",\"itemListElement\":[{\"@type\":\"ListItem\",\"position\":1,\"name\":\"Home\",\"item\":\"https:\\\/\\\/mbc-marine.com\\\/\"},{\"@type\":\"ListItem\",\"position\":2,\"name\":\"Information\"}]},{\"@type\":\"WebSite\",\"@id\":\"https:\\\/\\\/mbc-marine.com\\\/#website\",\"url\":\"https:\\\/\\\/mbc-marine.com\\\/\",\"name\":\"MBC Marine\",\"description\":\"\",\"potentialAction\":[{\"@type\":\"SearchAction\",\"target\":{\"@type\":\"EntryPoint\",\"urlTemplate\":\"https:\\\/\\\/mbc-marine.com\\\/?s={search_term_string}\"},\"query-input\":{\"@type\":\"PropertyValueSpecification\",\"valueRequired\":true,\"valueName\":\"search_term_string\"}}],\"inLanguage\":\"it-IT\"}]}<\/script>\n<!-- \/ Yoast SEO Premium plugin. -->","yoast_head_json":{"title":"Informazioni - MBC Marine","description":"Informazioni","robots":{"index":"index","follow":"follow","max-snippet":"max-snippet:-1","max-image-preview":"max-image-preview:large","max-video-preview":"max-video-preview:-1"},"canonical":"https:\/\/mbc-marine.com\/it\/informazioni\/","og_locale":"it_IT","og_type":"article","og_title":"Information","og_description":"Informations","og_url":"https:\/\/mbc-marine.com\/it\/informazioni\/","og_site_name":"MBC Marine","article_modified_time":"2025-09-09T14:32:21+00:00","twitter_card":"summary_large_image","twitter_misc":{"Tempo di lettura stimato":"8 minuti"},"schema":{"@context":"https:\/\/schema.org","@graph":[{"@type":"WebPage","@id":"https:\/\/mbc-marine.com\/information\/","url":"https:\/\/mbc-marine.com\/information\/","name":"Informazioni - MBC Marine","isPartOf":{"@id":"https:\/\/mbc-marine.com\/#website"},"datePublished":"2025-03-18T08:49:28+00:00","dateModified":"2025-09-09T14:32:21+00:00","description":"Informazioni","breadcrumb":{"@id":"https:\/\/mbc-marine.com\/information\/#breadcrumb"},"inLanguage":"it-IT","potentialAction":[{"@type":"ReadAction","target":["https:\/\/mbc-marine.com\/information\/"]}]},{"@type":"BreadcrumbList","@id":"https:\/\/mbc-marine.com\/information\/#breadcrumb","itemListElement":[{"@type":"ListItem","position":1,"name":"Home","item":"https:\/\/mbc-marine.com\/"},{"@type":"ListItem","position":2,"name":"Information"}]},{"@type":"WebSite","@id":"https:\/\/mbc-marine.com\/#website","url":"https:\/\/mbc-marine.com\/","name":"MBC Marine","description":"","potentialAction":[{"@type":"SearchAction","target":{"@type":"EntryPoint","urlTemplate":"https:\/\/mbc-marine.com\/?s={search_term_string}"},"query-input":{"@type":"PropertyValueSpecification","valueRequired":true,"valueName":"search_term_string"}}],"inLanguage":"it-IT"}]}},"_links":{"self":[{"href":"https:\/\/mbc-marine.com\/it\/wp-json\/wp\/v2\/pages\/3774","targetHints":{"allow":["GET"]}}],"collection":[{"href":"https:\/\/mbc-marine.com\/it\/wp-json\/wp\/v2\/pages"}],"about":[{"href":"https:\/\/mbc-marine.com\/it\/wp-json\/wp\/v2\/types\/page"}],"author":[{"embeddable":true,"href":"https:\/\/mbc-marine.com\/it\/wp-json\/wp\/v2\/users\/1"}],"replies":[{"embeddable":true,"href":"https:\/\/mbc-marine.com\/it\/wp-json\/wp\/v2\/comments?post=3774"}],"version-history":[{"count":0,"href":"https:\/\/mbc-marine.com\/it\/wp-json\/wp\/v2\/pages\/3774\/revisions"}],"wp:attachment":[{"href":"https:\/\/mbc-marine.com\/it\/wp-json\/wp\/v2\/media?parent=3774"}],"curies":[{"name":"wp","href":"https:\/\/api.w.org\/{rel}","templated":true}]}}