{"id":2397,"date":"2024-10-21T13:44:43","date_gmt":"2024-10-21T11:44:43","guid":{"rendered":"https:\/\/mbc-marine.com\/?post_type=product&#038;p=2397"},"modified":"2026-04-29T17:38:28","modified_gmt":"2026-04-29T15:38:28","slug":"prb-6","status":"publish","type":"product","link":"https:\/\/mbc-marine.com\/it\/product\/prb-6\/","title":{"rendered":"AC-PRB-6 SCATOLA REL\u00c8 POMPA 230V"},"content":{"rendered":"","protected":false},"excerpt":{"rendered":"<p><strong>Scatola rel\u00e8 pompa a 6 stazioni per un controllo senza interruzioni di MBC Marine!<\/strong><\/p>\n<p><span style=\"font-size: 15px;\">La scatola di commutazione a 6 stazioni \u00e8 progettata per gestire senza sforzo una pompa dell'acqua di mare comune su due o pi\u00f9 unit\u00e0 di climatizzazione.<\/span><\/p>\n<p><span style=\"font-size: 15px;\">La nostra scheda Pump Relay (PRP) consente il controllo continuo di una pompa dell'acqua di mare comune tra pi\u00f9 unit\u00e0 A\/C.<\/span><\/p>\n<p><span style=\"font-size: 15px;\">Ogni unit\u00e0 \u00e8 dotata di ingressi separati e completamente isolati per l'attivazione della pompa che accettano sia 230 V CA\/50-60 Hz, garantendo compatibilit\u00e0 e sicurezza.<\/span><\/p>\n<p><span style=\"font-size: 15px;\">Anche l'alimentazione e l'uscita della pompa sono isolate, in grado di gestire 230 V CA\/50-60 Hz. Alloggiata in un resistente involucro metallico, la scatola rel\u00e8 garantisce un facile ingresso e uscita per tutti i cavi di controllo, le fonti di alimentazione della pompa e i collegamenti della pompa, fornendo una soluzione affidabile ed efficiente per i vostri sistemi di climatizzazione marina.<\/span><\/p>","protected":false},"featured_media":6188,"template":"","meta":{"_acf_changed":false},"product_brand":[],"product_cat":[35,76],"product_tag":[],"class_list":{"0":"post-2397","1":"product","2":"type-product","3":"status-publish","4":"has-post-thumbnail","6":"product_cat-accessories","7":"product_cat-electrical-accessories","9":"first","10":"instock","11":"shipping-taxable","12":"product-type-simple"},"acf":[],"_links":{"self":[{"href":"https:\/\/mbc-marine.com\/it\/wp-json\/wp\/v2\/product\/2397","targetHints":{"allow":["GET"]}}],"collection":[{"href":"https:\/\/mbc-marine.com\/it\/wp-json\/wp\/v2\/product"}],"about":[{"href":"https:\/\/mbc-marine.com\/it\/wp-json\/wp\/v2\/types\/product"}],"version-history":[{"count":1,"href":"https:\/\/mbc-marine.com\/it\/wp-json\/wp\/v2\/product\/2397\/revisions"}],"predecessor-version":[{"id":8168,"href":"https:\/\/mbc-marine.com\/it\/wp-json\/wp\/v2\/product\/2397\/revisions\/8168"}],"wp:featuredmedia":[{"embeddable":true,"href":"https:\/\/mbc-marine.com\/it\/wp-json\/wp\/v2\/media\/6188"}],"wp:attachment":[{"href":"https:\/\/mbc-marine.com\/it\/wp-json\/wp\/v2\/media?parent=2397"}],"wp:term":[{"taxonomy":"product_brand","embeddable":true,"href":"https:\/\/mbc-marine.com\/it\/wp-json\/wp\/v2\/product_brand?post=2397"},{"taxonomy":"product_cat","embeddable":true,"href":"https:\/\/mbc-marine.com\/it\/wp-json\/wp\/v2\/product_cat?post=2397"},{"taxonomy":"product_tag","embeddable":true,"href":"https:\/\/mbc-marine.com\/it\/wp-json\/wp\/v2\/product_tag?post=2397"}],"curies":[{"name":"wp","href":"https:\/\/api.w.org\/{rel}","templated":true}]}}