{"id":1207,"date":"2024-08-29T10:32:29","date_gmt":"2024-08-29T08:32:29","guid":{"rendered":"https:\/\/mbc-marine.com\/?page_id=1207"},"modified":"2025-09-16T14:15:51","modified_gmt":"2025-09-16T12:15:51","slug":"ligacao-inteligente","status":"publish","type":"page","link":"https:\/\/mbc-marine.com\/pt\/smart-connect\/","title":{"rendered":"SMART CONNECT"},"content":{"rendered":"<div data-elementor-type=\"wp-page\" data-elementor-id=\"1207\" class=\"elementor elementor-1207\" data-elementor-post-type=\"page\">\n\t\t\t\t<div class=\"elementor-element elementor-element-7efcb47a e-flex e-con-boxed e-con e-parent\" data-id=\"7efcb47a\" data-element_type=\"container\" data-e-type=\"container\" data-settings=\"{&quot;jet_parallax_layout_list&quot;:[]}\">\n\t\t\t\t\t<div class=\"e-con-inner\">\n\t\t<div class=\"elementor-element elementor-element-4550435 e-con-full elementor-hidden-mobile e-flex e-con e-child\" data-id=\"4550435\" data-element_type=\"container\" data-e-type=\"container\" data-settings=\"{&quot;background_background&quot;:&quot;classic&quot;,&quot;jet_parallax_layout_list&quot;:[]}\">\n\t\t\t\t<div class=\"elementor-element elementor-element-9cbca30 elementor-widget elementor-widget-jet-video\" data-id=\"9cbca30\" data-element_type=\"widget\" data-e-type=\"widget\" data-widget_type=\"jet-video.default\">\n\t\t\t\t<div class=\"elementor-widget-container\">\n\t\t\t\t\t<div class=\"elementor-jet-video jet-elements\">\n<div class=\"jet-video jet-video--fa5-compat jet-video-aspect-ratio jet-video-aspect-ratio--16-9\" data-settings=\"{&quot;lightbox&quot;:false,&quot;autoplay&quot;:false}\"><iframe class=\"jet-video-iframe\" allowfullscreen allow=\"autoplay;encrypted-media\" title=\"Reprodutor de v\u00eddeo de youtube\" data-lazy-load=\"https:\/\/www.youtube.com\/embed\/uMZWF-8NT1s?feature=oembed&amp;start&amp;end&amp;wmode=opaque&amp;autoplay=0&amp;loop=0&amp;controls=1&amp;mute=0&amp;rel=0&amp;modestbranding=0\"><\/iframe>\n<div class=\"jet-video__overlay jet-video__overlay--custom-bg\" style=\"background-image: url(https:\/\/i.ytimg.com\/vi_webp\/uMZWF-8NT1s\/maxresdefault.webp);\">\n<div class=\"jet-video__play-button\" role=\"button\" tabindex=\"0\" aria-label=\"Bot\u00e3o de reprodu\u00e7\u00e3o de v\u00eddeo\"><span class=\"jet-elements-icon jet-video__play-button-icon\"><svg aria-hidden=\"true\" class=\"e-font-icon-svg e-fas-play\" viewbox=\"0 0 448 512\" xmlns=\"http:\/\/www.w3.org\/2000\/svg\"><path d=\"M424.4 214.7L72.4 6.6C43.8-10.3 0 6.1 0 47.9V464c0 37.5 40.7 60.1 72.4 41.3l352-208c31.4-18.5 31.5-64.1 0-82.6z\"><\/path><\/svg><\/span>\t<span class=\"elementor-screen-only\">Play Video<\/span>\n<\/div>\n<\/div>\n<\/div>\n<\/div>\t\t\t\t<\/div>\n\t\t\t\t<\/div>\n\t\t\t\t<\/div>\n\t\t<div class=\"elementor-element elementor-element-a1fe699 e-con-full e-flex e-con e-child\" data-id=\"a1fe699\" data-element_type=\"container\" data-e-type=\"container\" data-settings=\"{&quot;background_background&quot;:&quot;classic&quot;,&quot;jet_parallax_layout_list&quot;:[]}\">\n\t\t\t\t<div class=\"elementor-element elementor-element-334fe5b1 elementor-widget elementor-widget-heading\" data-id=\"334fe5b1\" data-element_type=\"widget\" data-e-type=\"widget\" data-widget_type=\"heading.default\">\n\t\t\t\t<div class=\"elementor-widget-container\">\n\t\t\t\t\t<h1 class=\"elementor-heading-title elementor-size-default\">MBC Marine\nLiga\u00e7\u00e3o inteligente<\/h1>\t\t\t\t<\/div>\n\t\t\t\t<\/div>\n\t\t\t\t<div class=\"elementor-element elementor-element-3ce2f069 elementor-align-center elementor-widget elementor-widget-button\" data-id=\"3ce2f069\" data-element_type=\"widget\" data-e-type=\"widget\" data-widget_type=\"button.default\">\n\t\t\t\t<div class=\"elementor-widget-container\">\n\t\t\t\t\t\t\t\t\t<div class=\"elementor-button-wrapper\">\n\t\t\t\t\t<a class=\"elementor-button elementor-button-link elementor-size-sm\" href=\"https:\/\/control.mbc-marine.com\/login\" target=\"_blank\">\n\t\t\t\t\t\t<span class=\"elementor-button-content-wrapper\">\n\t\t\t\t\t\t\t\t\t<span class=\"elementor-button-text\">Iniciar sess\u00e3o<\/span>\n\t\t\t\t\t<\/span>\n\t\t\t\t\t<\/a>\n\t\t\t\t<\/div>\n\t\t\t\t\t\t\t\t<\/div>\n\t\t\t\t<\/div>\n\t\t\t\t<div class=\"elementor-element elementor-element-5ac9180d elementor-widget elementor-widget-image\" data-id=\"5ac9180d\" data-element_type=\"widget\" data-e-type=\"widget\" data-widget_type=\"image.default\">\n\t\t\t\t<div class=\"elementor-widget-container\">\n\t\t\t\t\t\t\t\t\t\t\t\t\t\t\t<!--trp-no-translate--><!--trp-no-translate--><img fetchpriority=\"high\" decoding=\"async\" width=\"480\" height=\"619\" src=\"https:\/\/mbc-marine.com\/wp-content\/uploads\/2024\/08\/mobil_appsccreen.png?wsr\" class=\"attachment-large size-large wp-image-1211\" alt=\"mobil_appsccreen\" srcset=\"https:\/\/mbc-marine.com\/wp-content\/uploads\/2024\/08\/mobil_appsccreen.png 480w, https:\/\/mbc-marine.com\/wp-content\/uploads\/2024\/08\/mobil_appsccreen-233x300.png 233w\" sizes=\"(max-width: 480px) 100vw, 480px\" data-no-translation=\"\" \/><!--/trp-no-translate--><!--\/trp-no-translate-->\t\t\t\t\t\t\t\t\t\t\t\t\t\t\t<\/div>\n\t\t\t\t<\/div>\n\t\t\t\t<\/div>\n\t\t\t\t\t<\/div>\n\t\t\t\t<\/div>\n\t\t<div class=\"elementor-element elementor-element-59fa8cc2 e-flex e-con-boxed e-con e-parent\" data-id=\"59fa8cc2\" data-element_type=\"container\" data-e-type=\"container\" data-settings=\"{&quot;jet_parallax_layout_list&quot;:[]}\">\n\t\t\t\t\t<div class=\"e-con-inner\">\n\t\t\t\t<div class=\"elementor-element elementor-element-58d56eee elementor-widget elementor-widget-text-editor\" data-id=\"58d56eee\" data-element_type=\"widget\" data-e-type=\"widget\" data-widget_type=\"text-editor.default\">\n\t\t\t\t<div class=\"elementor-widget-container\">\n\t\t\t\t\t\t\t\t\t<h2>MBC Marine Smart Connect<\/h2><p>Experimente o m\u00e1ximo de conforto no seu barco com o MBC Marine Smart Connect.<\/p><p>Garanta a temperatura perfeita e o fornecimento de ar fresco para o seu barco em qualquer altura e em qualquer lugar com o MBC Marine Smart Connect.<\/p><p><strong>Imagine a comodidade:<\/strong> Quer esteja no escrit\u00f3rio ou \u00e0 espera de um sinal vermelho, pode regular o ar condicionado do seu barco para a temperatura ideal antes mesmo de entrar a bordo.\u00a0<\/p><p>Com apenas alguns toques no seu smartphone, ligue-se ao sistema de ar condicionado do seu barco atrav\u00e9s da Internet e ajuste as defini\u00e7\u00f5es de acordo com a sua prefer\u00eancia - quer seja no modo de arrefecimento ou de aquecimento.<\/p><h4>Carater\u00edsticas:<\/h4><p><strong>Controlo remoto<\/strong>: Gerir a climatiza\u00e7\u00e3o do seu barco a partir de qualquer lugar utilizando o seu smartphone.<\/p><p><strong>Conforto instant\u00e2neo<\/strong>: Chegar a um barco que j\u00e1 est\u00e1 \u00e0 temperatura perfeita.<\/p><p><strong>Interface de f\u00e1cil utiliza\u00e7\u00e3o<\/strong>: A configura\u00e7\u00e3o f\u00e1cil e os controlos intuitivos tornam-no simples de utilizar.<\/p><p>Actualize para o MBC Marine Smart Connect e desfrute de um conforto e comodidade sem paralelo no seu barco.<\/p>\t\t\t\t\t\t\t\t<\/div>\n\t\t\t\t<\/div>\n\t\t\t\t\t<\/div>\n\t\t\t\t<\/div>\n\t\t<div class=\"elementor-element elementor-element-2a2da11d e-flex e-con-boxed e-con e-child\" data-id=\"2a2da11d\" data-element_type=\"container\" data-e-type=\"container\" data-settings=\"{&quot;jet_parallax_layout_list&quot;:[]}\">\n\t\t\t\t\t<div class=\"e-con-inner\">\n\t\t\t\t<div class=\"elementor-element elementor-element-7cd88547 elementor-widget__width-initial elementor-widget elementor-widget-text-editor\" data-id=\"7cd88547\" data-element_type=\"widget\" data-e-type=\"widget\" data-widget_type=\"text-editor.default\">\n\t\t\t\t<div class=\"elementor-widget-container\">\n\t\t\t\t\t\t\t\t\t<h3 class=\"elementor-heading-title elementor-size-medium\">Manual de instala\u00e7\u00e3o e do utilizador do Smart Touch <br \/>Ecr\u00e3 t\u00e1til e controlo remoto via Internet para os aparelhos de ar condicionado MBC Marine<\/h3>\t\t\t\t\t\t\t\t<\/div>\n\t\t\t\t<\/div>\n\t\t\t\t<div class=\"elementor-element elementor-element-3000cd90 elementor-widget__width-initial elementor-widget elementor-widget-text-editor\" data-id=\"3000cd90\" data-element_type=\"widget\" data-e-type=\"widget\" data-widget_type=\"text-editor.default\">\n\t\t\t\t<div class=\"elementor-widget-container\">\n\t\t\t\t\t\t\t\t\t<p><strong>O Smart Touch \u00e9 um controlador de ecr\u00e3 t\u00e1til e controlo remoto via Internet para a linha de aparelhos de ar condicionado MBC Marine.<\/strong><\/p>\t\t\t\t\t\t\t\t<\/div>\n\t\t\t\t<\/div>\n\t\t\t\t\t<\/div>\n\t\t\t\t<\/div>\n\t\t<div class=\"elementor-element elementor-element-09305ad e-flex e-con-boxed e-con e-parent\" data-id=\"09305ad\" data-element_type=\"container\" data-e-type=\"container\" data-settings=\"{&quot;jet_parallax_layout_list&quot;:[]}\">\n\t\t\t\t\t<div class=\"e-con-inner\">\n\t\t\t\t<div class=\"elementor-element elementor-element-39b06b7 elementor-widget elementor-widget-html\" data-id=\"39b06b7\" data-element_type=\"widget\" data-e-type=\"widget\" data-widget_type=\"html.default\">\n\t\t\t\t<div class=\"elementor-widget-container\">\n\t\t\t\t\t<style>\n    .contact-banner-area\n    {\n        display: none;\n    }\n    .section-padding\n    {\n        padding-top: 25px;\n    }\n    \n<\/style>\t\t\t\t<\/div>\n\t\t\t\t<\/div>\n\t\t\t\t\t<\/div>\n\t\t\t\t<\/div>\n\t\t\t\t<\/div>","protected":false},"excerpt":{"rendered":"<p>Play Video MBC Marine Smart Connect Login MBC Marine Smart Connect Experience Ultimate Comfort on Your Boat with MBC Marine Smart Connect. Ensure the perfect temperature and fresh air supply for your boat anytime, anywhere with the MBC Marine Smart Connect. Imagine the convenience: Whether you&#8217;re at the office or waiting at a red light, [&hellip;]<\/p>\n","protected":false},"author":1,"featured_media":0,"parent":0,"menu_order":0,"comment_status":"closed","ping_status":"closed","template":"","meta":{"_acf_changed":false,"footnotes":""},"class_list":["post-1207","page","type-page","status-publish","hentry"],"acf":[],"yoast_head":"<!-- This site is optimized with the Yoast SEO Premium plugin v27.3 (Yoast SEO v27.3) - https:\/\/yoast.com\/product\/yoast-seo-premium-wordpress\/ -->\n<title>SMART CONNECT - MBC Marine<\/title>\n<meta name=\"description\" content=\"MBC Marine Smart Connect Experience Ultimate Comfort on Your Boat with MBC Marine Smart Connect.Ensure the perfect temperature and fresh air supply for your boat anytime, anywhere with the MBC Marine Smart Connect.\" \/>\n<meta name=\"robots\" content=\"index, follow, max-snippet:-1, max-image-preview:large, max-video-preview:-1\" \/>\n<link rel=\"canonical\" href=\"https:\/\/mbc-marine.com\/pt\/ligacao-inteligente\/\" \/>\n<meta property=\"og:locale\" content=\"pt_PT\" \/>\n<meta property=\"og:type\" content=\"article\" \/>\n<meta property=\"og:title\" content=\"SMART CONNECT\" \/>\n<meta property=\"og:description\" content=\"MBC Marine Smart Connect Experience Ultimate Comfort on Your Boat with MBC Marine Smart Connect.Ensure the perfect temperature and fresh air supply for your boat anytime, anywhere with the MBC Marine Smart Connect.\" \/>\n<meta property=\"og:url\" content=\"https:\/\/mbc-marine.com\/pt\/ligacao-inteligente\/\" \/>\n<meta property=\"og:site_name\" content=\"MBC Marine\" \/>\n<meta property=\"article:modified_time\" content=\"2025-09-16T12:15:51+00:00\" \/>\n<meta property=\"og:image\" content=\"https:\/\/mbc-marine.com\/wp-content\/uploads\/2024\/08\/mobil_appsccreen.png?wsr\" \/>\n\t<meta property=\"og:image:width\" content=\"480\" \/>\n\t<meta property=\"og:image:height\" content=\"619\" \/>\n\t<meta property=\"og:image:type\" content=\"image\/png\" \/>\n<meta name=\"twitter:card\" content=\"summary_large_image\" \/>\n<meta name=\"twitter:label1\" content=\"Tempo estimado de leitura\" \/>\n\t<meta name=\"twitter:data1\" content=\"2 minutos\" \/>\n<script type=\"application\/ld+json\" class=\"yoast-schema-graph\">{\"@context\":\"https:\\\/\\\/schema.org\",\"@graph\":[{\"@type\":\"WebPage\",\"@id\":\"https:\\\/\\\/mbc-marine.com\\\/smart-connect\\\/\",\"url\":\"https:\\\/\\\/mbc-marine.com\\\/smart-connect\\\/\",\"name\":\"SMART CONNECT - MBC Marine\",\"isPartOf\":{\"@id\":\"https:\\\/\\\/mbc-marine.com\\\/#website\"},\"primaryImageOfPage\":{\"@id\":\"https:\\\/\\\/mbc-marine.com\\\/smart-connect\\\/#primaryimage\"},\"image\":{\"@id\":\"https:\\\/\\\/mbc-marine.com\\\/smart-connect\\\/#primaryimage\"},\"thumbnailUrl\":\"https:\\\/\\\/mbc-marine.com\\\/wp-content\\\/uploads\\\/2024\\\/08\\\/mobil_appsccreen.png\",\"datePublished\":\"2024-08-29T08:32:29+00:00\",\"dateModified\":\"2025-09-16T12:15:51+00:00\",\"description\":\"MBC Marine Smart Connect Experience Ultimate Comfort on Your Boat with MBC Marine Smart Connect.Ensure the perfect temperature and fresh air supply for your boat anytime, anywhere with the MBC Marine Smart Connect.\",\"breadcrumb\":{\"@id\":\"https:\\\/\\\/mbc-marine.com\\\/smart-connect\\\/#breadcrumb\"},\"inLanguage\":\"pt-PT\",\"potentialAction\":[{\"@type\":\"ReadAction\",\"target\":[\"https:\\\/\\\/mbc-marine.com\\\/smart-connect\\\/\"]}]},{\"@type\":\"ImageObject\",\"inLanguage\":\"pt-PT\",\"@id\":\"https:\\\/\\\/mbc-marine.com\\\/smart-connect\\\/#primaryimage\",\"url\":\"https:\\\/\\\/mbc-marine.com\\\/wp-content\\\/uploads\\\/2024\\\/08\\\/mobil_appsccreen.png\",\"contentUrl\":\"https:\\\/\\\/mbc-marine.com\\\/wp-content\\\/uploads\\\/2024\\\/08\\\/mobil_appsccreen.png\"},{\"@type\":\"BreadcrumbList\",\"@id\":\"https:\\\/\\\/mbc-marine.com\\\/smart-connect\\\/#breadcrumb\",\"itemListElement\":[{\"@type\":\"ListItem\",\"position\":1,\"name\":\"Home\",\"item\":\"https:\\\/\\\/mbc-marine.com\\\/\"},{\"@type\":\"ListItem\",\"position\":2,\"name\":\"SMART CONNECT\"}]},{\"@type\":\"WebSite\",\"@id\":\"https:\\\/\\\/mbc-marine.com\\\/#website\",\"url\":\"https:\\\/\\\/mbc-marine.com\\\/\",\"name\":\"MBC Marine\",\"description\":\"\",\"potentialAction\":[{\"@type\":\"SearchAction\",\"target\":{\"@type\":\"EntryPoint\",\"urlTemplate\":\"https:\\\/\\\/mbc-marine.com\\\/?s={search_term_string}\"},\"query-input\":{\"@type\":\"PropertyValueSpecification\",\"valueRequired\":true,\"valueName\":\"search_term_string\"}}],\"inLanguage\":\"pt-PT\"}]}<\/script>\n<!-- \/ Yoast SEO Premium plugin. -->","yoast_head_json":{"title":"SMART CONNECT - MBC Marine","description":"MBC Marine Smart Connect Experimente o m\u00e1ximo conforto no seu barco com o MBC Marine Smart Connect. Garanta a temperatura perfeita e o fornecimento de ar fresco para o seu barco a qualquer hora e em qualquer lugar com o MBC Marine Smart Connect.","robots":{"index":"index","follow":"follow","max-snippet":"max-snippet:-1","max-image-preview":"max-image-preview:large","max-video-preview":"max-video-preview:-1"},"canonical":"https:\/\/mbc-marine.com\/pt\/ligacao-inteligente\/","og_locale":"pt_PT","og_type":"article","og_title":"SMART CONNECT","og_description":"MBC Marine Smart Connect Experience Ultimate Comfort on Your Boat with MBC Marine Smart Connect.Ensure the perfect temperature and fresh air supply for your boat anytime, anywhere with the MBC Marine Smart Connect.","og_url":"https:\/\/mbc-marine.com\/pt\/ligacao-inteligente\/","og_site_name":"MBC Marine","article_modified_time":"2025-09-16T12:15:51+00:00","og_image":[{"width":480,"height":619,"url":"https:\/\/mbc-marine.com\/wp-content\/uploads\/2024\/08\/mobil_appsccreen.png?wsr","type":"image\/png"}],"twitter_card":"summary_large_image","twitter_misc":{"Tempo estimado de leitura":"2 minutos"},"schema":{"@context":"https:\/\/schema.org","@graph":[{"@type":"WebPage","@id":"https:\/\/mbc-marine.com\/smart-connect\/","url":"https:\/\/mbc-marine.com\/smart-connect\/","name":"SMART CONNECT - MBC Marine","isPartOf":{"@id":"https:\/\/mbc-marine.com\/#website"},"primaryImageOfPage":{"@id":"https:\/\/mbc-marine.com\/smart-connect\/#primaryimage"},"image":{"@id":"https:\/\/mbc-marine.com\/smart-connect\/#primaryimage"},"thumbnailUrl":"https:\/\/mbc-marine.com\/wp-content\/uploads\/2024\/08\/mobil_appsccreen.png","datePublished":"2024-08-29T08:32:29+00:00","dateModified":"2025-09-16T12:15:51+00:00","description":"MBC Marine Smart Connect Experimente o m\u00e1ximo conforto no seu barco com o MBC Marine Smart Connect. Garanta a temperatura perfeita e o fornecimento de ar fresco para o seu barco a qualquer hora e em qualquer lugar com o MBC Marine Smart Connect.","breadcrumb":{"@id":"https:\/\/mbc-marine.com\/smart-connect\/#breadcrumb"},"inLanguage":"pt-PT","potentialAction":[{"@type":"ReadAction","target":["https:\/\/mbc-marine.com\/smart-connect\/"]}]},{"@type":"ImageObject","inLanguage":"pt-PT","@id":"https:\/\/mbc-marine.com\/smart-connect\/#primaryimage","url":"https:\/\/mbc-marine.com\/wp-content\/uploads\/2024\/08\/mobil_appsccreen.png","contentUrl":"https:\/\/mbc-marine.com\/wp-content\/uploads\/2024\/08\/mobil_appsccreen.png"},{"@type":"BreadcrumbList","@id":"https:\/\/mbc-marine.com\/smart-connect\/#breadcrumb","itemListElement":[{"@type":"ListItem","position":1,"name":"Home","item":"https:\/\/mbc-marine.com\/"},{"@type":"ListItem","position":2,"name":"SMART CONNECT"}]},{"@type":"WebSite","@id":"https:\/\/mbc-marine.com\/#website","url":"https:\/\/mbc-marine.com\/","name":"MBC Marine","description":"","potentialAction":[{"@type":"SearchAction","target":{"@type":"EntryPoint","urlTemplate":"https:\/\/mbc-marine.com\/?s={search_term_string}"},"query-input":{"@type":"PropertyValueSpecification","valueRequired":true,"valueName":"search_term_string"}}],"inLanguage":"pt-PT"}]}},"_links":{"self":[{"href":"https:\/\/mbc-marine.com\/pt\/wp-json\/wp\/v2\/pages\/1207","targetHints":{"allow":["GET"]}}],"collection":[{"href":"https:\/\/mbc-marine.com\/pt\/wp-json\/wp\/v2\/pages"}],"about":[{"href":"https:\/\/mbc-marine.com\/pt\/wp-json\/wp\/v2\/types\/page"}],"author":[{"embeddable":true,"href":"https:\/\/mbc-marine.com\/pt\/wp-json\/wp\/v2\/users\/1"}],"replies":[{"embeddable":true,"href":"https:\/\/mbc-marine.com\/pt\/wp-json\/wp\/v2\/comments?post=1207"}],"version-history":[{"count":3,"href":"https:\/\/mbc-marine.com\/pt\/wp-json\/wp\/v2\/pages\/1207\/revisions"}],"predecessor-version":[{"id":7139,"href":"https:\/\/mbc-marine.com\/pt\/wp-json\/wp\/v2\/pages\/1207\/revisions\/7139"}],"wp:attachment":[{"href":"https:\/\/mbc-marine.com\/pt\/wp-json\/wp\/v2\/media?parent=1207"}],"curies":[{"name":"wp","href":"https:\/\/api.w.org\/{rel}","templated":true}]}}