{"id":219,"date":"2023-03-02T04:18:38","date_gmt":"2023-03-02T04:18:38","guid":{"rendered":"https:\/\/freakytheme.com\/wp\/marinocart\/?page_id=219"},"modified":"2025-09-14T14:05:28","modified_gmt":"2025-09-14T12:05:28","slug":"contactar-nos","status":"publish","type":"page","link":"https:\/\/mbc-marine.com\/pt\/contact-us\/","title":{"rendered":"Contactar-nos"},"content":{"rendered":"\t\t<div data-elementor-type=\"wp-page\" data-elementor-id=\"219\" class=\"elementor elementor-219\" data-elementor-post-type=\"page\">\n\t\t\t\t\t\t<section class=\"elementor-section elementor-top-section elementor-element elementor-element-c80677b elementor-section-boxed elementor-section-height-default elementor-section-height-default\" data-id=\"c80677b\" data-element_type=\"section\" data-e-type=\"section\" data-settings=\"{&quot;jet_parallax_layout_list&quot;:[]}\">\n\t\t\t\t\t\t<div class=\"elementor-container elementor-column-gap-default\">\n\t\t\t\t\t<div class=\"elementor-column elementor-col-100 elementor-top-column elementor-element elementor-element-e099947\" data-id=\"e099947\" data-element_type=\"column\" data-e-type=\"column\">\n\t\t\t<div class=\"elementor-widget-wrap elementor-element-populated\">\n\t\t\t\t\t\t<div class=\"elementor-element elementor-element-e0f7194 elementor-widget elementor-widget-text-editor\" data-id=\"e0f7194\" data-element_type=\"widget\" data-e-type=\"widget\" data-widget_type=\"text-editor.default\">\n\t\t\t\t<div class=\"elementor-widget-container\">\n\t\t\t\t\t\t\t\t\t<div class=\"elementor-element elementor-element-302c3f69 elementor-widget elementor-widget-heading is-mac\" data-id=\"302c3f69\" data-element_type=\"widget\" data-widget_type=\"heading.default\"><div class=\"elementor-widget-container\" style=\"text-align: left;\"><h3 class=\"elementor-heading-title elementor-size-default\">We\u2019re always here to help.<\/h3><\/div><\/div><div class=\"elementor-element elementor-element-1379699a elementor-widget elementor-widget-heading is-mac\" data-id=\"1379699a\" data-element_type=\"widget\" data-widget_type=\"heading.default\"><div class=\"elementor-widget-container\"><h3 class=\"elementor-heading-title elementor-size-default\" style=\"text-align: left;\">Drop us a message and we\u2019ll get back to you soon.<\/h3><\/div><\/div>\t\t\t\t\t\t\t\t<\/div>\n\t\t\t\t<\/div>\n\t\t\t\t<div class=\"elementor-element elementor-element-fd40977 elementor-widget elementor-widget-spacer\" data-id=\"fd40977\" data-element_type=\"widget\" data-e-type=\"widget\" data-widget_type=\"spacer.default\">\n\t\t\t\t<div class=\"elementor-widget-container\">\n\t\t\t\t\t\t\t<div class=\"elementor-spacer\">\n\t\t\t<div class=\"elementor-spacer-inner\"><\/div>\n\t\t<\/div>\n\t\t\t\t\t\t<\/div>\n\t\t\t\t<\/div>\n\t\t\t\t<div class=\"elementor-element elementor-element-d2a50c8 elementor-widget elementor-widget-heading\" data-id=\"d2a50c8\" data-element_type=\"widget\" data-e-type=\"widget\" data-widget_type=\"heading.default\">\n\t\t\t\t<div class=\"elementor-widget-container\">\n\t\t\t\t\t<h2 class=\"elementor-heading-title elementor-size-default\">SEND MESSAGE\n<\/h2>\t\t\t\t<\/div>\n\t\t\t\t<\/div>\n\t\t\t\t<div class=\"elementor-element elementor-element-f56565f elementor-widget elementor-widget-shortcode\" data-id=\"f56565f\" data-element_type=\"widget\" data-e-type=\"widget\" data-widget_type=\"shortcode.default\">\n\t\t\t\t<div class=\"elementor-widget-container\">\n\t\t\t\t\t\t\t<div class=\"elementor-shortcode\">\n<div class=\"wpcf7 no-js\" id=\"wpcf7-f223-o1\" lang=\"en-US\" dir=\"ltr\" data-wpcf7-id=\"223\">\n<div class=\"screen-reader-response\"><p role=\"status\" aria-live=\"polite\" aria-atomic=\"true\"><\/p> <ul><\/ul><\/div>\n<form action=\"\/pt\/wp-json\/wp\/v2\/pages\/219#wpcf7-f223-o1\" method=\"post\" class=\"wpcf7-form init\" aria-label=\"Contact form\" novalidate=\"novalidate\" data-status=\"init\">\n<fieldset class=\"hidden-fields-container\"><input type=\"hidden\" name=\"_wpcf7\" value=\"223\" \/><input type=\"hidden\" name=\"_wpcf7_version\" value=\"6.1.5\" \/><input type=\"hidden\" name=\"_wpcf7_locale\" value=\"en_US\" \/><input type=\"hidden\" name=\"_wpcf7_unit_tag\" value=\"wpcf7-f223-o1\" \/><input type=\"hidden\" name=\"_wpcf7_container_post\" value=\"0\" \/><input type=\"hidden\" name=\"_wpcf7_posted_data_hash\" value=\"\" \/><input type=\"hidden\" name=\"_wpcf7cf_hidden_group_fields\" value=\"[]\" \/><input type=\"hidden\" name=\"_wpcf7cf_hidden_groups\" value=\"[]\" \/><input type=\"hidden\" name=\"_wpcf7cf_visible_groups\" value=\"[]\" \/><input type=\"hidden\" name=\"_wpcf7cf_repeaters\" value=\"[]\" \/><input type=\"hidden\" name=\"_wpcf7cf_steps\" value=\"{}\" \/><input type=\"hidden\" name=\"_wpcf7cf_options\" value=\"{&quot;form_id&quot;:223,&quot;conditions&quot;:[{&quot;then_field&quot;:&quot;data1&quot;,&quot;and_rules&quot;:[{&quot;if_field&quot;:&quot;select-997&quot;,&quot;operator&quot;:&quot;equals&quot;,&quot;if_value&quot;:&quot;Technical question&quot;}]},{&quot;then_field&quot;:&quot;esc&quot;,&quot;and_rules&quot;:[{&quot;if_field&quot;:&quot;select-431&quot;,&quot;operator&quot;:&quot;equals&quot;,&quot;if_value&quot;:&quot;ESC&quot;}]},{&quot;then_field&quot;:&quot;sdc&quot;,&quot;and_rules&quot;:[{&quot;if_field&quot;:&quot;select-431&quot;,&quot;operator&quot;:&quot;equals&quot;,&quot;if_value&quot;:&quot;SDC&quot;}]},{&quot;then_field&quot;:&quot;-1&quot;,&quot;and_rules&quot;:[{&quot;if_field&quot;:&quot;select-431&quot;,&quot;operator&quot;:&quot;equals&quot;,&quot;if_value&quot;:&quot;SCP&quot;}]},{&quot;then_field&quot;:&quot;hc&quot;,&quot;and_rules&quot;:[{&quot;if_field&quot;:&quot;select-431&quot;,&quot;operator&quot;:&quot;equals&quot;,&quot;if_value&quot;:&quot;HC&quot;}]},{&quot;then_field&quot;:&quot;-1&quot;,&quot;and_rules&quot;:[{&quot;if_field&quot;:&quot;select-431&quot;,&quot;operator&quot;:&quot;equals&quot;,&quot;if_value&quot;:&quot;CPFG&quot;}]}],&quot;settings&quot;:{&quot;animation&quot;:&quot;yes&quot;,&quot;animation_intime&quot;:200,&quot;animation_outtime&quot;:200,&quot;conditions_ui&quot;:&quot;normal&quot;,&quot;notice_dismissed&quot;:false,&quot;notice_dismissed_update-cf7-6.1.1&quot;:true,&quot;notice_dismissed_update-cf7-6.1.3&quot;:true}}\" \/><input type=\"hidden\" name=\"_wpcf7_recaptcha_response\" value=\"\" \/>\n<\/fieldset>\n<div class=\"contact-form-area\">\n\t<div class=\"form-wrapper\">\n\t\t<div class=\"row\">\n\t\t\t<div class=\"col-md-12\" >\n\t\t\t\t<p><span class=\"wpcf7-form-control-wrap\" data-name=\"select-997\"><select class=\"wpcf7-form-control wpcf7-select wpcf7-validates-as-required\" aria-required=\"true\" aria-invalid=\"false\" name=\"select-997\"><option value=\"Select subject..\">Select subject..<\/option><option value=\"Sales\">Sales<\/option><option value=\"Technical question\">Technical question<\/option><\/select><\/span>\n\t\t\t\t<\/p>\n\t\t\t<\/div>\n\t\t\t<div data-id=\"data1\" data-orig_data_id=\"data1\"  class=\"data1\" data-class=\"wpcf7cf_group\">\n\t\t\t\t<div class=\"col-md-12\">\n\t\t\t\t\t<p><span class=\"wpcf7-form-control-wrap\" data-name=\"select-431\"><select class=\"wpcf7-form-control wpcf7-select\" aria-invalid=\"false\" name=\"select-431\"><option value=\"\">Select AC Units type..<\/option><option value=\"ESC\">ESC<\/option><option value=\"SDC\">SDC<\/option><option value=\"SCP\">SCP<\/option><option value=\"HC\">HC<\/option><option value=\"CPFG\">CPFG<\/option><\/select><\/span>\n\t\t\t\t\t<\/p>\n\t\t\t\t<\/div>\n\t\t\t<\/div>\n\t\t\t<div data-id=\"esc\" data-orig_data_id=\"esc\"  class=\"\" data-class=\"wpcf7cf_group\">\n\t\t\t\t<p><a style=\"font-size: 18px; padding-left:15px;\" href=\"https:\/\/mbc-marine.com\/wp-content\/uploads\/2024\/10\/SSC-ESC-USER-and-INSTALLATION-Manual_EN.pdf\" target=\"_blank\">Click here to read the manual \u2013 most questions are answered there.<\/a>\n\t\t\t\t<\/p>\n\t\t\t<\/div>\n\t\t\t<div data-id=\"sdc\" data-orig_data_id=\"sdc\"  class=\"\" data-class=\"wpcf7cf_group\">\n\t\t\t\t<p><a style=\"font-size: 18px; padding-left:15px;\" href=\"https:\/\/mbc-marine.com\/wp-content\/uploads\/2024\/10\/SDC-USER-and-INSTALLATION-Manual_EN-2.pdf\" target=\"_blank\">Click here to read the manual \u2013 most questions are answered there.<\/a>\n\t\t\t\t<\/p>\n\t\t\t<\/div>\n\t\t\t<div data-id=\"hc\" data-orig_data_id=\"hc\"  class=\"\" data-class=\"wpcf7cf_group\">\n\t\t\t\t<p><a style=\"font-size: 18px; padding-left:15px;\" href=\"https:\/\/mbc-marine.com\/wp-content\/uploads\/2025\/01\/chiller_users_manual_2_web.pdf\" target=\"_blank\">Click here to read the manual \u2013 most questions are answered there.<\/a>\n\t\t\t\t<\/p>\n\t\t\t<\/div>\n\t\t\t<div class=\"col-md-6\" style=\"margin-top:15px;\">\n\t\t\t\t<p><span class=\"wpcf7-form-control-wrap\" data-name=\"name-field\"><input size=\"40\" maxlength=\"400\" class=\"wpcf7-form-control wpcf7-text wpcf7-validates-as-required form-control\" aria-required=\"true\" aria-invalid=\"false\" placeholder=\"Your Name\" value=\"\" type=\"text\" name=\"name-field\" \/><\/span>\n\t\t\t\t<\/p>\n\t\t\t<\/div>\n\t\t\t<div class=\"col-md-6\" style=\"margin-top:15px;\">\n\t\t\t\t<p><span class=\"wpcf7-form-control-wrap\" data-name=\"email-field\"><input size=\"40\" maxlength=\"400\" class=\"wpcf7-form-control wpcf7-email wpcf7-validates-as-required wpcf7-text wpcf7-validates-as-email form-control\" aria-required=\"true\" aria-invalid=\"false\" placeholder=\"Your Email\" value=\"\" type=\"email\" name=\"email-field\" \/><\/span>\n\t\t\t\t<\/p>\n\t\t\t<\/div>\n\t\t\t<div class=\"col-md-12\">\n\t\t\t\t<p><span class=\"wpcf7-form-control-wrap\" data-name=\"tell-field\"><input size=\"40\" maxlength=\"400\" class=\"wpcf7-form-control wpcf7-tel wpcf7-text wpcf7-validates-as-tel form-control\" aria-invalid=\"false\" placeholder=\"Phone Number\" value=\"\" type=\"tel\" name=\"tell-field\" \/><\/span>\n\t\t\t\t<\/p>\n\t\t\t<\/div>\n\t\t\t<div class=\"col-lg-12\">\n\t\t\t\t<p><span class=\"wpcf7-form-control-wrap\" data-name=\"message-field\"><textarea cols=\"40\" rows=\"10\" maxlength=\"2000\" class=\"wpcf7-form-control wpcf7-textarea form-control\" aria-invalid=\"false\" placeholder=\"Write A Massage\" name=\"message-field\"><\/textarea><\/span>\n\t\t\t\t<\/p>\n\t\t\t<\/div>\n\t\t\t<div class=\"col-lg-12\">\n\t\t\t\t<p><span class=\"wpcf7-form-control-wrap\" data-name=\"acceptance-383\"><span class=\"wpcf7-form-control wpcf7-acceptance\"><span class=\"wpcf7-list-item\"><label><input type=\"checkbox\" name=\"acceptance-383\" value=\"1\" aria-invalid=\"false\" \/><span class=\"wpcf7-list-item-label\">I accept the terms of the <a href=\"https:\/\/mbc-marine.com\/privacy-policy\" target=\"_blank\">privacy policy.<\/a><\/span><\/label><\/span><\/span><\/span>\n\t\t\t\t<\/p>\n\t\t\t<\/div>\n\t\t\t<div class=\"col-lg-12\">\n\t\t\t\t<p><input class=\"wpcf7-form-control wpcf7-submit has-spinner\" type=\"submit\" value=\"SEND MESSAGE\" \/>\n\t\t\t\t<\/p>\n\t\t\t<\/div>\n\t\t<\/div>\n\t<\/div>\n<\/div>\n<style>\n.nice-select\n{\nwidth: 100%;\n}\n.data1\n{\nmargin-bottom: 15px;\n}\n<\/style><div class=\"wpcf7-response-output\" aria-hidden=\"true\"><\/div>\n<\/form>\n<\/div>\n<\/div>\n\t\t\t\t\t\t<\/div>\n\t\t\t\t<\/div>\n\t\t\t\t<div class=\"elementor-element elementor-element-d2be2bc elementor-widget elementor-widget-spacer\" data-id=\"d2be2bc\" data-element_type=\"widget\" data-e-type=\"widget\" data-widget_type=\"spacer.default\">\n\t\t\t\t<div class=\"elementor-widget-container\">\n\t\t\t\t\t\t\t<div class=\"elementor-spacer\">\n\t\t\t<div class=\"elementor-spacer-inner\"><\/div>\n\t\t<\/div>\n\t\t\t\t\t\t<\/div>\n\t\t\t\t<\/div>\n\t\t<div class=\"elementor-element elementor-element-b790f49 e-grid e-con-full e-con e-parent\" data-id=\"b790f49\" data-element_type=\"container\" data-e-type=\"container\" data-settings=\"{&quot;jet_parallax_layout_list&quot;:[]}\">\n\t\t\t\t<div class=\"elementor-element elementor-element-0c7bf67 elementor-widget elementor-widget-text-editor\" data-id=\"0c7bf67\" data-element_type=\"widget\" data-e-type=\"widget\" data-widget_type=\"text-editor.default\">\n\t\t\t\t<div class=\"elementor-widget-container\">\n\t\t\t\t\t\t\t\t\t<p style=\"text-align: left;\"><strong><span style=\"font-size: x-large;\">MBC Marine &#8211; Office and Warehouse<\/span><\/strong><\/p><p style=\"text-align: left;\"><strong><span style=\"font-size: x-large;\">2049 Di\u00f3sd Pet\u0151fi S\u00e1ndor u. 39\/A \u00a0&#8211; <\/span><\/strong><span style=\"font-size: 18pt;\"><strong>Budapest Hungary<\/strong><\/span><\/p>\t\t\t\t\t\t\t\t<\/div>\n\t\t\t\t<\/div>\n\t\t\t\t<\/div>\n\t\t<div class=\"elementor-element elementor-element-97ca8d6 e-grid e-con-full e-con e-parent\" data-id=\"97ca8d6\" data-element_type=\"container\" data-e-type=\"container\" data-settings=\"{&quot;jet_parallax_layout_list&quot;:[]}\">\n\t\t\t\t<div class=\"elementor-element elementor-element-3c716f0 elementor-widget elementor-widget-google_maps\" data-id=\"3c716f0\" data-element_type=\"widget\" data-e-type=\"widget\" data-widget_type=\"google_maps.default\">\n\t\t\t\t<div class=\"elementor-widget-container\">\n\t\t\t\t\t\t\t<div class=\"elementor-custom-embed\">\n\t\t\t<iframe loading=\"lazy\"\n\t\t\t\t\tsrc=\"https:\/\/maps.google.com\/maps?q=2049%20Di%C3%B3sd%20Pet%C5%91fi%20S%C3%A1ndor%20utca%2039%2Fa&#038;t=m&#038;z=10&#038;output=embed&#038;iwloc=near\"\n\t\t\t\t\ttitle=\"2049 Di\u00f3sd Pet\u0151fi S\u00e1ndor utca 39\/a\"\n\t\t\t\t\taria-label=\"2049 Di\u00f3sd Pet\u0151fi S\u00e1ndor utca 39\/a\"\n\t\t\t><\/iframe>\n\t\t<\/div>\n\t\t\t\t\t\t<\/div>\n\t\t\t\t<\/div>\n\t\t\t\t<div class=\"elementor-element elementor-element-fd2cc71 elementor-widget elementor-widget-image\" data-id=\"fd2cc71\" data-element_type=\"widget\" data-e-type=\"widget\" data-widget_type=\"image.default\">\n\t\t\t\t<div class=\"elementor-widget-container\">\n\t\t\t\t\t\t\t\t\t\t\t\t\t\t\t<!--trp-no-translate--><img decoding=\"async\" src=\"https:\/\/mbc-marine.com\/wp-content\/uploads\/2025\/09\/mbc-marine-warehoure.jpeg?wsr\" title=\"MBC Marine warehouse\" alt=\"MBC Marine warehouse\" loading=\"lazy\" \/><!--/trp-no-translate-->\t\t\t\t\t\t\t\t\t\t\t\t\t\t\t<\/div>\n\t\t\t\t<\/div>\n\t\t\t\t<\/div>\n\t\t\t\t\t<\/div>\n\t\t<\/div>\n\t\t\t\t\t<\/div>\n\t\t<\/section>\n\t\t\t\t<\/div>\n\t\t","protected":false},"excerpt":{"rendered":"<p>We\u2019re always here to help. Drop us a message and we\u2019ll get back to you soon. SEND MESSAGE MBC Marine &#8211; Office and Warehouse 2049 Di\u00f3sd Pet\u0151fi S\u00e1ndor u. 39\/A \u00a0&#8211; Budapest Hungary<\/p>","protected":false},"author":1,"featured_media":0,"parent":0,"menu_order":0,"comment_status":"closed","ping_status":"closed","template":"elementor_header_footer","meta":{"_acf_changed":false,"footnotes":""},"class_list":["post-219","page","type-page","status-publish","hentry"],"acf":[],"yoast_head":"<!-- This site is optimized with the Yoast SEO Premium plugin v27.3 (Yoast SEO v27.3) - https:\/\/yoast.com\/product\/yoast-seo-premium-wordpress\/ -->\n<title>Contact Us - MBC Marine<\/title>\n<meta name=\"description\" content=\"We\u2019re always here to help. Drop us a line and we\u2019ll get back to you soon.We\u2019re always here to help.Drop us a line and we\u2019ll get back to you soon.\" \/>\n<meta name=\"robots\" content=\"index, follow, max-snippet:-1, max-image-preview:large, max-video-preview:-1\" \/>\n<link rel=\"canonical\" href=\"https:\/\/mbc-marine.com\/pt\/contactar-nos\/\" \/>\n<meta property=\"og:locale\" content=\"pt_PT\" \/>\n<meta property=\"og:type\" content=\"article\" \/>\n<meta property=\"og:title\" content=\"Contact Us\" \/>\n<meta property=\"og:description\" content=\"We\u2019re always here to help. Drop us a line and we\u2019ll get back to you soon.We\u2019re always here to help.Drop us a line and we\u2019ll get back to you soon.\" \/>\n<meta property=\"og:url\" content=\"https:\/\/mbc-marine.com\/pt\/contactar-nos\/\" \/>\n<meta property=\"og:site_name\" content=\"MBC Marine\" \/>\n<meta property=\"article:modified_time\" content=\"2025-09-14T12:05:28+00:00\" \/>\n<meta property=\"og:image\" content=\"https:\/\/mbc-marine.com\/wp-content\/uploads\/2025\/09\/mbc-marine-warehoure.jpeg\" \/>\n<meta name=\"twitter:card\" content=\"summary_large_image\" \/>\n<meta name=\"twitter:label1\" content=\"Tempo estimado de leitura\" \/>\n\t<meta name=\"twitter:data1\" content=\"1 minuto\" \/>\n<script type=\"application\/ld+json\" class=\"yoast-schema-graph\">{\"@context\":\"https:\\\/\\\/schema.org\",\"@graph\":[{\"@type\":\"WebPage\",\"@id\":\"https:\\\/\\\/mbc-marine.com\\\/contact-us\\\/\",\"url\":\"https:\\\/\\\/mbc-marine.com\\\/contact-us\\\/\",\"name\":\"Contact Us - MBC Marine\",\"isPartOf\":{\"@id\":\"https:\\\/\\\/mbc-marine.com\\\/#website\"},\"primaryImageOfPage\":{\"@id\":\"https:\\\/\\\/mbc-marine.com\\\/contact-us\\\/#primaryimage\"},\"image\":{\"@id\":\"https:\\\/\\\/mbc-marine.com\\\/contact-us\\\/#primaryimage\"},\"thumbnailUrl\":\"https:\\\/\\\/mbc-marine.com\\\/wp-content\\\/uploads\\\/2025\\\/09\\\/mbc-marine-warehoure.jpeg\",\"datePublished\":\"2023-03-02T04:18:38+00:00\",\"dateModified\":\"2025-09-14T12:05:28+00:00\",\"description\":\"We\u2019re always here to help. Drop us a line and we\u2019ll get back to you soon.We\u2019re always here to help.Drop us a line and we\u2019ll get back to you soon.\",\"breadcrumb\":{\"@id\":\"https:\\\/\\\/mbc-marine.com\\\/contact-us\\\/#breadcrumb\"},\"inLanguage\":\"pt-PT\",\"potentialAction\":[{\"@type\":\"ReadAction\",\"target\":[\"https:\\\/\\\/mbc-marine.com\\\/contact-us\\\/\"]}]},{\"@type\":\"ImageObject\",\"inLanguage\":\"pt-PT\",\"@id\":\"https:\\\/\\\/mbc-marine.com\\\/contact-us\\\/#primaryimage\",\"url\":\"https:\\\/\\\/mbc-marine.com\\\/wp-content\\\/uploads\\\/2025\\\/09\\\/mbc-marine-warehoure.jpeg\",\"contentUrl\":\"https:\\\/\\\/mbc-marine.com\\\/wp-content\\\/uploads\\\/2025\\\/09\\\/mbc-marine-warehoure.jpeg\"},{\"@type\":\"BreadcrumbList\",\"@id\":\"https:\\\/\\\/mbc-marine.com\\\/contact-us\\\/#breadcrumb\",\"itemListElement\":[{\"@type\":\"ListItem\",\"position\":1,\"name\":\"Home\",\"item\":\"https:\\\/\\\/mbc-marine.com\\\/\"},{\"@type\":\"ListItem\",\"position\":2,\"name\":\"Contact Us\"}]},{\"@type\":\"WebSite\",\"@id\":\"https:\\\/\\\/mbc-marine.com\\\/#website\",\"url\":\"https:\\\/\\\/mbc-marine.com\\\/\",\"name\":\"MBC Marine\",\"description\":\"\",\"potentialAction\":[{\"@type\":\"SearchAction\",\"target\":{\"@type\":\"EntryPoint\",\"urlTemplate\":\"https:\\\/\\\/mbc-marine.com\\\/?s={search_term_string}\"},\"query-input\":{\"@type\":\"PropertyValueSpecification\",\"valueRequired\":true,\"valueName\":\"search_term_string\"}}],\"inLanguage\":\"pt-PT\"}]}<\/script>\n<!-- \/ Yoast SEO Premium plugin. -->","yoast_head_json":{"title":"Contacte-nos - MBC Marine","description":"Estamos sempre aqui para ajudar. Estamos sempre aqui para ajudar. Deixe-nos uma mensagem e entraremos em contacto consigo em breve.","robots":{"index":"index","follow":"follow","max-snippet":"max-snippet:-1","max-image-preview":"max-image-preview:large","max-video-preview":"max-video-preview:-1"},"canonical":"https:\/\/mbc-marine.com\/pt\/contactar-nos\/","og_locale":"pt_PT","og_type":"article","og_title":"Contact Us","og_description":"We\u2019re always here to help. Drop us a line and we\u2019ll get back to you soon.We\u2019re always here to help.Drop us a line and we\u2019ll get back to you soon.","og_url":"https:\/\/mbc-marine.com\/pt\/contactar-nos\/","og_site_name":"MBC Marine","article_modified_time":"2025-09-14T12:05:28+00:00","og_image":[{"url":"https:\/\/mbc-marine.com\/wp-content\/uploads\/2025\/09\/mbc-marine-warehoure.jpeg","type":"","width":"","height":""}],"twitter_card":"summary_large_image","twitter_misc":{"Tempo estimado de leitura":"1 minuto"},"schema":{"@context":"https:\/\/schema.org","@graph":[{"@type":"WebPage","@id":"https:\/\/mbc-marine.com\/contact-us\/","url":"https:\/\/mbc-marine.com\/contact-us\/","name":"Contacte-nos - MBC Marine","isPartOf":{"@id":"https:\/\/mbc-marine.com\/#website"},"primaryImageOfPage":{"@id":"https:\/\/mbc-marine.com\/contact-us\/#primaryimage"},"image":{"@id":"https:\/\/mbc-marine.com\/contact-us\/#primaryimage"},"thumbnailUrl":"https:\/\/mbc-marine.com\/wp-content\/uploads\/2025\/09\/mbc-marine-warehoure.jpeg","datePublished":"2023-03-02T04:18:38+00:00","dateModified":"2025-09-14T12:05:28+00:00","description":"Estamos sempre aqui para ajudar. Estamos sempre aqui para ajudar. Deixe-nos uma mensagem e entraremos em contacto consigo em breve.","breadcrumb":{"@id":"https:\/\/mbc-marine.com\/contact-us\/#breadcrumb"},"inLanguage":"pt-PT","potentialAction":[{"@type":"ReadAction","target":["https:\/\/mbc-marine.com\/contact-us\/"]}]},{"@type":"ImageObject","inLanguage":"pt-PT","@id":"https:\/\/mbc-marine.com\/contact-us\/#primaryimage","url":"https:\/\/mbc-marine.com\/wp-content\/uploads\/2025\/09\/mbc-marine-warehoure.jpeg","contentUrl":"https:\/\/mbc-marine.com\/wp-content\/uploads\/2025\/09\/mbc-marine-warehoure.jpeg"},{"@type":"BreadcrumbList","@id":"https:\/\/mbc-marine.com\/contact-us\/#breadcrumb","itemListElement":[{"@type":"ListItem","position":1,"name":"Home","item":"https:\/\/mbc-marine.com\/"},{"@type":"ListItem","position":2,"name":"Contact Us"}]},{"@type":"WebSite","@id":"https:\/\/mbc-marine.com\/#website","url":"https:\/\/mbc-marine.com\/","name":"MBC Marine","description":"","potentialAction":[{"@type":"SearchAction","target":{"@type":"EntryPoint","urlTemplate":"https:\/\/mbc-marine.com\/?s={search_term_string}"},"query-input":{"@type":"PropertyValueSpecification","valueRequired":true,"valueName":"search_term_string"}}],"inLanguage":"pt-PT"}]}},"_links":{"self":[{"href":"https:\/\/mbc-marine.com\/pt\/wp-json\/wp\/v2\/pages\/219","targetHints":{"allow":["GET"]}}],"collection":[{"href":"https:\/\/mbc-marine.com\/pt\/wp-json\/wp\/v2\/pages"}],"about":[{"href":"https:\/\/mbc-marine.com\/pt\/wp-json\/wp\/v2\/types\/page"}],"author":[{"embeddable":true,"href":"https:\/\/mbc-marine.com\/pt\/wp-json\/wp\/v2\/users\/1"}],"replies":[{"embeddable":true,"href":"https:\/\/mbc-marine.com\/pt\/wp-json\/wp\/v2\/comments?post=219"}],"version-history":[{"count":0,"href":"https:\/\/mbc-marine.com\/pt\/wp-json\/wp\/v2\/pages\/219\/revisions"}],"wp:attachment":[{"href":"https:\/\/mbc-marine.com\/pt\/wp-json\/wp\/v2\/media?parent=219"}],"curies":[{"name":"wp","href":"https:\/\/api.w.org\/{rel}","templated":true}]}}