{"id":3,"date":"2024-08-23T15:40:27","date_gmt":"2024-08-23T13:40:27","guid":{"rendered":"https:\/\/mbc-marine.com\/?page_id=3"},"modified":"2025-09-16T14:23:05","modified_gmt":"2025-09-16T12:23:05","slug":"politica-de-privacidade","status":"publish","type":"page","link":"https:\/\/mbc-marine.com\/pt\/privacy-policy\/","title":{"rendered":"Pol\u00edtica de privacidade"},"content":{"rendered":"\t\t<div data-elementor-type=\"wp-page\" data-elementor-id=\"3\" class=\"elementor elementor-3\" data-elementor-post-type=\"page\">\n\t\t\t\t<div class=\"elementor-element elementor-element-5b6d26e1 e-flex e-con-boxed e-con e-parent\" data-id=\"5b6d26e1\" data-element_type=\"container\" data-e-type=\"container\" data-settings=\"{&quot;jet_parallax_layout_list&quot;:[]}\">\n\t\t\t\t\t<div class=\"e-con-inner\">\n\t\t\t\t<div class=\"elementor-element elementor-element-52b53343 elementor-widget elementor-widget-text-editor\" data-id=\"52b53343\" data-element_type=\"widget\" data-e-type=\"widget\" data-widget_type=\"text-editor.default\">\n\t\t\t\t<div class=\"elementor-widget-container\">\n\t\t\t\t\t\t\t\t\t<div>\n<div class=\"grid-cols-1 grid gap-2.5 [&amp;_&gt;_*]:min-w-0 !gap-3.5\">\n<h1 class=\"whitespace-normal break-words\">Privacy Policy\u00a0<\/h1>\n<p class=\"whitespace-normal break-words\"><br \/>Your personal data is processed by:<\/p>\n<p class=\"whitespace-normal break-words\"><strong>Company name:<\/strong> MBC Marine Kft.<br \/><strong>Registered office:<\/strong> 2049 Di\u00f3sd, Pet\u0151fi S\u00e1ndor utca 39.<br \/><strong>Company registration number:<\/strong> 13 09 239934<br \/><strong>Court of registration:<\/strong> Budapest-Capital Regional Court &#8211; Court of Registration (hereinafter: Data Controller).<\/p>\n<p class=\"whitespace-normal break-words\">Please carefully read this data processing information notice (hereinafter: Notice), in which we describe our practices regarding the processing of your personal data in accordance with the General Data Protection Regulation (GDPR, i.e., Regulation 2016\/679 of the European Parliament and of the Council). This Notice applies to individuals (you) who use the Data Controller&#8217;s services as consumers. It shows how the Data Controller collects, uses, and in certain cases shares your personal data with third parties, and provides information about your rights as a &#8220;data subject&#8221; in connection with data processing.<\/p>\n<p class=\"whitespace-normal break-words\">The Data Controller is committed to protecting the personal data and privacy of individuals visiting this website. This notice and declaration primarily concerns the confidential processing and protection of personal data of customers and newsletter subscribers via the internet, but it also includes website visitors. We summarize what data about you the owner may collect and how it may be used, and in what manner it may be utilized. The data will not be transferred to unauthorized persons and will be used in the form specified in this notice.<\/p>\n<p class=\"whitespace-normal break-words\">In contracts, the purpose of data processing may be modified in individual cases, which occurs under the conditions specified in the given contract.<\/p>\n<p class=\"whitespace-normal break-words\">The notice provides important information about the protection of your personal data and your related rights. If the user does not accept these conditions, they have the right to suspend the use of the website and end browsing without providing personal data.<\/p>\n<h2 class=\"text-xl font-bold text-text-100 mt-1 -mb-0.5\">DATA CONTROLLER&#8217;S RESPONSIBILITY AND CONTACT INFORMATION<\/h2>\n<h3 class=\"text-lg font-bold text-text-100 mt-1 -mb-1.5\">1.1 Information related to data processing<\/h3>\n<p class=\"whitespace-normal break-words\">Regarding the data processing described in this Notice, MBC Marine Kft. is the data controller (hereinafter: Data Controller).<\/p>\n<p class=\"whitespace-normal break-words\">In case of remarks, questions, or complaints regarding our data protection procedures, we can be reached at the following contact information: MBC Marine Kft., 2049 Di\u00f3sd, Pet\u0151fi S\u00e1ndor utca 39.<\/p>\n<table class=\"bg-bg-100 min-w-full border-separate border-spacing-0 text-sm leading-[1.88888] whitespace-normal\">\n<thead class=\"border-b-border-100\/50 border-b-[0.5px] text-left\">\n<tr class=\"[tbody&gt;&amp;]:odd:bg-bg-500\/10\">\n<th class=\"text-text-000 [&amp;:not(:first-child)]:-x-[hsla(var(--border-100) \/ 0.5)] px-2 [&amp;:not(:first-child)]:border-l-[0.5px]\">Data Controller<\/th>\n<th class=\"text-text-000 [&amp;:not(:first-child)]:-x-[hsla(var(--border-100) \/ 0.5)] px-2 [&amp;:not(:first-child)]:border-l-[0.5px]\">Areas of Responsibility<\/th>\n<\/tr>\n<\/thead>\n<tbody>\n<tr class=\"[tbody&gt;&amp;]:odd:bg-bg-500\/10\">\n<td class=\"border-t-border-100\/50 [&amp;:not(:first-child)]:-x-[hsla(var(--border-100) \/ 0.5)] border-t-[0.5px] px-2 [&amp;:not(:first-child)]:border-l-[0.5px]\">MBC Marine Kft.<br \/>2049 Di\u00f3sd, Pet\u0151fi S\u00e1ndor utca 39.<\/td>\n<td class=\"border-t-border-100\/50 [&amp;:not(:first-child)]:-x-[hsla(var(--border-100) \/ 0.5)] border-t-[0.5px] px-2 [&amp;:not(:first-child)]:border-l-[0.5px]\">All activities<\/td>\n<\/tr>\n<\/tbody>\n<\/table>\n<p class=\"whitespace-normal break-words\">According to your choice, you are entitled to access our websites without providing personal data, but accepting the cookie policy is essential for browsing, and in case of newsletter subscription, approval of the privacy notice and declaration is required. Personal data is all information that relates to an identifiable natural person, directly or indirectly, according to an identification number or based on data belonging to it. In the event that the Website Owner collects your personal data, the data collection takes place with transparent and confidential data processing.<\/p>\n<p class=\"whitespace-normal break-words\">Your personal data is information that helps identify your person, for example: surname, first name, citizenship, phone number, postal address, email address. Your personal data is collected voluntarily by the owner during browsing on the site, always indicating the data that must necessarily be provided to achieve the purpose. If you do not wish to provide this data, you cannot access certain functions and services of the website. The collection of optionally provided data serves to understand user needs and develop the website and services.<\/p>\n<p class=\"whitespace-normal break-words\">The Owner takes all measures to ensure that the personal data it processes is accurate and up-to-date.<\/p>\n<h2 class=\"text-xl font-bold text-text-100 mt-1 -mb-0.5\">The following personal data is processed:<\/h2>\n<ul class=\"[&amp;:not(:last-child)_ul]:pb-1 [&amp;:not(:last-child)_ol]:pb-1 list-disc space-y-1.5 pl-7\">\n<li class=\"whitespace-normal break-words\">Surname, first name, company name and contact person&#8217;s name (in case of companies)<\/li>\n<li class=\"whitespace-normal break-words\">Registered office address (in case of companies), residential address, mailing address<\/li>\n<li class=\"whitespace-normal break-words\">Email address<\/li>\n<li class=\"whitespace-normal break-words\">Phone number<\/li>\n<li class=\"whitespace-normal break-words\">System information (IP address, system version, resolution, statistics on pages viewed on the website, browsing habits, behavioral patterns)<\/li>\n<\/ul>\n<h2 class=\"text-xl font-bold text-text-100 mt-1 -mb-0.5\">Data processing duration:<\/h2>\n<ul class=\"[&amp;:not(:last-child)_ul]:pb-1 [&amp;:not(:last-child)_ol]:pb-1 list-disc space-y-1.5 pl-7\">\n<li class=\"whitespace-normal break-words\">For direct marketing consents: until the user withdraws consent<\/li>\n<li class=\"whitespace-normal break-words\">For profile data: 4 years from the last login<\/li>\n<li class=\"whitespace-normal break-words\">For purchase data: 8 years based on Section 169(2) of the Accounting Act<\/li>\n<\/ul>\n<h2 class=\"text-xl font-bold text-text-100 mt-1 -mb-0.5\">Data transfer conditions<\/h2>\n<p class=\"whitespace-normal break-words\">The Data Controller may transfer the data it processes &#8211; to the necessary extent &#8211; to persons and companies designated by it operating in the following areas:<\/p>\n<ul class=\"[&amp;:not(:last-child)_ul]:pb-1 [&amp;:not(:last-child)_ol]:pb-1 list-disc space-y-1.5 pl-7\">\n<li class=\"whitespace-normal break-words\">Data processing<\/li>\n<li class=\"whitespace-normal break-words\">Legal representation<\/li>\n<li class=\"whitespace-normal break-words\">Authorities authorized by law to handle legal disputes<\/li>\n<li class=\"whitespace-normal break-words\">Delivery<\/li>\n<li class=\"whitespace-normal break-words\">Accounting<\/li>\n<li class=\"whitespace-normal break-words\">Debt management<\/li>\n<li class=\"whitespace-normal break-words\">Marketing<\/li>\n<li class=\"whitespace-normal break-words\">Billing<\/li>\n<\/ul>\n<h2 class=\"text-xl font-bold text-text-100 mt-1 -mb-0.5\">Companies or persons involved in data processing or affecting data processing<\/h2>\n<p class=\"whitespace-normal break-words\">The owner, MBC Marine Kft., processes the data. In addition to the owner, other companies also participate in the processing and storage of contractual customers&#8217; data.<\/p>\n<h3 class=\"text-lg font-bold text-text-100 mt-1 -mb-1.5\">Which companies are involved in data processing?<\/h3>\n<p class=\"whitespace-normal break-words\">Companies involved in data processing during the Owner&#8217;s activities:<\/p>\n<ul class=\"[&amp;:not(:last-child)_ul]:pb-1 [&amp;:not(:last-child)_ol]:pb-1 list-disc space-y-1.5 pl-7\">\n<li class=\"whitespace-normal break-words\"><strong>Hosting service provider:<\/strong> Name: address, contact information<\/li>\n<li class=\"whitespace-normal break-words\"><strong>Google Inc.:<\/strong> 1600 Amphitheatre Parkway, Mountain View, CA 94043, USA, additional contact information, email system, cloud data and file storage, online document management, and related services: Google Drive, Google Docs, Google Search Console, Google Analytics, Google AdSense, Google AdWords, YouTube, Blogger, Chrome browser support &#8211; Google privacy and privacy principles.<\/li>\n<li class=\"whitespace-normal break-words\">In special cases, the contract may contain additional data processors (persons or companies).<\/li>\n<\/ul>\n<h2 class=\"text-xl font-bold text-text-100 mt-1 -mb-0.5\">Data owner rights and enforcement<\/h2>\n<p class=\"whitespace-normal break-words\">If you do not want your personal data to be used for commercial offers, you have the right to prohibit this without justification. Your deletion request must be sent in writing to the Data Controller, by email or postal letter, to the indicated contact information.<\/p>\n<h2 class=\"text-xl font-bold text-text-100 mt-1 -mb-0.5\">Protection of personal data of minors and persons with limited capacity<\/h2>\n<p class=\"whitespace-normal break-words\">The MBC Marine Kft. internet website and the content of its appearances are mostly not intended for minors under 13 years of age. We do not process and do not collect personal data about children under 13 without verifiable parental or guardian consent. Parents or guardians may request the disclosure and deletion of data concerning the child. If the age becomes apparent to the Data Controller during data processing and data processing, the data may be used to obtain parental consent.<\/p>\n<p class=\"whitespace-normal break-words\">The consent of a legal representative is required for the statement of a minor with no capacity or limited capacity, except for registration-oriented service parts that are common in everyday life and do not require special consideration.<\/p>\n<h2 class=\"text-xl font-bold text-text-100 mt-1 -mb-0.5\">Cookie management<\/h2>\n<h2 class=\"text-xl font-bold text-text-100 mt-1 -mb-0.5\">Concepts<\/h2>\n<ul class=\"[&amp;:not(:last-child)_ul]:pb-1 [&amp;:not(:last-child)_ol]:pb-1 list-disc space-y-1.5 pl-7\">\n<li class=\"whitespace-normal break-words\"><strong>Data processor:<\/strong> natural or legal person, public authority, agency, or any other body that processes personal data on behalf of the data controller<\/li>\n<li class=\"whitespace-normal break-words\"><strong>Data processing:<\/strong> any operation or set of operations performed on personal data or data files in an automated or non-automated manner, such as: collection, recording, organization, structuring, storage, adaptation, alteration, retrieval, consultation, use, disclosure, dissemination, otherwise making available, alignment, combination, restriction, erasure, destruction<\/li>\n<li class=\"whitespace-normal break-words\"><strong>Data transfer:<\/strong> making personal data processed by the Data Controller available to third parties<\/li>\n<li class=\"whitespace-normal break-words\"><strong>Personal data breach:<\/strong> a breach of security leading to the accidental or unlawful destruction, loss, alteration, unauthorized disclosure of, or access to, personal data transmitted, stored, or otherwise processed<\/li>\n<li class=\"whitespace-normal break-words\"><strong>General Terms and Conditions:<\/strong> General Terms and Conditions published on the website, recording the Data Controller&#8217;s product and service sales rules<\/li>\n<li class=\"whitespace-normal break-words\"><strong>Identifiable natural person:<\/strong> natural person who can be identified, directly or indirectly, in particular by reference to an identifier such as a name, identification number, location data, online identifier, or to one or more factors specific to the physical, physiological, genetic, mental, economic, cultural, or social identity of that natural person<\/li>\n<li class=\"whitespace-normal break-words\"><strong>Recipient:<\/strong> natural or legal person, public authority, agency, or another body, to which the personal data are disclosed, whether a third party or not<\/li>\n<li class=\"whitespace-normal break-words\"><strong>Consent of the data subject:<\/strong> any freely given, specific, informed, and unambiguous indication of the data subject&#8217;s wishes by which he or she, by a statement or by a clear affirmative action, signifies agreement to the processing of personal data relating to him or her<\/li>\n<li class=\"whitespace-normal break-words\"><strong>Data subject:<\/strong> any identified or identifiable natural person based on any information<\/li>\n<li class=\"whitespace-normal break-words\"><strong>Users:<\/strong> visitors to websites operated by the Data Controller, accessible at <a class=\"underline\" href=\"https:\/\/mbc-marine.com\/\">https:\/\/mbc-marine.com\/<\/a> and other addresses specified there<\/li>\n<li class=\"whitespace-normal break-words\"><strong>Third party:<\/strong> natural or legal person, public authority, agency, or body other than the data subject, controller, processor, and persons who, under the direct authority of the controller or processor, are authorized to process personal data<\/li>\n<li class=\"whitespace-normal break-words\"><strong>Authority:<\/strong> National Authority for Data Protection and Freedom of Information (registered office: 1125 Budapest, Szil\u00e1gyi Erzs\u00e9bet fasor 22\/c., phone: 06-1 391-1400, fax: 06-1 391-1410, email: <a class=\"underline\" href=\"mailto:ugyfelszolgalat@naih.hu\">ugyfelszolgalat@naih.hu<\/a>, website: naih.hu)<\/li>\n<li class=\"whitespace-normal break-words\"><strong>Partner\/Customer:<\/strong> natural person who enters into a contract with the Data Controller not on the website for product sales or service provision<\/li>\n<li class=\"whitespace-normal break-words\"><strong>Registration:<\/strong> recording of website user&#8217;s personal data, thereby creating a user account<\/li>\n<li class=\"whitespace-normal break-words\"><strong>Personal data:<\/strong> any information relating to the data subject<\/li>\n<li class=\"whitespace-normal break-words\"><strong>Website:<\/strong> websites operated by the Data Controller, MBC Marine Kft. and accessible at other addresses specified there<\/li>\n<\/ul>\n<\/div>\n<\/div>\n<div class=\"h-8\">\u00a0<\/div>\t\t\t\t\t\t\t\t<\/div>\n\t\t\t\t<\/div>\n\t\t\t\t\t<\/div>\n\t\t\t\t<\/div>\n\t\t\t\t<\/div>\n\t\t","protected":false},"excerpt":{"rendered":"<p>Privacy Policy\u00a0 Your personal data is processed by: Company name: MBC Marine Kft.Registered office: 2049 Di\u00f3sd, Pet\u0151fi S\u00e1ndor utca 39.Company registration number: 13 09 239934Court of registration: Budapest-Capital Regional Court &#8211; Court of Registration (hereinafter: Data Controller). Please carefully read this data processing information notice (hereinafter: Notice), in which we describe our practices regarding the [&hellip;]<\/p>\n","protected":false},"author":1,"featured_media":0,"parent":0,"menu_order":0,"comment_status":"closed","ping_status":"closed","template":"","meta":{"_acf_changed":false,"footnotes":""},"class_list":["post-3","page","type-page","status-publish","hentry"],"acf":[],"yoast_head":"<!-- This site is optimized with the Yoast SEO Premium plugin v27.3 (Yoast SEO v27.3) - https:\/\/yoast.com\/product\/yoast-seo-premium-wordpress\/ -->\n<title>Privacy Policy - MBC Marine<\/title>\n<meta name=\"robots\" content=\"index, follow, max-snippet:-1, max-image-preview:large, max-video-preview:-1\" \/>\n<link rel=\"canonical\" href=\"https:\/\/mbc-marine.com\/pt\/politica-de-privacidade\/\" \/>\n<meta property=\"og:locale\" content=\"pt_PT\" \/>\n<meta property=\"og:type\" content=\"article\" \/>\n<meta property=\"og:title\" content=\"Privacy Policy\" \/>\n<meta property=\"og:description\" content=\"Privacy Policy\u00a0 Your personal data is processed by: Company name: MBC Marine Kft.Registered office: 2049 Di\u00f3sd, Pet\u0151fi S\u00e1ndor utca 39.Company registration number: 13 09 239934Court of registration: Budapest-Capital Regional Court &#8211; Court of Registration (hereinafter: Data Controller). Please carefully read this data processing information notice (hereinafter: Notice), in which we describe our practices regarding the [&hellip;]\" \/>\n<meta property=\"og:url\" content=\"https:\/\/mbc-marine.com\/pt\/politica-de-privacidade\/\" \/>\n<meta property=\"og:site_name\" content=\"MBC Marine\" \/>\n<meta property=\"article:modified_time\" content=\"2025-09-16T12:23:05+00:00\" \/>\n<meta name=\"twitter:card\" content=\"summary_large_image\" \/>\n<meta name=\"twitter:label1\" content=\"Tempo estimado de leitura\" \/>\n\t<meta name=\"twitter:data1\" content=\"7 minutos\" \/>\n<script type=\"application\/ld+json\" class=\"yoast-schema-graph\">{\"@context\":\"https:\\\/\\\/schema.org\",\"@graph\":[{\"@type\":\"WebPage\",\"@id\":\"https:\\\/\\\/mbc-marine.com\\\/privacy-policy\\\/\",\"url\":\"https:\\\/\\\/mbc-marine.com\\\/privacy-policy\\\/\",\"name\":\"Privacy Policy - MBC Marine\",\"isPartOf\":{\"@id\":\"https:\\\/\\\/mbc-marine.com\\\/#website\"},\"datePublished\":\"2024-08-23T13:40:27+00:00\",\"dateModified\":\"2025-09-16T12:23:05+00:00\",\"breadcrumb\":{\"@id\":\"https:\\\/\\\/mbc-marine.com\\\/privacy-policy\\\/#breadcrumb\"},\"inLanguage\":\"pt-PT\",\"potentialAction\":[{\"@type\":\"ReadAction\",\"target\":[\"https:\\\/\\\/mbc-marine.com\\\/privacy-policy\\\/\"]}]},{\"@type\":\"BreadcrumbList\",\"@id\":\"https:\\\/\\\/mbc-marine.com\\\/privacy-policy\\\/#breadcrumb\",\"itemListElement\":[{\"@type\":\"ListItem\",\"position\":1,\"name\":\"Home\",\"item\":\"https:\\\/\\\/mbc-marine.com\\\/\"},{\"@type\":\"ListItem\",\"position\":2,\"name\":\"Privacy Policy\"}]},{\"@type\":\"WebSite\",\"@id\":\"https:\\\/\\\/mbc-marine.com\\\/#website\",\"url\":\"https:\\\/\\\/mbc-marine.com\\\/\",\"name\":\"MBC Marine\",\"description\":\"\",\"potentialAction\":[{\"@type\":\"SearchAction\",\"target\":{\"@type\":\"EntryPoint\",\"urlTemplate\":\"https:\\\/\\\/mbc-marine.com\\\/?s={search_term_string}\"},\"query-input\":{\"@type\":\"PropertyValueSpecification\",\"valueRequired\":true,\"valueName\":\"search_term_string\"}}],\"inLanguage\":\"pt-PT\"}]}<\/script>\n<!-- \/ Yoast SEO Premium plugin. -->","yoast_head_json":{"title":"Pol\u00edtica de privacidade - MBC Marine","robots":{"index":"index","follow":"follow","max-snippet":"max-snippet:-1","max-image-preview":"max-image-preview:large","max-video-preview":"max-video-preview:-1"},"canonical":"https:\/\/mbc-marine.com\/pt\/politica-de-privacidade\/","og_locale":"pt_PT","og_type":"article","og_title":"Privacy Policy","og_description":"Privacy Policy\u00a0 Your personal data is processed by: Company name: MBC Marine Kft.Registered office: 2049 Di\u00f3sd, Pet\u0151fi S\u00e1ndor utca 39.Company registration number: 13 09 239934Court of registration: Budapest-Capital Regional Court &#8211; Court of Registration (hereinafter: Data Controller). Please carefully read this data processing information notice (hereinafter: Notice), in which we describe our practices regarding the [&hellip;]","og_url":"https:\/\/mbc-marine.com\/pt\/politica-de-privacidade\/","og_site_name":"MBC Marine","article_modified_time":"2025-09-16T12:23:05+00:00","twitter_card":"summary_large_image","twitter_misc":{"Tempo estimado de leitura":"7 minutos"},"schema":{"@context":"https:\/\/schema.org","@graph":[{"@type":"WebPage","@id":"https:\/\/mbc-marine.com\/privacy-policy\/","url":"https:\/\/mbc-marine.com\/privacy-policy\/","name":"Pol\u00edtica de privacidade - MBC Marine","isPartOf":{"@id":"https:\/\/mbc-marine.com\/#website"},"datePublished":"2024-08-23T13:40:27+00:00","dateModified":"2025-09-16T12:23:05+00:00","breadcrumb":{"@id":"https:\/\/mbc-marine.com\/privacy-policy\/#breadcrumb"},"inLanguage":"pt-PT","potentialAction":[{"@type":"ReadAction","target":["https:\/\/mbc-marine.com\/privacy-policy\/"]}]},{"@type":"BreadcrumbList","@id":"https:\/\/mbc-marine.com\/privacy-policy\/#breadcrumb","itemListElement":[{"@type":"ListItem","position":1,"name":"Home","item":"https:\/\/mbc-marine.com\/"},{"@type":"ListItem","position":2,"name":"Privacy Policy"}]},{"@type":"WebSite","@id":"https:\/\/mbc-marine.com\/#website","url":"https:\/\/mbc-marine.com\/","name":"MBC Marine","description":"","potentialAction":[{"@type":"SearchAction","target":{"@type":"EntryPoint","urlTemplate":"https:\/\/mbc-marine.com\/?s={search_term_string}"},"query-input":{"@type":"PropertyValueSpecification","valueRequired":true,"valueName":"search_term_string"}}],"inLanguage":"pt-PT"}]}},"_links":{"self":[{"href":"https:\/\/mbc-marine.com\/pt\/wp-json\/wp\/v2\/pages\/3","targetHints":{"allow":["GET"]}}],"collection":[{"href":"https:\/\/mbc-marine.com\/pt\/wp-json\/wp\/v2\/pages"}],"about":[{"href":"https:\/\/mbc-marine.com\/pt\/wp-json\/wp\/v2\/types\/page"}],"author":[{"embeddable":true,"href":"https:\/\/mbc-marine.com\/pt\/wp-json\/wp\/v2\/users\/1"}],"replies":[{"embeddable":true,"href":"https:\/\/mbc-marine.com\/pt\/wp-json\/wp\/v2\/comments?post=3"}],"version-history":[{"count":3,"href":"https:\/\/mbc-marine.com\/pt\/wp-json\/wp\/v2\/pages\/3\/revisions"}],"predecessor-version":[{"id":7163,"href":"https:\/\/mbc-marine.com\/pt\/wp-json\/wp\/v2\/pages\/3\/revisions\/7163"}],"wp:attachment":[{"href":"https:\/\/mbc-marine.com\/pt\/wp-json\/wp\/v2\/media?parent=3"}],"curies":[{"name":"wp","href":"https:\/\/api.w.org\/{rel}","templated":true}]}}