{"id":3774,"date":"2025-03-18T09:49:28","date_gmt":"2025-03-18T08:49:28","guid":{"rendered":"https:\/\/mbc-marine.com\/?page_id=3774"},"modified":"2025-09-09T16:32:21","modified_gmt":"2025-09-09T14:32:21","slug":"informacao","status":"publish","type":"page","link":"https:\/\/mbc-marine.com\/pt\/information\/","title":{"rendered":"Informa\u00e7\u00f5es"},"content":{"rendered":"<div data-elementor-type=\"wp-page\" data-elementor-id=\"3774\" class=\"elementor elementor-3774\" data-elementor-post-type=\"page\">\n\t\t\t\t<div class=\"elementor-element elementor-element-633bd9b e-flex e-con-boxed e-con e-parent\" data-id=\"633bd9b\" data-element_type=\"container\" data-e-type=\"container\" data-settings=\"{&quot;jet_parallax_layout_list&quot;:[]}\">\n\t\t\t\t\t<div class=\"e-con-inner\">\n\t\t\t\t<div class=\"elementor-element elementor-element-1d4d8b3 elementor-widget elementor-widget-heading\" data-id=\"1d4d8b3\" data-element_type=\"widget\" data-e-type=\"widget\" data-widget_type=\"heading.default\">\n\t\t\t\t<div class=\"elementor-widget-container\">\n\t\t\t\t\t<h1 class=\"elementor-heading-title elementor-size-default\">Informa\u00e7\u00f5es<\/h1>\t\t\t\t<\/div>\n\t\t\t\t<\/div>\n\t\t\t\t<div class=\"elementor-element elementor-element-c53bf46 elementor-widget elementor-widget-heading\" data-id=\"c53bf46\" data-element_type=\"widget\" data-e-type=\"widget\" data-widget_type=\"heading.default\">\n\t\t\t\t<div class=\"elementor-widget-container\">\n\t\t\t\t\t<h2 class=\"elementor-heading-title elementor-size-default\">Material do evaporador<\/h2>\t\t\t\t<\/div>\n\t\t\t\t<\/div>\n\t\t\t\t<div class=\"elementor-element elementor-element-57e071e elementor-widget elementor-widget-text-editor\" data-id=\"57e071e\" data-element_type=\"widget\" data-e-type=\"widget\" data-widget_type=\"text-editor.default\">\n\t\t\t\t<div class=\"elementor-widget-container\">\n\t\t\t\t\t\t\t\t\t<p><strong>CuNi (Cobre-N\u00edquel)<\/strong><br \/>Os permutadores de calor CuNi (Cobre-N\u00edquel) oferecem uma excelente resist\u00eancia \u00e0 corros\u00e3o, uma vez que a sua durabilidade natural os protege da \u00e1gua do mar e da exposi\u00e7\u00e3o a produtos qu\u00edmicos, ao contr\u00e1rio dos permutadores de calor de alum\u00ednio revestido, cuja camada protetora se pode desgastar com o tempo. T\u00eam uma vida \u00fatil mais longa, requerem menos manuten\u00e7\u00e3o e proporcionam uma melhor efici\u00eancia de transfer\u00eancia de calor devido \u00e0 condutividade t\u00e9rmica superior da liga de cobre-n\u00edquel. Al\u00e9m disso, s\u00e3o mais resistentes mecanicamente, menos propensos a danos e mais f\u00e1ceis de limpar, uma vez que s\u00e3o menos suscept\u00edveis a biofilme e outros dep\u00f3sitos. Por estas raz\u00f5es, os permutadores de calor CuNi s\u00e3o a escolha ideal para ambientes marinhos e condi\u00e7\u00f5es de funcionamento extremas.<\/p>\t\t\t\t\t\t\t\t<\/div>\n\t\t\t\t<\/div>\n\t\t\t\t<div class=\"elementor-element elementor-element-4e25090 elementor-widget elementor-widget-text-editor\" data-id=\"4e25090\" data-element_type=\"widget\" data-e-type=\"widget\" data-widget_type=\"text-editor.default\">\n\t\t\t\t<div class=\"elementor-widget-container\">\n\t\t\t\t\t\t\t\t\t<p><strong>Alum\u00ednio revestido com barbatana azul<\/strong><br \/>Os permutadores de calor de alum\u00ednio com revestimento Blue Fin proporcionam uma maior resist\u00eancia \u00e0 corros\u00e3o atrav\u00e9s da aplica\u00e7\u00e3o de uma camada hidrof\u00f3bica protetora nas alhetas de alum\u00ednio. Este revestimento melhora a durabilidade em ambientes h\u00famidos e salgados, reduzindo o risco de oxida\u00e7\u00e3o e prolongando a vida \u00fatil da unidade em compara\u00e7\u00e3o com o alum\u00ednio padr\u00e3o. O revestimento Blue Fin tamb\u00e9m melhora a drenagem da \u00e1gua, evitando a acumula\u00e7\u00e3o de humidade e melhorando a efici\u00eancia da permuta de calor. Embora n\u00e3o seja t\u00e3o dur\u00e1vel como os permutadores de calor CuNi, o alum\u00ednio revestido com Blue Fin oferece uma alternativa econ\u00f3mica com melhor desempenho em condi\u00e7\u00f5es dif\u00edceis, tornando-o uma escolha adequada para aplica\u00e7\u00f5es mar\u00edtimas e costeiras.<\/p>\t\t\t\t\t\t\t\t<\/div>\n\t\t\t\t<\/div>\n\t\t\t\t<div class=\"elementor-element elementor-element-e32a8e8 elementor-widget elementor-widget-heading\" data-id=\"e32a8e8\" data-element_type=\"widget\" data-e-type=\"widget\" data-widget_type=\"heading.default\">\n\t\t\t\t<div class=\"elementor-widget-container\">\n\t\t\t\t\t<h2 class=\"elementor-heading-title elementor-size-default\">Acess\u00f3rios<\/h2>\t\t\t\t<\/div>\n\t\t\t\t<\/div>\n\t\t\t\t<div class=\"elementor-element elementor-element-a45c65c elementor-widget elementor-widget-text-editor\" data-id=\"a45c65c\" data-element_type=\"widget\" data-e-type=\"widget\" data-widget_type=\"text-editor.default\">\n\t\t\t\t<div class=\"elementor-widget-container\">\n\t\t\t\t\t\t\t\t\t<p><strong>Ecr\u00e3 SMART<\/strong><br \/>MBC Marine Smart ConnectExperimente o m\u00e1ximo de conforto no seu barco com o MBC Marine Smart Connect.<br \/>Garanta a temperatura perfeita e o fornecimento de ar fresco para o seu barco em qualquer altura e em qualquer lugar com o MBC Marine Smart Connect.<br \/>Imagine a comodidade: Quer esteja no escrit\u00f3rio ou \u00e0 espera de um sinal vermelho, pode regular o ar condicionado do seu barco para a temperatura ideal antes mesmo de entrar a bordo.\u00a0<br \/>Com apenas alguns toques no seu smartphone, ligue-se ao sistema de ar condicionado do seu barco atrav\u00e9s da Internet e ajuste as defini\u00e7\u00f5es de acordo com a sua prefer\u00eancia - quer seja no modo de arrefecimento ou de aquecimento.<br \/><br \/><\/p>\t\t\t\t\t\t\t\t<\/div>\n\t\t\t\t<\/div>\n\t\t\t\t<div class=\"elementor-element elementor-element-903ef67 elementor-widget elementor-widget-text-editor\" data-id=\"903ef67\" data-element_type=\"widget\" data-e-type=\"widget\" data-widget_type=\"text-editor.default\">\n\t\t\t\t<div class=\"elementor-widget-container\">\n\t\t\t\t\t\t\t\t\t<p><strong>Arrancador suave<\/strong><br \/>A solu\u00e7\u00e3o definitiva para um arranque optimizado O MBC Easy Start permite que qualquer aparelho de ar condicionado funcione com uma fonte de alimenta\u00e7\u00e3o de tens\u00e3o mais baixa, eliminando a necessidade de um gerador maior ou adicional. Reduz significativamente a corrente de arranque do compressor, tornando-o num arrancador suave de engenharia personalizada, especificamente concebido para motores monof\u00e1sicos. O arrancador suave MBC utiliza uma sequ\u00eancia de rampa de arranque auto-optimizada em quatro partes para atingir a corrente de arranque mais baixa poss\u00edvel. Isto torna-o a solu\u00e7\u00e3o perfeita para o funcionamento de aparelhos de ar condicionado com um gerador ou inversor, mesmo quando a energia da rede el\u00e9ctrica \u00e9 limitada. <br \/><br \/><\/p>\t\t\t\t\t\t\t\t<\/div>\n\t\t\t\t<\/div>\n\t\t\t\t<div class=\"elementor-element elementor-element-1d89487 elementor-widget elementor-widget-heading\" data-id=\"1d89487\" data-element_type=\"widget\" data-e-type=\"widget\" data-widget_type=\"heading.default\">\n\t\t\t\t<div class=\"elementor-widget-container\">\n\t\t\t\t\t<h2 class=\"elementor-heading-title elementor-size-default\">Arrefecimento \/ Aquecimento\n<\/h2>\t\t\t\t<\/div>\n\t\t\t\t<\/div>\n\t\t\t\t<div class=\"elementor-element elementor-element-22ba37f elementor-widget elementor-widget-text-editor\" data-id=\"22ba37f\" data-element_type=\"widget\" data-e-type=\"widget\" data-widget_type=\"text-editor.default\">\n\t\t\t\t<div class=\"elementor-widget-container\">\n\t\t\t\t\t\t\t\t\t<p>Nos sistemas de ar condicionado mar\u00edtimos, a invers\u00e3o do ciclo permite que a unidade alterne entre arrefecimento e aquecimento, invertendo o fluxo de refrigerante atrav\u00e9s de uma v\u00e1lvula de quatro vias. No modo de arrefecimento, o calor \u00e9 absorvido do ar interior e expelido para a \u00e1gua do mar, enquanto no modo de aquecimento, o sistema extrai calor da \u00e1gua do mar e transfere-o para o interior. Este processo eficiente permite o controlo clim\u00e1tico durante todo o ano utilizando um \u00fanico sistema, mas a sua efic\u00e1cia depende da temperatura da \u00e1gua do mar, uma vez que a \u00e1gua extremamente fria pode reduzir o desempenho do aquecimento.<\/p>\t\t\t\t\t\t\t\t<\/div>\n\t\t\t\t<\/div>\n\t\t\t\t<div class=\"elementor-element elementor-element-f6e915c elementor-widget elementor-widget-heading\" data-id=\"f6e915c\" data-element_type=\"widget\" data-e-type=\"widget\" data-widget_type=\"heading.default\">\n\t\t\t\t<div class=\"elementor-widget-container\">\n\t\t\t\t\t<h2 class=\"elementor-heading-title elementor-size-default\">TERMOS DE GARANTIA<\/h2>\t\t\t\t<\/div>\n\t\t\t\t<\/div>\n\t\t\t\t<div class=\"elementor-element elementor-element-f6927a7 elementor-widget elementor-widget-text-editor\" data-id=\"f6927a7\" data-element_type=\"widget\" data-e-type=\"widget\" data-widget_type=\"text-editor.default\">\n\t\t\t\t<div class=\"elementor-widget-container\">\n\t\t\t\t\t\t\t\t\t<p data-start=\"0\" data-end=\"740\">As presentes Condi\u00e7\u00f5es de Garantia aplicam-se apenas \u00e0s vendas de unidades e acess\u00f3rios novos (doravante designados por \u201cProdutos\u201d) efectuadas pela MBC MARINE Kft. (a seguir designada por \u201cEmpresa\u201d) em benef\u00edcio de um Concession\u00e1rio pertencente \u00e0 rede de distribui\u00e7\u00e3o da Empresa. Por Revendedor, entende-se qualquer pessoa singular ou colectiva aprovada pela Empresa que adquire os Produtos no \u00e2mbito da sua atividade profissional, para os vender a subadquirentes. Estas condi\u00e7\u00f5es de garantia n\u00e3o limitam de forma alguma os direitos que, devido \u00e0 legisla\u00e7\u00e3o aplic\u00e1vel \u00e0 revenda do Produto a um subadquirente, n\u00e3o podem ser exclu\u00eddos ou restringidos. O revendedor \u00e9 o \u00fanico respons\u00e1vel pelas modalidades de venda e garantias aplic\u00e1veis \u00e0 revenda do produto ao subadquirente, independentemente da sua qualidade.<\/p><p data-start=\"742\" data-end=\"2356\">GARANTIAS CONTRATUAIS As garantias contratuais mencionadas abaixo s\u00e3o concedidas apenas ao Revendedor, que reconhece e declara possuir os recursos materiais, os conhecimentos espec\u00edficos e as compet\u00eancias t\u00e9cnicas para efetuar os servi\u00e7os (incluindo os servi\u00e7os de instala\u00e7\u00e3o e p\u00f3s-venda), comprometendo-se ainda a, atrav\u00e9s do seu pessoal qualificado e formado, prestar estes servi\u00e7os em perfeita qualidade, com a devida dilig\u00eancia e compet\u00eancia. Os produtos beneficiam de uma garantia contratual para todos os defeitos ocultos por um per\u00edodo de 2 (dois) anos a contar da data de entrega do produto pelo revendedor ao cliente (o \u201cCliente\u201d). A pedido da Empresa, a data de entrega deve ser comprovada pelo Revendedor com a documenta\u00e7\u00e3o adequada (protocolo de entrega, cart\u00e3o de garantia assinado e preenchido, etc.). Esta garantia inclui a substitui\u00e7\u00e3o ou a repara\u00e7\u00e3o (escolhida pela Sociedade) de todas as pe\u00e7as, reconhecidas como defeituosas pela Sociedade. O tempo de repara\u00e7\u00e3o n\u00e3o est\u00e1 inclu\u00eddo no per\u00edodo de garantia da Empresa; e nenhuma unidade de substitui\u00e7\u00e3o ser\u00e1 fornecida pela Empresa ao revendedor ou ao cliente durante este per\u00edodo. Os produtos vendidos pela Empresa ao Revendedor est\u00e3o sujeitos a estes termos de garantia que substituem todas as outras garantias da Empresa, quer sejam expressas ou impl\u00edcitas. O Revendedor n\u00e3o est\u00e1 autorizado a assumir ou a comprometer-se, em nome da Empresa, com quaisquer responsabilidades relacionadas com a venda do Produto pelo Revendedor, para al\u00e9m das estabelecidas nestes termos de garantia. O Revendedor identificar\u00e1 e isentar\u00e1 a Empresa relativamente a quaisquer compromissos, suposi\u00e7\u00f5es ou representa\u00e7\u00f5es feitas pelo Revendedor para al\u00e9m das que est\u00e3o inclu\u00eddas nestes termos de garantia.<\/p><p data-start=\"2358\" data-end=\"2846\">GARANTIA ESPEC\u00cdFICA A garantia contratual de 2 anos n\u00e3o se aplica aos Produtos utilizados para fins comerciais (qualquer atividade de aluguer ou de fretamento \u00e9 abrangida por esta categoria), uma vez que estes Produtos podem ser cobertos por uma garantia de 1 (um) ano a contar da data de entrega do Produto pelo Concession\u00e1rio ao Cliente. Se solicitado pela Empresa, a data de entrega deve ser comprovada pelo Concession\u00e1rio com a documenta\u00e7\u00e3o adequada (protocolo de entrega, cart\u00e3o de garantia assinado e preenchido, etc.).<\/p><p data-start=\"2848\" data-end=\"5320\">DISPOSI\u00c7\u00d5ES PARA A EXECU\u00c7\u00c3O DAS GARANTIAS Se surgir uma reclama\u00e7\u00e3o de garantia, o Concession\u00e1rio deve notificar a Empresa por correio eletr\u00f3nico (<a rel=\"noopener\" data-start=\"2966\" data-end=\"2985\">info@mbc-marine.com<\/a>) num prazo m\u00e1ximo de oito (8) dias a partir da rece\u00e7\u00e3o da reclama\u00e7\u00e3o. Isto n\u00e3o afecta a obriga\u00e7\u00e3o do Revendedor de investigar e avaliar o caso antes de informar a Empresa sobre a reclama\u00e7\u00e3o recebida. Qualquer reclama\u00e7\u00e3o ter\u00e1 tamb\u00e9m de indicar o n\u00famero de s\u00e9rie do Produto em causa e, se for caso disso, o n\u00famero de s\u00e9rie da(s) pe\u00e7a(s) envolvida(s) na reclama\u00e7\u00e3o da garantia, juntamente com todos os documentos de apoio (breve descri\u00e7\u00e3o com fotografias e v\u00eddeos). Al\u00e9m disso, a reclama\u00e7\u00e3o deve indicar as circunst\u00e2ncias exactas em que o problema ocorreu. A Empresa pode, a fim de investigar a reclama\u00e7\u00e3o, pedir quaisquer pormenores e exigir quaisquer provas de apoio necess\u00e1rias. A Empresa avaliar\u00e1 a reclama\u00e7\u00e3o e informar\u00e1 o Profissional se o defeito est\u00e1 sujeito \u00e0 garantia da Empresa ou se \u00e9 resultado de instala\u00e7\u00e3o\/utiliza\u00e7\u00e3o\/manuten\u00e7\u00e3o inadequada do Produto, que n\u00e3o est\u00e1 coberta pela garantia da Empresa. A imobiliza\u00e7\u00e3o do Produto na sequ\u00eancia de problemas encontrados e\/ou de trabalhos de substitui\u00e7\u00e3o e\/ou repara\u00e7\u00e3o, qualquer que seja a sua dura\u00e7\u00e3o, n\u00e3o d\u00e1 direito a indemniza\u00e7\u00e3o. A Sociedade n\u00e3o ser\u00e1, em caso algum, respons\u00e1vel pelas despesas de transporte, direitos aduaneiros e outras despesas acess\u00f3rias, salvo indica\u00e7\u00e3o em contr\u00e1rio abaixo. Se a reclama\u00e7\u00e3o puder ser tratada localmente e o custo da repara\u00e7\u00e3o n\u00e3o for superior a 150 euros + IVA, a repara\u00e7\u00e3o e\/ou substitui\u00e7\u00e3o ser\u00e1 efectuada pelo Concession\u00e1rio a expensas da Empresa. A Empresa n\u00e3o suportar\u00e1 qualquer outro custo relacionado com a repara\u00e7\u00e3o. O custo da repara\u00e7\u00e3o ser\u00e1 facturado pelo Profissional no prazo de 15 dias. Se a natureza das repara\u00e7\u00f5es exigir que o trabalho ao abrigo da garantia seja efectuado na oficina da Sociedade ou num local diferente do local onde o Produto se encontra e se prev\u00ea que o custo da repara\u00e7\u00e3o exceda 150 euros + IVA, a Sociedade mandar\u00e1 reparar ou substituir o Produto (se o defeito n\u00e3o puder ser reparado), depois de verificar que o defeito se enquadra efetivamente nos termos da garantia da Sociedade. O custo da devolu\u00e7\u00e3o do Produto defeituoso \u00e0 Sociedade ser\u00e1 suportado pelo Cliente. O custo do transporte de retorno da Empresa para o Cliente e o custo da repara\u00e7\u00e3o, se for o caso, ser\u00e3o suportados pela Empresa, que tamb\u00e9m n\u00e3o aceitar\u00e1 taxas para retirar e devolver ao barco se o Produto tiver de ser retirado. O Produto defeituoso deve, em todos os casos, ser devolvido \u00e0 Empresa na sua embalagem original.<\/p><p data-start=\"5322\" data-end=\"7543\" data-is-last-node=\"\" data-is-only-node=\"\">EXCLUS\u00d5ES DO \u00c2MBITO DA GARANTIA CONTRATUAL Est\u00e3o exclu\u00eddos da garantia contratual - os danos resultantes do desgaste normal e das pe\u00e7as que devem ser substitu\u00eddas regularmente (filtro, etc.)pe\u00e7as n\u00e3o originais e\/ou pe\u00e7as originais modificadas\/alteradas e\/ou - as consequ\u00eancias da instala\u00e7\u00e3o destas pe\u00e7as e das suas transforma\u00e7\u00f5es ou - modifica\u00e7\u00f5es; - os danos resultantes de uma manuten\u00e7\u00e3o deficiente, de uma utiliza\u00e7\u00e3o abusiva ou negligente, de uma m\u00e1 utiliza\u00e7\u00e3o, de uma submers\u00e3o, de uma aplica\u00e7\u00e3o incorrecta ou de uma utiliza\u00e7\u00e3o contr\u00e1ria \u00e0s instru\u00e7\u00f5es; - os danos relacionados nomeadamente com um acidente ou na sequ\u00eancia de um inc\u00eandio, de uma explos\u00e3o, de uma cat\u00e1strofe natural, de uma corros\u00e3o ou de uma degrada\u00e7\u00e3o lenta ou de qualquer fen\u00f3meno de qualquer natureza; - danos resultantes de uma instala\u00e7\u00e3o incorrecta ou defeituosa, de uma instala\u00e7\u00e3o que n\u00e3o cumpra as instru\u00e7\u00f5es da Empresa ou de qualquer outro modo e quaisquer danos da\u00ed resultantes; - danos resultantes da falta de manuten\u00e7\u00e3o preventiva regular, tal como descrito no manual do utilizador; - artigos n\u00e3o fabricados pela Empresa; - produtos da Empresa utilizados ou aplicados pelo propriet\u00e1rio como parte integrante de produtos n\u00e3o fabricados pela Empresa; - custos adicionais associados \u00e0 remo\u00e7\u00e3o, reinstala\u00e7\u00e3o ou substitui\u00e7\u00e3o de qualquer equipamento ou mobili\u00e1rio para al\u00e9m do produto coberto em particular; - custos de desloca\u00e7\u00e3o do pessoal de assist\u00eancia do concession\u00e1rio superiores a 1.0 (uma) hora; - danos relacionados com as bombas com cabe\u00e7as rachadas ou bombas que tenham funcionado em seco, danificadas pela \u00e1gua ou com tamp\u00f5es de congela\u00e7\u00e3o rebentados; - calibra\u00e7\u00e3o de instrumentos de medi\u00e7\u00e3o; - corros\u00e3o exterior; - danos causados pela \u00e1gua, incluindo especificamente os seguintes componentes: ventiladores, placas l\u00f3gicas e cabe\u00e7as dos visores; - programa\u00e7\u00e3o incorrecta dos visores; - condensadores e\/ou evaporadores sujos; - danos relacionados com as falhas resultantes de uma inverniza\u00e7\u00e3o incorrecta; - danos no produto resultantes de uma embalagem de devolu\u00e7\u00e3o incorrecta ou de outros danos de transporte; - substitui\u00e7\u00e3o do refrigerante por um substituto sem autoriza\u00e7\u00e3o pr\u00e9via da Empresa; - taxas ambientais e\/ou de recupera\u00e7\u00e3o; - taxas de soldadura e de azoto. A instala\u00e7\u00e3o e a aplica\u00e7\u00e3o dos Produtos n\u00e3o s\u00e3o garantidas pela Empresa, a menos que a instala\u00e7\u00e3o tenha sido efectuada internamente, uma vez que a Empresa n\u00e3o tem qualquer controlo ou autoridade sobre a sele\u00e7\u00e3o, localiza\u00e7\u00e3o, aplica\u00e7\u00e3o ou instala\u00e7\u00e3o dos Produtos.<\/p>\t\t\t\t\t\t\t\t<\/div>\n\t\t\t\t<\/div>\n\t\t\t\t\t<\/div>\n\t\t\t\t<\/div>\n\t\t\t\t<\/div>","protected":false},"excerpt":{"rendered":"<p>Informations Evaporator Material CuNi (Copper Nickel)CuNi (Copper-Nickel) heat exchangers offer outstanding corrosion resistance, as their natural durability protects them from seawater and chemical exposure, unlike coated aluminum heat exchangers, whose protective layer may wear off over time. They have a longer lifespan, require less maintenance, and provide better heat transfer efficiency due to the superior [&hellip;]<\/p>\n","protected":false},"author":1,"featured_media":0,"parent":0,"menu_order":0,"comment_status":"closed","ping_status":"closed","template":"","meta":{"_acf_changed":false,"footnotes":""},"class_list":["post-3774","page","type-page","status-publish","hentry"],"acf":[],"yoast_head":"<!-- This site is optimized with the Yoast SEO Premium plugin v27.3 (Yoast SEO v27.3) - https:\/\/yoast.com\/product\/yoast-seo-premium-wordpress\/ -->\n<title>Information - MBC Marine<\/title>\n<meta name=\"description\" content=\"Informations\" \/>\n<meta name=\"robots\" content=\"index, follow, max-snippet:-1, max-image-preview:large, max-video-preview:-1\" \/>\n<link rel=\"canonical\" href=\"https:\/\/mbc-marine.com\/pt\/informacao\/\" \/>\n<meta property=\"og:locale\" content=\"pt_PT\" \/>\n<meta property=\"og:type\" content=\"article\" \/>\n<meta property=\"og:title\" content=\"Information\" \/>\n<meta property=\"og:description\" content=\"Informations\" \/>\n<meta property=\"og:url\" content=\"https:\/\/mbc-marine.com\/pt\/informacao\/\" \/>\n<meta property=\"og:site_name\" content=\"MBC Marine\" \/>\n<meta property=\"article:modified_time\" content=\"2025-09-09T14:32:21+00:00\" \/>\n<meta name=\"twitter:card\" content=\"summary_large_image\" \/>\n<meta name=\"twitter:label1\" content=\"Tempo estimado de leitura\" \/>\n\t<meta name=\"twitter:data1\" content=\"8 minutos\" \/>\n<script type=\"application\/ld+json\" class=\"yoast-schema-graph\">{\"@context\":\"https:\\\/\\\/schema.org\",\"@graph\":[{\"@type\":\"WebPage\",\"@id\":\"https:\\\/\\\/mbc-marine.com\\\/information\\\/\",\"url\":\"https:\\\/\\\/mbc-marine.com\\\/information\\\/\",\"name\":\"Information - MBC Marine\",\"isPartOf\":{\"@id\":\"https:\\\/\\\/mbc-marine.com\\\/#website\"},\"datePublished\":\"2025-03-18T08:49:28+00:00\",\"dateModified\":\"2025-09-09T14:32:21+00:00\",\"description\":\"Informations\",\"breadcrumb\":{\"@id\":\"https:\\\/\\\/mbc-marine.com\\\/information\\\/#breadcrumb\"},\"inLanguage\":\"pt-PT\",\"potentialAction\":[{\"@type\":\"ReadAction\",\"target\":[\"https:\\\/\\\/mbc-marine.com\\\/information\\\/\"]}]},{\"@type\":\"BreadcrumbList\",\"@id\":\"https:\\\/\\\/mbc-marine.com\\\/information\\\/#breadcrumb\",\"itemListElement\":[{\"@type\":\"ListItem\",\"position\":1,\"name\":\"Home\",\"item\":\"https:\\\/\\\/mbc-marine.com\\\/\"},{\"@type\":\"ListItem\",\"position\":2,\"name\":\"Information\"}]},{\"@type\":\"WebSite\",\"@id\":\"https:\\\/\\\/mbc-marine.com\\\/#website\",\"url\":\"https:\\\/\\\/mbc-marine.com\\\/\",\"name\":\"MBC Marine\",\"description\":\"\",\"potentialAction\":[{\"@type\":\"SearchAction\",\"target\":{\"@type\":\"EntryPoint\",\"urlTemplate\":\"https:\\\/\\\/mbc-marine.com\\\/?s={search_term_string}\"},\"query-input\":{\"@type\":\"PropertyValueSpecification\",\"valueRequired\":true,\"valueName\":\"search_term_string\"}}],\"inLanguage\":\"pt-PT\"}]}<\/script>\n<!-- \/ Yoast SEO Premium plugin. -->","yoast_head_json":{"title":"Informa\u00e7\u00f5es - MBC Marine","description":"Informa\u00e7\u00f5es","robots":{"index":"index","follow":"follow","max-snippet":"max-snippet:-1","max-image-preview":"max-image-preview:large","max-video-preview":"max-video-preview:-1"},"canonical":"https:\/\/mbc-marine.com\/pt\/informacao\/","og_locale":"pt_PT","og_type":"article","og_title":"Information","og_description":"Informations","og_url":"https:\/\/mbc-marine.com\/pt\/informacao\/","og_site_name":"MBC Marine","article_modified_time":"2025-09-09T14:32:21+00:00","twitter_card":"summary_large_image","twitter_misc":{"Tempo estimado de leitura":"8 minutos"},"schema":{"@context":"https:\/\/schema.org","@graph":[{"@type":"WebPage","@id":"https:\/\/mbc-marine.com\/information\/","url":"https:\/\/mbc-marine.com\/information\/","name":"Informa\u00e7\u00f5es - MBC Marine","isPartOf":{"@id":"https:\/\/mbc-marine.com\/#website"},"datePublished":"2025-03-18T08:49:28+00:00","dateModified":"2025-09-09T14:32:21+00:00","description":"Informa\u00e7\u00f5es","breadcrumb":{"@id":"https:\/\/mbc-marine.com\/information\/#breadcrumb"},"inLanguage":"pt-PT","potentialAction":[{"@type":"ReadAction","target":["https:\/\/mbc-marine.com\/information\/"]}]},{"@type":"BreadcrumbList","@id":"https:\/\/mbc-marine.com\/information\/#breadcrumb","itemListElement":[{"@type":"ListItem","position":1,"name":"Home","item":"https:\/\/mbc-marine.com\/"},{"@type":"ListItem","position":2,"name":"Information"}]},{"@type":"WebSite","@id":"https:\/\/mbc-marine.com\/#website","url":"https:\/\/mbc-marine.com\/","name":"MBC Marine","description":"","potentialAction":[{"@type":"SearchAction","target":{"@type":"EntryPoint","urlTemplate":"https:\/\/mbc-marine.com\/?s={search_term_string}"},"query-input":{"@type":"PropertyValueSpecification","valueRequired":true,"valueName":"search_term_string"}}],"inLanguage":"pt-PT"}]}},"_links":{"self":[{"href":"https:\/\/mbc-marine.com\/pt\/wp-json\/wp\/v2\/pages\/3774","targetHints":{"allow":["GET"]}}],"collection":[{"href":"https:\/\/mbc-marine.com\/pt\/wp-json\/wp\/v2\/pages"}],"about":[{"href":"https:\/\/mbc-marine.com\/pt\/wp-json\/wp\/v2\/types\/page"}],"author":[{"embeddable":true,"href":"https:\/\/mbc-marine.com\/pt\/wp-json\/wp\/v2\/users\/1"}],"replies":[{"embeddable":true,"href":"https:\/\/mbc-marine.com\/pt\/wp-json\/wp\/v2\/comments?post=3774"}],"version-history":[{"count":0,"href":"https:\/\/mbc-marine.com\/pt\/wp-json\/wp\/v2\/pages\/3774\/revisions"}],"wp:attachment":[{"href":"https:\/\/mbc-marine.com\/pt\/wp-json\/wp\/v2\/media?parent=3774"}],"curies":[{"name":"wp","href":"https:\/\/api.w.org\/{rel}","templated":true}]}}