{"id":4934,"date":"2025-07-07T23:12:29","date_gmt":"2025-07-07T21:12:29","guid":{"rendered":"https:\/\/mbc-marine.com\/?page_id=4934"},"modified":"2026-04-29T14:47:25","modified_gmt":"2026-04-29T12:47:25","slug":"grelhas-de-ar-maritimo-mbc","status":"publish","type":"page","link":"https:\/\/mbc-marine.com\/pt\/mbc-marine-air-grills\/","title":{"rendered":"Grelhadores de ar mar\u00edtimos MBC"},"content":{"rendered":"<div data-elementor-type=\"wp-page\" data-elementor-id=\"4934\" class=\"elementor elementor-4934\" data-elementor-post-type=\"page\">\n\t\t\t\t<div class=\"elementor-element elementor-element-95a040c e-con-full e-flex e-con e-parent\" data-id=\"95a040c\" data-element_type=\"container\" data-e-type=\"container\" data-settings=\"{&quot;jet_parallax_layout_list&quot;:[]}\">\n\t\t\t\t<div class=\"elementor-element elementor-element-0734e4b elementor-widget elementor-widget-heading\" data-id=\"0734e4b\" data-element_type=\"widget\" data-e-type=\"widget\" data-widget_type=\"heading.default\">\n\t\t\t\t<div class=\"elementor-widget-container\">\n\t\t\t\t\t<h1 class=\"elementor-heading-title elementor-size-default\">Grelhadores de ar mar\u00edtimos MBC<\/h1>\t\t\t\t<\/div>\n\t\t\t\t<\/div>\n\t\t\t\t<div class=\"elementor-element elementor-element-527f051 elementor-widget elementor-widget-text-editor\" data-id=\"527f051\" data-element_type=\"widget\" data-e-type=\"widget\" data-widget_type=\"text-editor.default\">\n\t\t\t\t<div class=\"elementor-widget-container\">\n\t\t\t\t\t\t\t\t\t<p>DESIGN ELEGANTE E FLUXO DE AR EFICIENTE<\/p><p>As grelhas de ar MBC Marine foram concebidas para garantir um fluxo de ar silencioso e eficiente para os sistemas de ar condicionado mar\u00edtimos, complementando simultaneamente a est\u00e9tica do interior de qualquer iate. A nossa sele\u00e7\u00e3o inclui\u00a0<strong>fornecimento<\/strong>\u00a0e\u00a0<strong>retorno<\/strong>\u00a0grelhas de ar, dispon\u00edveis em\u00a0<strong>pl\u00e1stico dur\u00e1vel<\/strong>\u00a0ou\u00a0<strong>madeira verdadeira de primeira qualidade (moldura em TEAK ou OAK)<\/strong>\u00a0op\u00e7\u00f5es para se adaptar a uma vasta gama de instala\u00e7\u00f5es.<\/p>\t\t\t\t\t\t\t\t<\/div>\n\t\t\t\t<\/div>\n\t\t\t\t<\/div>\n\t\t\t\t<section class=\"elementor-section elementor-top-section elementor-element elementor-element-af0d55a elementor-section-boxed elementor-section-height-default elementor-section-height-default\" data-id=\"af0d55a\" data-element_type=\"section\" data-e-type=\"section\" data-settings=\"{&quot;jet_parallax_layout_list&quot;:[]}\">\n\t\t\t\t\t\t<div class=\"elementor-container elementor-column-gap-default\">\n\t\t\t\t\t<div class=\"elementor-column elementor-col-50 elementor-top-column elementor-element elementor-element-fbecd7a\" data-id=\"fbecd7a\" data-element_type=\"column\" data-e-type=\"column\">\n\t\t\t<div class=\"elementor-widget-wrap elementor-element-populated\">\n\t\t\t\t\t\t<div class=\"elementor-element elementor-element-6272726 e-transform elementor-position-top elementor-widget elementor-widget-image-box\" data-id=\"6272726\" data-element_type=\"widget\" data-e-type=\"widget\" data-settings=\"{&quot;_transform_scale_effect_hover&quot;:{&quot;unit&quot;:&quot;px&quot;,&quot;size&quot;:&quot;1.1&quot;,&quot;sizes&quot;:[]},&quot;_transform_scale_effect_hover_tablet&quot;:{&quot;unit&quot;:&quot;px&quot;,&quot;size&quot;:&quot;&quot;,&quot;sizes&quot;:[]},&quot;_transform_scale_effect_hover_mobile&quot;:{&quot;unit&quot;:&quot;px&quot;,&quot;size&quot;:&quot;&quot;,&quot;sizes&quot;:[]}}\" data-widget_type=\"image-box.default\">\n\t\t\t\t<div class=\"elementor-widget-container\">\n\t\t\t\t\t<div class=\"elementor-image-box-wrapper\"><figure class=\"elementor-image-box-img\"><a href=\"https:\/\/mbc-marine.com\/pt\/categoria-de-produto\/grelhas-de-retorno-de-ar\/\" tabindex=\"-1\"><!--trp-no-translate--><!--trp-no-translate--><img fetchpriority=\"high\" decoding=\"async\" width=\"1920\" height=\"1280\" src=\"https:\/\/mbc-marine.com\/wp-content\/uploads\/2025\/08\/mbc-marine-air-grills.png?wsr\" class=\"attachment-full size-full wp-image-6194\" alt=\"MBC Marine Air Grills\" srcset=\"https:\/\/mbc-marine.com\/wp-content\/uploads\/2025\/08\/mbc-marine-air-grills.png 1920w, https:\/\/mbc-marine.com\/wp-content\/uploads\/2025\/08\/mbc-marine-air-grills-300x200.png 300w, https:\/\/mbc-marine.com\/wp-content\/uploads\/2025\/08\/mbc-marine-air-grills-1024x683.png 1024w, https:\/\/mbc-marine.com\/wp-content\/uploads\/2025\/08\/mbc-marine-air-grills-768x512.png 768w, https:\/\/mbc-marine.com\/wp-content\/uploads\/2025\/08\/mbc-marine-air-grills-1536x1024.png 1536w, https:\/\/mbc-marine.com\/wp-content\/uploads\/2025\/08\/mbc-marine-air-grills-600x400.png 600w\" sizes=\"(max-width: 1920px) 100vw, 1920px\" data-no-translation=\"\" \/><!--/trp-no-translate--><!--\/trp-no-translate--><\/a><\/figure><div class=\"elementor-image-box-content\"><h3 class=\"elementor-image-box-title\"><a href=\"https:\/\/mbc-marine.com\/pt\/categoria-de-produto\/grelhas-de-retorno-de-ar\/\">Grelhas de retorno de ar<\/a><\/h3><\/div><\/div>\t\t\t\t<\/div>\n\t\t\t\t<\/div>\n\t\t\t\t<div class=\"elementor-element elementor-element-cde4381 elementor-widget elementor-widget-text-editor\" data-id=\"cde4381\" data-element_type=\"widget\" data-e-type=\"widget\" data-widget_type=\"text-editor.default\">\n\t\t\t\t<div class=\"elementor-widget-container\">\n\t\t\t\t\t\t\t\t\t<p class=\"\" data-start=\"167\" data-end=\"389\">Concebido para um fluxo de ar de retorno suave e discreto, garantindo uma circula\u00e7\u00e3o consistente no sistema.<\/p>\t\t\t\t\t\t\t\t<\/div>\n\t\t\t\t<\/div>\n\t\t\t\t\t<\/div>\n\t\t<\/div>\n\t\t\t\t<div class=\"elementor-column elementor-col-50 elementor-top-column elementor-element elementor-element-6d63ffe\" data-id=\"6d63ffe\" data-element_type=\"column\" data-e-type=\"column\">\n\t\t\t<div class=\"elementor-widget-wrap elementor-element-populated\">\n\t\t\t\t\t\t<div class=\"elementor-element elementor-element-7af57ce e-transform elementor-position-top elementor-widget elementor-widget-image-box\" data-id=\"7af57ce\" data-element_type=\"widget\" data-e-type=\"widget\" data-settings=\"{&quot;_transform_scale_effect_hover&quot;:{&quot;unit&quot;:&quot;px&quot;,&quot;size&quot;:&quot;1.1&quot;,&quot;sizes&quot;:[]},&quot;_transform_scale_effect_hover_tablet&quot;:{&quot;unit&quot;:&quot;px&quot;,&quot;size&quot;:&quot;&quot;,&quot;sizes&quot;:[]},&quot;_transform_scale_effect_hover_mobile&quot;:{&quot;unit&quot;:&quot;px&quot;,&quot;size&quot;:&quot;&quot;,&quot;sizes&quot;:[]}}\" data-widget_type=\"image-box.default\">\n\t\t\t\t<div class=\"elementor-widget-container\">\n\t\t\t\t\t<div class=\"elementor-image-box-wrapper\"><figure class=\"elementor-image-box-img\"><a href=\"https:\/\/mbc-marine.com\/pt\/categoria-de-produto\/grelhas-de-fornecimento-de-ar\/\" tabindex=\"-1\"><!--trp-no-translate--><!--trp-no-translate--><img decoding=\"async\" width=\"1920\" height=\"1280\" src=\"https:\/\/mbc-marine.com\/wp-content\/uploads\/2025\/08\/mbc-marine-air-grills2.png?wsr\" class=\"attachment-full size-full wp-image-6195\" alt=\"MBC Marine Air Grills\" srcset=\"https:\/\/mbc-marine.com\/wp-content\/uploads\/2025\/08\/mbc-marine-air-grills2.png 1920w, https:\/\/mbc-marine.com\/wp-content\/uploads\/2025\/08\/mbc-marine-air-grills2-300x200.png 300w, https:\/\/mbc-marine.com\/wp-content\/uploads\/2025\/08\/mbc-marine-air-grills2-1024x683.png 1024w, https:\/\/mbc-marine.com\/wp-content\/uploads\/2025\/08\/mbc-marine-air-grills2-768x512.png 768w, https:\/\/mbc-marine.com\/wp-content\/uploads\/2025\/08\/mbc-marine-air-grills2-1536x1024.png 1536w, https:\/\/mbc-marine.com\/wp-content\/uploads\/2025\/08\/mbc-marine-air-grills2-600x400.png 600w\" sizes=\"(max-width: 1920px) 100vw, 1920px\" data-no-translation=\"\" \/><!--/trp-no-translate--><!--\/trp-no-translate--><\/a><\/figure><div class=\"elementor-image-box-content\"><h3 class=\"elementor-image-box-title\"><a href=\"https:\/\/mbc-marine.com\/pt\/categoria-de-produto\/grelhas-de-fornecimento-de-ar\/\">Grelhas de fornecimento de ar<\/a><\/h3><\/div><\/div>\t\t\t\t<\/div>\n\t\t\t\t<\/div>\n\t\t\t\t<div class=\"elementor-element elementor-element-5c49de4 elementor-widget elementor-widget-text-editor\" data-id=\"5c49de4\" data-element_type=\"widget\" data-e-type=\"widget\" data-widget_type=\"text-editor.default\">\n\t\t\t\t<div class=\"elementor-widget-container\">\n\t\t\t\t\t\t\t\t\t<p>Concebidos para uma distribui\u00e7\u00e3o \u00f3ptima do ar arrefecido ou aquecido no espa\u00e7o da cabina.<\/p>\t\t\t\t\t\t\t\t<\/div>\n\t\t\t\t<\/div>\n\t\t\t\t\t<\/div>\n\t\t<\/div>\n\t\t\t\t\t<\/div>\n\t\t<\/section>\n\t\t\t\t<\/div>","protected":false},"excerpt":{"rendered":"<p>MBC Marine Air Grills ELEGANT DESIGN AND EFFICIENT AIRFLOW MBC Marine air grills are designed to ensure quiet and efficient airflow for marine air conditioning systems, while complementing the aesthetic of any yacht interior. Our selection includes both\u00a0supply\u00a0and\u00a0return\u00a0air grills, available in\u00a0durable plastic\u00a0or\u00a0premium real wood (TEAK or OAK frame)\u00a0options to suit a wide range of installations. [&hellip;]<\/p>\n","protected":false},"author":1,"featured_media":0,"parent":0,"menu_order":0,"comment_status":"closed","ping_status":"closed","template":"","meta":{"_acf_changed":false,"footnotes":""},"class_list":["post-4934","page","type-page","status-publish","hentry"],"acf":[],"_links":{"self":[{"href":"https:\/\/mbc-marine.com\/pt\/wp-json\/wp\/v2\/pages\/4934","targetHints":{"allow":["GET"]}}],"collection":[{"href":"https:\/\/mbc-marine.com\/pt\/wp-json\/wp\/v2\/pages"}],"about":[{"href":"https:\/\/mbc-marine.com\/pt\/wp-json\/wp\/v2\/types\/page"}],"author":[{"embeddable":true,"href":"https:\/\/mbc-marine.com\/pt\/wp-json\/wp\/v2\/users\/1"}],"replies":[{"embeddable":true,"href":"https:\/\/mbc-marine.com\/pt\/wp-json\/wp\/v2\/comments?post=4934"}],"version-history":[{"count":3,"href":"https:\/\/mbc-marine.com\/pt\/wp-json\/wp\/v2\/pages\/4934\/revisions"}],"predecessor-version":[{"id":7157,"href":"https:\/\/mbc-marine.com\/pt\/wp-json\/wp\/v2\/pages\/4934\/revisions\/7157"}],"wp:attachment":[{"href":"https:\/\/mbc-marine.com\/pt\/wp-json\/wp\/v2\/media?parent=4934"}],"curies":[{"name":"wp","href":"https:\/\/api.w.org\/{rel}","templated":true}]}}