{"id":5179,"date":"2025-07-23T13:58:29","date_gmt":"2025-07-23T11:58:29","guid":{"rendered":"https:\/\/mbc-marine.com\/?page_id=5179"},"modified":"2025-10-15T09:39:45","modified_gmt":"2025-10-15T07:39:45","slug":"bombas-de-agua","status":"publish","type":"page","link":"https:\/\/mbc-marine.com\/pt\/water-pumps\/","title":{"rendered":"Bombas de \u00e1gua"},"content":{"rendered":"<div data-elementor-type=\"wp-page\" data-elementor-id=\"5179\" class=\"elementor elementor-5179\" data-elementor-post-type=\"page\">\n\t\t\t\t<div class=\"elementor-element elementor-element-95a040c e-con-full e-flex e-con e-parent\" data-id=\"95a040c\" data-element_type=\"container\" data-e-type=\"container\" data-settings=\"{&quot;jet_parallax_layout_list&quot;:[]}\">\n\t\t\t\t<div class=\"elementor-element elementor-element-0734e4b elementor-widget elementor-widget-heading\" data-id=\"0734e4b\" data-element_type=\"widget\" data-e-type=\"widget\" data-widget_type=\"heading.default\">\n\t\t\t\t<div class=\"elementor-widget-container\">\n\t\t\t\t\t<h2 class=\"elementor-heading-title elementor-size-default\">Bombas de circula\u00e7\u00e3o de \u00e1gua doce e \u00e1gua do mar<\/h2>\t\t\t\t<\/div>\n\t\t\t\t<\/div>\n\t\t\t\t<\/div>\n\t\t\t\t<section class=\"elementor-section elementor-top-section elementor-element elementor-element-af0d55a elementor-section-boxed elementor-section-height-default elementor-section-height-default\" data-id=\"af0d55a\" data-element_type=\"section\" data-e-type=\"section\" data-settings=\"{&quot;jet_parallax_layout_list&quot;:[]}\">\n\t\t\t\t\t\t<div class=\"elementor-container elementor-column-gap-default\">\n\t\t\t\t\t<div class=\"elementor-column elementor-col-50 elementor-top-column elementor-element elementor-element-fbecd7a\" data-id=\"fbecd7a\" data-element_type=\"column\" data-e-type=\"column\">\n\t\t\t<div class=\"elementor-widget-wrap elementor-element-populated\">\n\t\t\t\t\t\t<div class=\"elementor-element elementor-element-6272726 e-transform elementor-position-top elementor-widget elementor-widget-image-box\" data-id=\"6272726\" data-element_type=\"widget\" data-e-type=\"widget\" data-settings=\"{&quot;_transform_scale_effect_hover&quot;:{&quot;unit&quot;:&quot;px&quot;,&quot;size&quot;:&quot;1.1&quot;,&quot;sizes&quot;:[]},&quot;_transform_scale_effect_hover_tablet&quot;:{&quot;unit&quot;:&quot;px&quot;,&quot;size&quot;:&quot;&quot;,&quot;sizes&quot;:[]},&quot;_transform_scale_effect_hover_mobile&quot;:{&quot;unit&quot;:&quot;px&quot;,&quot;size&quot;:&quot;&quot;,&quot;sizes&quot;:[]}}\" data-widget_type=\"image-box.default\">\n\t\t\t\t<div class=\"elementor-widget-container\">\n\t\t\t\t\t<div class=\"elementor-image-box-wrapper\"><figure class=\"elementor-image-box-img\"><a href=\"https:\/\/mbc-marine.com\/pt\/categoria-de-produto\/bombas-de-agua-doce\/\" tabindex=\"-1\"><!--trp-no-translate--><!--trp-no-translate--><img fetchpriority=\"high\" decoding=\"async\" width=\"400\" height=\"400\" src=\"https:\/\/mbc-marine.com\/wp-content\/uploads\/2025\/10\/water-circulation.jpg?wsr\" class=\"attachment-full size-full wp-image-7292\" alt=\"\" srcset=\"https:\/\/mbc-marine.com\/wp-content\/uploads\/2025\/10\/water-circulation.jpg 400w, https:\/\/mbc-marine.com\/wp-content\/uploads\/2025\/10\/water-circulation-300x300.jpg 300w, https:\/\/mbc-marine.com\/wp-content\/uploads\/2025\/10\/water-circulation-150x150.jpg 150w, https:\/\/mbc-marine.com\/wp-content\/uploads\/2025\/10\/water-circulation-100x100.jpg 100w, https:\/\/mbc-marine.com\/wp-content\/uploads\/2025\/10\/water-circulation-90x90.jpg 90w\" sizes=\"(max-width: 400px) 100vw, 400px\" data-no-translation=\"\" \/><!--/trp-no-translate--><!--\/trp-no-translate--><\/a><\/figure><div class=\"elementor-image-box-content\"><h3 class=\"elementor-image-box-title\"><a href=\"https:\/\/mbc-marine.com\/pt\/categoria-de-produto\/bombas-de-agua-doce\/\">Bombas de \u00e1gua doce para sistemas de refrigera\u00e7\u00e3o <\/a><\/h3><\/div><\/div>\t\t\t\t<\/div>\n\t\t\t\t<\/div>\n\t\t\t\t<div class=\"elementor-element elementor-element-cde4381 elementor-widget elementor-widget-text-editor\" data-id=\"cde4381\" data-element_type=\"widget\" data-e-type=\"widget\" data-widget_type=\"text-editor.default\">\n\t\t\t\t<div class=\"elementor-widget-container\">\n\t\t\t\t\t\t\t\t\t<p class=\"\" data-start=\"167\" data-end=\"389\">Na MBC Marine, oferecemos uma sele\u00e7\u00e3o cuidadosamente selecionada de bombas especificamente concebidas para sistemas de ar condicionado mar\u00edtimos.<\/p><p class=\"\" data-start=\"167\" data-end=\"389\">\u00a0<\/p>\t\t\t\t\t\t\t\t<\/div>\n\t\t\t\t<\/div>\n\t\t\t\t\t<\/div>\n\t\t<\/div>\n\t\t\t\t<div class=\"elementor-column elementor-col-50 elementor-top-column elementor-element elementor-element-6d63ffe\" data-id=\"6d63ffe\" data-element_type=\"column\" data-e-type=\"column\">\n\t\t\t<div class=\"elementor-widget-wrap elementor-element-populated\">\n\t\t\t\t\t\t<div class=\"elementor-element elementor-element-7af57ce e-transform elementor-position-top elementor-widget elementor-widget-image-box\" data-id=\"7af57ce\" data-element_type=\"widget\" data-e-type=\"widget\" data-settings=\"{&quot;_transform_scale_effect_hover&quot;:{&quot;unit&quot;:&quot;px&quot;,&quot;size&quot;:&quot;1.1&quot;,&quot;sizes&quot;:[]},&quot;_transform_scale_effect_hover_tablet&quot;:{&quot;unit&quot;:&quot;px&quot;,&quot;size&quot;:&quot;&quot;,&quot;sizes&quot;:[]},&quot;_transform_scale_effect_hover_mobile&quot;:{&quot;unit&quot;:&quot;px&quot;,&quot;size&quot;:&quot;&quot;,&quot;sizes&quot;:[]}}\" data-widget_type=\"image-box.default\">\n\t\t\t\t<div class=\"elementor-widget-container\">\n\t\t\t\t\t<div class=\"elementor-image-box-wrapper\"><figure class=\"elementor-image-box-img\"><a href=\"https:\/\/mbc-marine.com\/pt\/categoria-de-produto\/acessorios\/bomba-de-agua-do-mar\/\" tabindex=\"-1\"><!--trp-no-translate--><!--trp-no-translate--><img decoding=\"async\" width=\"400\" height=\"400\" src=\"https:\/\/mbc-marine.com\/wp-content\/uploads\/2025\/10\/acces34-1.jpg?wsr\" class=\"attachment-full size-full wp-image-7303\" alt=\"\" srcset=\"https:\/\/mbc-marine.com\/wp-content\/uploads\/2025\/10\/acces34-1.jpg 400w, https:\/\/mbc-marine.com\/wp-content\/uploads\/2025\/10\/acces34-1-300x300.jpg 300w, https:\/\/mbc-marine.com\/wp-content\/uploads\/2025\/10\/acces34-1-150x150.jpg 150w, https:\/\/mbc-marine.com\/wp-content\/uploads\/2025\/10\/acces34-1-100x100.jpg 100w, https:\/\/mbc-marine.com\/wp-content\/uploads\/2025\/10\/acces34-1-90x90.jpg 90w\" sizes=\"(max-width: 400px) 100vw, 400px\" data-no-translation=\"\" \/><!--/trp-no-translate--><!--\/trp-no-translate--><\/a><\/figure><div class=\"elementor-image-box-content\"><h3 class=\"elementor-image-box-title\"><a href=\"https:\/\/mbc-marine.com\/pt\/categoria-de-produto\/acessorios\/bomba-de-agua-do-mar\/\">Bombas de \u00e1gua do mar para aparelhos de ar condicionado mar\u00edtimos - AISI 316L<\/a><\/h3><\/div><\/div>\t\t\t\t<\/div>\n\t\t\t\t<\/div>\n\t\t\t\t<div class=\"elementor-element elementor-element-5c49de4 elementor-widget elementor-widget-text-editor\" data-id=\"5c49de4\" data-element_type=\"widget\" data-e-type=\"widget\" data-widget_type=\"text-editor.default\">\n\t\t\t\t<div class=\"elementor-widget-container\">\n\t\t\t\t\t\t\t\t\t<p>Acess\u00f3rios dur\u00e1veis e resistentes \u00e0 corros\u00e3o, concebidos para um desempenho fi\u00e1vel em sistemas de ar condicionado mar\u00edtimos baseados em \u00e1gua do mar.<\/p>\t\t\t\t\t\t\t\t<\/div>\n\t\t\t\t<\/div>\n\t\t\t\t\t<\/div>\n\t\t<\/div>\n\t\t\t\t\t<\/div>\n\t\t<\/section>\n\t\t\t\t<\/div>","protected":false},"excerpt":{"rendered":"<p>Freshwater and Seawater Circulation Pumps Fresh Water Pumps for Chiller Systems At MBC Marine, we offer a carefully curated selection of pumps specifically designed for marine air conditioning systems. \u00a0 Sea Water Pumps for Marine Air Conditioners &#8211; AISI 316L Durable, corrosion-resistant fittings engineered for dependable performance in seawater-based marine air conditioning systems.<\/p>","protected":false},"author":1,"featured_media":0,"parent":0,"menu_order":0,"comment_status":"closed","ping_status":"closed","template":"","meta":{"_acf_changed":false,"footnotes":""},"class_list":["post-5179","page","type-page","status-publish","hentry"],"acf":[],"yoast_head":"<!-- This site is optimized with the Yoast SEO Premium plugin v27.3 (Yoast SEO v27.3) - https:\/\/yoast.com\/product\/yoast-seo-premium-wordpress\/ -->\n<title>Water pumps - MBC Marine<\/title>\n<meta name=\"description\" content=\"Freshwater and Seawater Circulation Pumps\" \/>\n<meta name=\"robots\" content=\"index, follow, max-snippet:-1, max-image-preview:large, max-video-preview:-1\" \/>\n<link rel=\"canonical\" href=\"https:\/\/mbc-marine.com\/pt\/bombas-de-agua\/\" \/>\n<meta property=\"og:locale\" content=\"pt_PT\" \/>\n<meta property=\"og:type\" content=\"article\" \/>\n<meta property=\"og:title\" content=\"Water pumps\" \/>\n<meta property=\"og:description\" content=\"Freshwater and Seawater Circulation Pumps\" \/>\n<meta property=\"og:url\" content=\"https:\/\/mbc-marine.com\/pt\/bombas-de-agua\/\" \/>\n<meta property=\"og:site_name\" content=\"MBC Marine\" \/>\n<meta property=\"article:modified_time\" content=\"2025-10-15T07:39:45+00:00\" \/>\n<meta property=\"og:image\" content=\"https:\/\/mbc-marine.com\/wp-content\/uploads\/2025\/10\/water-circulation.jpg?wsr\" \/>\n\t<meta property=\"og:image:width\" content=\"400\" \/>\n\t<meta property=\"og:image:height\" content=\"400\" \/>\n\t<meta property=\"og:image:type\" content=\"image\/jpeg\" \/>\n<meta name=\"twitter:card\" content=\"summary_large_image\" \/>\n<meta name=\"twitter:label1\" content=\"Tempo estimado de leitura\" \/>\n\t<meta name=\"twitter:data1\" content=\"1 minuto\" \/>\n<script type=\"application\/ld+json\" class=\"yoast-schema-graph\">{\"@context\":\"https:\\\/\\\/schema.org\",\"@graph\":[{\"@type\":\"WebPage\",\"@id\":\"https:\\\/\\\/mbc-marine.com\\\/water-pumps\\\/\",\"url\":\"https:\\\/\\\/mbc-marine.com\\\/water-pumps\\\/\",\"name\":\"Water pumps - MBC Marine\",\"isPartOf\":{\"@id\":\"https:\\\/\\\/mbc-marine.com\\\/#website\"},\"primaryImageOfPage\":{\"@id\":\"https:\\\/\\\/mbc-marine.com\\\/water-pumps\\\/#primaryimage\"},\"image\":{\"@id\":\"https:\\\/\\\/mbc-marine.com\\\/water-pumps\\\/#primaryimage\"},\"thumbnailUrl\":\"https:\\\/\\\/mbc-marine.com\\\/wp-content\\\/uploads\\\/2025\\\/10\\\/water-circulation.jpg?wsr\",\"datePublished\":\"2025-07-23T11:58:29+00:00\",\"dateModified\":\"2025-10-15T07:39:45+00:00\",\"description\":\"Freshwater and Seawater Circulation Pumps\",\"breadcrumb\":{\"@id\":\"https:\\\/\\\/mbc-marine.com\\\/water-pumps\\\/#breadcrumb\"},\"inLanguage\":\"pt-PT\",\"potentialAction\":[{\"@type\":\"ReadAction\",\"target\":[\"https:\\\/\\\/mbc-marine.com\\\/water-pumps\\\/\"]}]},{\"@type\":\"ImageObject\",\"inLanguage\":\"pt-PT\",\"@id\":\"https:\\\/\\\/mbc-marine.com\\\/water-pumps\\\/#primaryimage\",\"url\":\"https:\\\/\\\/mbc-marine.com\\\/wp-content\\\/uploads\\\/2025\\\/10\\\/water-circulation.jpg?wsr\",\"contentUrl\":\"https:\\\/\\\/mbc-marine.com\\\/wp-content\\\/uploads\\\/2025\\\/10\\\/water-circulation.jpg?wsr\"},{\"@type\":\"BreadcrumbList\",\"@id\":\"https:\\\/\\\/mbc-marine.com\\\/water-pumps\\\/#breadcrumb\",\"itemListElement\":[{\"@type\":\"ListItem\",\"position\":1,\"name\":\"Home\",\"item\":\"https:\\\/\\\/mbc-marine.com\\\/\"},{\"@type\":\"ListItem\",\"position\":2,\"name\":\"Water pumps\"}]},{\"@type\":\"WebSite\",\"@id\":\"https:\\\/\\\/mbc-marine.com\\\/#website\",\"url\":\"https:\\\/\\\/mbc-marine.com\\\/\",\"name\":\"MBC Marine\",\"description\":\"\",\"potentialAction\":[{\"@type\":\"SearchAction\",\"target\":{\"@type\":\"EntryPoint\",\"urlTemplate\":\"https:\\\/\\\/mbc-marine.com\\\/?s={search_term_string}\"},\"query-input\":{\"@type\":\"PropertyValueSpecification\",\"valueRequired\":true,\"valueName\":\"search_term_string\"}}],\"inLanguage\":\"pt-PT\"}]}<\/script>\n<!-- \/ Yoast SEO Premium plugin. -->","yoast_head_json":{"title":"Bombas de \u00e1gua - MBC Marine","description":"Bombas de circula\u00e7\u00e3o de \u00e1gua doce e \u00e1gua do mar","robots":{"index":"index","follow":"follow","max-snippet":"max-snippet:-1","max-image-preview":"max-image-preview:large","max-video-preview":"max-video-preview:-1"},"canonical":"https:\/\/mbc-marine.com\/pt\/bombas-de-agua\/","og_locale":"pt_PT","og_type":"article","og_title":"Water pumps","og_description":"Freshwater and Seawater Circulation Pumps","og_url":"https:\/\/mbc-marine.com\/pt\/bombas-de-agua\/","og_site_name":"MBC Marine","article_modified_time":"2025-10-15T07:39:45+00:00","og_image":[{"width":400,"height":400,"url":"https:\/\/mbc-marine.com\/wp-content\/uploads\/2025\/10\/water-circulation.jpg?wsr","type":"image\/jpeg"}],"twitter_card":"summary_large_image","twitter_misc":{"Tempo estimado de leitura":"1 minuto"},"schema":{"@context":"https:\/\/schema.org","@graph":[{"@type":"WebPage","@id":"https:\/\/mbc-marine.com\/water-pumps\/","url":"https:\/\/mbc-marine.com\/water-pumps\/","name":"Bombas de \u00e1gua - MBC Marine","isPartOf":{"@id":"https:\/\/mbc-marine.com\/#website"},"primaryImageOfPage":{"@id":"https:\/\/mbc-marine.com\/water-pumps\/#primaryimage"},"image":{"@id":"https:\/\/mbc-marine.com\/water-pumps\/#primaryimage"},"thumbnailUrl":"https:\/\/mbc-marine.com\/wp-content\/uploads\/2025\/10\/water-circulation.jpg?wsr","datePublished":"2025-07-23T11:58:29+00:00","dateModified":"2025-10-15T07:39:45+00:00","description":"Bombas de circula\u00e7\u00e3o de \u00e1gua doce e \u00e1gua do mar","breadcrumb":{"@id":"https:\/\/mbc-marine.com\/water-pumps\/#breadcrumb"},"inLanguage":"pt-PT","potentialAction":[{"@type":"ReadAction","target":["https:\/\/mbc-marine.com\/water-pumps\/"]}]},{"@type":"ImageObject","inLanguage":"pt-PT","@id":"https:\/\/mbc-marine.com\/water-pumps\/#primaryimage","url":"https:\/\/mbc-marine.com\/wp-content\/uploads\/2025\/10\/water-circulation.jpg?wsr","contentUrl":"https:\/\/mbc-marine.com\/wp-content\/uploads\/2025\/10\/water-circulation.jpg?wsr"},{"@type":"BreadcrumbList","@id":"https:\/\/mbc-marine.com\/water-pumps\/#breadcrumb","itemListElement":[{"@type":"ListItem","position":1,"name":"Home","item":"https:\/\/mbc-marine.com\/"},{"@type":"ListItem","position":2,"name":"Water pumps"}]},{"@type":"WebSite","@id":"https:\/\/mbc-marine.com\/#website","url":"https:\/\/mbc-marine.com\/","name":"MBC Marine","description":"","potentialAction":[{"@type":"SearchAction","target":{"@type":"EntryPoint","urlTemplate":"https:\/\/mbc-marine.com\/?s={search_term_string}"},"query-input":{"@type":"PropertyValueSpecification","valueRequired":true,"valueName":"search_term_string"}}],"inLanguage":"pt-PT"}]}},"_links":{"self":[{"href":"https:\/\/mbc-marine.com\/pt\/wp-json\/wp\/v2\/pages\/5179","targetHints":{"allow":["GET"]}}],"collection":[{"href":"https:\/\/mbc-marine.com\/pt\/wp-json\/wp\/v2\/pages"}],"about":[{"href":"https:\/\/mbc-marine.com\/pt\/wp-json\/wp\/v2\/types\/page"}],"author":[{"embeddable":true,"href":"https:\/\/mbc-marine.com\/pt\/wp-json\/wp\/v2\/users\/1"}],"replies":[{"embeddable":true,"href":"https:\/\/mbc-marine.com\/pt\/wp-json\/wp\/v2\/comments?post=5179"}],"version-history":[{"count":12,"href":"https:\/\/mbc-marine.com\/pt\/wp-json\/wp\/v2\/pages\/5179\/revisions"}],"predecessor-version":[{"id":7309,"href":"https:\/\/mbc-marine.com\/pt\/wp-json\/wp\/v2\/pages\/5179\/revisions\/7309"}],"wp:attachment":[{"href":"https:\/\/mbc-marine.com\/pt\/wp-json\/wp\/v2\/media?parent=5179"}],"curies":[{"name":"wp","href":"https:\/\/api.w.org\/{rel}","templated":true}]}}