{"id":5205,"date":"2025-07-23T14:11:01","date_gmt":"2025-07-23T12:11:01","guid":{"rendered":"https:\/\/mbc-marine.com\/?page_id=5205"},"modified":"2026-04-29T14:40:47","modified_gmt":"2026-04-29T12:40:47","slug":"exposicoes","status":"publish","type":"page","link":"https:\/\/mbc-marine.com\/pt\/exhibitions\/","title":{"rendered":"Exposi\u00e7\u00f5es"},"content":{"rendered":"<div data-elementor-type=\"wp-page\" data-elementor-id=\"5205\" class=\"elementor elementor-5205\" data-elementor-post-type=\"page\">\n\t\t\t\t<div class=\"elementor-element elementor-element-5cc200fd e-con-full e-flex e-con e-parent\" data-id=\"5cc200fd\" data-element_type=\"container\" data-e-type=\"container\" data-settings=\"{&quot;background_background&quot;:&quot;classic&quot;,&quot;jet_parallax_layout_list&quot;:[]}\">\n\t\t<div class=\"elementor-element elementor-element-17c3a0ae e-con-full e-flex e-con e-child\" data-id=\"17c3a0ae\" data-element_type=\"container\" data-e-type=\"container\" data-settings=\"{&quot;jet_parallax_layout_list&quot;:[]}\">\n\t\t\t\t<div class=\"elementor-element elementor-element-716502ee elementor-widget elementor-widget-text-editor\" data-id=\"716502ee\" data-element_type=\"widget\" data-e-type=\"widget\" data-widget_type=\"text-editor.default\">\n\t\t\t\t<div class=\"elementor-widget-container\">\n\t\t\t\t\t\t\t\t\t<h3 data-start=\"130\" data-end=\"166\">Exposi\u00e7\u00f5es - Venha conhecer-nos pessoalmente!<\/h3><p data-start=\"168\" data-end=\"517\">A MBC Marine participa regularmente nas principais exposi\u00e7\u00f5es mar\u00edtimas e n\u00e1uticas do mundo para apresentar os nossos mais recentes sistemas de ar condicionado, inova\u00e7\u00f5es de produtos e solu\u00e7\u00f5es t\u00e9cnicas. Estes eventos oferecem uma \u00f3ptima oportunidade para os nossos parceiros, clientes e visitantes nos encontrarem pessoalmente, colocarem quest\u00f5es e experimentarem de perto o desempenho dos nossos sistemas.<\/p><p data-start=\"519\" data-end=\"597\">Veja onde nos pode encontrar a seguir e junte-se a n\u00f3s num dos pr\u00f3ximos espect\u00e1culos!<\/p>\t\t\t\t\t\t\t\t<\/div>\n\t\t\t\t<\/div>\n\t\t<div class=\"elementor-element elementor-element-1d639b3 e-con-full e-flex e-con e-child\" data-id=\"1d639b3\" data-element_type=\"container\" data-e-type=\"container\" data-settings=\"{&quot;jet_parallax_layout_list&quot;:[]}\">\n\t\t\t\t<\/div>\n\t\t\t\t<\/div>\n\t\t\t\t<\/div>\n\t\t<div class=\"elementor-element elementor-element-462dde1 e-flex e-con-boxed e-con e-parent\" data-id=\"462dde1\" data-element_type=\"container\" data-e-type=\"container\" data-settings=\"{&quot;jet_parallax_layout_list&quot;:[]}\">\n\t\t\t\t\t<div class=\"e-con-inner\">\n\t\t<div class=\"elementor-element elementor-element-80f7f79 e-con-full e-flex e-con e-child\" data-id=\"80f7f79\" data-element_type=\"container\" data-e-type=\"container\" data-settings=\"{&quot;jet_parallax_layout_list&quot;:[]}\">\n\t\t\t\t<div class=\"elementor-element elementor-element-02d0e60 elementor-widget__width-initial elementor-position-top elementor-widget elementor-widget-image-box\" data-id=\"02d0e60\" data-element_type=\"widget\" data-e-type=\"widget\" data-widget_type=\"image-box.default\">\n\t\t\t\t<div class=\"elementor-widget-container\">\n\t\t\t\t\t<div class=\"elementor-image-box-wrapper\"><figure class=\"elementor-image-box-img\"><!--trp-no-translate--><!--trp-no-translate--><img fetchpriority=\"high\" decoding=\"async\" width=\"201\" height=\"251\" src=\"https:\/\/mbc-marine.com\/wp-content\/uploads\/2026\/01\/images.jpeg?wsr\" class=\"attachment-medium size-medium wp-image-7799\" alt=\"\" srcset=\"https:\/\/mbc-marine.com\/wp-content\/uploads\/2026\/01\/images.jpeg 201w, https:\/\/mbc-marine.com\/wp-content\/uploads\/2026\/01\/images-10x12.jpeg 10w\" sizes=\"(max-width: 201px) 100vw, 201px\" data-no-translation=\"\" \/><!--/trp-no-translate--><!--\/trp-no-translate--><\/figure><div class=\"elementor-image-box-content\"><h3 class=\"elementor-image-box-title\">Cannes Yacht Festival <span style=\"white-space: normal;, Arial, sans-serif;text-align: left\">8 - 13 Set. 2026<\/span><br><\/h3><p class=\"elementor-image-box-description\">Junte-se a n\u00f3s no maior sal\u00e3o n\u00e1utico da Europa, onde a MBC Marine apresentar\u00e1 a sua gama completa de solu\u00e7\u00f5es de ar condicionado mar\u00edtimo de vanguarda. <\/p><\/div><\/div>\t\t\t\t<\/div>\n\t\t\t\t<\/div>\n\t\t\t\t<\/div>\n\t\t<div class=\"elementor-element elementor-element-b3fda3c e-con-full e-flex e-con e-child\" data-id=\"b3fda3c\" data-element_type=\"container\" data-e-type=\"container\" data-settings=\"{&quot;jet_parallax_layout_list&quot;:[]}\">\n\t\t\t\t<div class=\"elementor-element elementor-element-13a5392 elementor-widget__width-initial elementor-position-top elementor-widget elementor-widget-image-box\" data-id=\"13a5392\" data-element_type=\"widget\" data-e-type=\"widget\" data-widget_type=\"image-box.default\">\n\t\t\t\t<div class=\"elementor-widget-container\">\n\t\t\t\t\t<div class=\"elementor-image-box-wrapper\"><figure class=\"elementor-image-box-img\"><!--trp-no-translate--><!--trp-no-translate--><img decoding=\"async\" width=\"168\" height=\"299\" src=\"https:\/\/mbc-marine.com\/wp-content\/uploads\/2026\/01\/images-2.jpeg?wsr\" class=\"attachment-medium size-medium wp-image-7800\" alt=\"\" srcset=\"https:\/\/mbc-marine.com\/wp-content\/uploads\/2026\/01\/images-2.jpeg 168w, https:\/\/mbc-marine.com\/wp-content\/uploads\/2026\/01\/images-2-7x12.jpeg 7w\" sizes=\"(max-width: 168px) 100vw, 168px\" data-no-translation=\"\" \/><!--/trp-no-translate--><!--\/trp-no-translate--><\/figure><div class=\"elementor-image-box-content\"><h3 class=\"elementor-image-box-title\">Sal\u00e3o N\u00e1utico <span style=\"white-space: normal;, Arial, sans-serif;text-align: left\">8 - 6 Out. 2026 <\/span><\/h3><p class=\"elementor-image-box-description\">A MBC Marine estar\u00e1 presente no Salone Nautico di Genova, apresentando as nossas solu\u00e7\u00f5es de ar condicionado mar\u00edtimo ao p\u00fablico internacional da ind\u00fastria n\u00e1utica e de iates.<\/p><\/div><\/div>\t\t\t\t<\/div>\n\t\t\t\t<\/div>\n\t\t\t\t<\/div>\n\t\t\t\t\t<\/div>\n\t\t\t\t<\/div>\n\t\t<div class=\"elementor-element elementor-element-8f6178e e-flex e-con-boxed e-con e-parent\" data-id=\"8f6178e\" data-element_type=\"container\" data-e-type=\"container\" data-settings=\"{&quot;jet_parallax_layout_list&quot;:[]}\">\n\t\t\t\t\t<div class=\"e-con-inner\">\n\t\t\t\t<div class=\"elementor-element elementor-element-07484e4 elementor-widget elementor-widget-spacer\" data-id=\"07484e4\" data-element_type=\"widget\" data-e-type=\"widget\" data-widget_type=\"spacer.default\">\n\t\t\t\t<div class=\"elementor-widget-container\">\n\t\t\t\t\t\t\t<div class=\"elementor-spacer\">\n\t\t\t<div class=\"elementor-spacer-inner\"><\/div>\n\t\t<\/div>\n\t\t\t\t\t\t<\/div>\n\t\t\t\t<\/div>\n\t\t\t\t\t<\/div>\n\t\t\t\t<\/div>\n\t\t\t\t<\/div>","protected":false},"excerpt":{"rendered":"<p>Exhibitions \u2013 Meet Us in Person! MBC Marine regularly attends the world\u2019s leading marine and boating exhibitions to showcase our latest air conditioning systems, product innovations, and technical solutions. These events offer a great opportunity for our partners, clients, and visitors to meet us face-to-face, ask questions, and experience the performance of our systems up [&hellip;]<\/p>\n","protected":false},"author":1,"featured_media":0,"parent":0,"menu_order":0,"comment_status":"closed","ping_status":"closed","template":"","meta":{"_acf_changed":false,"footnotes":""},"class_list":["post-5205","page","type-page","status-publish","hentry"],"acf":[],"_links":{"self":[{"href":"https:\/\/mbc-marine.com\/pt\/wp-json\/wp\/v2\/pages\/5205","targetHints":{"allow":["GET"]}}],"collection":[{"href":"https:\/\/mbc-marine.com\/pt\/wp-json\/wp\/v2\/pages"}],"about":[{"href":"https:\/\/mbc-marine.com\/pt\/wp-json\/wp\/v2\/types\/page"}],"author":[{"embeddable":true,"href":"https:\/\/mbc-marine.com\/pt\/wp-json\/wp\/v2\/users\/1"}],"replies":[{"embeddable":true,"href":"https:\/\/mbc-marine.com\/pt\/wp-json\/wp\/v2\/comments?post=5205"}],"version-history":[{"count":18,"href":"https:\/\/mbc-marine.com\/pt\/wp-json\/wp\/v2\/pages\/5205\/revisions"}],"predecessor-version":[{"id":7803,"href":"https:\/\/mbc-marine.com\/pt\/wp-json\/wp\/v2\/pages\/5205\/revisions\/7803"}],"wp:attachment":[{"href":"https:\/\/mbc-marine.com\/pt\/wp-json\/wp\/v2\/media?parent=5205"}],"curies":[{"name":"wp","href":"https:\/\/api.w.org\/{rel}","templated":true}]}}