{"id":5531,"date":"2025-07-24T15:40:25","date_gmt":"2025-07-24T13:40:25","guid":{"rendered":"https:\/\/mbc-marine.com\/?page_id=5531"},"modified":"2025-09-25T10:06:53","modified_gmt":"2025-09-25T08:06:53","slug":"refrigerador-variavel","status":"publish","type":"page","link":"https:\/\/mbc-marine.com\/pt\/variable-chiller\/","title":{"rendered":"Variable Chiller - Condicionadores de ar mar\u00edtimos 230V e 400V"},"content":{"rendered":"<div data-elementor-type=\"wp-page\" data-elementor-id=\"5531\" class=\"elementor elementor-5531\" data-elementor-post-type=\"page\">\n\t\t\t\t<div class=\"elementor-element elementor-element-95a040c e-con-full e-flex e-con e-parent\" data-id=\"95a040c\" data-element_type=\"container\" data-e-type=\"container\" data-settings=\"{&quot;jet_parallax_layout_list&quot;:[]}\">\n\t\t\t\t<div class=\"elementor-element elementor-element-0734e4b elementor-widget elementor-widget-heading\" data-id=\"0734e4b\" data-element_type=\"widget\" data-e-type=\"widget\" data-widget_type=\"heading.default\">\n\t\t\t\t<div class=\"elementor-widget-container\">\n\t\t\t\t\t<h1 class=\"elementor-heading-title elementor-size-default\">Sistemas de ar condicionado com chiller vari\u00e1vel MBC Marine\n<br>230V 1 Ph e 400V 3 Ph <\/h1>\t\t\t\t<\/div>\n\t\t\t\t<\/div>\n\t\t\t\t<div class=\"elementor-element elementor-element-dec1058 elementor-widget elementor-widget-spacer\" data-id=\"dec1058\" data-element_type=\"widget\" data-e-type=\"widget\" data-widget_type=\"spacer.default\">\n\t\t\t\t<div class=\"elementor-widget-container\">\n\t\t\t\t\t\t\t<div class=\"elementor-spacer\">\n\t\t\t<div class=\"elementor-spacer-inner\"><\/div>\n\t\t<\/div>\n\t\t\t\t\t\t<\/div>\n\t\t\t\t<\/div>\n\t\t\t\t<\/div>\n\t\t\t\t<section class=\"elementor-section elementor-top-section elementor-element elementor-element-af0d55a elementor-section-boxed elementor-section-height-default elementor-section-height-default\" data-id=\"af0d55a\" data-element_type=\"section\" data-e-type=\"section\" data-settings=\"{&quot;jet_parallax_layout_list&quot;:[]}\">\n\t\t\t\t\t\t<div class=\"elementor-container elementor-column-gap-default\">\n\t\t\t\t\t<div class=\"elementor-column elementor-col-50 elementor-top-column elementor-element elementor-element-fbecd7a\" data-id=\"fbecd7a\" data-element_type=\"column\" data-e-type=\"column\">\n\t\t\t<div class=\"elementor-widget-wrap elementor-element-populated\">\n\t\t\t\t\t\t<div class=\"elementor-element elementor-element-6272726 e-transform elementor-position-top elementor-widget elementor-widget-image-box\" data-id=\"6272726\" data-element_type=\"widget\" data-e-type=\"widget\" data-settings=\"{&quot;_transform_scale_effect_hover&quot;:{&quot;unit&quot;:&quot;px&quot;,&quot;size&quot;:&quot;1.1&quot;,&quot;sizes&quot;:[]},&quot;_transform_scale_effect_hover_tablet&quot;:{&quot;unit&quot;:&quot;px&quot;,&quot;size&quot;:&quot;&quot;,&quot;sizes&quot;:[]},&quot;_transform_scale_effect_hover_mobile&quot;:{&quot;unit&quot;:&quot;px&quot;,&quot;size&quot;:&quot;&quot;,&quot;sizes&quot;:[]}}\" data-widget_type=\"image-box.default\">\n\t\t\t\t<div class=\"elementor-widget-container\">\n\t\t\t\t\t<div class=\"elementor-image-box-wrapper\"><figure class=\"elementor-image-box-img\"><a href=\"https:\/\/mbc-marine.com\/pt\/categoria-de-produto\/unidades-ac\/refrigerador-maritimo\/230v-1-fase\/\" tabindex=\"-1\"><!--trp-no-translate--><!--trp-no-translate--><img fetchpriority=\"high\" decoding=\"async\" width=\"2560\" height=\"1703\" src=\"https:\/\/mbc-marine.com\/wp-content\/uploads\/2024\/10\/hc24vfd-230v-1ph2.png?wsr\" class=\"attachment-full size-full wp-image-6162\" alt=\"HC24VFD &#8211; 230V 1Ph\" srcset=\"https:\/\/mbc-marine.com\/wp-content\/uploads\/2024\/10\/hc24vfd-230v-1ph2.png 2560w, https:\/\/mbc-marine.com\/wp-content\/uploads\/2024\/10\/hc24vfd-230v-1ph2-300x200.png 300w, https:\/\/mbc-marine.com\/wp-content\/uploads\/2024\/10\/hc24vfd-230v-1ph2-1024x681.png 1024w, https:\/\/mbc-marine.com\/wp-content\/uploads\/2024\/10\/hc24vfd-230v-1ph2-768x511.png 768w, https:\/\/mbc-marine.com\/wp-content\/uploads\/2024\/10\/hc24vfd-230v-1ph2-1536x1022.png 1536w, https:\/\/mbc-marine.com\/wp-content\/uploads\/2024\/10\/hc24vfd-230v-1ph2-2048x1363.png 2048w, https:\/\/mbc-marine.com\/wp-content\/uploads\/2024\/10\/hc24vfd-230v-1ph2-600x399.png 600w\" sizes=\"(max-width: 2560px) 100vw, 2560px\" data-no-translation=\"\" \/><!--/trp-no-translate--><!--\/trp-no-translate--><\/a><\/figure><div class=\"elementor-image-box-content\"><h3 class=\"elementor-image-box-title\"><a href=\"https:\/\/mbc-marine.com\/pt\/categoria-de-produto\/unidades-ac\/refrigerador-maritimo\/230v-1-fase\/\">230V - 50-60Hz 1 Ph<\/a><\/h3><\/div><\/div>\t\t\t\t<\/div>\n\t\t\t\t<\/div>\n\t\t\t\t<div class=\"elementor-element elementor-element-e839a75 elementor-widget-divider--view-line elementor-widget elementor-widget-divider\" data-id=\"e839a75\" data-element_type=\"widget\" data-e-type=\"widget\" data-widget_type=\"divider.default\">\n\t\t\t\t<div class=\"elementor-widget-container\">\n\t\t\t\t\t\t\t<div class=\"elementor-divider\">\n\t\t\t<span class=\"elementor-divider-separator\">\n\t\t\t\t\t\t<\/span>\n\t\t<\/div>\n\t\t\t\t\t\t<\/div>\n\t\t\t\t<\/div>\n\t\t\t\t<div class=\"elementor-element elementor-element-cde4381 elementor-widget elementor-widget-text-editor\" data-id=\"cde4381\" data-element_type=\"widget\" data-e-type=\"widget\" data-widget_type=\"text-editor.default\">\n\t\t\t\t<div class=\"elementor-widget-container\">\n\t\t\t\t\t\t\t\t\t<p class=\"\" data-start=\"167\" data-end=\"389\"><strong style=\"caret-color: #000000; color: #000000;\" data-start=\"0\" data-end=\"148\" data-is-only-node=\"\">Os refrigeradores de capacidade vari\u00e1vel da MBC Marine (24 000-80 000 BTU) proporcionam um controlo clim\u00e1tico preciso e energeticamente eficiente para ambientes mar\u00edtimos exigentes.<\/strong><\/p>\t\t\t\t\t\t\t\t<\/div>\n\t\t\t\t<\/div>\n\t\t\t\t\t<\/div>\n\t\t<\/div>\n\t\t\t\t<div class=\"elementor-column elementor-col-50 elementor-top-column elementor-element elementor-element-6d63ffe\" data-id=\"6d63ffe\" data-element_type=\"column\" data-e-type=\"column\">\n\t\t\t<div class=\"elementor-widget-wrap elementor-element-populated\">\n\t\t\t\t\t\t<div class=\"elementor-element elementor-element-7af57ce e-transform elementor-position-top elementor-widget elementor-widget-image-box\" data-id=\"7af57ce\" data-element_type=\"widget\" data-e-type=\"widget\" data-settings=\"{&quot;_transform_scale_effect_hover&quot;:{&quot;unit&quot;:&quot;px&quot;,&quot;size&quot;:&quot;1.1&quot;,&quot;sizes&quot;:[]},&quot;_transform_scale_effect_hover_tablet&quot;:{&quot;unit&quot;:&quot;px&quot;,&quot;size&quot;:&quot;&quot;,&quot;sizes&quot;:[]},&quot;_transform_scale_effect_hover_mobile&quot;:{&quot;unit&quot;:&quot;px&quot;,&quot;size&quot;:&quot;&quot;,&quot;sizes&quot;:[]}}\" data-widget_type=\"image-box.default\">\n\t\t\t\t<div class=\"elementor-widget-container\">\n\t\t\t\t\t<div class=\"elementor-image-box-wrapper\"><figure class=\"elementor-image-box-img\"><a href=\"https:\/\/mbc-marine.com\/pt\/categoria-de-produto\/unidades-ac\/refrigerador-maritimo\/400v-3-fases\/\" tabindex=\"-1\"><!--trp-no-translate--><!--trp-no-translate--><img decoding=\"async\" width=\"2560\" height=\"1703\" src=\"https:\/\/mbc-marine.com\/wp-content\/uploads\/2024\/10\/hc80vfd-230v-1ph.png?wsr\" class=\"attachment-full size-full wp-image-6157\" alt=\"HC80VFD &#8211; 230V 1Ph\" srcset=\"https:\/\/mbc-marine.com\/wp-content\/uploads\/2024\/10\/hc80vfd-230v-1ph.png 2560w, https:\/\/mbc-marine.com\/wp-content\/uploads\/2024\/10\/hc80vfd-230v-1ph-300x200.png 300w, https:\/\/mbc-marine.com\/wp-content\/uploads\/2024\/10\/hc80vfd-230v-1ph-1024x681.png 1024w, https:\/\/mbc-marine.com\/wp-content\/uploads\/2024\/10\/hc80vfd-230v-1ph-768x511.png 768w, https:\/\/mbc-marine.com\/wp-content\/uploads\/2024\/10\/hc80vfd-230v-1ph-1536x1022.png 1536w, https:\/\/mbc-marine.com\/wp-content\/uploads\/2024\/10\/hc80vfd-230v-1ph-2048x1363.png 2048w, https:\/\/mbc-marine.com\/wp-content\/uploads\/2024\/10\/hc80vfd-230v-1ph-600x399.png 600w\" sizes=\"(max-width: 2560px) 100vw, 2560px\" data-no-translation=\"\" \/><!--/trp-no-translate--><!--\/trp-no-translate--><\/a><\/figure><div class=\"elementor-image-box-content\"><h3 class=\"elementor-image-box-title\"><a href=\"https:\/\/mbc-marine.com\/pt\/categoria-de-produto\/unidades-ac\/refrigerador-maritimo\/400v-3-fases\/\">400V - 50-60Hz 3 Ph<\/a><\/h3><\/div><\/div>\t\t\t\t<\/div>\n\t\t\t\t<\/div>\n\t\t\t\t<div class=\"elementor-element elementor-element-d4fd727 elementor-widget-divider--view-line elementor-widget elementor-widget-divider\" data-id=\"d4fd727\" data-element_type=\"widget\" data-e-type=\"widget\" data-widget_type=\"divider.default\">\n\t\t\t\t<div class=\"elementor-widget-container\">\n\t\t\t\t\t\t\t<div class=\"elementor-divider\">\n\t\t\t<span class=\"elementor-divider-separator\">\n\t\t\t\t\t\t<\/span>\n\t\t<\/div>\n\t\t\t\t\t\t<\/div>\n\t\t\t\t<\/div>\n\t\t\t\t<div class=\"elementor-element elementor-element-5c49de4 elementor-widget elementor-widget-text-editor\" data-id=\"5c49de4\" data-element_type=\"widget\" data-e-type=\"widget\" data-widget_type=\"text-editor.default\">\n\t\t\t\t<div class=\"elementor-widget-container\">\n\t\t\t\t\t\t\t\t\t<p><strong style=\"caret-color: #000000; color: #000000;\" data-start=\"0\" data-end=\"148\" data-is-only-node=\"\">Os refrigeradores de capacidade vari\u00e1vel da MBC Marine (64 000-120 000 BTU) proporcionam um controlo clim\u00e1tico preciso e energeticamente eficiente para ambientes mar\u00edtimos exigentes.<\/strong><\/p>\t\t\t\t\t\t\t\t<\/div>\n\t\t\t\t<\/div>\n\t\t\t\t\t<\/div>\n\t\t<\/div>\n\t\t\t\t\t<\/div>\n\t\t<\/section>\n\t\t\t\t<\/div>","protected":false},"excerpt":{"rendered":"<p>MBC Marine Variable Chiller Air conditioner Systems 230V 1 Ph and 400V 3 Ph 230V &#8211; 50-60Hz 1 Ph MBC Marine\u2019s Variable Capacity Chillers (24,000\u201380,000\u202fBTU) deliver precise, energy-efficient climate control for demanding marine environments. 400V &#8211; 50-60Hz 3 Ph MBC Marine\u2019s Variable Capacity Chillers (64,000\u2013120,000\u202fBTU) deliver precise, energy-efficient climate control for demanding marine environments.<\/p>","protected":false},"author":1,"featured_media":0,"parent":0,"menu_order":0,"comment_status":"closed","ping_status":"closed","template":"","meta":{"_acf_changed":false,"footnotes":""},"class_list":["post-5531","page","type-page","status-publish","hentry"],"acf":[],"yoast_head":"<!-- This site is optimized with the Yoast SEO Premium plugin v27.3 (Yoast SEO v27.3) - https:\/\/yoast.com\/product\/yoast-seo-premium-wordpress\/ -->\n<title>Variable Chiller - Marine air conditioners 230V and 400V - MBC Marine<\/title>\n<meta name=\"description\" content=\"MBC Marine Variable Chiller Air conditioner Systems 230V 1 Ph and 400V 3 Ph\" \/>\n<meta name=\"robots\" content=\"index, follow, max-snippet:-1, max-image-preview:large, max-video-preview:-1\" \/>\n<link rel=\"canonical\" href=\"https:\/\/mbc-marine.com\/pt\/refrigerador-variavel\/\" \/>\n<meta property=\"og:locale\" content=\"pt_PT\" \/>\n<meta property=\"og:type\" content=\"article\" \/>\n<meta property=\"og:title\" content=\"Variable Chiller - Marine air conditioners 230V and 400V\" \/>\n<meta property=\"og:description\" content=\"MBC Marine Variable Chiller Air conditioner Systems 230V 1 Ph and 400V 3 Ph\" \/>\n<meta property=\"og:url\" content=\"https:\/\/mbc-marine.com\/pt\/refrigerador-variavel\/\" \/>\n<meta property=\"og:site_name\" content=\"MBC Marine\" \/>\n<meta property=\"article:modified_time\" content=\"2025-09-25T08:06:53+00:00\" \/>\n<meta property=\"og:image\" content=\"https:\/\/mbc-marine.com\/wp-content\/uploads\/2024\/10\/hc24vfd-230v-1ph2.png\" \/>\n<meta name=\"twitter:card\" content=\"summary_large_image\" \/>\n<meta name=\"twitter:label1\" content=\"Tempo estimado de leitura\" \/>\n\t<meta name=\"twitter:data1\" content=\"1 minuto\" \/>\n<script type=\"application\/ld+json\" class=\"yoast-schema-graph\">{\"@context\":\"https:\\\/\\\/schema.org\",\"@graph\":[{\"@type\":\"WebPage\",\"@id\":\"https:\\\/\\\/mbc-marine.com\\\/variable-chiller\\\/\",\"url\":\"https:\\\/\\\/mbc-marine.com\\\/variable-chiller\\\/\",\"name\":\"Variable Chiller - Marine air conditioners 230V and 400V - MBC Marine\",\"isPartOf\":{\"@id\":\"https:\\\/\\\/mbc-marine.com\\\/#website\"},\"primaryImageOfPage\":{\"@id\":\"https:\\\/\\\/mbc-marine.com\\\/variable-chiller\\\/#primaryimage\"},\"image\":{\"@id\":\"https:\\\/\\\/mbc-marine.com\\\/variable-chiller\\\/#primaryimage\"},\"thumbnailUrl\":\"https:\\\/\\\/mbc-marine.com\\\/wp-content\\\/uploads\\\/2024\\\/10\\\/hc24vfd-230v-1ph2.png\",\"datePublished\":\"2025-07-24T13:40:25+00:00\",\"dateModified\":\"2025-09-25T08:06:53+00:00\",\"description\":\"MBC Marine Variable Chiller Air conditioner Systems 230V 1 Ph and 400V 3 Ph\",\"breadcrumb\":{\"@id\":\"https:\\\/\\\/mbc-marine.com\\\/variable-chiller\\\/#breadcrumb\"},\"inLanguage\":\"pt-PT\",\"potentialAction\":[{\"@type\":\"ReadAction\",\"target\":[\"https:\\\/\\\/mbc-marine.com\\\/variable-chiller\\\/\"]}]},{\"@type\":\"ImageObject\",\"inLanguage\":\"pt-PT\",\"@id\":\"https:\\\/\\\/mbc-marine.com\\\/variable-chiller\\\/#primaryimage\",\"url\":\"https:\\\/\\\/mbc-marine.com\\\/wp-content\\\/uploads\\\/2024\\\/10\\\/hc24vfd-230v-1ph2.png\",\"contentUrl\":\"https:\\\/\\\/mbc-marine.com\\\/wp-content\\\/uploads\\\/2024\\\/10\\\/hc24vfd-230v-1ph2.png\"},{\"@type\":\"BreadcrumbList\",\"@id\":\"https:\\\/\\\/mbc-marine.com\\\/variable-chiller\\\/#breadcrumb\",\"itemListElement\":[{\"@type\":\"ListItem\",\"position\":1,\"name\":\"Home\",\"item\":\"https:\\\/\\\/mbc-marine.com\\\/\"},{\"@type\":\"ListItem\",\"position\":2,\"name\":\"Variable Chiller &#8211; Marine air conditioners 230V and 400V\"}]},{\"@type\":\"WebSite\",\"@id\":\"https:\\\/\\\/mbc-marine.com\\\/#website\",\"url\":\"https:\\\/\\\/mbc-marine.com\\\/\",\"name\":\"MBC Marine\",\"description\":\"\",\"potentialAction\":[{\"@type\":\"SearchAction\",\"target\":{\"@type\":\"EntryPoint\",\"urlTemplate\":\"https:\\\/\\\/mbc-marine.com\\\/?s={search_term_string}\"},\"query-input\":{\"@type\":\"PropertyValueSpecification\",\"valueRequired\":true,\"valueName\":\"search_term_string\"}}],\"inLanguage\":\"pt-PT\"}]}<\/script>\n<!-- \/ Yoast SEO Premium plugin. -->","yoast_head_json":{"title":"Variable Chiller - Condicionadores de ar mar\u00edtimos 230V e 400V - MBC Marine","description":"Sistemas de ar condicionado MBC Marine Variable Chiller 230V 1 Ph e 400V 3 Ph","robots":{"index":"index","follow":"follow","max-snippet":"max-snippet:-1","max-image-preview":"max-image-preview:large","max-video-preview":"max-video-preview:-1"},"canonical":"https:\/\/mbc-marine.com\/pt\/refrigerador-variavel\/","og_locale":"pt_PT","og_type":"article","og_title":"Variable Chiller - Marine air conditioners 230V and 400V","og_description":"MBC Marine Variable Chiller Air conditioner Systems 230V 1 Ph and 400V 3 Ph","og_url":"https:\/\/mbc-marine.com\/pt\/refrigerador-variavel\/","og_site_name":"MBC Marine","article_modified_time":"2025-09-25T08:06:53+00:00","og_image":[{"url":"https:\/\/mbc-marine.com\/wp-content\/uploads\/2024\/10\/hc24vfd-230v-1ph2.png","type":"","width":"","height":""}],"twitter_card":"summary_large_image","twitter_misc":{"Tempo estimado de leitura":"1 minuto"},"schema":{"@context":"https:\/\/schema.org","@graph":[{"@type":"WebPage","@id":"https:\/\/mbc-marine.com\/variable-chiller\/","url":"https:\/\/mbc-marine.com\/variable-chiller\/","name":"Variable Chiller - Condicionadores de ar mar\u00edtimos 230V e 400V - MBC Marine","isPartOf":{"@id":"https:\/\/mbc-marine.com\/#website"},"primaryImageOfPage":{"@id":"https:\/\/mbc-marine.com\/variable-chiller\/#primaryimage"},"image":{"@id":"https:\/\/mbc-marine.com\/variable-chiller\/#primaryimage"},"thumbnailUrl":"https:\/\/mbc-marine.com\/wp-content\/uploads\/2024\/10\/hc24vfd-230v-1ph2.png","datePublished":"2025-07-24T13:40:25+00:00","dateModified":"2025-09-25T08:06:53+00:00","description":"Sistemas de ar condicionado MBC Marine Variable Chiller 230V 1 Ph e 400V 3 Ph","breadcrumb":{"@id":"https:\/\/mbc-marine.com\/variable-chiller\/#breadcrumb"},"inLanguage":"pt-PT","potentialAction":[{"@type":"ReadAction","target":["https:\/\/mbc-marine.com\/variable-chiller\/"]}]},{"@type":"ImageObject","inLanguage":"pt-PT","@id":"https:\/\/mbc-marine.com\/variable-chiller\/#primaryimage","url":"https:\/\/mbc-marine.com\/wp-content\/uploads\/2024\/10\/hc24vfd-230v-1ph2.png","contentUrl":"https:\/\/mbc-marine.com\/wp-content\/uploads\/2024\/10\/hc24vfd-230v-1ph2.png"},{"@type":"BreadcrumbList","@id":"https:\/\/mbc-marine.com\/variable-chiller\/#breadcrumb","itemListElement":[{"@type":"ListItem","position":1,"name":"Home","item":"https:\/\/mbc-marine.com\/"},{"@type":"ListItem","position":2,"name":"Variable Chiller &#8211; Marine air conditioners 230V and 400V"}]},{"@type":"WebSite","@id":"https:\/\/mbc-marine.com\/#website","url":"https:\/\/mbc-marine.com\/","name":"MBC Marine","description":"","potentialAction":[{"@type":"SearchAction","target":{"@type":"EntryPoint","urlTemplate":"https:\/\/mbc-marine.com\/?s={search_term_string}"},"query-input":{"@type":"PropertyValueSpecification","valueRequired":true,"valueName":"search_term_string"}}],"inLanguage":"pt-PT"}]}},"_links":{"self":[{"href":"https:\/\/mbc-marine.com\/pt\/wp-json\/wp\/v2\/pages\/5531","targetHints":{"allow":["GET"]}}],"collection":[{"href":"https:\/\/mbc-marine.com\/pt\/wp-json\/wp\/v2\/pages"}],"about":[{"href":"https:\/\/mbc-marine.com\/pt\/wp-json\/wp\/v2\/types\/page"}],"author":[{"embeddable":true,"href":"https:\/\/mbc-marine.com\/pt\/wp-json\/wp\/v2\/users\/1"}],"replies":[{"embeddable":true,"href":"https:\/\/mbc-marine.com\/pt\/wp-json\/wp\/v2\/comments?post=5531"}],"version-history":[{"count":4,"href":"https:\/\/mbc-marine.com\/pt\/wp-json\/wp\/v2\/pages\/5531\/revisions"}],"predecessor-version":[{"id":7254,"href":"https:\/\/mbc-marine.com\/pt\/wp-json\/wp\/v2\/pages\/5531\/revisions\/7254"}],"wp:attachment":[{"href":"https:\/\/mbc-marine.com\/pt\/wp-json\/wp\/v2\/media?parent=5531"}],"curies":[{"name":"wp","href":"https:\/\/api.w.org\/{rel}","templated":true}]}}