{"id":7810,"date":"2026-01-30T09:45:27","date_gmt":"2026-01-30T08:45:27","guid":{"rendered":"https:\/\/mbc-marine.com\/?page_id=7810"},"modified":"2026-02-06T19:40:19","modified_gmt":"2026-02-06T18:40:19","slug":"sistemas-split-scp","status":"publish","type":"page","link":"https:\/\/mbc-marine.com\/pt\/scp-split-systems\/","title":{"rendered":"SCP - Sistemas Split"},"content":{"rendered":"<div data-elementor-type=\"wp-page\" data-elementor-id=\"7810\" class=\"elementor elementor-7810\" data-elementor-post-type=\"page\">\n\t\t\t\t<div class=\"elementor-element elementor-element-95a040c e-con-full e-flex e-con e-parent\" data-id=\"95a040c\" data-element_type=\"container\" data-e-type=\"container\" data-settings=\"{&quot;jet_parallax_layout_list&quot;:[]}\">\n\t\t\t\t<div class=\"elementor-element elementor-element-0734e4b elementor-widget elementor-widget-heading\" data-id=\"0734e4b\" data-element_type=\"widget\" data-e-type=\"widget\" data-widget_type=\"heading.default\">\n\t\t\t\t<div class=\"elementor-widget-container\">\n\t\t\t\t\t<h1 class=\"elementor-heading-title elementor-size-default\">SCP - Sistemas Split<\/h1>\t\t\t\t<\/div>\n\t\t\t\t<\/div>\n\t\t\t\t<div class=\"elementor-element elementor-element-dec1058 elementor-widget elementor-widget-spacer\" data-id=\"dec1058\" data-element_type=\"widget\" data-e-type=\"widget\" data-widget_type=\"spacer.default\">\n\t\t\t\t<div class=\"elementor-widget-container\">\n\t\t\t\t\t\t\t<div class=\"elementor-spacer\">\n\t\t\t<div class=\"elementor-spacer-inner\"><\/div>\n\t\t<\/div>\n\t\t\t\t\t\t<\/div>\n\t\t\t\t<\/div>\n\t\t\t\t<\/div>\n\t\t\t\t<section class=\"elementor-section elementor-top-section elementor-element elementor-element-af0d55a elementor-section-boxed elementor-section-height-default elementor-section-height-default\" data-id=\"af0d55a\" data-element_type=\"section\" data-e-type=\"section\" data-settings=\"{&quot;jet_parallax_layout_list&quot;:[]}\">\n\t\t\t\t\t\t<div class=\"elementor-container elementor-column-gap-default\">\n\t\t\t\t\t<div class=\"elementor-column elementor-col-50 elementor-top-column elementor-element elementor-element-fbecd7a\" data-id=\"fbecd7a\" data-element_type=\"column\" data-e-type=\"column\">\n\t\t\t<div class=\"elementor-widget-wrap elementor-element-populated\">\n\t\t\t\t\t\t<div class=\"elementor-element elementor-element-6272726 e-transform elementor-position-top elementor-widget elementor-widget-image-box\" data-id=\"6272726\" data-element_type=\"widget\" data-e-type=\"widget\" data-settings=\"{&quot;_transform_scale_effect_hover&quot;:{&quot;unit&quot;:&quot;px&quot;,&quot;size&quot;:&quot;1.1&quot;,&quot;sizes&quot;:[]},&quot;_transform_scale_effect_hover_tablet&quot;:{&quot;unit&quot;:&quot;px&quot;,&quot;size&quot;:&quot;&quot;,&quot;sizes&quot;:[]},&quot;_transform_scale_effect_hover_mobile&quot;:{&quot;unit&quot;:&quot;px&quot;,&quot;size&quot;:&quot;&quot;,&quot;sizes&quot;:[]}}\" data-widget_type=\"image-box.default\">\n\t\t\t\t<div class=\"elementor-widget-container\">\n\t\t\t\t\t<div class=\"elementor-image-box-wrapper\"><figure class=\"elementor-image-box-img\"><a href=\"https:\/\/mbc-marine.com\/pt\/categoria-de-produto\/unidades-ac\/scp\/\" tabindex=\"-1\"><!--trp-no-translate--><!--trp-no-translate--><img fetchpriority=\"high\" decoding=\"async\" width=\"2560\" height=\"1709\" src=\"https:\/\/mbc-marine.com\/wp-content\/uploads\/2024\/10\/hm3_9053-scaled.png?wsr\" class=\"attachment-full size-full wp-image-6091\" alt=\"SCP24 &#8211; Direct Expansion Split Systems\" srcset=\"https:\/\/mbc-marine.com\/wp-content\/uploads\/2024\/10\/hm3_9053-scaled.png 2560w, https:\/\/mbc-marine.com\/wp-content\/uploads\/2024\/10\/hm3_9053-300x200.png 300w, https:\/\/mbc-marine.com\/wp-content\/uploads\/2024\/10\/hm3_9053-1024x684.png 1024w, https:\/\/mbc-marine.com\/wp-content\/uploads\/2024\/10\/hm3_9053-768x513.png 768w, https:\/\/mbc-marine.com\/wp-content\/uploads\/2024\/10\/hm3_9053-1536x1025.png 1536w, https:\/\/mbc-marine.com\/wp-content\/uploads\/2024\/10\/hm3_9053-2048x1367.png 2048w, https:\/\/mbc-marine.com\/wp-content\/uploads\/2024\/10\/hm3_9053-600x401.png 600w\" sizes=\"(max-width: 2560px) 100vw, 2560px\" data-no-translation=\"\" \/><!--/trp-no-translate--><!--\/trp-no-translate--><\/a><\/figure><div class=\"elementor-image-box-content\"><h3 class=\"elementor-image-box-title\"><a href=\"https:\/\/mbc-marine.com\/pt\/categoria-de-produto\/unidades-ac\/scp\/\">SINGLE SPLIT - 1 COMPRESSOR 1 EVAPORADOR<\/a><\/h3><\/div><\/div>\t\t\t\t<\/div>\n\t\t\t\t<\/div>\n\t\t\t\t<div class=\"elementor-element elementor-element-e839a75 elementor-widget-divider--view-line elementor-widget elementor-widget-divider\" data-id=\"e839a75\" data-element_type=\"widget\" data-e-type=\"widget\" data-widget_type=\"divider.default\">\n\t\t\t\t<div class=\"elementor-widget-container\">\n\t\t\t\t\t\t\t<div class=\"elementor-divider\">\n\t\t\t<span class=\"elementor-divider-separator\">\n\t\t\t\t\t\t<\/span>\n\t\t<\/div>\n\t\t\t\t\t\t<\/div>\n\t\t\t\t<\/div>\n\t\t\t\t<div class=\"elementor-element elementor-element-cde4381 elementor-widget elementor-widget-text-editor\" data-id=\"cde4381\" data-element_type=\"widget\" data-e-type=\"widget\" data-widget_type=\"text-editor.default\">\n\t\t\t\t<div class=\"elementor-widget-container\">\n\t\t\t\t\t\t\t\t\t<p class=\"\" data-start=\"167\" data-end=\"389\">O <strong>S\u00e9rie SCP<\/strong> apresenta aparelhos de ar condicionado mar\u00edtimos do tipo split com unidades de condensa\u00e7\u00e3o e ventila\u00e7\u00e3o separadas, minimizando o ru\u00eddo da cabina e poupando espa\u00e7o valioso.<\/p>\t\t\t\t\t\t\t\t<\/div>\n\t\t\t\t<\/div>\n\t\t\t\t\t<\/div>\n\t\t<\/div>\n\t\t\t\t<div class=\"elementor-column elementor-col-50 elementor-top-column elementor-element elementor-element-6d63ffe\" data-id=\"6d63ffe\" data-element_type=\"column\" data-e-type=\"column\">\n\t\t\t<div class=\"elementor-widget-wrap elementor-element-populated\">\n\t\t\t\t\t\t<div class=\"elementor-element elementor-element-e7a22b3 elementor-widget elementor-widget-spacer\" data-id=\"e7a22b3\" data-element_type=\"widget\" data-e-type=\"widget\" data-widget_type=\"spacer.default\">\n\t\t\t\t<div class=\"elementor-widget-container\">\n\t\t\t\t\t\t\t<div class=\"elementor-spacer\">\n\t\t\t<div class=\"elementor-spacer-inner\"><\/div>\n\t\t<\/div>\n\t\t\t\t\t\t<\/div>\n\t\t\t\t<\/div>\n\t\t\t\t<div class=\"elementor-element elementor-element-7af57ce e-transform elementor-position-top elementor-widget elementor-widget-image-box\" data-id=\"7af57ce\" data-element_type=\"widget\" data-e-type=\"widget\" data-settings=\"{&quot;_transform_scale_effect_hover&quot;:{&quot;unit&quot;:&quot;px&quot;,&quot;size&quot;:&quot;1.1&quot;,&quot;sizes&quot;:[]},&quot;_transform_scale_effect_hover_tablet&quot;:{&quot;unit&quot;:&quot;px&quot;,&quot;size&quot;:&quot;&quot;,&quot;sizes&quot;:[]},&quot;_transform_scale_effect_hover_mobile&quot;:{&quot;unit&quot;:&quot;px&quot;,&quot;size&quot;:&quot;&quot;,&quot;sizes&quot;:[]}}\" data-widget_type=\"image-box.default\">\n\t\t\t\t<div class=\"elementor-widget-container\">\n\t\t\t\t\t<div class=\"elementor-image-box-wrapper\"><figure class=\"elementor-image-box-img\"><a href=\"https:\/\/mbc-marine.com\/pt\/categoria-de-produto\/unidades-ac\/scpm\/\" tabindex=\"-1\"><!--trp-no-translate--><!--trp-no-translate--><img decoding=\"async\" width=\"2560\" height=\"1703\" src=\"https:\/\/mbc-marine.com\/wp-content\/uploads\/2026\/01\/MBC-83-scaled.jpg?wsr\" class=\"attachment-full size-full wp-image-7820\" alt=\"\" srcset=\"https:\/\/mbc-marine.com\/wp-content\/uploads\/2026\/01\/MBC-83-scaled.jpg 2560w, https:\/\/mbc-marine.com\/wp-content\/uploads\/2026\/01\/MBC-83-300x200.jpg 300w, https:\/\/mbc-marine.com\/wp-content\/uploads\/2026\/01\/MBC-83-1024x681.jpg 1024w, https:\/\/mbc-marine.com\/wp-content\/uploads\/2026\/01\/MBC-83-768x511.jpg 768w, https:\/\/mbc-marine.com\/wp-content\/uploads\/2026\/01\/MBC-83-1536x1022.jpg 1536w, https:\/\/mbc-marine.com\/wp-content\/uploads\/2026\/01\/MBC-83-2048x1363.jpg 2048w, https:\/\/mbc-marine.com\/wp-content\/uploads\/2026\/01\/MBC-83-18x12.jpg 18w, https:\/\/mbc-marine.com\/wp-content\/uploads\/2026\/01\/MBC-83-600x399.jpg 600w\" sizes=\"(max-width: 2560px) 100vw, 2560px\" data-no-translation=\"\" \/><!--/trp-no-translate--><!--\/trp-no-translate--><\/a><\/figure><div class=\"elementor-image-box-content\"><h3 class=\"elementor-image-box-title\"><a href=\"https:\/\/mbc-marine.com\/pt\/categoria-de-produto\/unidades-ac\/scpm\/\"><span data-elementor-setting-key=\"title_text\" data-elementor-inline-editing-toolbar=\"none\" data-pen-placeholder=\"Type Here...\" style=\"margin-top: 0px;margin-bottom: 15px;line-height: 1.2\">MULTI SPLIT - 1 COMPRESSOR 2 EVAPORADORES<\/span><\/a><\/h3><\/div><\/div>\t\t\t\t<\/div>\n\t\t\t\t<\/div>\n\t\t\t\t<div class=\"elementor-element elementor-element-d4fd727 elementor-widget-divider--view-line elementor-widget elementor-widget-divider\" data-id=\"d4fd727\" data-element_type=\"widget\" data-e-type=\"widget\" data-widget_type=\"divider.default\">\n\t\t\t\t<div class=\"elementor-widget-container\">\n\t\t\t\t\t\t\t<div class=\"elementor-divider\">\n\t\t\t<span class=\"elementor-divider-separator\">\n\t\t\t\t\t\t<\/span>\n\t\t<\/div>\n\t\t\t\t\t\t<\/div>\n\t\t\t\t<\/div>\n\t\t\t\t<div class=\"elementor-element elementor-element-5c49de4 elementor-widget elementor-widget-text-editor\" data-id=\"5c49de4\" data-element_type=\"widget\" data-e-type=\"widget\" data-widget_type=\"text-editor.default\">\n\t\t\t\t<div class=\"elementor-widget-container\">\n\t\t\t\t\t\t\t\t\t<p>O\u00a0<strong data-start=\"276\" data-end=\"309\">MBC Marine Multi Split System<\/strong> \u00e9 uma solu\u00e7\u00e3o inovadora de ar condicionado mar\u00edtimo que combina uma \u00fanica unidade de condensa\u00e7\u00e3o de elevado desempenho com duas unidades de evapora\u00e7\u00e3o.<\/p>\t\t\t\t\t\t\t\t<\/div>\n\t\t\t\t<\/div>\n\t\t\t\t\t<\/div>\n\t\t<\/div>\n\t\t\t\t\t<\/div>\n\t\t<\/section>\n\t\t\t\t<\/div>","protected":false},"excerpt":{"rendered":"<p>SCP &#8211; Split Systems SINGLE SPLIT &#8211; 1 COMPRESSOR 1 EVAPORATOR The SCP series features split-type marine air conditioners with separate condensing and ventilating units, minimizing cabin noise and saving valuable space. MULTI SPLIT &#8211; 1 COMPRESSOR 2 EVAPORATOR The\u00a0MBC Marine Multi Split System is an innovative marine air conditioning solution that combines a single [&hellip;]<\/p>\n","protected":false},"author":1,"featured_media":0,"parent":0,"menu_order":0,"comment_status":"closed","ping_status":"closed","template":"","meta":{"_acf_changed":false,"footnotes":""},"class_list":["post-7810","page","type-page","status-publish","hentry"],"acf":[],"yoast_head":"<!-- This site is optimized with the Yoast SEO Premium plugin v27.3 (Yoast SEO v27.3) - https:\/\/yoast.com\/product\/yoast-seo-premium-wordpress\/ -->\n<title>SCP - Split Systems - MBC Marine<\/title>\n<meta name=\"description\" content=\"MBC Marine Variable Chiller Air conditioner Systems 230V 1 Ph and 400V 3 Ph\" \/>\n<meta name=\"robots\" content=\"index, follow, max-snippet:-1, max-image-preview:large, max-video-preview:-1\" \/>\n<link rel=\"canonical\" href=\"https:\/\/mbc-marine.com\/pt\/sistemas-split-scp\/\" \/>\n<meta property=\"og:locale\" content=\"pt_PT\" \/>\n<meta property=\"og:type\" content=\"article\" \/>\n<meta property=\"og:title\" content=\"SCP - Split Systems\" \/>\n<meta property=\"og:description\" content=\"MBC Marine Variable Chiller Air conditioner Systems 230V 1 Ph and 400V 3 Ph\" \/>\n<meta property=\"og:url\" content=\"https:\/\/mbc-marine.com\/pt\/sistemas-split-scp\/\" \/>\n<meta property=\"og:site_name\" content=\"MBC Marine\" \/>\n<meta property=\"article:modified_time\" content=\"2026-02-06T18:40:19+00:00\" \/>\n<meta property=\"og:image\" content=\"https:\/\/mbc-marine.com\/wp-content\/uploads\/2024\/10\/hm3_9053-1024x684.png\" \/>\n\t<meta property=\"og:image:width\" content=\"1024\" \/>\n\t<meta property=\"og:image:height\" content=\"684\" \/>\n\t<meta property=\"og:image:type\" content=\"image\/png\" \/>\n<meta name=\"twitter:card\" content=\"summary_large_image\" \/>\n<meta name=\"twitter:label1\" content=\"Tempo estimado de leitura\" \/>\n\t<meta name=\"twitter:data1\" content=\"1 minuto\" \/>\n<script type=\"application\/ld+json\" class=\"yoast-schema-graph\">{\"@context\":\"https:\\\/\\\/schema.org\",\"@graph\":[{\"@type\":\"WebPage\",\"@id\":\"https:\\\/\\\/mbc-marine.com\\\/scp-split-systems\\\/\",\"url\":\"https:\\\/\\\/mbc-marine.com\\\/scp-split-systems\\\/\",\"name\":\"SCP - Split Systems - MBC Marine\",\"isPartOf\":{\"@id\":\"https:\\\/\\\/mbc-marine.com\\\/#website\"},\"primaryImageOfPage\":{\"@id\":\"https:\\\/\\\/mbc-marine.com\\\/scp-split-systems\\\/#primaryimage\"},\"image\":{\"@id\":\"https:\\\/\\\/mbc-marine.com\\\/scp-split-systems\\\/#primaryimage\"},\"thumbnailUrl\":\"https:\\\/\\\/mbc-marine.com\\\/wp-content\\\/uploads\\\/2024\\\/10\\\/hm3_9053-scaled.png?wsr\",\"datePublished\":\"2026-01-30T08:45:27+00:00\",\"dateModified\":\"2026-02-06T18:40:19+00:00\",\"description\":\"MBC Marine Variable Chiller Air conditioner Systems 230V 1 Ph and 400V 3 Ph\",\"breadcrumb\":{\"@id\":\"https:\\\/\\\/mbc-marine.com\\\/scp-split-systems\\\/#breadcrumb\"},\"inLanguage\":\"pt-PT\",\"potentialAction\":[{\"@type\":\"ReadAction\",\"target\":[\"https:\\\/\\\/mbc-marine.com\\\/scp-split-systems\\\/\"]}]},{\"@type\":\"ImageObject\",\"inLanguage\":\"pt-PT\",\"@id\":\"https:\\\/\\\/mbc-marine.com\\\/scp-split-systems\\\/#primaryimage\",\"url\":\"https:\\\/\\\/mbc-marine.com\\\/wp-content\\\/uploads\\\/2024\\\/10\\\/hm3_9053-scaled.png?wsr\",\"contentUrl\":\"https:\\\/\\\/mbc-marine.com\\\/wp-content\\\/uploads\\\/2024\\\/10\\\/hm3_9053-scaled.png?wsr\"},{\"@type\":\"BreadcrumbList\",\"@id\":\"https:\\\/\\\/mbc-marine.com\\\/scp-split-systems\\\/#breadcrumb\",\"itemListElement\":[{\"@type\":\"ListItem\",\"position\":1,\"name\":\"Home\",\"item\":\"https:\\\/\\\/mbc-marine.com\\\/\"},{\"@type\":\"ListItem\",\"position\":2,\"name\":\"SCP &#8211; Split Systems\"}]},{\"@type\":\"WebSite\",\"@id\":\"https:\\\/\\\/mbc-marine.com\\\/#website\",\"url\":\"https:\\\/\\\/mbc-marine.com\\\/\",\"name\":\"MBC Marine\",\"description\":\"\",\"potentialAction\":[{\"@type\":\"SearchAction\",\"target\":{\"@type\":\"EntryPoint\",\"urlTemplate\":\"https:\\\/\\\/mbc-marine.com\\\/?s={search_term_string}\"},\"query-input\":{\"@type\":\"PropertyValueSpecification\",\"valueRequired\":true,\"valueName\":\"search_term_string\"}}],\"inLanguage\":\"pt-PT\"}]}<\/script>\n<!-- \/ Yoast SEO Premium plugin. -->","yoast_head_json":{"title":"SCP - Sistemas Split - MBC Marine","description":"Sistemas de ar condicionado MBC Marine Variable Chiller 230V 1 Ph e 400V 3 Ph","robots":{"index":"index","follow":"follow","max-snippet":"max-snippet:-1","max-image-preview":"max-image-preview:large","max-video-preview":"max-video-preview:-1"},"canonical":"https:\/\/mbc-marine.com\/pt\/sistemas-split-scp\/","og_locale":"pt_PT","og_type":"article","og_title":"SCP - Split Systems","og_description":"MBC Marine Variable Chiller Air conditioner Systems 230V 1 Ph and 400V 3 Ph","og_url":"https:\/\/mbc-marine.com\/pt\/sistemas-split-scp\/","og_site_name":"MBC Marine","article_modified_time":"2026-02-06T18:40:19+00:00","og_image":[{"width":1024,"height":684,"url":"https:\/\/mbc-marine.com\/wp-content\/uploads\/2024\/10\/hm3_9053-1024x684.png","type":"image\/png"}],"twitter_card":"summary_large_image","twitter_misc":{"Tempo estimado de leitura":"1 minuto"},"schema":{"@context":"https:\/\/schema.org","@graph":[{"@type":"WebPage","@id":"https:\/\/mbc-marine.com\/scp-split-systems\/","url":"https:\/\/mbc-marine.com\/scp-split-systems\/","name":"SCP - Sistemas Split - MBC Marine","isPartOf":{"@id":"https:\/\/mbc-marine.com\/#website"},"primaryImageOfPage":{"@id":"https:\/\/mbc-marine.com\/scp-split-systems\/#primaryimage"},"image":{"@id":"https:\/\/mbc-marine.com\/scp-split-systems\/#primaryimage"},"thumbnailUrl":"https:\/\/mbc-marine.com\/wp-content\/uploads\/2024\/10\/hm3_9053-scaled.png?wsr","datePublished":"2026-01-30T08:45:27+00:00","dateModified":"2026-02-06T18:40:19+00:00","description":"Sistemas de ar condicionado MBC Marine Variable Chiller 230V 1 Ph e 400V 3 Ph","breadcrumb":{"@id":"https:\/\/mbc-marine.com\/scp-split-systems\/#breadcrumb"},"inLanguage":"pt-PT","potentialAction":[{"@type":"ReadAction","target":["https:\/\/mbc-marine.com\/scp-split-systems\/"]}]},{"@type":"ImageObject","inLanguage":"pt-PT","@id":"https:\/\/mbc-marine.com\/scp-split-systems\/#primaryimage","url":"https:\/\/mbc-marine.com\/wp-content\/uploads\/2024\/10\/hm3_9053-scaled.png?wsr","contentUrl":"https:\/\/mbc-marine.com\/wp-content\/uploads\/2024\/10\/hm3_9053-scaled.png?wsr"},{"@type":"BreadcrumbList","@id":"https:\/\/mbc-marine.com\/scp-split-systems\/#breadcrumb","itemListElement":[{"@type":"ListItem","position":1,"name":"Home","item":"https:\/\/mbc-marine.com\/"},{"@type":"ListItem","position":2,"name":"SCP &#8211; Split Systems"}]},{"@type":"WebSite","@id":"https:\/\/mbc-marine.com\/#website","url":"https:\/\/mbc-marine.com\/","name":"MBC Marine","description":"","potentialAction":[{"@type":"SearchAction","target":{"@type":"EntryPoint","urlTemplate":"https:\/\/mbc-marine.com\/?s={search_term_string}"},"query-input":{"@type":"PropertyValueSpecification","valueRequired":true,"valueName":"search_term_string"}}],"inLanguage":"pt-PT"}]}},"_links":{"self":[{"href":"https:\/\/mbc-marine.com\/pt\/wp-json\/wp\/v2\/pages\/7810","targetHints":{"allow":["GET"]}}],"collection":[{"href":"https:\/\/mbc-marine.com\/pt\/wp-json\/wp\/v2\/pages"}],"about":[{"href":"https:\/\/mbc-marine.com\/pt\/wp-json\/wp\/v2\/types\/page"}],"author":[{"embeddable":true,"href":"https:\/\/mbc-marine.com\/pt\/wp-json\/wp\/v2\/users\/1"}],"replies":[{"embeddable":true,"href":"https:\/\/mbc-marine.com\/pt\/wp-json\/wp\/v2\/comments?post=7810"}],"version-history":[{"count":19,"href":"https:\/\/mbc-marine.com\/pt\/wp-json\/wp\/v2\/pages\/7810\/revisions"}],"predecessor-version":[{"id":7934,"href":"https:\/\/mbc-marine.com\/pt\/wp-json\/wp\/v2\/pages\/7810\/revisions\/7934"}],"wp:attachment":[{"href":"https:\/\/mbc-marine.com\/pt\/wp-json\/wp\/v2\/media?parent=7810"}],"curies":[{"name":"wp","href":"https:\/\/api.w.org\/{rel}","templated":true}]}}