{"id":1150,"date":"2024-08-29T09:21:51","date_gmt":"2024-08-29T07:21:51","guid":{"rendered":"https:\/\/mbc-marine.com\/?post_type=product&#038;p=1150"},"modified":"2026-04-29T19:40:59","modified_gmt":"2026-04-29T17:40:59","slug":"grelha-de-retorno-de-ar-em-madeira-de-teca","status":"publish","type":"product","link":"https:\/\/mbc-marine.com\/pt\/product\/teak-wood-return-air-grill\/","title":{"rendered":"GRELHAS DE RETORNO DE AR EM MADEIRA"},"content":{"rendered":"<p>Fabricada em madeira verdadeira (TEAK ou OAK) com um filtro incorporado, esta grelha de retorno assegura um fluxo de ar suave e uma melhor qualidade do ar.<br data-start=\"211\" data-end=\"214\" \/>A sua constru\u00e7\u00e3o em madeira de primeira qualidade proporciona um aspeto exclusivo e elegante, perfeito para qualquer interior mar\u00edtimo.<\/p>","protected":false},"excerpt":{"rendered":"<table style=\"border-collapse: collapse; width: 100%;\">\n<tbody>\n<tr>\n<td style=\"width: 50%;\">TIPOS DE GRELHAS DE RETORNO DE MADEIRA<\/td>\n<td style=\"width: 50%;\">TAMANHOS<\/td>\n<\/tr>\n<tr>\n<td style=\"width: 50%;\"><\/td>\n<td style=\"width: 50%;\"><\/td>\n<\/tr>\n<tr>\n<td style=\"width: 50%;\">TEAK<\/td>\n<td style=\"width: 50%;\"><\/td>\n<\/tr>\n<tr>\n<td style=\"width: 50%;\">RAG1545-T<\/td>\n<td style=\"width: 50%;\">150x450mm<\/td>\n<\/tr>\n<tr>\n<td style=\"width: 50%;\">RAG2525-T<\/td>\n<td style=\"width: 50%;\">250x250mm<\/td>\n<\/tr>\n<tr>\n<td style=\"width: 50%;\">RAG2545-T<\/td>\n<td style=\"width: 50%;\">250x450mm<\/td>\n<\/tr>\n<tr>\n<td style=\"width: 50%;\"><\/td>\n<td style=\"width: 50%;\"><\/td>\n<\/tr>\n<tr>\n<td style=\"width: 50%;\">CARVALHO<\/td>\n<td style=\"width: 50%;\"><\/td>\n<\/tr>\n<tr>\n<td style=\"width: 50%;\">RAG1545-O<\/td>\n<td style=\"width: 50%;\">150x450mm<\/td>\n<\/tr>\n<tr>\n<td style=\"width: 50%;\">RAG2525-O<\/td>\n<td style=\"width: 50%;\">250x250mm<\/td>\n<\/tr>\n<tr>\n<td style=\"width: 50%;\">RAG2545-O<\/td>\n<td style=\"width: 50%;\">250x450mm<\/td>\n<\/tr>\n<tr>\n<td style=\"width: 50%;\"><\/td>\n<td style=\"width: 50%;\"><\/td>\n<\/tr>\n<\/tbody>\n<\/table>","protected":false},"featured_media":5390,"template":"","meta":{"_acf_changed":false},"product_brand":[],"product_cat":[35,49,83,50],"product_tag":[],"class_list":{"0":"post-1150","1":"product","2":"type-product","3":"status-publish","4":"has-post-thumbnail","6":"product_cat-accessories","7":"product_cat-mbc-marine-air-grills","8":"product_cat-return-air-grills","9":"product_cat-return-mbc-marine-air-grills","11":"first","12":"instock","13":"shipping-taxable","14":"purchasable","15":"product-type-variable","16":"has-default-attributes"},"acf":[],"_links":{"self":[{"href":"https:\/\/mbc-marine.com\/pt\/wp-json\/wp\/v2\/product\/1150","targetHints":{"allow":["GET"]}}],"collection":[{"href":"https:\/\/mbc-marine.com\/pt\/wp-json\/wp\/v2\/product"}],"about":[{"href":"https:\/\/mbc-marine.com\/pt\/wp-json\/wp\/v2\/types\/product"}],"version-history":[{"count":1,"href":"https:\/\/mbc-marine.com\/pt\/wp-json\/wp\/v2\/product\/1150\/revisions"}],"predecessor-version":[{"id":8223,"href":"https:\/\/mbc-marine.com\/pt\/wp-json\/wp\/v2\/product\/1150\/revisions\/8223"}],"wp:featuredmedia":[{"embeddable":true,"href":"https:\/\/mbc-marine.com\/pt\/wp-json\/wp\/v2\/media\/5390"}],"wp:attachment":[{"href":"https:\/\/mbc-marine.com\/pt\/wp-json\/wp\/v2\/media?parent=1150"}],"wp:term":[{"taxonomy":"product_brand","embeddable":true,"href":"https:\/\/mbc-marine.com\/pt\/wp-json\/wp\/v2\/product_brand?post=1150"},{"taxonomy":"product_cat","embeddable":true,"href":"https:\/\/mbc-marine.com\/pt\/wp-json\/wp\/v2\/product_cat?post=1150"},{"taxonomy":"product_tag","embeddable":true,"href":"https:\/\/mbc-marine.com\/pt\/wp-json\/wp\/v2\/product_tag?post=1150"}],"curies":[{"name":"wp","href":"https:\/\/api.w.org\/{rel}","templated":true}]}}