{"id":1170,"date":"2024-08-29T09:29:59","date_gmt":"2024-08-29T07:29:59","guid":{"rendered":"https:\/\/mbc-marine.com\/?post_type=product&#038;p=1170"},"modified":"2026-04-29T19:29:25","modified_gmt":"2026-04-29T17:29:25","slug":"fundo-da-caixa-do-plenum","status":"publish","type":"product","link":"https:\/\/mbc-marine.com\/pt\/product\/plenum-box-bottom\/","title":{"rendered":"CAIXA PLENUM COM LIGA\u00c7\u00c3O \u00c0 CONDUTA DE AR INFERIOR"},"content":{"rendered":"<h2>Caixa Plenum para sistemas de ar condicionado mar\u00edtimo da MBC Marine<\/h2>\n<p>As caixas plenum de grelha de ar s\u00e3o um componente essencial dos sistemas de condutas de ar. Desempenha um papel crucial na garantia de uma distribui\u00e7\u00e3o eficiente do ar e na manuten\u00e7\u00e3o de uma \u00f3ptima qualidade do ar a bordo.<\/p>\n<p><b>Import\u00e2ncia da caixa de prumo da grelha de ar<\/b><\/p>\n<p><b>Distribui\u00e7\u00e3o eficiente do ar:\u00a0<\/b>A principal fun\u00e7\u00e3o de uma caixa plenum \u00e9 assegurar que o ar condicionado \u00e9 distribu\u00eddo uniformemente por toda a embarca\u00e7\u00e3o. Recolhe o ar do sistema de ar condicionado e canaliza-o atrav\u00e9s de grelhas de ar para v\u00e1rias partes da embarca\u00e7\u00e3o, assegurando uma temperatura e conforto consistentes.<\/p>","protected":false},"excerpt":{"rendered":"<table style=\"border-collapse: collapse; width: 100.326584%; height: 125px;\">\n<tbody>\n<tr style=\"height: 23px;\">\n<td style=\"width: 33.333333%; text-align: center; height: 23px;\">C\u00f3digo de encomenda<\/td>\n<td style=\"width: 33.333333%; text-align: center; height: 23px;\">Tamanho<\/td>\n<td style=\"width: 33.333333%; text-align: center; height: 23px;\">Tamanho da flange (tamanho da conduta de ar)<\/td>\n<\/tr>\n<tr style=\"height: 23px;\">\n<td style=\"width: 33.333333%; height: 23px;\">PB-B-2010-100<\/td>\n<td style=\"width: 33.333333%; height: 23px;\">200\u00d7100<\/td>\n<td style=\"width: 33.333333%; height: 23px;\">100 mm<\/td>\n<\/tr>\n<tr style=\"height: 23px;\">\n<td style=\"width: 33.333333%; height: 23px;\">PB-B-2010-125<\/td>\n<td style=\"width: 33.333333%; height: 23px;\">200\u00d7100<\/td>\n<td style=\"width: 33.333333%; height: 23px;\">125 mm<\/td>\n<\/tr>\n<tr style=\"height: 23px;\">\n<td style=\"width: 33.333333%; height: 23px;\">PB-B-2515-125<\/td>\n<td style=\"width: 33.333333%; height: 23px;\">250\u00d7150<\/td>\n<td style=\"width: 33.333333%; height: 23px;\">125 mm<\/td>\n<\/tr>\n<tr style=\"height: 23px;\">\n<td style=\"width: 33.333333%; height: 23px;\">PB-B-2515-150<\/td>\n<td style=\"width: 33.333333%; height: 23px;\">250\u00d7150<\/td>\n<td style=\"width: 33.333333%; height: 23px;\">150 mm<\/td>\n<\/tr>\n<\/tbody>\n<\/table>","protected":false},"featured_media":1171,"template":"","meta":{"_acf_changed":false},"product_brand":[],"product_cat":[85,35,53],"product_tag":[],"class_list":{"0":"post-1170","1":"product","2":"type-product","3":"status-publish","4":"has-post-thumbnail","6":"product_cat-asb-plenum-box","7":"product_cat-accessories","8":"product_cat-air-distribution","10":"first","11":"instock","12":"shipping-taxable","13":"product-type-simple"},"acf":[],"_links":{"self":[{"href":"https:\/\/mbc-marine.com\/pt\/wp-json\/wp\/v2\/product\/1170","targetHints":{"allow":["GET"]}}],"collection":[{"href":"https:\/\/mbc-marine.com\/pt\/wp-json\/wp\/v2\/product"}],"about":[{"href":"https:\/\/mbc-marine.com\/pt\/wp-json\/wp\/v2\/types\/product"}],"version-history":[{"count":1,"href":"https:\/\/mbc-marine.com\/pt\/wp-json\/wp\/v2\/product\/1170\/revisions"}],"predecessor-version":[{"id":8213,"href":"https:\/\/mbc-marine.com\/pt\/wp-json\/wp\/v2\/product\/1170\/revisions\/8213"}],"wp:featuredmedia":[{"embeddable":true,"href":"https:\/\/mbc-marine.com\/pt\/wp-json\/wp\/v2\/media\/1171"}],"wp:attachment":[{"href":"https:\/\/mbc-marine.com\/pt\/wp-json\/wp\/v2\/media?parent=1170"}],"wp:term":[{"taxonomy":"product_brand","embeddable":true,"href":"https:\/\/mbc-marine.com\/pt\/wp-json\/wp\/v2\/product_brand?post=1170"},{"taxonomy":"product_cat","embeddable":true,"href":"https:\/\/mbc-marine.com\/pt\/wp-json\/wp\/v2\/product_cat?post=1170"},{"taxonomy":"product_tag","embeddable":true,"href":"https:\/\/mbc-marine.com\/pt\/wp-json\/wp\/v2\/product_tag?post=1170"}],"curies":[{"name":"wp","href":"https:\/\/api.w.org\/{rel}","templated":true}]}}