{"id":2139,"date":"2024-10-16T22:00:46","date_gmt":"2024-10-16T20:00:46","guid":{"rendered":"https:\/\/mbc-marine.com\/?post_type=product&#038;p=2139"},"modified":"2026-04-29T17:47:56","modified_gmt":"2026-04-29T15:47:56","slug":"hc64vfd-refrigeradores-de-ar-condicionado-maritimos","status":"publish","type":"product","link":"https:\/\/mbc-marine.com\/pt\/product\/hc64vfd-marine-chiller-air-conditioners\/","title":{"rendered":"HC64VFD - 230V 1Ph"},"content":{"rendered":"<div data-elementor-type=\"product-post\" data-elementor-id=\"2139\" class=\"elementor elementor-2139\" data-elementor-post-type=\"product\">\n\t\t\t\t<div class=\"elementor-element elementor-element-f38e066 e-con-full e-flex e-con e-parent\" data-id=\"f38e066\" data-element_type=\"container\" data-e-type=\"container\" data-settings=\"{&quot;jet_parallax_layout_list&quot;:[]}\">\n\t\t\t\t<div class=\"elementor-element elementor-element-29a5865 elementor-widget elementor-widget-text-editor\" data-id=\"29a5865\" data-element_type=\"widget\" data-e-type=\"widget\" data-widget_type=\"text-editor.default\">\n\t\t\t\t<div class=\"elementor-widget-container\">\n\t\t\t\t\t\t\t\t\t<p data-start=\"98\" data-end=\"183\"><strong data-start=\"98\" data-end=\"183\">MBC Marine Chiller - Controlo clim\u00e1tico mar\u00edtimo premium (64.000 BTU | 230V | 1 fase)<\/strong><\/p><p data-start=\"185\" data-end=\"519\">O sistema de refrigera\u00e7\u00e3o mar\u00edtima MBC \u00e9 uma solu\u00e7\u00e3o potente e energeticamente eficiente para a climatiza\u00e7\u00e3o a bordo, concebida para funcionar de forma fi\u00e1vel mesmo nas condi\u00e7\u00f5es mar\u00edtimas mais exigentes. A sua tecnologia de capacidade vari\u00e1vel ajusta continuamente a sa\u00edda de refrigera\u00e7\u00e3o para satisfazer as necessidades em tempo real, optimizando a utiliza\u00e7\u00e3o de energia e mantendo um conforto consistente.<\/p><p data-start=\"521\" data-end=\"788\">Equipada com permutadores de calor em tit\u00e2nio para uma resist\u00eancia superior \u00e0 corros\u00e3o e uma caixa dur\u00e1vel com revestimento em p\u00f3, a unidade oferece um desempenho duradouro em ambientes de \u00e1gua salgada agressivos. O seu design compacto e pr\u00e9-carregado garante uma instala\u00e7\u00e3o r\u00e1pida e uma manuten\u00e7\u00e3o m\u00ednima.<\/p><p data-start=\"790\" data-end=\"945\">O sistema de diagn\u00f3stico inteligente integrado monitoriza constantemente os par\u00e2metros do sistema e emite alertas em tempo real para ajudar a evitar falhas e simplificar a manuten\u00e7\u00e3o.<\/p><p data-start=\"947\" data-end=\"1084\">Este modelo monof\u00e1sico de 64 000 BTU, 230 V \u00e9 ideal para embarca\u00e7\u00f5es de maiores dimens\u00f5es que requerem uma refrigera\u00e7\u00e3o fi\u00e1vel e de elevada capacidade num pacote que poupa espa\u00e7o.<\/p>\t\t\t\t\t\t\t\t<\/div>\n\t\t\t\t<\/div>\n\t\t\t\t<\/div>\n\t\t<div class=\"elementor-element elementor-element-735f434c e-con-full e-flex e-con e-parent\" data-id=\"735f434c\" data-element_type=\"container\" data-e-type=\"container\" data-settings=\"{&quot;jet_parallax_layout_list&quot;:[]}\">\n\t\t<div class=\"elementor-element elementor-element-49c2d63 e-con-full e-flex e-con e-child\" data-id=\"49c2d63\" data-element_type=\"container\" data-e-type=\"container\" data-settings=\"{&quot;jet_parallax_layout_list&quot;:[]}\">\n\t\t<div class=\"elementor-element elementor-element-1b53fad e-con-full e-flex e-con e-child\" data-id=\"1b53fad\" data-element_type=\"container\" data-e-type=\"container\" data-settings=\"{&quot;jet_parallax_layout_list&quot;:[]}\">\n\t\t\t\t<div class=\"elementor-element elementor-element-c6cde52 elementor-widget elementor-widget-heading\" data-id=\"c6cde52\" data-element_type=\"widget\" data-e-type=\"widget\" data-widget_type=\"heading.default\">\n\t\t\t\t<div class=\"elementor-widget-container\">\n\t\t\t\t\t<h2 class=\"elementor-heading-title elementor-size-default\">Especifica\u00e7\u00f5es da unidade de ar condicionado<\/h2>\t\t\t\t<\/div>\n\t\t\t\t<\/div>\n\t\t\t\t<div class=\"elementor-element elementor-element-8c7616a elementor-widget elementor-widget-jet-unfold\" data-id=\"8c7616a\" data-element_type=\"widget\" data-e-type=\"widget\" data-settings=\"{&quot;mask_height&quot;:{&quot;unit&quot;:&quot;px&quot;,&quot;size&quot;:1000,&quot;sizes&quot;:[]},&quot;mask_height_tablet&quot;:{&quot;unit&quot;:&quot;px&quot;,&quot;size&quot;:&quot;&quot;,&quot;sizes&quot;:[]},&quot;mask_height_mobile&quot;:{&quot;unit&quot;:&quot;px&quot;,&quot;size&quot;:&quot;&quot;,&quot;sizes&quot;:[]},&quot;unfold_duration&quot;:{&quot;unit&quot;:&quot;ms&quot;,&quot;size&quot;:500,&quot;sizes&quot;:[]},&quot;unfold_easing&quot;:&quot;easeOutBack&quot;,&quot;fold_duration&quot;:{&quot;unit&quot;:&quot;ms&quot;,&quot;size&quot;:300,&quot;sizes&quot;:[]},&quot;fold_easing&quot;:&quot;easeOutSine&quot;}\" data-widget_type=\"jet-unfold.default\">\n\t\t\t\t<div class=\"elementor-widget-container\">\n\t\t\t\t\t\t\t<div class=\"jet-unfold\" data-settings=\"{&quot;height&quot;:{&quot;size&quot;:1000,&quot;unit&quot;:&quot;px&quot;},&quot;separatorHeight&quot;:{&quot;unit&quot;:&quot;px&quot;,&quot;size&quot;:&quot;&quot;,&quot;sizes&quot;:[]},&quot;heightControlType&quot;:&quot;height&quot;,&quot;wordCount&quot;:20,&quot;unfoldDuration&quot;:{&quot;unit&quot;:&quot;ms&quot;,&quot;size&quot;:500,&quot;sizes&quot;:[]},&quot;foldDuration&quot;:{&quot;unit&quot;:&quot;ms&quot;,&quot;size&quot;:300,&quot;sizes&quot;:[]},&quot;unfoldEasing&quot;:&quot;easeOutBack&quot;,&quot;foldEasing&quot;:&quot;easeOutSine&quot;,&quot;foldScrolling&quot;:&quot;false&quot;,&quot;hideOutsideClick&quot;:&quot;false&quot;,&quot;autoHide&quot;:&quot;false&quot;,&quot;autoHideTime&quot;:&quot;&quot;,&quot;foldScrollOffset&quot;:&quot;&quot;,&quot;separatorType&quot;:&quot;div&quot;}\">\r\n\t\t\t<div class=\"jet-unfold__inner\">\r\n\t\t\t\t<div class=\"jet-unfold__mask\" style=\"height:1000px\">\r\n\t\t\t\t\t<div class=\"jet-unfold__content\">\r\n\t\t\t\t\t\t<div class=\"jet-unfold__content-inner\">\t\t<div data-elementor-type=\"page\" data-elementor-id=\"2138\" class=\"elementor elementor-2138\" data-elementor-post-type=\"elementor_library\">\n\t\t\t\t\t\t<section class=\"elementor-section elementor-top-section elementor-element elementor-element-78e5739e elementor-section-boxed elementor-section-height-default elementor-section-height-default\" data-id=\"78e5739e\" data-element_type=\"section\" data-e-type=\"section\" data-settings=\"{&quot;jet_parallax_layout_list&quot;:[]}\">\n\t\t\t\t\t\t<div class=\"elementor-container elementor-column-gap-default\">\n\t\t\t\t\t<div class=\"elementor-column elementor-col-100 elementor-top-column elementor-element elementor-element-6216c834\" data-id=\"6216c834\" data-element_type=\"column\" data-e-type=\"column\">\n\t\t\t<div class=\"elementor-widget-wrap elementor-element-populated\">\n\t\t\t\t\t\t<div class=\"elementor-element elementor-element-34e2d626 elementor-widget elementor-widget-jet-table\" data-id=\"34e2d626\" data-element_type=\"widget\" data-e-type=\"widget\" data-widget_type=\"jet-table.default\">\n\t\t\t\t<div class=\"elementor-widget-container\">\n\t\t\t\t\t<div class=\"elementor-jet-table jet-elements\">\n\t\t<div class=\"jet-table-wrapper jet-table-responsive-mobile\">\n\t\t\t<table class=\"jet-table jet-table--fa5-compat\">\n\t\t\t\t<thead class=\"jet-table__head\"><tr class=\"jet-table__head-row\"><th class=\"jet-table__cell elementor-repeater-item-1e1cff3 jet-table__head-cell\" scope=\"col\"><div class=\"jet-table__cell-inner\"><div class=\"jet-table__cell-content\"><div class=\"jet-table__cell-text\">Par\u00e2metros da unidade<\/div><\/div><\/div><\/th><th class=\"jet-table__cell elementor-repeater-item-c835571 jet-table__head-cell\" scope=\"col\"><div class=\"jet-table__cell-inner\"><div class=\"jet-table__cell-content\"><\/div><\/div><\/th><th class=\"jet-table__cell elementor-repeater-item-bbc1158 jet-table__head-cell\" colspan=\"1\" scope=\"col\"><div class=\"jet-table__cell-inner\"><div class=\"jet-table__cell-content\"><div class=\"jet-table__cell-text\">HC64VFD<\/div><\/div><\/div><\/th><\/tr><\/thead>\n\t\t\t\t\t\t\t\t<tbody class=\"jet-table__body\"><tr class=\"jet-table__body-row elementor-repeater-item-6364287\"><td class=\"jet-table__cell elementor-repeater-item-e6f41a0 jet-table__body-cell\"><div class=\"jet-table__cell-inner\"><div class=\"jet-table__cell-content\"><div class=\"jet-table__cell-text\">Capacidade de arrefecimento<\/div><\/div><\/div><\/td><td class=\"jet-table__cell elementor-repeater-item-f20506e jet-table__body-cell\"><div class=\"jet-table__cell-inner\"><div class=\"jet-table__cell-content\"><div class=\"jet-table__cell-text\">Btu\/h<\/div><\/div><\/div><\/td><td class=\"jet-table__cell elementor-repeater-item-b4e1734 jet-table__body-cell\"><div class=\"jet-table__cell-inner\"><div class=\"jet-table__cell-content\"><div class=\"jet-table__cell-text\">64000<\/div><\/div><\/div><\/td><\/tr><tr class=\"jet-table__body-row elementor-repeater-item-9eff08c\"><td class=\"jet-table__cell elementor-repeater-item-9c915c2 jet-table__body-cell\"><div class=\"jet-table__cell-inner\"><div class=\"jet-table__cell-content\"><div class=\"jet-table__cell-text\">Fonte de alimenta\u00e7\u00e3o<\/div><\/div><\/div><\/td><td class=\"jet-table__cell elementor-repeater-item-135efe2 jet-table__body-cell\" colspan=\"7\" rowspan=\"1\"><div class=\"jet-table__cell-inner\"><div class=\"jet-table__cell-content\"><div class=\"jet-table__cell-text\">230V\/50-60Hz<\/div><\/div><\/div><\/td><\/tr><tr class=\"jet-table__body-row elementor-repeater-item-0acd94f\"><td class=\"jet-table__cell elementor-repeater-item-f1fcda0 jet-table__body-cell\"><div class=\"jet-table__cell-inner\"><div class=\"jet-table__cell-content\"><div class=\"jet-table__cell-text\">Consumo de amperes (A)<\/div><\/div><\/div><\/td><td class=\"jet-table__cell elementor-repeater-item-01cd37f jet-table__body-cell\"><div class=\"jet-table__cell-inner\"><div class=\"jet-table__cell-content\"><div class=\"jet-table__cell-text\">Arrefecimento<\/div><\/div><\/div><\/td><td class=\"jet-table__cell elementor-repeater-item-9bf08cd jet-table__body-cell\"><div class=\"jet-table__cell-inner\"><div class=\"jet-table__cell-content\"><div class=\"jet-table__cell-text\">18 A<\/div><\/div><\/div><\/td><\/tr><tr class=\"jet-table__body-row elementor-repeater-item-72b76d4\"><td class=\"jet-table__cell elementor-repeater-item-8eaad09 jet-table__body-cell\"><div class=\"jet-table__cell-inner\"><div class=\"jet-table__cell-content\"><\/div><\/div><\/td><td class=\"jet-table__cell elementor-repeater-item-d5bee05 jet-table__body-cell\"><div class=\"jet-table__cell-inner\"><div class=\"jet-table__cell-content\"><div class=\"jet-table__cell-text\">Aquecimento<\/div><\/div><\/div><\/td><td class=\"jet-table__cell elementor-repeater-item-632e7e7 jet-table__body-cell\"><div class=\"jet-table__cell-inner\"><div class=\"jet-table__cell-content\"><div class=\"jet-table__cell-text\">20 A<\/div><\/div><\/div><\/td><\/tr><tr class=\"jet-table__body-row elementor-repeater-item-3b512ba\"><td class=\"jet-table__cell elementor-repeater-item-dc136f5 jet-table__body-cell\"><div class=\"jet-table__cell-inner\"><div class=\"jet-table__cell-content\"><\/div><\/div><\/td><\/tr><tr class=\"jet-table__body-row elementor-repeater-item-732f716\"><td class=\"jet-table__cell elementor-repeater-item-0ac0e77 jet-table__body-cell\"><div class=\"jet-table__cell-inner\"><div class=\"jet-table__cell-content\"><div class=\"jet-table__cell-text\">Fluxo de \u00e1gua do mar<\/div><\/div><\/div><\/td><td class=\"jet-table__cell elementor-repeater-item-e468cb3 jet-table__body-cell\"><div class=\"jet-table__cell-inner\"><div class=\"jet-table__cell-content\"><div class=\"jet-table__cell-text\">L\/min<\/div><\/div><\/div><\/td><td class=\"jet-table__cell elementor-repeater-item-c05db45 jet-table__body-cell\"><div class=\"jet-table__cell-inner\"><div class=\"jet-table__cell-content\"><div class=\"jet-table__cell-text\">55 L\/min<\/div><\/div><\/div><\/td><\/tr><tr class=\"jet-table__body-row elementor-repeater-item-cb95fad\"><td class=\"jet-table__cell elementor-repeater-item-ae40dd1 jet-table__body-cell\"><div class=\"jet-table__cell-inner\"><div class=\"jet-table__cell-content\"><div class=\"jet-table__cell-text\">Tamanho da liga\u00e7\u00e3o de \u00e1gua do mar<\/div><\/div><\/div><\/td><td class=\"jet-table__cell elementor-repeater-item-90c205e jet-table__body-cell\"><div class=\"jet-table__cell-inner\"><div class=\"jet-table__cell-content\"><div class=\"jet-table__cell-text\">IN<\/div><\/div><\/div><\/td><td class=\"jet-table__cell elementor-repeater-item-9887194 jet-table__body-cell\"><div class=\"jet-table__cell-inner\"><div class=\"jet-table__cell-content\"><div class=\"jet-table__cell-text\">3\/4\u201d<\/div><\/div><\/div><\/td><\/tr><tr class=\"jet-table__body-row elementor-repeater-item-9f4bdf8\"><td class=\"jet-table__cell elementor-repeater-item-2134c9b jet-table__body-cell\"><div class=\"jet-table__cell-inner\"><div class=\"jet-table__cell-content\"><div class=\"jet-table__cell-text\">Tamanho da liga\u00e7\u00e3o de \u00e1gua do mar<\/div><\/div><\/div><\/td><td class=\"jet-table__cell elementor-repeater-item-a0cb0e3 jet-table__body-cell\"><div class=\"jet-table__cell-inner\"><div class=\"jet-table__cell-content\"><div class=\"jet-table__cell-text\">SAIR<\/div><\/div><\/div><\/td><td class=\"jet-table__cell elementor-repeater-item-d0e9031 jet-table__body-cell\"><div class=\"jet-table__cell-inner\"><div class=\"jet-table__cell-content\"><div class=\"jet-table__cell-text\">3\/4\u201d<\/div><\/div><\/div><\/td><\/tr><tr class=\"jet-table__body-row elementor-repeater-item-ddc7f5a\"><td class=\"jet-table__cell elementor-repeater-item-5152589 jet-table__body-cell\"><div class=\"jet-table__cell-inner\"><div class=\"jet-table__cell-content\"><div class=\"jet-table__cell-text\">Fluxo da liga\u00e7\u00e3o de \u00e1gua refrigerada<\/div><\/div><\/div><\/td><td class=\"jet-table__cell elementor-repeater-item-2877b14 jet-table__body-cell\"><div class=\"jet-table__cell-inner\"><div class=\"jet-table__cell-content\"><div class=\"jet-table__cell-text\">L\/min<\/div><\/div><\/div><\/td><td class=\"jet-table__cell elementor-repeater-item-760ed21 jet-table__body-cell\"><div class=\"jet-table__cell-inner\"><div class=\"jet-table__cell-content\"><div class=\"jet-table__cell-text\">36 L\/min<\/div><\/div><\/div><\/td><\/tr><tr class=\"jet-table__body-row elementor-repeater-item-c9987db\"><\/tr><tr class=\"jet-table__body-row elementor-repeater-item-eb25f9d\"><td class=\"jet-table__cell elementor-repeater-item-5269f9d jet-table__body-cell\"><div class=\"jet-table__cell-inner\"><div class=\"jet-table__cell-content\"><div class=\"jet-table__cell-text\">Tamanho da liga\u00e7\u00e3o de \u00e1gua refrigerada<\/div><\/div><\/div><\/td><td class=\"jet-table__cell elementor-repeater-item-9f5612d jet-table__body-cell\"><div class=\"jet-table__cell-inner\"><div class=\"jet-table__cell-content\"><div class=\"jet-table__cell-text\">IN<\/div><\/div><\/div><\/td><td class=\"jet-table__cell elementor-repeater-item-f7d49e7 jet-table__body-cell\"><div class=\"jet-table__cell-inner\"><div class=\"jet-table__cell-content\"><div class=\"jet-table__cell-text\">1\u201d<\/div><\/div><\/div><\/td><\/tr><tr class=\"jet-table__body-row elementor-repeater-item-54b21cc\"><td class=\"jet-table__cell elementor-repeater-item-199eb25 jet-table__body-cell\"><div class=\"jet-table__cell-inner\"><div class=\"jet-table__cell-content\"><\/div><\/div><\/td><td class=\"jet-table__cell elementor-repeater-item-f206db7 jet-table__body-cell\"><div class=\"jet-table__cell-inner\"><div class=\"jet-table__cell-content\"><div class=\"jet-table__cell-text\">Largura<\/div><\/div><\/div><\/td><td class=\"jet-table__cell elementor-repeater-item-b53dfcb jet-table__body-cell\"><div class=\"jet-table__cell-inner\"><div class=\"jet-table__cell-content\"><div class=\"jet-table__cell-text\">340<\/div><\/div><\/div><\/td><\/tr><tr class=\"jet-table__body-row elementor-repeater-item-6b796f0\"><td class=\"jet-table__cell elementor-repeater-item-6d01c1f jet-table__body-cell\"><div class=\"jet-table__cell-inner\"><div class=\"jet-table__cell-content\"><div class=\"jet-table__cell-text\">Dimens\u00e3o da unidade<\/div><\/div><\/div><\/td><td class=\"jet-table__cell elementor-repeater-item-94d0b12 jet-table__body-cell\"><div class=\"jet-table__cell-inner\"><div class=\"jet-table__cell-content\"><div class=\"jet-table__cell-text\">Altura<\/div><\/div><\/div><\/td><td class=\"jet-table__cell elementor-repeater-item-8d860ce jet-table__body-cell\"><div class=\"jet-table__cell-inner\"><div class=\"jet-table__cell-content\"><div class=\"jet-table__cell-text\">490<\/div><\/div><\/div><\/td><\/tr><tr class=\"jet-table__body-row elementor-repeater-item-517b4ea\"><td class=\"jet-table__cell elementor-repeater-item-43b4ee3 jet-table__body-cell\"><div class=\"jet-table__cell-inner\"><div class=\"jet-table__cell-content\"><\/div><\/div><\/td><td class=\"jet-table__cell elementor-repeater-item-8ea06ab jet-table__body-cell\"><div class=\"jet-table__cell-inner\"><div class=\"jet-table__cell-content\"><div class=\"jet-table__cell-text\">Profundidade<\/div><\/div><\/div><\/td><td class=\"jet-table__cell elementor-repeater-item-12d9aa3 jet-table__body-cell\"><div class=\"jet-table__cell-inner\"><div class=\"jet-table__cell-content\"><div class=\"jet-table__cell-text\">600<\/div><\/div><\/div><\/td><\/tr><tr class=\"jet-table__body-row elementor-repeater-item-3f10446\"><td class=\"jet-table__cell elementor-repeater-item-85ca294 jet-table__body-cell\"><div class=\"jet-table__cell-inner\"><div class=\"jet-table__cell-content\"><div class=\"jet-table__cell-text\">Peso l\u00edquido (kg)<\/div><\/div><\/div><\/td><td class=\"jet-table__cell elementor-repeater-item-1fe3543 jet-table__body-cell\"><div class=\"jet-table__cell-inner\"><div class=\"jet-table__cell-content\"><\/div><\/div><\/td><td class=\"jet-table__cell elementor-repeater-item-0004d8f jet-table__body-cell\"><div class=\"jet-table__cell-inner\"><div class=\"jet-table__cell-content\"><div class=\"jet-table__cell-text\">56 kg<\/div><\/div><\/div><\/td><\/tr><\/tbody>\n\t\t\t<\/table>\n\t\t<\/div>\n\n\t\t<\/div>\t\t\t\t<\/div>\n\t\t\t\t<\/div>\n\t\t\t\t\t<\/div>\n\t\t<\/div>\n\t\t\t\t\t<\/div>\n\t\t<\/section>\n\t\t\t\t<\/div>\n\t\t<\/div>\r\n\t\t\t\t\t<\/div>\r\n\t\t\t\t\t\t\t\t\t\t<div class=\"jet-unfold__separator\"><\/div>\r\n\t\t\t\t\t\t\t\t\t<\/div>\r\n\t\t\t\t<div class=\"jet-unfold__trigger\"><div class=\"jet-unfold__button elementor-button elementor-size-md\" href=\"#\" data-unfold-text=\"More parameters\" data-fold-text=\"Less parameters\" data-fold-icon=\"&lt;svg aria-hidden=&quot;true&quot; class=&quot;e-font-icon-svg e-fas-chevron-up&quot; viewBox=&quot;0 0 448 512&quot; xmlns=&quot;http:\/\/www.w3.org\/2000\/svg&quot;&gt;&lt;path d=&quot;M240.971 130.524l194.343 194.343c9.373 9.373 9.373 24.569 0 33.941l-22.667 22.667c-9.357 9.357-24.522 9.375-33.901.04L224 227.495 69.255 381.516c-9.379 9.335-24.544 9.317-33.901-.04l-22.667-22.667c-9.373-9.373-9.373-24.569 0-33.941L207.03 130.525c9.372-9.373 24.568-9.373 33.941-.001z&quot;&gt;&lt;\/path&gt;&lt;\/svg&gt;\" data-unfold-icon=\"&lt;svg aria-hidden=&quot;true&quot; class=&quot;e-font-icon-svg e-fas-chevron-down&quot; viewBox=&quot;0 0 448 512&quot; xmlns=&quot;http:\/\/www.w3.org\/2000\/svg&quot;&gt;&lt;path d=&quot;M207.029 381.476L12.686 187.132c-9.373-9.373-9.373-24.569 0-33.941l22.667-22.667c9.357-9.357 24.522-9.375 33.901-.04L224 284.505l154.745-154.021c9.379-9.335 24.544-9.317 33.901.04l22.667 22.667c9.373 9.373 9.373 24.569 0 33.941L240.971 381.476c-9.373 9.372-24.569 9.372-33.942 0z&quot;&gt;&lt;\/path&gt;&lt;\/svg&gt;\" tabindex=\"0\" role=\"button\"><span class=\"jet-unfold__button-icon jet-tricks-icon\"><svg aria-hidden=\"true\" class=\"e-font-icon-svg e-fas-chevron-down\" viewbox=\"0 0 448 512\" xmlns=\"http:\/\/www.w3.org\/2000\/svg\"><path d=\"M207.029 381.476L12.686 187.132c-9.373-9.373-9.373-24.569 0-33.941l22.667-22.667c9.357-9.357 24.522-9.375 33.901-.04L224 284.505l154.745-154.021c9.379-9.335 24.544-9.317 33.901.04l22.667 22.667c9.373 9.373 9.373 24.569 0 33.941L240.971 381.476c-9.373 9.372-24.569 9.372-33.942 0z\"><\/path><\/svg><\/span><span class=\"jet-unfold__button-text\">Mais par\u00e2metros<\/span><\/div>\t\t\t\t<\/div>\r\n\t\t\t<\/div>\r\n\t\t<\/div>\r\n\t\t\t\t\t\t<\/div>\n\t\t\t\t<\/div>\n\t\t\t\t<\/div>\n\t\t<div class=\"elementor-element elementor-element-7a9cae6 e-con-full e-flex e-con e-child\" data-id=\"7a9cae6\" data-element_type=\"container\" data-e-type=\"container\" data-settings=\"{&quot;jet_parallax_layout_list&quot;:[]}\">\n\t\t\t\t<div class=\"elementor-element elementor-element-5658234 elementor-widget elementor-widget-image\" data-id=\"5658234\" data-element_type=\"widget\" data-e-type=\"widget\" data-widget_type=\"image.default\">\n\t\t\t\t<div class=\"elementor-widget-container\">\n\t\t\t\t\t\t\t\t\t\t\t\t\t\t\t<!--trp-no-translate--><!--trp-no-translate--><img fetchpriority=\"high\" decoding=\"async\" width=\"1024\" height=\"681\" src=\"https:\/\/mbc-marine.com\/wp-content\/uploads\/2024\/10\/hc50vfd-230v-1ph2-1024x681.png?wsr\" class=\"attachment-large size-large wp-image-6148\" alt=\"HC50VFD &#8211; 230V 1Ph\" srcset=\"https:\/\/mbc-marine.com\/wp-content\/uploads\/2024\/10\/hc50vfd-230v-1ph2-1024x681.png 1024w, https:\/\/mbc-marine.com\/wp-content\/uploads\/2024\/10\/hc50vfd-230v-1ph2-300x200.png 300w, https:\/\/mbc-marine.com\/wp-content\/uploads\/2024\/10\/hc50vfd-230v-1ph2-768x511.png 768w, https:\/\/mbc-marine.com\/wp-content\/uploads\/2024\/10\/hc50vfd-230v-1ph2-1536x1022.png 1536w, https:\/\/mbc-marine.com\/wp-content\/uploads\/2024\/10\/hc50vfd-230v-1ph2-2048x1363.png 2048w, https:\/\/mbc-marine.com\/wp-content\/uploads\/2024\/10\/hc50vfd-230v-1ph2-600x399.png 600w\" sizes=\"(max-width: 1024px) 100vw, 1024px\" data-no-translation=\"\" \/><!--/trp-no-translate--><!--\/trp-no-translate-->\t\t\t\t\t\t\t\t\t\t\t\t\t\t\t<\/div>\n\t\t\t\t<\/div>\n\t\t\t\t<\/div>\n\t\t\t\t<\/div>\n\t\t\t\t<\/div>\n\t\t<div class=\"elementor-element elementor-element-929a645 e-flex e-con-boxed e-con e-child\" data-id=\"929a645\" data-element_type=\"container\" data-e-type=\"container\" data-settings=\"{&quot;jet_parallax_layout_list&quot;:[]}\">\n\t\t\t\t\t<div class=\"e-con-inner\">\n\t\t\t\t<div class=\"elementor-element elementor-element-93c14d8 elementor-widget__width-initial elementor-widget elementor-widget-text-editor\" data-id=\"93c14d8\" data-element_type=\"widget\" data-e-type=\"widget\" data-widget_type=\"text-editor.default\">\n\t\t\t\t<div class=\"elementor-widget-container\">\n\t\t\t\t\t\t\t\t\t<h3 class=\"elementor-heading-title elementor-size-medium\">Manual de instala\u00e7\u00e3o e do utilizador para todas as unidades de refrigera\u00e7\u00e3o<\/h3>\t\t\t\t\t\t\t\t<\/div>\n\t\t\t\t<\/div>\n\t\t\t\t<div class=\"elementor-element elementor-element-362f526 elementor-widget__width-initial elementor-widget elementor-widget-text-editor\" data-id=\"362f526\" data-element_type=\"widget\" data-e-type=\"widget\" data-widget_type=\"text-editor.default\">\n\t\t\t\t<div class=\"elementor-widget-container\">\n\t\t\t\t\t\t\t\t\t<p><strong>A instala\u00e7\u00e3o profissional \u00e9 a chave para o funcionamento eficiente e seguro do equipamento, pelo que deve ler atentamente as seguintes instru\u00e7\u00f5es de instala\u00e7\u00e3o e funcionamento antes de instalar a unidade.<\/strong><\/p>\t\t\t\t\t\t\t\t<\/div>\n\t\t\t\t<\/div>\n\t\t\t\t<div class=\"elementor-element elementor-element-8b581e5 elementor-widget elementor-widget-jet-button\" data-id=\"8b581e5\" data-element_type=\"widget\" data-e-type=\"widget\" data-widget_type=\"jet-button.default\">\n\t\t\t\t<div class=\"elementor-widget-container\">\n\t\t\t\t\t<div class=\"elementor-jet-button jet-elements\"><div class=\"jet-button__container\">\n\t<a class=\"jet-button__instance jet-button__instance--icon-left hover-effect-1\" href=\"https:\/\/mbc-marine.com\/wp-content\/uploads\/2025\/10\/Chiller_users_manual_2.3.pdf\">\n\t\t<div class=\"jet-button__plane jet-button__plane-normal\"><\/div>\n\t\t<div class=\"jet-button__plane jet-button__plane-hover\"><\/div>\n\t\t<div class=\"jet-button__state jet-button__state-normal\">\n\t\t\t<span class=\"jet-button__label\">Manual de instala\u00e7\u00e3o e do utilizador<\/span>\t\t<\/div>\n\t\t<div class=\"jet-button__state jet-button__state-hover\">\n\t\t\t<span class=\"jet-button__label\">Descarregar<\/span>\t\t<\/div>\n\t<\/a>\n<\/div>\n<\/div>\t\t\t\t<\/div>\n\t\t\t\t<\/div>\n\t\t\t\t\t<\/div>\n\t\t\t\t<\/div>\n\t\t\t\t<\/div>","protected":false},"excerpt":{"rendered":"<p><strong>Capacidade (BTU\/h): 64 000 BTU\/h<\/strong><\/p>\n<p>&nbsp;<\/p>\n<table style=\"border-collapse: collapse; width: 100%; height: 48px;\">\n<tbody>\n<tr style=\"height: 24px;\">\n<td style=\"width: 50%; height: 24px;\">Tens\u00e3o \/ Frequ\u00eancia<strong><br \/>\n230V \/ 50-60Hz<\/strong><\/td>\n<td style=\"width: 50%; height: 24px;\">Modo de funcionamento<strong><br \/>\nArrefecimento \/ Aquecimento <\/strong><\/td>\n<\/tr>\n<tr style=\"height: 24px;\">\n<td style=\"width: 50%; height: 24px;\">Garantia<strong><br \/>\n2 anos<\/strong><\/td>\n<td style=\"width: 50%; height: 24px;\"><strong>\u00a0<\/strong><\/td>\n<\/tr>\n<\/tbody>\n<\/table>\n<table>\n<tbody>\n<tr>\n<td style=\"width: 50%;\"><strong>O pacote b\u00e1sico inclui:<\/strong><\/td>\n<td style=\"width: 50%;\"><span style=\"font-size: 16px;\">Ecr\u00e3 LED, cabo de rede de 5 m<\/span><\/td>\n<\/tr>\n<tr>\n<td style=\"width: 50%;\"><strong>Unidade Dimens\u00f5es (mm)<br \/>\nA x L x P<\/strong><\/td>\n<td style=\"width: 50%;\"><strong>490x340x600<\/strong><\/td>\n<\/tr>\n<tr>\n<td style=\"width: 50%;\"><strong>Dimens\u00f5es da embalagem (mm)<br \/>\nA x L x P<\/strong><\/td>\n<td style=\"width: 50%;\"><strong>520x360x650<\/strong><\/td>\n<\/tr>\n<tr>\n<td style=\"width: 50%;\"><strong>UNIDADE Peso (kg)<\/strong><\/td>\n<td style=\"width: 50%;\"><strong>56 kg<\/strong><\/td>\n<\/tr>\n<tr>\n<td style=\"width: 50%;\"><strong>Peso de transporte (kg)<\/strong><\/td>\n<td style=\"width: 50%;\"><\/td>\n<\/tr>\n<\/tbody>\n<\/table>\n<p>&nbsp;<\/p>","protected":false},"featured_media":6148,"template":"","meta":{"_acf_changed":false},"product_brand":[],"product_cat":[30,72,87],"product_tag":[],"class_list":{"0":"post-2139","1":"product","2":"type-product","3":"status-publish","4":"has-post-thumbnail","6":"product_cat-ac-units","7":"product_cat-marine-chiller","8":"product_cat-230v-1-ph","10":"first","11":"outofstock","12":"shipping-taxable","13":"product-type-variable"},"acf":[],"_links":{"self":[{"href":"https:\/\/mbc-marine.com\/pt\/wp-json\/wp\/v2\/product\/2139","targetHints":{"allow":["GET"]}}],"collection":[{"href":"https:\/\/mbc-marine.com\/pt\/wp-json\/wp\/v2\/product"}],"about":[{"href":"https:\/\/mbc-marine.com\/pt\/wp-json\/wp\/v2\/types\/product"}],"version-history":[{"count":7,"href":"https:\/\/mbc-marine.com\/pt\/wp-json\/wp\/v2\/product\/2139\/revisions"}],"predecessor-version":[{"id":8074,"href":"https:\/\/mbc-marine.com\/pt\/wp-json\/wp\/v2\/product\/2139\/revisions\/8074"}],"wp:featuredmedia":[{"embeddable":true,"href":"https:\/\/mbc-marine.com\/pt\/wp-json\/wp\/v2\/media\/6148"}],"wp:attachment":[{"href":"https:\/\/mbc-marine.com\/pt\/wp-json\/wp\/v2\/media?parent=2139"}],"wp:term":[{"taxonomy":"product_brand","embeddable":true,"href":"https:\/\/mbc-marine.com\/pt\/wp-json\/wp\/v2\/product_brand?post=2139"},{"taxonomy":"product_cat","embeddable":true,"href":"https:\/\/mbc-marine.com\/pt\/wp-json\/wp\/v2\/product_cat?post=2139"},{"taxonomy":"product_tag","embeddable":true,"href":"https:\/\/mbc-marine.com\/pt\/wp-json\/wp\/v2\/product_tag?post=2139"}],"curies":[{"name":"wp","href":"https:\/\/api.w.org\/{rel}","templated":true}]}}