{"id":2348,"date":"2024-10-21T13:13:13","date_gmt":"2024-10-21T11:13:13","guid":{"rendered":"https:\/\/mbc-marine.com\/?post_type=product&#038;p=2348"},"modified":"2025-09-09T13:45:15","modified_gmt":"2025-09-09T11:45:15","slug":"arrancador-suave-mbc","status":"publish","type":"product","link":"https:\/\/mbc-marine.com\/pt\/product\/mbc-soft-starter\/","title":{"rendered":"Arrancador suave MBC"},"content":{"rendered":"<div data-elementor-type=\"product-post\" data-elementor-id=\"2348\" class=\"elementor elementor-2348\" data-elementor-post-type=\"product\">\n\t\t\t\t\t\t<section class=\"elementor-section elementor-top-section elementor-element elementor-element-614433f9 elementor-section-full_width elementor-section-height-default elementor-section-height-default\" data-id=\"614433f9\" data-element_type=\"section\" data-e-type=\"section\" data-settings=\"{&quot;jet_parallax_layout_list&quot;:[]}\">\n\t\t\t\t\t\t<div class=\"elementor-container elementor-column-gap-default\">\n\t\t\t\t\t<div class=\"elementor-column elementor-col-100 elementor-top-column elementor-element elementor-element-13b62c44\" data-id=\"13b62c44\" data-element_type=\"column\" data-e-type=\"column\">\n\t\t\t<div class=\"elementor-widget-wrap elementor-element-populated\">\n\t\t\t\t\t\t<div class=\"elementor-element elementor-element-234e9939 elementor-widget elementor-widget-text-editor\" data-id=\"234e9939\" data-element_type=\"widget\" data-e-type=\"widget\" data-widget_type=\"text-editor.default\">\n\t\t\t\t<div class=\"elementor-widget-container\">\n\t\t\t\t\t\t\t\t\t<h3>Arrancador suave MBC<\/h3><p>Arrancador suave MBC - A solu\u00e7\u00e3o definitiva para um arranque optimizado O arrancador suave MBC permite que qualquer aparelho de ar condicionado funcione com uma fonte de alimenta\u00e7\u00e3o de tens\u00e3o mais baixa, eliminando a necessidade de um gerador maior ou adicional. Reduz significativamente a corrente de arranque do compressor, tornando-o num arrancador suave de engenharia personalizada, especificamente concebido para motores monof\u00e1sicos.<\/p><p>O arrancador suave MBC utiliza uma sequ\u00eancia de rampa de arranque auto-optimizada em quatro partes para obter a corrente de arranque mais baixa poss\u00edvel. Isto torna-o a solu\u00e7\u00e3o perfeita para o funcionamento de aparelhos de ar condicionado com um gerador ou inversor, mesmo quando a energia da rede el\u00e9ctrica \u00e9 limitada.<\/p><p><strong>Design dur\u00e1vel e seguro<br \/><\/strong><\/p><ul><li style=\"list-style-type: none;\"><ul><li><b>Caixa met\u00e1lica resistente \u00e0s intemp\u00e9ries e \u00e0s chamas:<\/b><br \/>O inv\u00f3lucro revestido a p\u00f3 garante durabilidade e m\u00e1xima seguran\u00e7a.<\/li><li><b>Certificado CE:<\/b><br \/>Em conformidade com as normas europeias mais exigentes.<\/li><li><b>Dispon\u00edvel em v\u00e1rios tamanhos:<\/b><br \/>Adapt\u00e1vel a v\u00e1rias aplica\u00e7\u00f5es.<\/li><\/ul><\/li><\/ul>\t\t\t\t\t\t\t\t<\/div>\n\t\t\t\t<\/div>\n\t\t\t\t\t<\/div>\n\t\t<\/div>\n\t\t\t\t\t<\/div>\n\t\t<\/section>\n\t\t\t\t<\/div>","protected":false},"excerpt":{"rendered":"<h4>Arranque do seu ar condicionado mar\u00edtimo com arranque suave<\/h4>\n<p style=\"font-size: 16px; margin-bottom: 15px;\">A corrente de arranque do compressor ser\u00e1 reduzida pelo dispositivo de arranque suave MBC em cerca de 50%.<\/p>\n<p style=\"font-size: 16px;\">A liga\u00e7\u00e3o da caixa de controlo do ar condicionado MBC ao Soft Start \u00e9 bastante simples e n\u00e3o requer qualquer configura\u00e7\u00e3o especial.<\/p>","protected":false},"featured_media":6190,"template":"","meta":{"_acf_changed":false},"product_brand":[],"product_cat":[74],"product_tag":[],"class_list":{"0":"post-2348","1":"product","2":"type-product","3":"status-publish","4":"has-post-thumbnail","6":"product_cat-mbc-soft-starter","8":"first","9":"instock","10":"shipping-taxable","11":"product-type-simple"},"acf":[],"yoast_head":"<!-- This site is optimized with the Yoast SEO Premium plugin v27.3 (Yoast SEO v27.3) - https:\/\/yoast.com\/product\/yoast-seo-premium-wordpress\/ -->\n<title>MBC Soft Starter - MBC Marine<\/title>\n<meta name=\"description\" content=\"MBC Soft Starter\" \/>\n<meta name=\"robots\" content=\"index, follow, max-snippet:-1, max-image-preview:large, max-video-preview:-1\" \/>\n<link rel=\"canonical\" href=\"https:\/\/mbc-marine.com\/pt\/product\/arrancador-suave-mbc\/\" \/>\n<meta property=\"og:locale\" content=\"pt_PT\" \/>\n<meta property=\"og:type\" content=\"article\" \/>\n<meta property=\"og:title\" content=\"MBC Soft Starter\" \/>\n<meta property=\"og:description\" content=\"MBC Soft Starter\" \/>\n<meta property=\"og:url\" content=\"https:\/\/mbc-marine.com\/pt\/product\/arrancador-suave-mbc\/\" \/>\n<meta property=\"og:site_name\" content=\"MBC Marine\" \/>\n<meta property=\"article:modified_time\" content=\"2025-09-09T11:45:15+00:00\" \/>\n<meta property=\"og:image\" content=\"https:\/\/mbc-marine.com\/wp-content\/uploads\/2024\/10\/mbc-soft-starter.png\" \/>\n\t<meta property=\"og:image:width\" content=\"1920\" \/>\n\t<meta property=\"og:image:height\" content=\"1280\" \/>\n\t<meta property=\"og:image:type\" content=\"image\/png\" \/>\n<meta name=\"twitter:card\" content=\"summary_large_image\" \/>\n<meta name=\"twitter:label1\" content=\"pre\u00e7o\" \/>\n\t<meta name=\"twitter:data1\" content=\"\" \/>\n\t<meta name=\"twitter:label2\" content=\"Disponibilidade\" \/>\n\t<meta name=\"twitter:data2\" content=\"Em stock\" \/>\n<script type=\"application\/ld+json\" class=\"yoast-schema-graph\">{\"@context\":\"https:\\\/\\\/schema.org\",\"@graph\":[{\"@type\":[\"WebPage\",\"ItemPage\"],\"@id\":\"https:\\\/\\\/mbc-marine.com\\\/product\\\/mbc-soft-starter\\\/\",\"url\":\"https:\\\/\\\/mbc-marine.com\\\/product\\\/mbc-soft-starter\\\/\",\"name\":\"MBC Soft Starter - MBC Marine\",\"isPartOf\":{\"@id\":\"https:\\\/\\\/mbc-marine.com\\\/#website\"},\"primaryImageOfPage\":{\"@id\":\"https:\\\/\\\/mbc-marine.com\\\/product\\\/mbc-soft-starter\\\/#primaryimage\"},\"image\":{\"@id\":\"https:\\\/\\\/mbc-marine.com\\\/product\\\/mbc-soft-starter\\\/#primaryimage\"},\"thumbnailUrl\":\"https:\\\/\\\/mbc-marine.com\\\/wp-content\\\/uploads\\\/2024\\\/10\\\/mbc-soft-starter.png?wsr\",\"datePublished\":\"2024-10-21T11:13:13+00:00\",\"dateModified\":\"2025-09-09T11:45:15+00:00\",\"description\":\"MBC Soft Starter\",\"breadcrumb\":{\"@id\":\"https:\\\/\\\/mbc-marine.com\\\/product\\\/mbc-soft-starter\\\/#breadcrumb\"},\"inLanguage\":\"pt-PT\",\"potentialAction\":[{\"@type\":\"ReadAction\",\"target\":[\"https:\\\/\\\/mbc-marine.com\\\/product\\\/mbc-soft-starter\\\/\"]}]},{\"@type\":\"ImageObject\",\"inLanguage\":\"pt-PT\",\"@id\":\"https:\\\/\\\/mbc-marine.com\\\/product\\\/mbc-soft-starter\\\/#primaryimage\",\"url\":\"https:\\\/\\\/mbc-marine.com\\\/wp-content\\\/uploads\\\/2024\\\/10\\\/mbc-soft-starter.png?wsr\",\"contentUrl\":\"https:\\\/\\\/mbc-marine.com\\\/wp-content\\\/uploads\\\/2024\\\/10\\\/mbc-soft-starter.png?wsr\",\"width\":1920,\"height\":1280,\"caption\":\"MBC Soft Starter\"},{\"@type\":\"BreadcrumbList\",\"@id\":\"https:\\\/\\\/mbc-marine.com\\\/product\\\/mbc-soft-starter\\\/#breadcrumb\",\"itemListElement\":[{\"@type\":\"ListItem\",\"position\":1,\"name\":\"Home\",\"item\":\"https:\\\/\\\/mbc-marine.com\\\/\"},{\"@type\":\"ListItem\",\"position\":2,\"name\":\"Shop\",\"item\":\"https:\\\/\\\/mbc-marine.com\\\/shop\\\/\"},{\"@type\":\"ListItem\",\"position\":3,\"name\":\"MBC Soft Starter\"}]},{\"@type\":\"WebSite\",\"@id\":\"https:\\\/\\\/mbc-marine.com\\\/#website\",\"url\":\"https:\\\/\\\/mbc-marine.com\\\/\",\"name\":\"MBC Marine\",\"description\":\"\",\"potentialAction\":[{\"@type\":\"SearchAction\",\"target\":{\"@type\":\"EntryPoint\",\"urlTemplate\":\"https:\\\/\\\/mbc-marine.com\\\/?s={search_term_string}\"},\"query-input\":{\"@type\":\"PropertyValueSpecification\",\"valueRequired\":true,\"valueName\":\"search_term_string\"}}],\"inLanguage\":\"pt-PT\"}]}<\/script>\n<meta property=\"product:price:currency\" content=\"EUR\" \/>\n<meta property=\"og:availability\" content=\"instock\" \/>\n<meta property=\"product:availability\" content=\"instock\" \/>\n<meta property=\"product:condition\" content=\"new\" \/>\n<!-- \/ Yoast SEO Premium plugin. -->","yoast_head_json":{"title":"Arrancador suave MBC - MBC Marine","description":"Arrancador suave MBC","robots":{"index":"index","follow":"follow","max-snippet":"max-snippet:-1","max-image-preview":"max-image-preview:large","max-video-preview":"max-video-preview:-1"},"canonical":"https:\/\/mbc-marine.com\/pt\/product\/arrancador-suave-mbc\/","og_locale":"pt_PT","og_type":"article","og_title":"MBC Soft Starter","og_description":"MBC Soft Starter","og_url":"https:\/\/mbc-marine.com\/pt\/product\/arrancador-suave-mbc\/","og_site_name":"MBC Marine","article_modified_time":"2025-09-09T11:45:15+00:00","og_image":[{"width":1920,"height":1280,"url":"https:\/\/mbc-marine.com\/wp-content\/uploads\/2024\/10\/mbc-soft-starter.png","type":"image\/png"}],"twitter_card":"summary_large_image","twitter_misc":{"pre\u00e7o":"","Disponibilidade":"Em stock"},"schema":{"@context":"https:\/\/schema.org","@graph":[{"@type":["WebPage","ItemPage"],"@id":"https:\/\/mbc-marine.com\/product\/mbc-soft-starter\/","url":"https:\/\/mbc-marine.com\/product\/mbc-soft-starter\/","name":"Arrancador suave MBC - MBC Marine","isPartOf":{"@id":"https:\/\/mbc-marine.com\/#website"},"primaryImageOfPage":{"@id":"https:\/\/mbc-marine.com\/product\/mbc-soft-starter\/#primaryimage"},"image":{"@id":"https:\/\/mbc-marine.com\/product\/mbc-soft-starter\/#primaryimage"},"thumbnailUrl":"https:\/\/mbc-marine.com\/wp-content\/uploads\/2024\/10\/mbc-soft-starter.png?wsr","datePublished":"2024-10-21T11:13:13+00:00","dateModified":"2025-09-09T11:45:15+00:00","description":"Arrancador suave MBC","breadcrumb":{"@id":"https:\/\/mbc-marine.com\/product\/mbc-soft-starter\/#breadcrumb"},"inLanguage":"pt-PT","potentialAction":[{"@type":"ReadAction","target":["https:\/\/mbc-marine.com\/product\/mbc-soft-starter\/"]}]},{"@type":"ImageObject","inLanguage":"pt-PT","@id":"https:\/\/mbc-marine.com\/product\/mbc-soft-starter\/#primaryimage","url":"https:\/\/mbc-marine.com\/wp-content\/uploads\/2024\/10\/mbc-soft-starter.png?wsr","contentUrl":"https:\/\/mbc-marine.com\/wp-content\/uploads\/2024\/10\/mbc-soft-starter.png?wsr","width":1920,"height":1280,"caption":"MBC Soft Starter"},{"@type":"BreadcrumbList","@id":"https:\/\/mbc-marine.com\/product\/mbc-soft-starter\/#breadcrumb","itemListElement":[{"@type":"ListItem","position":1,"name":"Home","item":"https:\/\/mbc-marine.com\/"},{"@type":"ListItem","position":2,"name":"Shop","item":"https:\/\/mbc-marine.com\/shop\/"},{"@type":"ListItem","position":3,"name":"MBC Soft Starter"}]},{"@type":"WebSite","@id":"https:\/\/mbc-marine.com\/#website","url":"https:\/\/mbc-marine.com\/","name":"MBC Marine","description":"","potentialAction":[{"@type":"SearchAction","target":{"@type":"EntryPoint","urlTemplate":"https:\/\/mbc-marine.com\/?s={search_term_string}"},"query-input":{"@type":"PropertyValueSpecification","valueRequired":true,"valueName":"search_term_string"}}],"inLanguage":"pt-PT"}]},"product_price_currency":"EUR","og_availability":"instock","product_availability":"instock","product_condition":"new"},"_links":{"self":[{"href":"https:\/\/mbc-marine.com\/pt\/wp-json\/wp\/v2\/product\/2348","targetHints":{"allow":["GET"]}}],"collection":[{"href":"https:\/\/mbc-marine.com\/pt\/wp-json\/wp\/v2\/product"}],"about":[{"href":"https:\/\/mbc-marine.com\/pt\/wp-json\/wp\/v2\/types\/product"}],"version-history":[{"count":0,"href":"https:\/\/mbc-marine.com\/pt\/wp-json\/wp\/v2\/product\/2348\/revisions"}],"wp:featuredmedia":[{"embeddable":true,"href":"https:\/\/mbc-marine.com\/pt\/wp-json\/wp\/v2\/media\/6190"}],"wp:attachment":[{"href":"https:\/\/mbc-marine.com\/pt\/wp-json\/wp\/v2\/media?parent=2348"}],"wp:term":[{"taxonomy":"product_brand","embeddable":true,"href":"https:\/\/mbc-marine.com\/pt\/wp-json\/wp\/v2\/product_brand?post=2348"},{"taxonomy":"product_cat","embeddable":true,"href":"https:\/\/mbc-marine.com\/pt\/wp-json\/wp\/v2\/product_cat?post=2348"},{"taxonomy":"product_tag","embeddable":true,"href":"https:\/\/mbc-marine.com\/pt\/wp-json\/wp\/v2\/product_tag?post=2348"}],"curies":[{"name":"wp","href":"https:\/\/api.w.org\/{rel}","templated":true}]}}