{"id":2382,"date":"2024-10-21T13:38:29","date_gmt":"2024-10-21T11:38:29","guid":{"rendered":"https:\/\/mbc-marine.com\/?post_type=product&#038;p=2382"},"modified":"2026-04-29T17:44:20","modified_gmt":"2026-04-29T15:44:20","slug":"bomba-de-agua-do-mar-mp-20-r","status":"publish","type":"product","link":"https:\/\/mbc-marine.com\/pt\/product\/mp-20-r-sea-water-pump\/","title":{"rendered":"Bomba de \u00e1gua do mar MP20-R"},"content":{"rendered":"<div data-elementor-type=\"product-post\" data-elementor-id=\"2382\" class=\"elementor elementor-2382\" data-elementor-post-type=\"product\">\n\t\t\t\t\t\t<section class=\"elementor-section elementor-top-section elementor-element elementor-element-42bf677e elementor-section-full_width elementor-section-height-default elementor-section-height-default\" data-id=\"42bf677e\" data-element_type=\"section\" data-e-type=\"section\" data-settings=\"{&quot;jet_parallax_layout_list&quot;:[]}\">\n\t\t\t\t\t\t<div class=\"elementor-container elementor-column-gap-default\">\n\t\t\t\t\t<div class=\"elementor-column elementor-col-100 elementor-top-column elementor-element elementor-element-3779d6b8\" data-id=\"3779d6b8\" data-element_type=\"column\" data-e-type=\"column\">\n\t\t\t<div class=\"elementor-widget-wrap elementor-element-populated\">\n\t\t\t\t\t\t<div class=\"elementor-element elementor-element-2d60f6f9 elementor-widget elementor-widget-text-editor\" data-id=\"2d60f6f9\" data-element_type=\"widget\" data-e-type=\"widget\" data-widget_type=\"text-editor.default\">\n\t\t\t\t<div class=\"elementor-widget-container\">\n\t\t\t\t\t\t\t\t\t<h5><span style=\"font-size: 12pt; font-family: arial, helvetica, sans-serif;\">A MBC MD-20R \u00e9 uma bomba centr\u00edfuga compacta, de acoplamento magn\u00e9tico, concebida para circula\u00e7\u00e3o cont\u00ednua em ambientes mar\u00edtimos e t\u00e9cnicos. A sua constru\u00e7\u00e3o sem veda\u00e7\u00e3o elimina o risco de fugas, tornando-a ideal para sistemas de \u00e1gua refrigerada de circuito fechado.<\/span><br \/><span style=\"font-size: 12pt; font-family: arial, helvetica, sans-serif;\">Equipado com um motor de 220 V, veio de cer\u00e2mica e caixa de polipropileno quimicamente resistente, o MD-20R fornece um caudal at\u00e9 31 L\/min com uma altura m\u00e1xima de 2,5 metros - bem adequado para sistemas de ar condicionado a bordo baseados em 230 V.<\/span><br \/><span style=\"font-size: 12pt; font-family: arial, helvetica, sans-serif;\">A liga\u00e7\u00e3o da mangueira de 20 mm assegura a compatibilidade com a canaliza\u00e7\u00e3o mar\u00edtima padr\u00e3o, enquanto o funcionamento silencioso e energeticamente eficiente permite uma utiliza\u00e7\u00e3o a longo prazo com um m\u00ednimo de manuten\u00e7\u00e3o.<\/span><\/h5>\t\t\t\t\t\t\t\t<\/div>\n\t\t\t\t<\/div>\n\t\t\t\t\t<\/div>\n\t\t<\/div>\n\t\t\t\t\t<\/div>\n\t\t<\/section>\n\t\t\t\t<\/div>","protected":false},"excerpt":{"rendered":"<div class=\"_tableContainer_80l1q_1\">\n<div class=\"_tableWrapper_80l1q_14 group flex w-fit flex-col-reverse\" tabindex=\"-1\">\n<table class=\"w-fit min-w-(--thread-content-width)\" style=\"width: 101.067416%; height: 573px;\" data-start=\"418\" data-end=\"2245\">\n<thead data-start=\"418\" data-end=\"496\">\n<tr data-start=\"418\" data-end=\"496\">\n<th data-start=\"418\" data-end=\"451\" data-col-size=\"sm\"><strong data-start=\"420\" data-end=\"437\">Especifica\u00e7\u00e3o<\/strong><\/th>\n<th data-start=\"451\" data-end=\"496\" data-col-size=\"md\"><strong data-start=\"453\" data-end=\"462\">Valor<\/strong><\/th>\n<\/tr>\n<\/thead>\n<tbody data-start=\"575\" data-end=\"2245\">\n<tr data-start=\"575\" data-end=\"652\">\n<td data-start=\"575\" data-end=\"607\" data-col-size=\"sm\">Modelo<\/td>\n<td data-col-size=\"md\" data-start=\"607\" data-end=\"652\">MBC MP-20R (220V)<\/td>\n<\/tr>\n<tr data-start=\"653\" data-end=\"730\">\n<td data-start=\"653\" data-end=\"685\" data-col-size=\"sm\">Tipo de bomba<\/td>\n<td data-col-size=\"md\" data-start=\"685\" data-end=\"730\">Centr\u00edfuga de acionamento magn\u00e9tico (sem veda\u00e7\u00e3o)<\/td>\n<\/tr>\n<tr data-start=\"731\" data-end=\"808\">\n<td data-start=\"731\" data-end=\"763\" data-col-size=\"sm\">Tens\u00e3o nominal<\/td>\n<td data-col-size=\"md\" data-start=\"763\" data-end=\"808\">220 V AC<\/td>\n<\/tr>\n<tr data-start=\"809\" data-end=\"887\">\n<td data-start=\"809\" data-end=\"841\" data-col-size=\"sm\">Pot\u00eancia do motor<\/td>\n<td data-col-size=\"md\" data-start=\"841\" data-end=\"887\">~20 W<\/td>\n<\/tr>\n<tr data-start=\"888\" data-end=\"965\">\n<td data-start=\"888\" data-end=\"920\" data-col-size=\"sm\">Velocidade<\/td>\n<td data-col-size=\"md\" data-start=\"920\" data-end=\"965\">~3100 rpm<\/td>\n<\/tr>\n<tr data-start=\"966\" data-end=\"1043\">\n<td data-start=\"966\" data-end=\"998\" data-col-size=\"sm\">Caudal m\u00e1ximo<\/td>\n<td data-col-size=\"md\" data-start=\"998\" data-end=\"1043\">~27 L\/min<\/td>\n<\/tr>\n<tr data-start=\"1044\" data-end=\"1121\">\n<td data-start=\"1044\" data-end=\"1076\" data-col-size=\"sm\">Cabe\u00e7a m\u00e1xima<\/td>\n<td data-col-size=\"md\" data-start=\"1076\" data-end=\"1121\">~2.5 m<\/td>\n<\/tr>\n<tr data-start=\"1122\" data-end=\"1199\">\n<td data-start=\"1122\" data-end=\"1154\" data-col-size=\"sm\">Consumo de corrente<\/td>\n<td data-col-size=\"md\" data-start=\"1154\" data-end=\"1199\">~0.22-0.25 A<\/td>\n<\/tr>\n<tr data-start=\"1200\" data-end=\"1281\">\n<td data-start=\"1200\" data-end=\"1232\" data-col-size=\"sm\">Material de constru\u00e7\u00e3o<\/td>\n<td data-col-size=\"md\" data-start=\"1232\" data-end=\"1281\">Polipropileno refor\u00e7ado com fibra de vidro (GFR-PP)<\/td>\n<\/tr>\n<tr data-start=\"1282\" data-end=\"1359\">\n<td data-start=\"1282\" data-end=\"1314\" data-col-size=\"sm\">Eixo<\/td>\n<td data-col-size=\"md\" data-start=\"1314\" data-end=\"1359\">Cer\u00e2mica<\/td>\n<\/tr>\n<tr data-start=\"1360\" data-end=\"1437\">\n<td data-start=\"1360\" data-end=\"1392\" data-col-size=\"sm\">Rolamentos<\/td>\n<td data-col-size=\"md\" data-start=\"1392\" data-end=\"1437\">PTFE (Teflon)<\/td>\n<\/tr>\n<tr data-start=\"1438\" data-end=\"1515\">\n<td data-start=\"1438\" data-end=\"1470\" data-col-size=\"sm\">Impulsor<\/td>\n<td data-col-size=\"md\" data-start=\"1470\" data-end=\"1515\">GFR-PP, modelo fechado<\/td>\n<\/tr>\n<tr data-start=\"1516\" data-end=\"1593\">\n<td data-start=\"1516\" data-end=\"1548\" data-col-size=\"sm\">Veda\u00e7\u00e3o<\/td>\n<td data-col-size=\"md\" data-start=\"1548\" data-end=\"1593\">Sem veda\u00e7\u00e3o (acoplamento magn\u00e9tico)<\/td>\n<\/tr>\n<tr data-start=\"1594\" data-end=\"1671\">\n<td data-start=\"1594\" data-end=\"1626\" data-col-size=\"sm\">Liga\u00e7\u00e3o de entrada\/sa\u00edda<\/td>\n<td data-col-size=\"md\" data-start=\"1626\" data-end=\"1671\">Espiga de mangueira de 20 mm<\/td>\n<\/tr>\n<tr data-start=\"1672\" data-end=\"1749\">\n<td data-start=\"1672\" data-end=\"1704\" data-col-size=\"sm\">Inv\u00f3lucro<\/td>\n<td data-col-size=\"md\" data-start=\"1704\" data-end=\"1749\">Totalmente fechado e n\u00e3o ventilado (TENV)<\/td>\n<\/tr>\n<tr data-start=\"1750\" data-end=\"1827\">\n<td data-start=\"1750\" data-end=\"1782\" data-col-size=\"sm\">Gravidade espec\u00edfica m\u00e1xima do fluido<\/td>\n<td data-col-size=\"md\" data-start=\"1782\" data-end=\"1827\">~1,1 kg\/L<\/td>\n<\/tr>\n<tr data-start=\"1828\" data-end=\"1905\">\n<td data-start=\"1828\" data-end=\"1860\" data-col-size=\"sm\">Classe de isolamento<\/td>\n<td data-col-size=\"md\" data-start=\"1860\" data-end=\"1905\">Classe E ou superior<\/td>\n<\/tr>\n<tr data-start=\"1906\" data-end=\"1983\">\n<td data-start=\"1906\" data-end=\"1938\" data-col-size=\"sm\">Modo de funcionamento<\/td>\n<td data-col-size=\"md\" data-start=\"1938\" data-end=\"1983\">Cont\u00ednuo<\/td>\n<\/tr>\n<tr data-start=\"1984\" data-end=\"2061\">\n<td data-start=\"1984\" data-end=\"2016\" data-col-size=\"sm\">N\u00edvel de ru\u00eddo<\/td>\n<td data-col-size=\"md\" data-start=\"2016\" data-end=\"2061\">Baixo (funcionamento silencioso)<\/td>\n<\/tr>\n<tr data-start=\"2062\" data-end=\"2139\">\n<td data-start=\"2062\" data-end=\"2094\" data-col-size=\"sm\">Peso<\/td>\n<td data-col-size=\"md\" data-start=\"2094\" data-end=\"2139\">1,8 kg<\/td>\n<\/tr>\n<tr data-start=\"2140\" data-end=\"2245\">\n<td data-start=\"2140\" data-end=\"2172\" data-col-size=\"sm\"><\/td>\n<td data-col-size=\"md\" data-start=\"2172\" data-end=\"2245\"><\/td>\n<\/tr>\n<\/tbody>\n<\/table>\n<div class=\"sticky end-(--thread-content-margin) h-0 self-end select-none\">\n<div class=\"absolute end-0 flex items-end\"><\/div>\n<\/div>\n<\/div>\n<\/div>","protected":false},"featured_media":2369,"template":"","meta":{"_acf_changed":false},"product_brand":[],"product_cat":[75],"product_tag":[],"class_list":{"0":"post-2382","1":"product","2":"type-product","3":"status-publish","4":"has-post-thumbnail","6":"product_cat-sea-water-pump","8":"first","9":"instock","10":"shipping-taxable","11":"product-type-simple"},"acf":[],"_links":{"self":[{"href":"https:\/\/mbc-marine.com\/pt\/wp-json\/wp\/v2\/product\/2382","targetHints":{"allow":["GET"]}}],"collection":[{"href":"https:\/\/mbc-marine.com\/pt\/wp-json\/wp\/v2\/product"}],"about":[{"href":"https:\/\/mbc-marine.com\/pt\/wp-json\/wp\/v2\/types\/product"}],"version-history":[{"count":2,"href":"https:\/\/mbc-marine.com\/pt\/wp-json\/wp\/v2\/product\/2382\/revisions"}],"predecessor-version":[{"id":8171,"href":"https:\/\/mbc-marine.com\/pt\/wp-json\/wp\/v2\/product\/2382\/revisions\/8171"}],"wp:featuredmedia":[{"embeddable":true,"href":"https:\/\/mbc-marine.com\/pt\/wp-json\/wp\/v2\/media\/2369"}],"wp:attachment":[{"href":"https:\/\/mbc-marine.com\/pt\/wp-json\/wp\/v2\/media?parent=2382"}],"wp:term":[{"taxonomy":"product_brand","embeddable":true,"href":"https:\/\/mbc-marine.com\/pt\/wp-json\/wp\/v2\/product_brand?post=2382"},{"taxonomy":"product_cat","embeddable":true,"href":"https:\/\/mbc-marine.com\/pt\/wp-json\/wp\/v2\/product_cat?post=2382"},{"taxonomy":"product_tag","embeddable":true,"href":"https:\/\/mbc-marine.com\/pt\/wp-json\/wp\/v2\/product_tag?post=2382"}],"curies":[{"name":"wp","href":"https:\/\/api.w.org\/{rel}","templated":true}]}}