{"id":2390,"date":"2024-10-21T13:40:02","date_gmt":"2024-10-21T11:40:02","guid":{"rendered":"https:\/\/mbc-marine.com\/?post_type=product&#038;p=2390"},"modified":"2026-04-29T17:41:42","modified_gmt":"2026-04-29T15:41:42","slug":"bomba-de-agua-do-mar-mp-40-r","status":"publish","type":"product","link":"https:\/\/mbc-marine.com\/pt\/product\/mp-40-r-sea-water-pump\/","title":{"rendered":"MP40-R Bomba de \u00e1gua do mar"},"content":{"rendered":"<div data-elementor-type=\"product-post\" data-elementor-id=\"2390\" class=\"elementor elementor-2390\" data-elementor-post-type=\"product\">\n\t\t\t\t\t\t<section class=\"elementor-section elementor-top-section elementor-element elementor-element-42bf677e elementor-section-full_width elementor-section-height-default elementor-section-height-default\" data-id=\"42bf677e\" data-element_type=\"section\" data-e-type=\"section\" data-settings=\"{&quot;jet_parallax_layout_list&quot;:[]}\">\n\t\t\t\t\t\t<div class=\"elementor-container elementor-column-gap-default\">\n\t\t\t\t\t<div class=\"elementor-column elementor-col-100 elementor-top-column elementor-element elementor-element-3779d6b8\" data-id=\"3779d6b8\" data-element_type=\"column\" data-e-type=\"column\">\n\t\t\t<div class=\"elementor-widget-wrap elementor-element-populated\">\n\t\t\t\t\t\t<div class=\"elementor-element elementor-element-2d60f6f9 elementor-widget elementor-widget-text-editor\" data-id=\"2d60f6f9\" data-element_type=\"widget\" data-e-type=\"widget\" data-widget_type=\"text-editor.default\">\n\t\t\t\t<div class=\"elementor-widget-container\">\n\t\t\t\t\t\t\t\t\t<div class=\"page\" title=\"P\u00e1gina 15\"><div class=\"section\"><div class=\"layoutArea\"><div class=\"column\"><h5><span style=\"font-size: 12pt; font-family: arial, helvetica, sans-serif;\">A MBC MP-40R \u00e9 uma bomba centr\u00edfuga dur\u00e1vel, com acionamento magn\u00e9tico, concebida para trabalhos cont\u00ednuos <strong data-start=\"246\" data-end=\"270\">circula\u00e7\u00e3o da \u00e1gua do mar<\/strong> em sistemas de arrefecimento e ar condicionado mar\u00edtimos. <\/span><\/h5><h5><span style=\"font-size: 12pt; font-family: arial, helvetica, sans-serif;\">Os seus <strong data-start=\"323\" data-end=\"353\">acoplamento magn\u00e9tico sem veda\u00e7\u00e3o<\/strong> elimina a necessidade de vedantes de veio tradicionais, tornando-o uma solu\u00e7\u00e3o sem fugas e resistente \u00e0 corros\u00e3o, ideal para ambientes mar\u00edtimos adversos.<\/span><span style=\"font-size: 12pt; font-family: arial, helvetica, sans-serif;\">Com um <strong data-start=\"503\" data-end=\"520\">Motor 220V AC<\/strong>, o MD-40R fornece at\u00e9 <strong data-start=\"548\" data-end=\"572\">52 litros por minuto<\/strong> de fluxo e um <strong data-start=\"587\" data-end=\"605\">Cabe\u00e7a de 6,5 metros<\/strong>, o que o torna adequado para aplica\u00e7\u00f5es em que \u00e9 necess\u00e1rio um caudal mais elevado ou uma eleva\u00e7\u00e3o vertical.<br \/><\/span><\/h5><h5><span style=\"font-size: 12pt; font-family: arial, helvetica, sans-serif;\">Constru\u00eddo com <strong data-start=\"712\" data-end=\"760\">caixa em polipropileno refor\u00e7ado com fibra de vidro<\/strong>, a <strong data-start=\"764\" data-end=\"783\">fuso de cer\u00e2mica<\/strong>, e <strong data-start=\"789\" data-end=\"806\">Rolamentos PTFE<\/strong>, Esta bomba oferece uma excelente resist\u00eancia \u00e0 \u00e1gua salgada e \u00e0 exposi\u00e7\u00e3o a produtos qu\u00edmicos. A bomba <strong data-start=\"886\" data-end=\"917\">Liga\u00e7\u00f5es de espiga de mangueira de 20 mm<\/strong> permitem uma instala\u00e7\u00e3o r\u00e1pida e segura em sistemas de canaliza\u00e7\u00e3o mar\u00edtimos normais.<br \/><\/span><span style=\"font-size: 12pt; font-family: arial, helvetica, sans-serif;\">Silencioso, compacto e constru\u00eddo para ser duradouro, o MD-40R \u00e9 uma escolha fi\u00e1vel para <strong data-start=\"1075\" data-end=\"1126\">sistemas de ar condicionado mar\u00edtimo arrefecidos por \u00e1gua do mar<\/strong> at\u00e9 <strong data-start=\"1133\" data-end=\"1147\">24.000 BTU<\/strong>, ou para a circula\u00e7\u00e3o geral da \u00e1gua do mar, onde a seguran\u00e7a e a fiabilidade s\u00e3o importantes.<\/span><\/h5><\/div><\/div><\/div><\/div>\t\t\t\t\t\t\t\t<\/div>\n\t\t\t\t<\/div>\n\t\t\t\t\t<\/div>\n\t\t<\/div>\n\t\t\t\t\t<\/div>\n\t\t<\/section>\n\t\t\t\t<\/div>","protected":false},"excerpt":{"rendered":"<table class=\"w-fit min-w-(--thread-content-width)\" style=\"width: 99.9176%;\" data-start=\"151\" data-end=\"1956\">\n<thead data-start=\"151\" data-end=\"225\">\n<tr data-start=\"151\" data-end=\"225\">\n<th style=\"width: 29.948365%;\" data-start=\"151\" data-end=\"184\" data-col-size=\"sm\"><strong data-start=\"153\" data-end=\"170\">\u00a0Especifica\u00e7\u00e3o do MP40R<\/strong><\/th>\n<th style=\"width: 232.702238%;\" data-start=\"184\" data-end=\"225\" data-col-size=\"md\"><strong data-start=\"186\" data-end=\"195\">Valor<\/strong><\/th>\n<\/tr>\n<\/thead>\n<tbody data-start=\"300\" data-end=\"1956\">\n<tr data-start=\"300\" data-end=\"373\">\n<td style=\"width: 29.948365%;\" data-start=\"300\" data-end=\"332\" data-col-size=\"sm\">Modelo<\/td>\n<td style=\"width: 232.702238%;\" data-col-size=\"md\" data-start=\"332\" data-end=\"373\">MBC MP-40R (220 V)<\/td>\n<\/tr>\n<tr data-start=\"374\" data-end=\"447\">\n<td style=\"width: 29.948365%;\" data-start=\"374\" data-end=\"406\" data-col-size=\"sm\">Tipo de bomba<\/td>\n<td style=\"width: 232.702238%;\" data-col-size=\"md\" data-start=\"406\" data-end=\"447\">Centr\u00edfuga de acionamento magn\u00e9tico (sem veda\u00e7\u00e3o)<\/td>\n<\/tr>\n<tr data-start=\"448\" data-end=\"521\">\n<td style=\"width: 29.948365%;\" data-start=\"448\" data-end=\"480\" data-col-size=\"sm\">Tens\u00e3o nominal<\/td>\n<td style=\"width: 232.702238%;\" data-col-size=\"md\" data-start=\"480\" data-end=\"521\">220 V AC<\/td>\n<\/tr>\n<tr data-start=\"522\" data-end=\"595\">\n<td style=\"width: 29.948365%;\" data-start=\"522\" data-end=\"554\" data-col-size=\"sm\">Pot\u00eancia do motor<\/td>\n<td style=\"width: 232.702238%;\" data-col-size=\"md\" data-start=\"554\" data-end=\"595\">~60 W<\/td>\n<\/tr>\n<tr data-start=\"596\" data-end=\"669\">\n<td style=\"width: 29.948365%;\" data-start=\"596\" data-end=\"628\" data-col-size=\"sm\">Velocidade<\/td>\n<td style=\"width: 232.702238%;\" data-col-size=\"md\" data-start=\"628\" data-end=\"669\">~3200 rpm<\/td>\n<\/tr>\n<tr data-start=\"670\" data-end=\"743\">\n<td style=\"width: 29.948365%;\" data-start=\"670\" data-end=\"702\" data-col-size=\"sm\">Caudal m\u00e1ximo<\/td>\n<td style=\"width: 232.702238%;\" data-col-size=\"md\" data-start=\"702\" data-end=\"743\">~40 L\/min<\/td>\n<\/tr>\n<tr data-start=\"744\" data-end=\"817\">\n<td style=\"width: 29.948365%;\" data-start=\"744\" data-end=\"776\" data-col-size=\"sm\">Cabe\u00e7a m\u00e1xima<\/td>\n<td style=\"width: 232.702238%;\" data-col-size=\"md\" data-start=\"776\" data-end=\"817\">~6.5 m<\/td>\n<\/tr>\n<tr data-start=\"818\" data-end=\"891\">\n<td style=\"width: 29.948365%;\" data-start=\"818\" data-end=\"850\" data-col-size=\"sm\">Consumo de corrente<\/td>\n<td style=\"width: 232.702238%;\" data-col-size=\"md\" data-start=\"850\" data-end=\"891\">~1.3 A<\/td>\n<\/tr>\n<tr data-start=\"892\" data-end=\"973\">\n<td style=\"width: 29.948365%;\" data-start=\"892\" data-end=\"924\" data-col-size=\"sm\">Material de constru\u00e7\u00e3o<\/td>\n<td style=\"width: 232.702238%;\" data-col-size=\"md\" data-start=\"924\" data-end=\"973\">Polipropileno refor\u00e7ado com fibra de vidro (GFR-PP)<\/td>\n<\/tr>\n<tr data-start=\"974\" data-end=\"1047\">\n<td style=\"width: 29.948365%;\" data-start=\"974\" data-end=\"1006\" data-col-size=\"sm\">Eixo \/ fuso<\/td>\n<td style=\"width: 232.702238%;\" data-col-size=\"md\" data-start=\"1006\" data-end=\"1047\">Cer\u00e2mica (alumina)<\/td>\n<\/tr>\n<tr data-start=\"1048\" data-end=\"1121\">\n<td style=\"width: 29.948365%;\" data-start=\"1048\" data-end=\"1080\" data-col-size=\"sm\">Rolamentos<\/td>\n<td style=\"width: 232.702238%;\" data-start=\"1080\" data-end=\"1121\" data-col-size=\"md\">PTFE (Teflon)<\/td>\n<\/tr>\n<tr data-start=\"1122\" data-end=\"1195\">\n<td style=\"width: 29.948365%;\" data-start=\"1122\" data-end=\"1154\" data-col-size=\"sm\">Tipo de veda\u00e7\u00e3o<\/td>\n<td style=\"width: 232.702238%;\" data-col-size=\"md\" data-start=\"1154\" data-end=\"1195\">Acoplamento magn\u00e9tico (sem veda\u00e7\u00e3o)<\/td>\n<\/tr>\n<tr data-start=\"1196\" data-end=\"1269\">\n<td style=\"width: 29.948365%;\" data-start=\"1196\" data-end=\"1228\" data-col-size=\"sm\">Liga\u00e7\u00e3o de entrada\/sa\u00edda<\/td>\n<td style=\"width: 232.702238%;\" data-col-size=\"md\" data-start=\"1228\" data-end=\"1269\">Espiga de mangueira de 20 mm<\/td>\n<\/tr>\n<tr data-start=\"1270\" data-end=\"1344\">\n<td style=\"width: 29.948365%;\" data-start=\"1270\" data-end=\"1302\" data-col-size=\"sm\">Inv\u00f3lucro<\/td>\n<td style=\"width: 232.702238%;\" data-col-size=\"md\" data-start=\"1302\" data-end=\"1344\">Totalmente fechado com ventila\u00e7\u00e3o<\/td>\n<\/tr>\n<tr data-start=\"1345\" data-end=\"1418\">\n<td style=\"width: 29.948365%;\" data-start=\"1345\" data-end=\"1377\" data-col-size=\"sm\">Temperatura m\u00e1xima do fluido<\/td>\n<td style=\"width: 232.702238%;\" data-col-size=\"md\" data-start=\"1377\" data-end=\"1418\">At\u00e9 80 \u00b0C<\/td>\n<\/tr>\n<tr data-start=\"1419\" data-end=\"1492\">\n<td style=\"width: 29.948365%;\" data-start=\"1419\" data-end=\"1451\" data-col-size=\"sm\">Press\u00e3o m\u00e1xima do sistema<\/td>\n<td style=\"width: 232.702238%;\" data-col-size=\"md\" data-start=\"1451\" data-end=\"1492\">~1 bar<\/td>\n<\/tr>\n<tr data-start=\"1493\" data-end=\"1566\">\n<td style=\"width: 29.948365%;\" data-start=\"1493\" data-end=\"1525\" data-col-size=\"sm\">Gravidade espec\u00edfica m\u00e1xima<\/td>\n<td style=\"width: 232.702238%;\" data-col-size=\"md\" data-start=\"1525\" data-end=\"1566\">~1,1 kg\/L<\/td>\n<\/tr>\n<tr data-start=\"1567\" data-end=\"1640\">\n<td style=\"width: 29.948365%;\" data-start=\"1567\" data-end=\"1599\" data-col-size=\"sm\">Classe de isolamento<\/td>\n<td style=\"width: 232.702238%;\" data-col-size=\"md\" data-start=\"1599\" data-end=\"1640\">E ou superior<\/td>\n<\/tr>\n<tr data-start=\"1641\" data-end=\"1714\">\n<td style=\"width: 29.948365%;\" data-start=\"1641\" data-end=\"1673\" data-col-size=\"sm\">Modo de funcionamento<\/td>\n<td style=\"width: 232.702238%;\" data-col-size=\"md\" data-start=\"1673\" data-end=\"1714\">Cont\u00ednuo<\/td>\n<\/tr>\n<tr data-start=\"1715\" data-end=\"1788\">\n<td style=\"width: 29.948365%;\" data-start=\"1715\" data-end=\"1747\" data-col-size=\"sm\">N\u00edvel de ru\u00eddo<\/td>\n<td style=\"width: 232.702238%;\" data-col-size=\"md\" data-start=\"1747\" data-end=\"1788\">Baixo (funcionamento silencioso)<\/td>\n<\/tr>\n<tr data-start=\"1789\" data-end=\"1862\">\n<td style=\"width: 29.948365%;\" data-start=\"1789\" data-end=\"1821\" data-col-size=\"sm\">Peso<\/td>\n<td style=\"width: 232.702238%;\" data-col-size=\"md\" data-start=\"1821\" data-end=\"1862\">~3,9 kg<\/td>\n<\/tr>\n<tr data-start=\"1863\" data-end=\"1956\">\n<td style=\"width: 29.948365%;\" data-start=\"1863\" data-end=\"1895\" data-col-size=\"sm\">Aplica\u00e7\u00f5es<\/td>\n<td style=\"width: 232.702238%;\" data-col-size=\"md\" data-start=\"1895\" data-end=\"1956\">Circula\u00e7\u00e3o de \u00e1gua do mar e \u00e1gua gelada<\/td>\n<\/tr>\n<\/tbody>\n<\/table>\n<div class=\"sticky end-(--thread-content-margin) h-0 self-end select-none\">\n<div class=\"absolute end-0 flex items-end\"><\/div>\n<\/div>","protected":false},"featured_media":2369,"template":"","meta":{"_acf_changed":false},"product_brand":[],"product_cat":[75],"product_tag":[],"class_list":{"0":"post-2390","1":"product","2":"type-product","3":"status-publish","4":"has-post-thumbnail","6":"product_cat-sea-water-pump","8":"first","9":"instock","10":"shipping-taxable","11":"product-type-simple"},"acf":[],"_links":{"self":[{"href":"https:\/\/mbc-marine.com\/pt\/wp-json\/wp\/v2\/product\/2390","targetHints":{"allow":["GET"]}}],"collection":[{"href":"https:\/\/mbc-marine.com\/pt\/wp-json\/wp\/v2\/product"}],"about":[{"href":"https:\/\/mbc-marine.com\/pt\/wp-json\/wp\/v2\/types\/product"}],"version-history":[{"count":1,"href":"https:\/\/mbc-marine.com\/pt\/wp-json\/wp\/v2\/product\/2390\/revisions"}],"predecessor-version":[{"id":8169,"href":"https:\/\/mbc-marine.com\/pt\/wp-json\/wp\/v2\/product\/2390\/revisions\/8169"}],"wp:featuredmedia":[{"embeddable":true,"href":"https:\/\/mbc-marine.com\/pt\/wp-json\/wp\/v2\/media\/2369"}],"wp:attachment":[{"href":"https:\/\/mbc-marine.com\/pt\/wp-json\/wp\/v2\/media?parent=2390"}],"wp:term":[{"taxonomy":"product_brand","embeddable":true,"href":"https:\/\/mbc-marine.com\/pt\/wp-json\/wp\/v2\/product_brand?post=2390"},{"taxonomy":"product_cat","embeddable":true,"href":"https:\/\/mbc-marine.com\/pt\/wp-json\/wp\/v2\/product_cat?post=2390"},{"taxonomy":"product_tag","embeddable":true,"href":"https:\/\/mbc-marine.com\/pt\/wp-json\/wp\/v2\/product_tag?post=2390"}],"curies":[{"name":"wp","href":"https:\/\/api.w.org\/{rel}","templated":true}]}}