{"id":2397,"date":"2024-10-21T13:44:43","date_gmt":"2024-10-21T11:44:43","guid":{"rendered":"https:\/\/mbc-marine.com\/?post_type=product&#038;p=2397"},"modified":"2026-04-29T17:38:28","modified_gmt":"2026-04-29T15:38:28","slug":"prb-6","status":"publish","type":"product","link":"https:\/\/mbc-marine.com\/pt\/product\/prb-6\/","title":{"rendered":"AC-PRB-6 CAIXA DE REL\u00c9 DA BOMBA 230V"},"content":{"rendered":"","protected":false},"excerpt":{"rendered":"<p><strong>Caixa de rel\u00e9s para bombas de 6 esta\u00e7\u00f5es para um controlo perfeito da MBC Marine!<\/strong><\/p>\n<p><span style=\"font-size: 15px;\">A caixa de rel\u00e9s da bomba de 6 esta\u00e7\u00f5es foi concebida para gerir sem esfor\u00e7o uma bomba de \u00e1gua do mar comum em duas ou mais unidades de ar condicionado.<\/span><\/p>\n<p><span style=\"font-size: 15px;\">A nossa placa Pump Relay (PRP) permite o controlo cont\u00ednuo de uma bomba de \u00e1gua do mar comum entre v\u00e1rias unidades de ar condicionado.<\/span><\/p>\n<p><span style=\"font-size: 15px;\">Cada unidade possui entradas de acionamento da bomba separadas e totalmente isoladas que aceitam 230VAC\/50-60Hz, garantindo compatibilidade e seguran\u00e7a.<\/span><\/p>\n<p><span style=\"font-size: 15px;\">A fonte e a sa\u00edda de energia da bomba tamb\u00e9m s\u00e3o isoladas, com capacidade para 230VAC\/50-60Hz. Alojada num inv\u00f3lucro met\u00e1lico dur\u00e1vel, a caixa de rel\u00e9s assegura uma entrada e sa\u00edda f\u00e1ceis para todos os fios de controlo, fontes de alimenta\u00e7\u00e3o da bomba e liga\u00e7\u00f5es da bomba, proporcionando uma solu\u00e7\u00e3o fi\u00e1vel e eficiente para os seus sistemas de ar condicionado mar\u00edtimo.<\/span><\/p>","protected":false},"featured_media":6188,"template":"","meta":{"_acf_changed":false},"product_brand":[],"product_cat":[35,76],"product_tag":[],"class_list":{"0":"post-2397","1":"product","2":"type-product","3":"status-publish","4":"has-post-thumbnail","6":"product_cat-accessories","7":"product_cat-electrical-accessories","9":"first","10":"instock","11":"shipping-taxable","12":"product-type-simple"},"acf":[],"_links":{"self":[{"href":"https:\/\/mbc-marine.com\/pt\/wp-json\/wp\/v2\/product\/2397","targetHints":{"allow":["GET"]}}],"collection":[{"href":"https:\/\/mbc-marine.com\/pt\/wp-json\/wp\/v2\/product"}],"about":[{"href":"https:\/\/mbc-marine.com\/pt\/wp-json\/wp\/v2\/types\/product"}],"version-history":[{"count":1,"href":"https:\/\/mbc-marine.com\/pt\/wp-json\/wp\/v2\/product\/2397\/revisions"}],"predecessor-version":[{"id":8168,"href":"https:\/\/mbc-marine.com\/pt\/wp-json\/wp\/v2\/product\/2397\/revisions\/8168"}],"wp:featuredmedia":[{"embeddable":true,"href":"https:\/\/mbc-marine.com\/pt\/wp-json\/wp\/v2\/media\/6188"}],"wp:attachment":[{"href":"https:\/\/mbc-marine.com\/pt\/wp-json\/wp\/v2\/media?parent=2397"}],"wp:term":[{"taxonomy":"product_brand","embeddable":true,"href":"https:\/\/mbc-marine.com\/pt\/wp-json\/wp\/v2\/product_brand?post=2397"},{"taxonomy":"product_cat","embeddable":true,"href":"https:\/\/mbc-marine.com\/pt\/wp-json\/wp\/v2\/product_cat?post=2397"},{"taxonomy":"product_tag","embeddable":true,"href":"https:\/\/mbc-marine.com\/pt\/wp-json\/wp\/v2\/product_tag?post=2397"}],"curies":[{"name":"wp","href":"https:\/\/api.w.org\/{rel}","templated":true}]}}