{"id":4134,"date":"2025-05-16T11:09:55","date_gmt":"2025-05-16T09:09:55","guid":{"rendered":"https:\/\/mbc-marine.com\/?post_type=product&#038;p=4134"},"modified":"2025-09-09T13:47:05","modified_gmt":"2025-09-09T11:47:05","slug":"dc4024d","status":"publish","type":"product","link":"https:\/\/mbc-marine.com\/pt\/product\/dc4024d\/","title":{"rendered":"Bomba de \u00e1gua do mar DC4024D 24V"},"content":{"rendered":"<p data-start=\"48\" data-end=\"336\">As bombas de circula\u00e7\u00e3o DC40 concebidas para os sistemas de ar condicionado mar\u00edtimo DC da MBC Marine s\u00e3o bombas centr\u00edfugas avan\u00e7adas, sem escovas e magneticamente isoladas que oferecem um funcionamento excecionalmente silencioso (&lt;40 dB) e energeticamente eficiente. S\u00e3o perfeitamente adequadas para ambientes compactos e de baixo consumo.<\/p>\n<p data-start=\"338\" data-end=\"572\">Gra\u00e7as \u00e0 sua constru\u00e7\u00e3o totalmente \u00e0 prova de \u00e1gua (IP68), estas bombas podem ser instaladas tanto submersas como em locais secos. O veio cer\u00e2mico e o rolamento resistente ao desgaste garantem uma longa vida \u00fatil de at\u00e9 30.000 horas sem manuten\u00e7\u00e3o.<\/p>\n<p data-start=\"574\" data-end=\"751\">O seu tamanho compacto e desempenho fi\u00e1vel fazem deles a escolha ideal para sistemas de ar condicionado mar\u00edtimo de 12V ou 24V DC, especialmente para unidades com uma capacidade de cerca de 7000 BTU.<\/p>","protected":false},"excerpt":{"rendered":"<div class=\"_tableContainer_80l1q_1\">\n<div class=\"_tableWrapper_80l1q_14 group flex w-fit flex-col-reverse\" tabindex=\"-1\">\n<table class=\"w-fit min-w-(--thread-content-width)\" style=\"width: 100.880811%;\" data-start=\"155\" data-end=\"2276\">\n<thead data-start=\"155\" data-end=\"243\">\n<tr data-start=\"155\" data-end=\"243\">\n<th style=\"width: 37.45583%;\" data-start=\"155\" data-end=\"197\" data-col-size=\"sm\"><strong data-start=\"157\" data-end=\"174\">Especifica\u00e7\u00e3o<\/strong><\/th>\n<th style=\"width: 231.625442%;\" data-start=\"197\" data-end=\"243\" data-col-size=\"md\"><strong data-start=\"199\" data-end=\"208\">Valor<\/strong><\/th>\n<\/tr>\n<\/thead>\n<tbody data-start=\"332\" data-end=\"2276\">\n<tr data-start=\"332\" data-end=\"419\">\n<td style=\"width: 37.45583%;\" data-start=\"332\" data-end=\"373\" data-col-size=\"sm\">S\u00e9rie de produtos<\/td>\n<td style=\"width: 231.625442%;\" data-col-size=\"md\" data-start=\"373\" data-end=\"419\">S\u00e9rie MBC Marine DC40D<\/td>\n<\/tr>\n<tr data-start=\"420\" data-end=\"507\">\n<td style=\"width: 37.45583%;\" data-start=\"420\" data-end=\"461\" data-col-size=\"sm\">Tipo de bomba<\/td>\n<td style=\"width: 231.625442%;\" data-col-size=\"md\" data-start=\"461\" data-end=\"507\">Bomba centr\u00edfuga magn\u00e9tica DC sem escovas<\/td>\n<\/tr>\n<tr data-start=\"508\" data-end=\"595\">\n<td style=\"width: 37.45583%;\" data-start=\"508\" data-end=\"549\" data-col-size=\"sm\">Op\u00e7\u00f5es de tens\u00e3o<\/td>\n<td style=\"width: 231.625442%;\" data-col-size=\"md\" data-start=\"549\" data-end=\"595\">24 V CC<\/td>\n<\/tr>\n<tr data-start=\"596\" data-end=\"683\">\n<td style=\"width: 37.45583%;\" data-start=\"596\" data-end=\"637\" data-col-size=\"sm\">Consumo de energia<\/td>\n<td style=\"width: 231.625442%;\" data-col-size=\"md\" data-start=\"637\" data-end=\"683\">28,8 W - 1,2A<\/td>\n<\/tr>\n<tr data-start=\"684\" data-end=\"770\">\n<td style=\"width: 37.45583%;\" data-start=\"684\" data-end=\"725\" data-col-size=\"sm\">Caudal m\u00e1ximo<\/td>\n<td style=\"width: 231.625442%;\" data-col-size=\"md\" data-start=\"725\" data-end=\"770\">15 L\/min<\/td>\n<\/tr>\n<tr data-start=\"771\" data-end=\"858\">\n<td style=\"width: 37.45583%;\" data-start=\"771\" data-end=\"812\" data-col-size=\"sm\">Cabe\u00e7a m\u00e1xima (eleva\u00e7\u00e3o)<\/td>\n<td style=\"width: 231.625442%;\" data-col-size=\"md\" data-start=\"812\" data-end=\"858\">4-6 metros (consoante o modelo)<\/td>\n<\/tr>\n<tr data-start=\"859\" data-end=\"947\">\n<td style=\"width: 37.45583%;\" data-start=\"859\" data-end=\"900\" data-col-size=\"sm\">N\u00edvel de ru\u00eddo<\/td>\n<td style=\"width: 231.625442%;\" data-col-size=\"md\" data-start=\"900\" data-end=\"947\">&lt; 40 dB<\/td>\n<\/tr>\n<tr data-start=\"948\" data-end=\"1035\">\n<td style=\"width: 37.45583%;\" data-start=\"948\" data-end=\"989\" data-col-size=\"sm\">Vida \u00fatil nominal<\/td>\n<td style=\"width: 231.625442%;\" data-col-size=\"md\" data-start=\"989\" data-end=\"1035\">&gt; 30.000 horas<\/td>\n<\/tr>\n<tr data-start=\"1036\" data-end=\"1123\">\n<td style=\"width: 37.45583%;\" data-start=\"1036\" data-end=\"1077\" data-col-size=\"sm\">Classe de prote\u00e7\u00e3o<\/td>\n<td style=\"width: 231.625442%;\" data-col-size=\"md\" data-start=\"1077\" data-end=\"1123\">IP68 (Totalmente submers\u00edvel e \u00e0 prova de \u00e1gua)<\/td>\n<\/tr>\n<tr data-start=\"1124\" data-end=\"1211\">\n<td style=\"width: 37.45583%;\" data-start=\"1124\" data-end=\"1165\" data-col-size=\"sm\">Material do veio<\/td>\n<td style=\"width: 231.625442%;\" data-col-size=\"md\" data-start=\"1165\" data-end=\"1211\">Cer\u00e2mica com manga de fibra de carbono<\/td>\n<\/tr>\n<tr data-start=\"1212\" data-end=\"1299\">\n<td style=\"width: 37.45583%;\" data-start=\"1212\" data-end=\"1253\" data-col-size=\"sm\">Tipo de veda\u00e7\u00e3o<\/td>\n<td style=\"width: 231.625442%;\" data-col-size=\"md\" data-start=\"1253\" data-end=\"1299\">Isolamento magn\u00e9tico, sem veda\u00e7\u00e3o do veio<\/td>\n<\/tr>\n<tr data-start=\"1300\" data-end=\"1389\">\n<td style=\"width: 37.45583%;\" data-start=\"1300\" data-end=\"1341\" data-col-size=\"sm\">Material do corpo da bomba<\/td>\n<td style=\"width: 231.625442%;\" data-col-size=\"md\" data-start=\"1341\" data-end=\"1389\">Pl\u00e1stico (resina de engenharia de alto desempenho)<\/td>\n<\/tr>\n<tr data-start=\"1390\" data-end=\"1477\">\n<td style=\"width: 37.45583%;\" data-start=\"1390\" data-end=\"1431\" data-col-size=\"sm\">Controlo de velocidade<\/td>\n<td style=\"width: 231.625442%;\" data-col-size=\"md\" data-start=\"1431\" data-end=\"1477\">PWM \/ 0-5 V anal\u00f3gico \/ potenci\u00f3metro<\/td>\n<\/tr>\n<tr data-start=\"1478\" data-end=\"1566\">\n<td style=\"width: 37.45583%;\" data-start=\"1478\" data-end=\"1519\" data-col-size=\"sm\">Prote\u00e7\u00e3o contra a secagem<\/td>\n<td style=\"width: 231.625442%;\" data-col-size=\"md\" data-start=\"1519\" data-end=\"1566\">Opcional<\/td>\n<\/tr>\n<tr data-start=\"1567\" data-end=\"1655\">\n<td style=\"width: 37.45583%;\" data-start=\"1567\" data-end=\"1608\" data-col-size=\"sm\">Prote\u00e7\u00e3o contra encravamento\/bloqueio<\/td>\n<td style=\"width: 231.625442%;\" data-col-size=\"md\" data-start=\"1608\" data-end=\"1655\">Opcional<\/td>\n<\/tr>\n<tr data-start=\"1656\" data-end=\"1744\">\n<td style=\"width: 37.45583%;\" data-start=\"1656\" data-end=\"1697\" data-col-size=\"sm\">Temperatura m\u00e1xima do l\u00edquido<\/td>\n<td style=\"width: 231.625442%;\" data-col-size=\"md\" data-start=\"1697\" data-end=\"1744\">~60 \u00b0C<\/td>\n<\/tr>\n<tr data-start=\"1745\" data-end=\"1833\">\n<td style=\"width: 37.45583%;\" data-start=\"1745\" data-end=\"1786\" data-col-size=\"sm\">Gama de temperatura ambiente<\/td>\n<td style=\"width: 231.625442%;\" data-col-size=\"md\" data-start=\"1786\" data-end=\"1833\">-40 \u00b0C a 60 \u00b0C<\/td>\n<\/tr>\n<tr data-start=\"1834\" data-end=\"1921\">\n<td style=\"width: 37.45583%;\" data-start=\"1834\" data-end=\"1875\" data-col-size=\"sm\">Tipo de montagem<\/td>\n<td style=\"width: 231.625442%;\" data-col-size=\"md\" data-start=\"1875\" data-end=\"1921\">Submers\u00edvel ou externo (n\u00e3o auto-ferrante)<\/td>\n<\/tr>\n<tr data-start=\"1922\" data-end=\"2010\">\n<td style=\"width: 37.45583%;\" data-start=\"1922\" data-end=\"1963\" data-col-size=\"sm\">Entrada\/Sa\u00edda<\/td>\n<td style=\"width: 231.625442%;\" data-col-size=\"md\" data-start=\"1963\" data-end=\"2010\">Rosca G1\/2\u2033 (M20) ou conetor farpado<\/td>\n<\/tr>\n<tr data-start=\"2011\" data-end=\"2099\">\n<td style=\"width: 37.45583%;\" data-start=\"2011\" data-end=\"2052\" data-col-size=\"sm\">Dimens\u00f5es<\/td>\n<td style=\"width: 231.625442%;\" data-col-size=\"md\" data-start=\"2052\" data-end=\"2099\">88,5 \u00d7 81,5 \u00d7 43,8 mm<\/td>\n<\/tr>\n<tr data-start=\"2100\" data-end=\"2188\">\n<td style=\"width: 37.45583%;\" data-start=\"2100\" data-end=\"2141\" data-col-size=\"sm\">Peso<\/td>\n<td style=\"width: 231.625442%;\" data-col-size=\"md\" data-start=\"2141\" data-end=\"2188\">~235 g<\/td>\n<\/tr>\n<tr data-start=\"2189\" data-end=\"2276\">\n<td style=\"width: 37.45583%;\" data-start=\"2189\" data-end=\"2230\" data-col-size=\"sm\">Comprimento do cabo<\/td>\n<td style=\"width: 231.625442%;\" data-col-size=\"md\" data-start=\"2230\" data-end=\"2276\">~50 cm (t\u00edpico)<\/td>\n<\/tr>\n<\/tbody>\n<\/table>\n<div class=\"sticky end-(--thread-content-margin) h-0 self-end select-none\">\n<div class=\"absolute end-0 flex items-end\"><\/div>\n<\/div>\n<\/div>\n<\/div>","protected":false},"featured_media":4131,"template":"","meta":{"_acf_changed":false},"product_brand":[],"product_cat":[75,35],"product_tag":[],"class_list":{"0":"post-4134","1":"product","2":"type-product","3":"status-publish","4":"has-post-thumbnail","6":"product_cat-sea-water-pump","7":"product_cat-accessories","9":"first","10":"instock","11":"shipping-taxable","12":"product-type-simple"},"acf":[],"yoast_head":"<!-- This site is optimized with the Yoast SEO Premium plugin v27.3 (Yoast SEO v27.3) - https:\/\/yoast.com\/product\/yoast-seo-premium-wordpress\/ -->\n<title>DC4024D 24V Sea Water Pump - MBC Marine<\/title>\n<meta name=\"description\" content=\"The DC40 circulation pumps designed for MBC Marine&#039;s DC marine air conditioning systems are advanced, brushless, magnetically isolated centrifugal pumps that offer exceptionally quiet (&lt;40 dB) and energy-efficient operation. They are perfectly suited for compact, low-consumption environments.\" \/>\n<meta name=\"robots\" content=\"index, follow, max-snippet:-1, max-image-preview:large, max-video-preview:-1\" \/>\n<link rel=\"canonical\" href=\"https:\/\/mbc-marine.com\/pt\/product\/dc4024d\/\" \/>\n<meta property=\"og:locale\" content=\"pt_PT\" \/>\n<meta property=\"og:type\" content=\"article\" \/>\n<meta property=\"og:title\" content=\"DC4024D 24V Sea Water Pump\" \/>\n<meta property=\"og:description\" content=\"The DC40 circulation pumps designed for MBC Marine&#039;s DC marine air conditioning systems are advanced, brushless, magnetically isolated centrifugal pumps that offer exceptionally quiet (&lt;40 dB) and energy-efficient operation. They are perfectly suited for compact, low-consumption environments.\" \/>\n<meta property=\"og:url\" content=\"https:\/\/mbc-marine.com\/pt\/product\/dc4024d\/\" \/>\n<meta property=\"og:site_name\" content=\"MBC Marine\" \/>\n<meta property=\"article:modified_time\" content=\"2025-09-09T11:47:05+00:00\" \/>\n<meta property=\"og:image\" content=\"https:\/\/mbc-marine.com\/wp-content\/uploads\/2025\/05\/MBC-120.jpg\" \/>\n\t<meta property=\"og:image:width\" content=\"1920\" \/>\n\t<meta property=\"og:image:height\" content=\"1280\" \/>\n\t<meta property=\"og:image:type\" content=\"image\/jpeg\" \/>\n<meta name=\"twitter:card\" content=\"summary_large_image\" \/>\n<meta name=\"twitter:label1\" content=\"pre\u00e7o\" \/>\n\t<meta name=\"twitter:data1\" content=\"\" \/>\n\t<meta name=\"twitter:label2\" content=\"Disponibilidade\" \/>\n\t<meta name=\"twitter:data2\" content=\"Em stock\" \/>\n<script type=\"application\/ld+json\" class=\"yoast-schema-graph\">{\"@context\":\"https:\\\/\\\/schema.org\",\"@graph\":[{\"@type\":[\"WebPage\",\"ItemPage\"],\"@id\":\"https:\\\/\\\/mbc-marine.com\\\/product\\\/dc4024d\\\/\",\"url\":\"https:\\\/\\\/mbc-marine.com\\\/product\\\/dc4024d\\\/\",\"name\":\"DC4024D 24V Sea Water Pump - MBC Marine\",\"isPartOf\":{\"@id\":\"https:\\\/\\\/mbc-marine.com\\\/#website\"},\"primaryImageOfPage\":{\"@id\":\"https:\\\/\\\/mbc-marine.com\\\/product\\\/dc4024d\\\/#primaryimage\"},\"image\":{\"@id\":\"https:\\\/\\\/mbc-marine.com\\\/product\\\/dc4024d\\\/#primaryimage\"},\"thumbnailUrl\":\"https:\\\/\\\/mbc-marine.com\\\/wp-content\\\/uploads\\\/2025\\\/05\\\/MBC-120.jpg?wsr\",\"datePublished\":\"2025-05-16T09:09:55+00:00\",\"dateModified\":\"2025-09-09T11:47:05+00:00\",\"description\":\"The DC40 circulation pumps designed for MBC Marine's DC marine air conditioning systems are advanced, brushless, magnetically isolated centrifugal pumps that offer exceptionally quiet (&lt;40 dB) and energy-efficient operation. They are perfectly suited for compact, low-consumption environments.\",\"breadcrumb\":{\"@id\":\"https:\\\/\\\/mbc-marine.com\\\/product\\\/dc4024d\\\/#breadcrumb\"},\"inLanguage\":\"pt-PT\",\"potentialAction\":[{\"@type\":\"ReadAction\",\"target\":[\"https:\\\/\\\/mbc-marine.com\\\/product\\\/dc4024d\\\/\"]}]},{\"@type\":\"ImageObject\",\"inLanguage\":\"pt-PT\",\"@id\":\"https:\\\/\\\/mbc-marine.com\\\/product\\\/dc4024d\\\/#primaryimage\",\"url\":\"https:\\\/\\\/mbc-marine.com\\\/wp-content\\\/uploads\\\/2025\\\/05\\\/MBC-120.jpg?wsr\",\"contentUrl\":\"https:\\\/\\\/mbc-marine.com\\\/wp-content\\\/uploads\\\/2025\\\/05\\\/MBC-120.jpg?wsr\",\"width\":1920,\"height\":1280,\"caption\":\"DC4012C 12V Sea Water Pump\"},{\"@type\":\"BreadcrumbList\",\"@id\":\"https:\\\/\\\/mbc-marine.com\\\/product\\\/dc4024d\\\/#breadcrumb\",\"itemListElement\":[{\"@type\":\"ListItem\",\"position\":1,\"name\":\"Home\",\"item\":\"https:\\\/\\\/mbc-marine.com\\\/\"},{\"@type\":\"ListItem\",\"position\":2,\"name\":\"Shop\",\"item\":\"https:\\\/\\\/mbc-marine.com\\\/shop\\\/\"},{\"@type\":\"ListItem\",\"position\":3,\"name\":\"DC4024D 24V Sea Water Pump\"}]},{\"@type\":\"WebSite\",\"@id\":\"https:\\\/\\\/mbc-marine.com\\\/#website\",\"url\":\"https:\\\/\\\/mbc-marine.com\\\/\",\"name\":\"MBC Marine\",\"description\":\"\",\"potentialAction\":[{\"@type\":\"SearchAction\",\"target\":{\"@type\":\"EntryPoint\",\"urlTemplate\":\"https:\\\/\\\/mbc-marine.com\\\/?s={search_term_string}\"},\"query-input\":{\"@type\":\"PropertyValueSpecification\",\"valueRequired\":true,\"valueName\":\"search_term_string\"}}],\"inLanguage\":\"pt-PT\"}]}<\/script>\n<meta property=\"product:price:currency\" content=\"EUR\" \/>\n<meta property=\"og:availability\" content=\"instock\" \/>\n<meta property=\"product:availability\" content=\"instock\" \/>\n<meta property=\"product:condition\" content=\"new\" \/>\n<!-- \/ Yoast SEO Premium plugin. -->","yoast_head_json":{"title":"Bomba de \u00e1gua do mar DC4024D 24V - MBC Marine","description":"As bombas de circula\u00e7\u00e3o DC40 concebidas para os sistemas de ar condicionado mar\u00edtimo DC da MBC Marine s\u00e3o bombas centr\u00edfugas avan\u00e7adas, sem escovas e magneticamente isoladas que oferecem um funcionamento excecionalmente silencioso (&lt;40 dB) e energeticamente eficiente. S\u00e3o perfeitamente adequadas para ambientes compactos e de baixo consumo.","robots":{"index":"index","follow":"follow","max-snippet":"max-snippet:-1","max-image-preview":"max-image-preview:large","max-video-preview":"max-video-preview:-1"},"canonical":"https:\/\/mbc-marine.com\/pt\/product\/dc4024d\/","og_locale":"pt_PT","og_type":"article","og_title":"DC4024D 24V Sea Water Pump","og_description":"The DC40 circulation pumps designed for MBC Marine's DC marine air conditioning systems are advanced, brushless, magnetically isolated centrifugal pumps that offer exceptionally quiet (&lt;40 dB) and energy-efficient operation. They are perfectly suited for compact, low-consumption environments.","og_url":"https:\/\/mbc-marine.com\/pt\/product\/dc4024d\/","og_site_name":"MBC Marine","article_modified_time":"2025-09-09T11:47:05+00:00","og_image":[{"width":1920,"height":1280,"url":"https:\/\/mbc-marine.com\/wp-content\/uploads\/2025\/05\/MBC-120.jpg","type":"image\/jpeg"}],"twitter_card":"summary_large_image","twitter_misc":{"pre\u00e7o":"","Disponibilidade":"Em stock"},"schema":{"@context":"https:\/\/schema.org","@graph":[{"@type":["WebPage","ItemPage"],"@id":"https:\/\/mbc-marine.com\/product\/dc4024d\/","url":"https:\/\/mbc-marine.com\/product\/dc4024d\/","name":"Bomba de \u00e1gua do mar DC4024D 24V - MBC Marine","isPartOf":{"@id":"https:\/\/mbc-marine.com\/#website"},"primaryImageOfPage":{"@id":"https:\/\/mbc-marine.com\/product\/dc4024d\/#primaryimage"},"image":{"@id":"https:\/\/mbc-marine.com\/product\/dc4024d\/#primaryimage"},"thumbnailUrl":"https:\/\/mbc-marine.com\/wp-content\/uploads\/2025\/05\/MBC-120.jpg?wsr","datePublished":"2025-05-16T09:09:55+00:00","dateModified":"2025-09-09T11:47:05+00:00","description":"As bombas de circula\u00e7\u00e3o DC40 concebidas para os sistemas de ar condicionado mar\u00edtimo DC da MBC Marine s\u00e3o bombas centr\u00edfugas avan\u00e7adas, sem escovas e magneticamente isoladas que oferecem um funcionamento excecionalmente silencioso (&lt;40 dB) e energeticamente eficiente. S\u00e3o perfeitamente adequadas para ambientes compactos e de baixo consumo.","breadcrumb":{"@id":"https:\/\/mbc-marine.com\/product\/dc4024d\/#breadcrumb"},"inLanguage":"pt-PT","potentialAction":[{"@type":"ReadAction","target":["https:\/\/mbc-marine.com\/product\/dc4024d\/"]}]},{"@type":"ImageObject","inLanguage":"pt-PT","@id":"https:\/\/mbc-marine.com\/product\/dc4024d\/#primaryimage","url":"https:\/\/mbc-marine.com\/wp-content\/uploads\/2025\/05\/MBC-120.jpg?wsr","contentUrl":"https:\/\/mbc-marine.com\/wp-content\/uploads\/2025\/05\/MBC-120.jpg?wsr","width":1920,"height":1280,"caption":"DC4012C 12V Sea Water Pump"},{"@type":"BreadcrumbList","@id":"https:\/\/mbc-marine.com\/product\/dc4024d\/#breadcrumb","itemListElement":[{"@type":"ListItem","position":1,"name":"Home","item":"https:\/\/mbc-marine.com\/"},{"@type":"ListItem","position":2,"name":"Shop","item":"https:\/\/mbc-marine.com\/shop\/"},{"@type":"ListItem","position":3,"name":"DC4024D 24V Sea Water Pump"}]},{"@type":"WebSite","@id":"https:\/\/mbc-marine.com\/#website","url":"https:\/\/mbc-marine.com\/","name":"MBC Marine","description":"","potentialAction":[{"@type":"SearchAction","target":{"@type":"EntryPoint","urlTemplate":"https:\/\/mbc-marine.com\/?s={search_term_string}"},"query-input":{"@type":"PropertyValueSpecification","valueRequired":true,"valueName":"search_term_string"}}],"inLanguage":"pt-PT"}]},"product_price_currency":"EUR","og_availability":"instock","product_availability":"instock","product_condition":"new"},"_links":{"self":[{"href":"https:\/\/mbc-marine.com\/pt\/wp-json\/wp\/v2\/product\/4134","targetHints":{"allow":["GET"]}}],"collection":[{"href":"https:\/\/mbc-marine.com\/pt\/wp-json\/wp\/v2\/product"}],"about":[{"href":"https:\/\/mbc-marine.com\/pt\/wp-json\/wp\/v2\/types\/product"}],"version-history":[{"count":0,"href":"https:\/\/mbc-marine.com\/pt\/wp-json\/wp\/v2\/product\/4134\/revisions"}],"wp:featuredmedia":[{"embeddable":true,"href":"https:\/\/mbc-marine.com\/pt\/wp-json\/wp\/v2\/media\/4131"}],"wp:attachment":[{"href":"https:\/\/mbc-marine.com\/pt\/wp-json\/wp\/v2\/media?parent=4134"}],"wp:term":[{"taxonomy":"product_brand","embeddable":true,"href":"https:\/\/mbc-marine.com\/pt\/wp-json\/wp\/v2\/product_brand?post=4134"},{"taxonomy":"product_cat","embeddable":true,"href":"https:\/\/mbc-marine.com\/pt\/wp-json\/wp\/v2\/product_cat?post=4134"},{"taxonomy":"product_tag","embeddable":true,"href":"https:\/\/mbc-marine.com\/pt\/wp-json\/wp\/v2\/product_tag?post=4134"}],"curies":[{"name":"wp","href":"https:\/\/api.w.org\/{rel}","templated":true}]}}