{"id":4136,"date":"2025-05-16T11:11:33","date_gmt":"2025-05-16T09:11:33","guid":{"rendered":"https:\/\/mbc-marine.com\/?post_type=product&#038;p=4136"},"modified":"2026-04-29T17:27:35","modified_gmt":"2026-04-29T15:27:35","slug":"dc5612e","status":"publish","type":"product","link":"https:\/\/mbc-marine.com\/pt\/product\/dc5612e\/","title":{"rendered":"Bomba de \u00e1gua do mar DC5612E 12V"},"content":{"rendered":"<p data-start=\"48\" data-end=\"286\">A bomba centr\u00edfuga DC5612E sem escovas e magneticamente isolada \u00e9 uma excelente combina\u00e7\u00e3o para os sistemas de ar condicionado de 12V DC da MBC Marine. Proporciona um funcionamento fi\u00e1vel, silencioso (&lt;35 dB) e eficiente em termos energ\u00e9ticos, mesmo em condi\u00e7\u00f5es exigentes.<\/p>\n<p data-start=\"288\" data-end=\"483\">Com o seu design \u00e0 prova de \u00e1gua com classifica\u00e7\u00e3o IP68, a bomba pode ser instalada submersa ou num local seco. O seu veio de cer\u00e2mica dur\u00e1vel garante uma vida \u00fatil longa e sem manuten\u00e7\u00e3o at\u00e9 30.000 horas.<\/p>\n<p data-start=\"485\" data-end=\"743\">O DC5612E pode fornecer at\u00e9 10 metros de altura e um caudal de 30 litros por minuto num sistema de 12V, tornando-o a escolha perfeita para os sistemas de ar condicionado DC de 7000 BTU da MBC Marine - especialmente em instala\u00e7\u00f5es com tubagens mais longas ou posi\u00e7\u00f5es elevadas do condensador.<\/p>","protected":false},"excerpt":{"rendered":"<div class=\"_tableContainer_80l1q_1\">\n<div class=\"_tableWrapper_80l1q_14 group flex w-fit flex-col-reverse\" tabindex=\"-1\">\n<table class=\"w-fit min-w-(--thread-content-width)\" style=\"width: 98.205748%;\" data-start=\"114\" data-end=\"1834\">\n<thead data-start=\"114\" data-end=\"200\">\n<tr data-start=\"114\" data-end=\"200\">\n<th style=\"width: 32.307692%;\" data-start=\"114\" data-end=\"151\" data-col-size=\"sm\"><strong data-start=\"116\" data-end=\"133\">DC5612E \/ 12V Especifica\u00e7\u00e3o<\/strong><\/th>\n<th style=\"width: 256.538462%;\" data-start=\"151\" data-end=\"200\" data-col-size=\"md\"><strong data-start=\"153\" data-end=\"187\">Valor\u00a0<\/strong><\/th>\n<\/tr>\n<\/thead>\n<tbody data-start=\"287\" data-end=\"1834\">\n<tr data-start=\"287\" data-end=\"372\">\n<td style=\"width: 32.307692%;\" data-start=\"287\" data-end=\"323\" data-col-size=\"sm\">Tens\u00e3o nominal<\/td>\n<td style=\"width: 256.538462%;\" data-col-size=\"md\" data-start=\"323\" data-end=\"372\">12 V CC<\/td>\n<\/tr>\n<tr data-start=\"373\" data-end=\"458\">\n<td style=\"width: 32.307692%;\" data-start=\"373\" data-end=\"409\" data-col-size=\"sm\">Consumo de energia<\/td>\n<td style=\"width: 256.538462%;\" data-col-size=\"md\" data-start=\"409\" data-end=\"458\">~42 W<\/td>\n<\/tr>\n<tr data-start=\"459\" data-end=\"544\">\n<td style=\"width: 32.307692%;\" data-start=\"459\" data-end=\"495\" data-col-size=\"sm\">Corrente m\u00e1xima<\/td>\n<td style=\"width: 256.538462%;\" data-col-size=\"md\" data-start=\"495\" data-end=\"544\">~3.5 A<\/td>\n<\/tr>\n<tr data-start=\"545\" data-end=\"630\">\n<td style=\"width: 32.307692%;\" data-start=\"545\" data-end=\"581\" data-col-size=\"sm\">Cabe\u00e7a m\u00e1xima<\/td>\n<td style=\"width: 256.538462%;\" data-col-size=\"md\" data-start=\"581\" data-end=\"630\">At\u00e9 10 metros<\/td>\n<\/tr>\n<tr data-start=\"631\" data-end=\"716\">\n<td style=\"width: 32.307692%;\" data-start=\"631\" data-end=\"667\" data-col-size=\"sm\">Caudal m\u00e1ximo<\/td>\n<td style=\"width: 256.538462%;\" data-col-size=\"md\" data-start=\"667\" data-end=\"716\">At\u00e9 1800 L\/h (30 L\/min)<\/td>\n<\/tr>\n<tr data-start=\"717\" data-end=\"802\">\n<td style=\"width: 32.307692%;\" data-start=\"717\" data-end=\"753\" data-col-size=\"sm\">Classifica\u00e7\u00e3o de impermeabilidade<\/td>\n<td style=\"width: 256.538462%;\" data-col-size=\"md\" data-start=\"753\" data-end=\"802\">IP68<\/td>\n<\/tr>\n<tr data-start=\"803\" data-end=\"888\">\n<td style=\"width: 32.307692%;\" data-start=\"803\" data-end=\"839\" data-col-size=\"sm\">Vida \u00fatil<\/td>\n<td style=\"width: 256.538462%;\" data-col-size=\"md\" data-start=\"839\" data-end=\"888\">&gt;30.000 horas<\/td>\n<\/tr>\n<tr data-start=\"889\" data-end=\"974\">\n<td style=\"width: 32.307692%;\" data-start=\"889\" data-end=\"925\" data-col-size=\"sm\">N\u00edvel de ru\u00eddo<\/td>\n<td style=\"width: 256.538462%;\" data-col-size=\"md\" data-start=\"925\" data-end=\"974\">\u226435 dB<\/td>\n<\/tr>\n<tr data-start=\"975\" data-end=\"1060\">\n<td style=\"width: 32.307692%;\" data-start=\"975\" data-end=\"1011\" data-col-size=\"sm\">Corpo da bomba<\/td>\n<td style=\"width: 256.538462%;\" data-col-size=\"md\" data-start=\"1011\" data-end=\"1060\">PPS com fibra de vidro 30%<\/td>\n<\/tr>\n<tr data-start=\"1061\" data-end=\"1146\">\n<td style=\"width: 32.307692%;\" data-start=\"1061\" data-end=\"1097\" data-col-size=\"sm\">Tipo de eixo<\/td>\n<td style=\"width: 256.538462%;\" data-col-size=\"md\" data-start=\"1097\" data-end=\"1146\">Veio de cer\u00e2mica, isolado magneticamente<\/td>\n<\/tr>\n<tr data-start=\"1147\" data-end=\"1232\">\n<td style=\"width: 32.307692%;\" data-start=\"1147\" data-end=\"1183\" data-col-size=\"sm\">Veda\u00e7\u00e3o<\/td>\n<td style=\"width: 256.538462%;\" data-col-size=\"md\" data-start=\"1183\" data-end=\"1232\">Sem veda\u00e7\u00e3o mec\u00e2nica (isolamento magn\u00e9tico)<\/td>\n<\/tr>\n<tr data-start=\"1233\" data-end=\"1318\">\n<td style=\"width: 32.307692%;\" data-start=\"1233\" data-end=\"1269\" data-col-size=\"sm\">Tipo de impulsor<\/td>\n<td style=\"width: 256.538462%;\" data-col-size=\"md\" data-start=\"1269\" data-end=\"1318\">Impulsor fechado<\/td>\n<\/tr>\n<tr data-start=\"1319\" data-end=\"1404\">\n<td style=\"width: 32.307692%;\" data-start=\"1319\" data-end=\"1355\" data-col-size=\"sm\">Carater\u00edsticas de prote\u00e7\u00e3o<\/td>\n<td style=\"width: 256.538462%;\" data-col-size=\"md\" data-start=\"1355\" data-end=\"1404\">Funcionamento a seco, sobrecarga, polaridade inversa, bloqueio<\/td>\n<\/tr>\n<tr data-start=\"1405\" data-end=\"1490\">\n<td style=\"width: 32.307692%;\" data-start=\"1405\" data-end=\"1441\" data-col-size=\"sm\">Op\u00e7\u00f5es de controlo de velocidade<\/td>\n<td style=\"width: 256.538462%;\" data-col-size=\"md\" data-start=\"1441\" data-end=\"1490\">PWM \/ 0-5 V anal\u00f3gico \/ potenci\u00f3metro<\/td>\n<\/tr>\n<tr data-start=\"1491\" data-end=\"1576\">\n<td style=\"width: 32.307692%;\" data-start=\"1491\" data-end=\"1527\" data-col-size=\"sm\">Meios adequados<\/td>\n<td style=\"width: 256.538462%;\" data-col-size=\"md\" data-start=\"1527\" data-end=\"1576\">\u00c1gua, \u00f3leo, \u00e1cido suave\/alcalino (pr\u00e9-teste)<\/td>\n<\/tr>\n<tr data-start=\"1577\" data-end=\"1662\">\n<td style=\"width: 32.307692%;\" data-start=\"1577\" data-end=\"1613\" data-col-size=\"sm\">Gama de temperaturas de funcionamento<\/td>\n<td style=\"width: 256.538462%;\" data-col-size=\"md\" data-start=\"1613\" data-end=\"1662\">-30 \u00b0C a +100 \u00b0C (com o driver correto)<\/td>\n<\/tr>\n<tr data-start=\"1663\" data-end=\"1748\">\n<td style=\"width: 32.307692%;\" data-start=\"1663\" data-end=\"1699\" data-col-size=\"sm\">Peso<\/td>\n<td style=\"width: 256.538462%;\" data-col-size=\"md\" data-start=\"1699\" data-end=\"1748\">~0,52 kg<\/td>\n<\/tr>\n<tr data-start=\"1749\" data-end=\"1834\">\n<td style=\"width: 32.307692%;\" data-start=\"1749\" data-end=\"1785\" data-col-size=\"sm\">Dimens\u00f5es<\/td>\n<td style=\"width: 256.538462%;\" data-col-size=\"md\" data-start=\"1785\" data-end=\"1834\">~100 \u00d7 75 \u00d7 60 mm (aprox., consoante o modelo)<\/td>\n<\/tr>\n<\/tbody>\n<\/table>\n<div class=\"sticky end-(--thread-content-margin) h-0 self-end select-none\">\n<div class=\"absolute end-0 flex items-end\"><\/div>\n<\/div>\n<\/div>\n<\/div>","protected":false},"featured_media":6186,"template":"","meta":{"_acf_changed":false},"product_brand":[],"product_cat":[35,75],"product_tag":[],"class_list":{"0":"post-4136","1":"product","2":"type-product","3":"status-publish","4":"has-post-thumbnail","6":"product_cat-accessories","7":"product_cat-sea-water-pump","9":"first","10":"instock","11":"shipping-taxable","12":"product-type-simple"},"acf":[],"_links":{"self":[{"href":"https:\/\/mbc-marine.com\/pt\/wp-json\/wp\/v2\/product\/4136","targetHints":{"allow":["GET"]}}],"collection":[{"href":"https:\/\/mbc-marine.com\/pt\/wp-json\/wp\/v2\/product"}],"about":[{"href":"https:\/\/mbc-marine.com\/pt\/wp-json\/wp\/v2\/types\/product"}],"version-history":[{"count":1,"href":"https:\/\/mbc-marine.com\/pt\/wp-json\/wp\/v2\/product\/4136\/revisions"}],"predecessor-version":[{"id":8165,"href":"https:\/\/mbc-marine.com\/pt\/wp-json\/wp\/v2\/product\/4136\/revisions\/8165"}],"wp:featuredmedia":[{"embeddable":true,"href":"https:\/\/mbc-marine.com\/pt\/wp-json\/wp\/v2\/media\/6186"}],"wp:attachment":[{"href":"https:\/\/mbc-marine.com\/pt\/wp-json\/wp\/v2\/media?parent=4136"}],"wp:term":[{"taxonomy":"product_brand","embeddable":true,"href":"https:\/\/mbc-marine.com\/pt\/wp-json\/wp\/v2\/product_brand?post=4136"},{"taxonomy":"product_cat","embeddable":true,"href":"https:\/\/mbc-marine.com\/pt\/wp-json\/wp\/v2\/product_cat?post=4136"},{"taxonomy":"product_tag","embeddable":true,"href":"https:\/\/mbc-marine.com\/pt\/wp-json\/wp\/v2\/product_tag?post=4136"}],"curies":[{"name":"wp","href":"https:\/\/api.w.org\/{rel}","templated":true}]}}