{"id":4141,"date":"2025-05-16T11:15:18","date_gmt":"2025-05-16T09:15:18","guid":{"rendered":"https:\/\/mbc-marine.com\/?post_type=product&#038;p=4141"},"modified":"2025-09-09T13:47:42","modified_gmt":"2025-09-09T11:47:42","slug":"dc6024g","status":"publish","type":"product","link":"https:\/\/mbc-marine.com\/pt\/product\/dc6024g\/","title":{"rendered":"Bomba de \u00e1gua do mar DC6024G 24V"},"content":{"rendered":"<p>A MBC Marine DC60G \u00e9 uma bomba centr\u00edfuga sem escovas potente e fi\u00e1vel, ideal para os sistemas de ar condicionado de 24V DC da MBC Marine com maiores exig\u00eancias de circula\u00e7\u00e3o de \u00e1gua.<\/p>\n<p>Com uma altura m\u00e1xima de at\u00e9 12 metros e um caudal de at\u00e9 63 litros por minuto, \u00e9 uma excelente escolha para instala\u00e7\u00f5es maiores ou mais complexas, incluindo sistemas com m\u00faltiplos manipuladores de ar ou tubagens extensas.<\/p>\n<p>A sua constru\u00e7\u00e3o \u00e0 prova de \u00e1gua com classifica\u00e7\u00e3o IP68 permite a instala\u00e7\u00e3o submersa e em seco. O veio de cer\u00e2mica e a caixa refor\u00e7ada proporcionam um funcionamento duradouro e sem manuten\u00e7\u00e3o, com uma vida \u00fatil nominal superior a 30.000 horas.<\/p>\n<p>Este modelo \u00e9 totalmente compat\u00edvel com os sistemas de 24 V da MBC Marine at\u00e9 uma capacidade combinada de 48 000 BTU, o que o torna a solu\u00e7\u00e3o ideal para instala\u00e7\u00f5es multi-zona em que a circula\u00e7\u00e3o eficiente e consistente de \u00e1gua doce \u00e9 fundamental.<\/p>","protected":false},"excerpt":{"rendered":"<div class=\"_tableContainer_80l1q_1\">\n<div class=\"_tableWrapper_80l1q_14 group flex w-fit flex-col-reverse\" tabindex=\"-1\">\n<table class=\"w-fit min-w-(--thread-content-width)\" style=\"width: 100.454369%;\" data-start=\"137\" data-end=\"1643\">\n<thead data-start=\"137\" data-end=\"202\">\n<tr data-start=\"137\" data-end=\"202\">\n<th style=\"width: 43.076923%;\" data-start=\"137\" data-end=\"169\" data-col-size=\"sm\"><strong data-start=\"139\" data-end=\"156\">Especifica\u00e7\u00f5es DC60E 24V<\/strong><\/th>\n<th style=\"width: 196.92948%;\" data-start=\"169\" data-end=\"202\" data-col-size=\"sm\"><strong data-start=\"171\" data-end=\"180\">Valor<\/strong><\/th>\n<\/tr>\n<\/thead>\n<tbody data-start=\"268\" data-end=\"1643\">\n<tr data-start=\"268\" data-end=\"332\">\n<td style=\"width: 43.076923%;\" data-start=\"268\" data-end=\"299\" data-col-size=\"sm\">Modelo<\/td>\n<td style=\"width: 196.92948%;\" data-col-size=\"sm\" data-start=\"299\" data-end=\"332\">DC60E<\/td>\n<\/tr>\n<tr data-start=\"333\" data-end=\"397\">\n<td style=\"width: 43.076923%;\" data-start=\"333\" data-end=\"364\" data-col-size=\"sm\">Tens\u00e3o nominal<\/td>\n<td style=\"width: 196.92948%;\" data-col-size=\"sm\" data-start=\"364\" data-end=\"397\">24 V CC<\/td>\n<\/tr>\n<tr data-start=\"398\" data-end=\"462\">\n<td style=\"width: 43.076923%;\" data-start=\"398\" data-end=\"429\" data-col-size=\"sm\">Consumo de energia<\/td>\n<td style=\"width: 196.92948%;\" data-col-size=\"sm\" data-start=\"429\" data-end=\"462\">108-120 W<\/td>\n<\/tr>\n<tr data-start=\"463\" data-end=\"527\">\n<td style=\"width: 43.076923%;\" data-start=\"463\" data-end=\"494\" data-col-size=\"sm\">Corrente nominal<\/td>\n<td style=\"width: 196.92948%;\" data-col-size=\"sm\" data-start=\"494\" data-end=\"527\">~4.5-5 A<\/td>\n<\/tr>\n<tr data-start=\"528\" data-end=\"592\">\n<td style=\"width: 43.076923%;\" data-start=\"528\" data-end=\"559\" data-col-size=\"sm\">Cabe\u00e7a m\u00e1xima<\/td>\n<td style=\"width: 196.92948%;\" data-col-size=\"sm\" data-start=\"559\" data-end=\"592\">At\u00e9 12 m<\/td>\n<\/tr>\n<tr data-start=\"593\" data-end=\"657\">\n<td style=\"width: 43.076923%;\" data-start=\"593\" data-end=\"624\" data-col-size=\"sm\">Caudal m\u00e1ximo<\/td>\n<td style=\"width: 196.92948%;\" data-col-size=\"sm\" data-start=\"624\" data-end=\"657\">At\u00e9 3800 L\/h (\u224863 L\/min)<\/td>\n<\/tr>\n<tr data-start=\"658\" data-end=\"722\">\n<td style=\"width: 43.076923%;\" data-start=\"658\" data-end=\"689\" data-col-size=\"sm\">Classifica\u00e7\u00e3o de impermeabilidade<\/td>\n<td style=\"width: 196.92948%;\" data-col-size=\"sm\" data-start=\"689\" data-end=\"722\">IP68<\/td>\n<\/tr>\n<tr data-start=\"723\" data-end=\"787\">\n<td style=\"width: 43.076923%;\" data-start=\"723\" data-end=\"754\" data-col-size=\"sm\">Tempo de vida previsto<\/td>\n<td style=\"width: 196.92948%;\" data-col-size=\"sm\" data-start=\"754\" data-end=\"787\">\u226530.000 horas<\/td>\n<\/tr>\n<tr data-start=\"788\" data-end=\"852\">\n<td style=\"width: 43.076923%;\" data-start=\"788\" data-end=\"819\" data-col-size=\"sm\">N\u00edvel de ru\u00eddo<\/td>\n<td style=\"width: 196.92948%;\" data-col-size=\"sm\" data-start=\"819\" data-end=\"852\">\u226440 dB<\/td>\n<\/tr>\n<tr data-start=\"853\" data-end=\"917\">\n<td style=\"width: 43.076923%;\" data-start=\"853\" data-end=\"884\" data-col-size=\"sm\">Material do corpo da bomba<\/td>\n<td style=\"width: 196.92948%;\" data-col-size=\"sm\" data-start=\"884\" data-end=\"917\">PPS com fibra de vidro 30%<\/td>\n<\/tr>\n<tr data-start=\"918\" data-end=\"982\">\n<td style=\"width: 43.076923%;\" data-start=\"918\" data-end=\"949\" data-col-size=\"sm\">Eixo<\/td>\n<td style=\"width: 196.92948%;\" data-col-size=\"sm\" data-start=\"949\" data-end=\"982\">Cer\u00e2mica<\/td>\n<\/tr>\n<tr data-start=\"983\" data-end=\"1047\">\n<td style=\"width: 43.076923%;\" data-start=\"983\" data-end=\"1014\" data-col-size=\"sm\">Tipo de impulsor<\/td>\n<td style=\"width: 196.92948%;\" data-col-size=\"sm\" data-start=\"1014\" data-end=\"1047\">Impulsor fechado<\/td>\n<\/tr>\n<tr data-start=\"1048\" data-end=\"1112\">\n<td style=\"width: 43.076923%;\" data-start=\"1048\" data-end=\"1079\" data-col-size=\"sm\">Tipo de veda\u00e7\u00e3o<\/td>\n<td style=\"width: 196.92948%;\" data-col-size=\"sm\" data-start=\"1079\" data-end=\"1112\">Isolamento magn\u00e9tico<\/td>\n<\/tr>\n<tr data-start=\"1113\" data-end=\"1177\">\n<td style=\"width: 43.076923%;\" data-start=\"1113\" data-end=\"1144\" data-col-size=\"sm\">Classe de isolamento<\/td>\n<td style=\"width: 196.92948%;\" data-col-size=\"sm\" data-start=\"1144\" data-end=\"1177\">H (180 \u00b0C)<\/td>\n<\/tr>\n<tr data-start=\"1178\" data-end=\"1242\">\n<td style=\"width: 43.076923%;\" data-start=\"1178\" data-end=\"1209\" data-col-size=\"sm\">Tamanho da entrada\/sa\u00edda<\/td>\n<td style=\"width: 196.92948%;\" data-col-size=\"sm\" data-start=\"1209\" data-end=\"1242\">20 mm com rosca (\u00bd\u2033)<\/td>\n<\/tr>\n<tr data-start=\"1243\" data-end=\"1307\">\n<td style=\"width: 43.076923%;\" data-start=\"1243\" data-end=\"1274\" data-col-size=\"sm\">Gama de tens\u00f5es de funcionamento<\/td>\n<td style=\"width: 196.92948%;\" data-col-size=\"sm\" data-start=\"1274\" data-end=\"1307\">10-30 V DC<\/td>\n<\/tr>\n<tr data-start=\"1308\" data-end=\"1372\">\n<td style=\"width: 43.076923%;\" data-start=\"1308\" data-end=\"1339\" data-col-size=\"sm\">Gama de temperaturas de funcionamento<\/td>\n<td style=\"width: 196.92948%;\" data-col-size=\"sm\" data-start=\"1339\" data-end=\"1372\">-30 \u00b0C a +100 \u00b0C<\/td>\n<\/tr>\n<tr data-start=\"1373\" data-end=\"1448\">\n<td style=\"width: 43.076923%;\" data-start=\"1373\" data-end=\"1404\" data-col-size=\"sm\">Carater\u00edsticas de prote\u00e7\u00e3o<\/td>\n<td style=\"width: 196.92948%;\" data-col-size=\"sm\" data-start=\"1404\" data-end=\"1448\">Funcionamento a seco, encravamento, sobrecarga, invers\u00e3o de polaridade<\/td>\n<\/tr>\n<tr data-start=\"1449\" data-end=\"1513\">\n<td style=\"width: 43.076923%;\" data-start=\"1449\" data-end=\"1480\" data-col-size=\"sm\">Controlo de velocidade<\/td>\n<td style=\"width: 196.92948%;\" data-col-size=\"sm\" data-start=\"1480\" data-end=\"1513\">N\u00e3o dispon\u00edvel<\/td>\n<\/tr>\n<tr data-start=\"1514\" data-end=\"1578\">\n<td style=\"width: 43.076923%;\" data-start=\"1514\" data-end=\"1545\" data-col-size=\"sm\">Peso<\/td>\n<td style=\"width: 196.92948%;\" data-col-size=\"sm\" data-start=\"1545\" data-end=\"1578\">~0,89 kg<\/td>\n<\/tr>\n<tr data-start=\"1579\" data-end=\"1643\">\n<td style=\"width: 43.076923%;\" data-start=\"1579\" data-end=\"1610\" data-col-size=\"sm\">Dimens\u00f5es<\/td>\n<td style=\"width: 196.92948%;\" data-col-size=\"sm\" data-start=\"1610\" data-end=\"1643\">152 \u00d7 88 \u00d7 110 mm<\/td>\n<\/tr>\n<\/tbody>\n<\/table>\n<div class=\"sticky end-(--thread-content-margin) h-0 self-end select-none\">\n<div class=\"absolute end-0 flex items-end\"><\/div>\n<\/div>\n<\/div>\n<\/div>","protected":false},"featured_media":6184,"template":"","meta":{"_acf_changed":false},"product_brand":[],"product_cat":[75,35],"product_tag":[],"class_list":{"0":"post-4141","1":"product","2":"type-product","3":"status-publish","4":"has-post-thumbnail","6":"product_cat-sea-water-pump","7":"product_cat-accessories","9":"first","10":"instock","11":"shipping-taxable","12":"product-type-simple"},"acf":[],"yoast_head":"<!-- This site is optimized with the Yoast SEO Premium plugin v27.3 (Yoast SEO v27.3) - https:\/\/yoast.com\/product\/yoast-seo-premium-wordpress\/ -->\n<title>DC6024G 24V Sea Water Pump - MBC Marine<\/title>\n<meta name=\"description\" content=\"The MBC Marine DC60G is a powerful and reliable brushless centrifugal pump, ideally suited for MBC Marine\u2019s 24V DC air conditioning systems with higher water circulation demands.\" \/>\n<meta name=\"robots\" content=\"index, follow, max-snippet:-1, max-image-preview:large, max-video-preview:-1\" \/>\n<link rel=\"canonical\" href=\"https:\/\/mbc-marine.com\/pt\/product\/dc6024g\/\" \/>\n<meta property=\"og:locale\" content=\"pt_PT\" \/>\n<meta property=\"og:type\" content=\"article\" \/>\n<meta property=\"og:title\" content=\"DC6024G 24V Sea Water Pump\" \/>\n<meta property=\"og:description\" content=\"The MBC Marine DC60G is a powerful and reliable brushless centrifugal pump, ideally suited for MBC Marine\u2019s 24V DC air conditioning systems with higher water circulation demands.\" \/>\n<meta property=\"og:url\" content=\"https:\/\/mbc-marine.com\/pt\/product\/dc6024g\/\" \/>\n<meta property=\"og:site_name\" content=\"MBC Marine\" \/>\n<meta property=\"article:modified_time\" content=\"2025-09-09T11:47:42+00:00\" \/>\n<meta property=\"og:image\" content=\"https:\/\/mbc-marine.com\/wp-content\/uploads\/2025\/05\/dc6024g-24v-sea-water-pump2.png\" \/>\n\t<meta property=\"og:image:width\" content=\"1920\" \/>\n\t<meta property=\"og:image:height\" content=\"1280\" \/>\n\t<meta property=\"og:image:type\" content=\"image\/png\" \/>\n<meta name=\"twitter:card\" content=\"summary_large_image\" \/>\n<meta name=\"twitter:label1\" content=\"pre\u00e7o\" \/>\n\t<meta name=\"twitter:data1\" content=\"\" \/>\n\t<meta name=\"twitter:label2\" content=\"Disponibilidade\" \/>\n\t<meta name=\"twitter:data2\" content=\"Em stock\" \/>\n<script type=\"application\/ld+json\" class=\"yoast-schema-graph\">{\"@context\":\"https:\\\/\\\/schema.org\",\"@graph\":[{\"@type\":[\"WebPage\",\"ItemPage\"],\"@id\":\"https:\\\/\\\/mbc-marine.com\\\/product\\\/dc6024g\\\/\",\"url\":\"https:\\\/\\\/mbc-marine.com\\\/product\\\/dc6024g\\\/\",\"name\":\"DC6024G 24V Sea Water Pump - MBC Marine\",\"isPartOf\":{\"@id\":\"https:\\\/\\\/mbc-marine.com\\\/#website\"},\"primaryImageOfPage\":{\"@id\":\"https:\\\/\\\/mbc-marine.com\\\/product\\\/dc6024g\\\/#primaryimage\"},\"image\":{\"@id\":\"https:\\\/\\\/mbc-marine.com\\\/product\\\/dc6024g\\\/#primaryimage\"},\"thumbnailUrl\":\"https:\\\/\\\/mbc-marine.com\\\/wp-content\\\/uploads\\\/2025\\\/05\\\/dc6024g-24v-sea-water-pump2.png?wsr\",\"datePublished\":\"2025-05-16T09:15:18+00:00\",\"dateModified\":\"2025-09-09T11:47:42+00:00\",\"description\":\"The MBC Marine DC60G is a powerful and reliable brushless centrifugal pump, ideally suited for MBC Marine\u2019s 24V DC air conditioning systems with higher water circulation demands.\",\"breadcrumb\":{\"@id\":\"https:\\\/\\\/mbc-marine.com\\\/product\\\/dc6024g\\\/#breadcrumb\"},\"inLanguage\":\"pt-PT\",\"potentialAction\":[{\"@type\":\"ReadAction\",\"target\":[\"https:\\\/\\\/mbc-marine.com\\\/product\\\/dc6024g\\\/\"]}]},{\"@type\":\"ImageObject\",\"inLanguage\":\"pt-PT\",\"@id\":\"https:\\\/\\\/mbc-marine.com\\\/product\\\/dc6024g\\\/#primaryimage\",\"url\":\"https:\\\/\\\/mbc-marine.com\\\/wp-content\\\/uploads\\\/2025\\\/05\\\/dc6024g-24v-sea-water-pump2.png?wsr\",\"contentUrl\":\"https:\\\/\\\/mbc-marine.com\\\/wp-content\\\/uploads\\\/2025\\\/05\\\/dc6024g-24v-sea-water-pump2.png?wsr\",\"width\":1920,\"height\":1280,\"caption\":\"DC6024G 24V Sea Water Pump\"},{\"@type\":\"BreadcrumbList\",\"@id\":\"https:\\\/\\\/mbc-marine.com\\\/product\\\/dc6024g\\\/#breadcrumb\",\"itemListElement\":[{\"@type\":\"ListItem\",\"position\":1,\"name\":\"Home\",\"item\":\"https:\\\/\\\/mbc-marine.com\\\/\"},{\"@type\":\"ListItem\",\"position\":2,\"name\":\"Shop\",\"item\":\"https:\\\/\\\/mbc-marine.com\\\/shop\\\/\"},{\"@type\":\"ListItem\",\"position\":3,\"name\":\"DC6024G 24V Sea Water Pump\"}]},{\"@type\":\"WebSite\",\"@id\":\"https:\\\/\\\/mbc-marine.com\\\/#website\",\"url\":\"https:\\\/\\\/mbc-marine.com\\\/\",\"name\":\"MBC Marine\",\"description\":\"\",\"potentialAction\":[{\"@type\":\"SearchAction\",\"target\":{\"@type\":\"EntryPoint\",\"urlTemplate\":\"https:\\\/\\\/mbc-marine.com\\\/?s={search_term_string}\"},\"query-input\":{\"@type\":\"PropertyValueSpecification\",\"valueRequired\":true,\"valueName\":\"search_term_string\"}}],\"inLanguage\":\"pt-PT\"}]}<\/script>\n<meta property=\"product:price:currency\" content=\"EUR\" \/>\n<meta property=\"og:availability\" content=\"instock\" \/>\n<meta property=\"product:availability\" content=\"instock\" \/>\n<meta property=\"product:condition\" content=\"new\" \/>\n<!-- \/ Yoast SEO Premium plugin. -->","yoast_head_json":{"title":"Bomba de \u00e1gua do mar DC6024G 24V - MBC Marine","description":"A MBC Marine DC60G \u00e9 uma bomba centr\u00edfuga sem escovas potente e fi\u00e1vel, ideal para os sistemas de ar condicionado de 24V DC da MBC Marine com maiores exig\u00eancias de circula\u00e7\u00e3o de \u00e1gua.","robots":{"index":"index","follow":"follow","max-snippet":"max-snippet:-1","max-image-preview":"max-image-preview:large","max-video-preview":"max-video-preview:-1"},"canonical":"https:\/\/mbc-marine.com\/pt\/product\/dc6024g\/","og_locale":"pt_PT","og_type":"article","og_title":"DC6024G 24V Sea Water Pump","og_description":"The MBC Marine DC60G is a powerful and reliable brushless centrifugal pump, ideally suited for MBC Marine\u2019s 24V DC air conditioning systems with higher water circulation demands.","og_url":"https:\/\/mbc-marine.com\/pt\/product\/dc6024g\/","og_site_name":"MBC Marine","article_modified_time":"2025-09-09T11:47:42+00:00","og_image":[{"width":1920,"height":1280,"url":"https:\/\/mbc-marine.com\/wp-content\/uploads\/2025\/05\/dc6024g-24v-sea-water-pump2.png","type":"image\/png"}],"twitter_card":"summary_large_image","twitter_misc":{"pre\u00e7o":"","Disponibilidade":"Em stock"},"schema":{"@context":"https:\/\/schema.org","@graph":[{"@type":["WebPage","ItemPage"],"@id":"https:\/\/mbc-marine.com\/product\/dc6024g\/","url":"https:\/\/mbc-marine.com\/product\/dc6024g\/","name":"Bomba de \u00e1gua do mar DC6024G 24V - MBC Marine","isPartOf":{"@id":"https:\/\/mbc-marine.com\/#website"},"primaryImageOfPage":{"@id":"https:\/\/mbc-marine.com\/product\/dc6024g\/#primaryimage"},"image":{"@id":"https:\/\/mbc-marine.com\/product\/dc6024g\/#primaryimage"},"thumbnailUrl":"https:\/\/mbc-marine.com\/wp-content\/uploads\/2025\/05\/dc6024g-24v-sea-water-pump2.png?wsr","datePublished":"2025-05-16T09:15:18+00:00","dateModified":"2025-09-09T11:47:42+00:00","description":"A MBC Marine DC60G \u00e9 uma bomba centr\u00edfuga sem escovas potente e fi\u00e1vel, ideal para os sistemas de ar condicionado de 24V DC da MBC Marine com maiores exig\u00eancias de circula\u00e7\u00e3o de \u00e1gua.","breadcrumb":{"@id":"https:\/\/mbc-marine.com\/product\/dc6024g\/#breadcrumb"},"inLanguage":"pt-PT","potentialAction":[{"@type":"ReadAction","target":["https:\/\/mbc-marine.com\/product\/dc6024g\/"]}]},{"@type":"ImageObject","inLanguage":"pt-PT","@id":"https:\/\/mbc-marine.com\/product\/dc6024g\/#primaryimage","url":"https:\/\/mbc-marine.com\/wp-content\/uploads\/2025\/05\/dc6024g-24v-sea-water-pump2.png?wsr","contentUrl":"https:\/\/mbc-marine.com\/wp-content\/uploads\/2025\/05\/dc6024g-24v-sea-water-pump2.png?wsr","width":1920,"height":1280,"caption":"DC6024G 24V Sea Water Pump"},{"@type":"BreadcrumbList","@id":"https:\/\/mbc-marine.com\/product\/dc6024g\/#breadcrumb","itemListElement":[{"@type":"ListItem","position":1,"name":"Home","item":"https:\/\/mbc-marine.com\/"},{"@type":"ListItem","position":2,"name":"Shop","item":"https:\/\/mbc-marine.com\/shop\/"},{"@type":"ListItem","position":3,"name":"DC6024G 24V Sea Water Pump"}]},{"@type":"WebSite","@id":"https:\/\/mbc-marine.com\/#website","url":"https:\/\/mbc-marine.com\/","name":"MBC Marine","description":"","potentialAction":[{"@type":"SearchAction","target":{"@type":"EntryPoint","urlTemplate":"https:\/\/mbc-marine.com\/?s={search_term_string}"},"query-input":{"@type":"PropertyValueSpecification","valueRequired":true,"valueName":"search_term_string"}}],"inLanguage":"pt-PT"}]},"product_price_currency":"EUR","og_availability":"instock","product_availability":"instock","product_condition":"new"},"_links":{"self":[{"href":"https:\/\/mbc-marine.com\/pt\/wp-json\/wp\/v2\/product\/4141","targetHints":{"allow":["GET"]}}],"collection":[{"href":"https:\/\/mbc-marine.com\/pt\/wp-json\/wp\/v2\/product"}],"about":[{"href":"https:\/\/mbc-marine.com\/pt\/wp-json\/wp\/v2\/types\/product"}],"version-history":[{"count":0,"href":"https:\/\/mbc-marine.com\/pt\/wp-json\/wp\/v2\/product\/4141\/revisions"}],"wp:featuredmedia":[{"embeddable":true,"href":"https:\/\/mbc-marine.com\/pt\/wp-json\/wp\/v2\/media\/6184"}],"wp:attachment":[{"href":"https:\/\/mbc-marine.com\/pt\/wp-json\/wp\/v2\/media?parent=4141"}],"wp:term":[{"taxonomy":"product_brand","embeddable":true,"href":"https:\/\/mbc-marine.com\/pt\/wp-json\/wp\/v2\/product_brand?post=4141"},{"taxonomy":"product_cat","embeddable":true,"href":"https:\/\/mbc-marine.com\/pt\/wp-json\/wp\/v2\/product_cat?post=4141"},{"taxonomy":"product_tag","embeddable":true,"href":"https:\/\/mbc-marine.com\/pt\/wp-json\/wp\/v2\/product_tag?post=4141"}],"curies":[{"name":"wp","href":"https:\/\/api.w.org\/{rel}","templated":true}]}}