{"id":4144,"date":"2025-05-16T11:17:04","date_gmt":"2025-05-16T09:17:04","guid":{"rendered":"https:\/\/mbc-marine.com\/?post_type=product&#038;p=4144"},"modified":"2026-04-29T17:24:40","modified_gmt":"2026-04-29T15:24:40","slug":"dc5624f-2","status":"publish","type":"product","link":"https:\/\/mbc-marine.com\/pt\/product\/dc5624f-2\/","title":{"rendered":"Bomba de \u00e1gua do mar DC5624F 24V"},"content":{"rendered":"<p data-start=\"159\" data-end=\"379\">A bomba de circula\u00e7\u00e3o MBC Marine DC55F \u00e9 uma bomba centr\u00edfuga fi\u00e1vel, sem escovas e magneticamente isolada, concebida para as unidades de ar condicionado de 24V DC da MBC Marine, oferecendo um forte desempenho mesmo em ambientes mar\u00edtimos exigentes.<\/p>\n<p data-start=\"381\" data-end=\"573\">Com um <strong data-start=\"388\" data-end=\"423\">altura m\u00e1xima de at\u00e9 16 metros<\/strong> e um <strong data-start=\"430\" data-end=\"473\">caudal at\u00e9 2400 litros por hora<\/strong> (40 L\/min), \u00e9 adequado para instala\u00e7\u00f5es com tubagens mais longas ou posi\u00e7\u00f5es elevadas do condensador.<\/p>\n<p data-start=\"575\" data-end=\"781\">Os seus <strong data-start=\"579\" data-end=\"611\">Constru\u00e7\u00e3o \u00e0 prova de \u00e1gua IP68<\/strong> permite a instala\u00e7\u00e3o submersa e a seco, enquanto o veio de cer\u00e2mica e a caixa de material comp\u00f3sito dur\u00e1vel asseguram uma vida \u00fatil longa e sem manuten\u00e7\u00e3o de at\u00e9 30 000 horas.<\/p>\n<p data-start=\"783\" data-end=\"970\">O modelo MBC Marine DC55F 24V \u00e9 uma combina\u00e7\u00e3o perfeita para os sistemas MBC Marine de 24V na <strong data-start=\"863\" data-end=\"887\">Gama de 7000-12000 BTU<\/strong>, onde a circula\u00e7\u00e3o consistente da \u00e1gua e o funcionamento silencioso e fi\u00e1vel s\u00e3o essenciais.<\/p>","protected":false},"excerpt":{"rendered":"<div class=\"_tableContainer_80l1q_1\">\n<div class=\"_tableWrapper_80l1q_14 group flex w-fit flex-col-reverse\" tabindex=\"-1\">\n<table class=\"w-fit min-w-(--thread-content-width)\" style=\"width: 101.75123%;\" data-start=\"140\" data-end=\"1612\">\n<thead data-start=\"140\" data-end=\"206\">\n<tr data-start=\"140\" data-end=\"206\">\n<th style=\"width: 37.248322%;\" data-start=\"140\" data-end=\"173\" data-col-size=\"sm\"><strong data-start=\"142\" data-end=\"159\">Especifica\u00e7\u00f5es DC 5624F 24V<\/strong><\/th>\n<th style=\"width: 220.469799%;\" data-start=\"173\" data-end=\"206\" data-col-size=\"md\"><strong data-start=\"175\" data-end=\"184\">Valor<\/strong><\/th>\n<\/tr>\n<\/thead>\n<tbody data-start=\"273\" data-end=\"1612\">\n<tr data-start=\"273\" data-end=\"338\">\n<td style=\"width: 37.248322%;\" data-start=\"273\" data-end=\"305\" data-col-size=\"sm\">Tens\u00e3o nominal<\/td>\n<td style=\"width: 220.469799%;\" data-col-size=\"md\" data-start=\"305\" data-end=\"338\">24 V CC<\/td>\n<\/tr>\n<tr data-start=\"339\" data-end=\"404\">\n<td style=\"width: 37.248322%;\" data-start=\"339\" data-end=\"371\" data-col-size=\"sm\">Consumo de energia<\/td>\n<td style=\"width: 220.469799%;\" data-col-size=\"md\" data-start=\"371\" data-end=\"404\">42-54 W<\/td>\n<\/tr>\n<tr data-start=\"405\" data-end=\"469\">\n<td style=\"width: 37.248322%;\" data-start=\"405\" data-end=\"437\" data-col-size=\"sm\">Corrente nominal<\/td>\n<td style=\"width: 220.469799%;\" data-col-size=\"md\" data-start=\"437\" data-end=\"469\">~1.4-2.2 A<\/td>\n<\/tr>\n<tr data-start=\"470\" data-end=\"533\">\n<td style=\"width: 37.248322%;\" data-start=\"470\" data-end=\"501\" data-col-size=\"sm\">Cabe\u00e7a m\u00e1xima<\/td>\n<td style=\"width: 220.469799%;\" data-col-size=\"md\" data-start=\"501\" data-end=\"533\">At\u00e9 16 m<\/td>\n<\/tr>\n<tr data-start=\"534\" data-end=\"599\">\n<td style=\"width: 37.248322%;\" data-start=\"534\" data-end=\"566\" data-col-size=\"sm\">Caudal m\u00e1ximo<\/td>\n<td style=\"width: 220.469799%;\" data-col-size=\"md\" data-start=\"566\" data-end=\"599\">At\u00e9 2400 L\/h (40 L\/min)<\/td>\n<\/tr>\n<tr data-start=\"600\" data-end=\"665\">\n<td style=\"width: 37.248322%;\" data-start=\"600\" data-end=\"632\" data-col-size=\"sm\">Classifica\u00e7\u00e3o de impermeabilidade<\/td>\n<td style=\"width: 220.469799%;\" data-col-size=\"md\" data-start=\"632\" data-end=\"665\">IP68<\/td>\n<\/tr>\n<tr data-start=\"666\" data-end=\"731\">\n<td style=\"width: 37.248322%;\" data-start=\"666\" data-end=\"698\" data-col-size=\"sm\">Tempo de vida previsto<\/td>\n<td style=\"width: 220.469799%;\" data-col-size=\"md\" data-start=\"698\" data-end=\"731\">&gt;30.000 horas<\/td>\n<\/tr>\n<tr data-start=\"732\" data-end=\"797\">\n<td style=\"width: 37.248322%;\" data-start=\"732\" data-end=\"764\" data-col-size=\"sm\">N\u00edvel de ru\u00eddo<\/td>\n<td style=\"width: 220.469799%;\" data-col-size=\"md\" data-start=\"764\" data-end=\"797\">\u226435-40 dB<\/td>\n<\/tr>\n<tr data-start=\"798\" data-end=\"863\">\n<td style=\"width: 37.248322%;\" data-start=\"798\" data-end=\"830\" data-col-size=\"sm\">Material do corpo da bomba<\/td>\n<td style=\"width: 220.469799%;\" data-col-size=\"md\" data-start=\"830\" data-end=\"863\">PPS com fibra de vidro 30%<\/td>\n<\/tr>\n<tr data-start=\"864\" data-end=\"929\">\n<td style=\"width: 37.248322%;\" data-start=\"864\" data-end=\"896\" data-col-size=\"sm\">Eixo<\/td>\n<td style=\"width: 220.469799%;\" data-col-size=\"md\" data-start=\"896\" data-end=\"929\">Veio de cer\u00e2mica<\/td>\n<\/tr>\n<tr data-start=\"930\" data-end=\"995\">\n<td style=\"width: 37.248322%;\" data-start=\"930\" data-end=\"962\" data-col-size=\"sm\">Tipo de veda\u00e7\u00e3o<\/td>\n<td style=\"width: 220.469799%;\" data-col-size=\"md\" data-start=\"962\" data-end=\"995\">Isolamento magn\u00e9tico (sem veda\u00e7\u00e3o)<\/td>\n<\/tr>\n<tr data-start=\"996\" data-end=\"1061\">\n<td style=\"width: 37.248322%;\" data-start=\"996\" data-end=\"1028\" data-col-size=\"sm\">Impulsor<\/td>\n<td style=\"width: 220.469799%;\" data-col-size=\"md\" data-start=\"1028\" data-end=\"1061\">Impulsor fechado<\/td>\n<\/tr>\n<tr data-start=\"1062\" data-end=\"1127\">\n<td style=\"width: 37.248322%;\" data-start=\"1062\" data-end=\"1094\" data-col-size=\"sm\">Classe de isolamento<\/td>\n<td style=\"width: 220.469799%;\" data-col-size=\"md\" data-start=\"1094\" data-end=\"1127\">H (180 \u00b0C)<\/td>\n<\/tr>\n<tr data-start=\"1128\" data-end=\"1193\">\n<td style=\"width: 37.248322%;\" data-start=\"1128\" data-end=\"1160\" data-col-size=\"sm\">Entrada\/Sa\u00edda<\/td>\n<td style=\"width: 220.469799%;\" data-col-size=\"md\" data-start=\"1160\" data-end=\"1193\">20 mm com rosca<\/td>\n<\/tr>\n<tr data-start=\"1194\" data-end=\"1259\">\n<td style=\"width: 37.248322%;\" data-start=\"1194\" data-end=\"1226\" data-col-size=\"sm\">Gama de tens\u00f5es de funcionamento<\/td>\n<td style=\"width: 220.469799%;\" data-col-size=\"md\" data-start=\"1226\" data-end=\"1259\">12-30 V CC<\/td>\n<\/tr>\n<tr data-start=\"1260\" data-end=\"1325\">\n<td style=\"width: 37.248322%;\" data-start=\"1260\" data-end=\"1292\" data-col-size=\"sm\">Gama de temperaturas de funcionamento<\/td>\n<td style=\"width: 220.469799%;\" data-col-size=\"md\" data-start=\"1292\" data-end=\"1325\">-30 \u00b0C a +100 \u00b0C<\/td>\n<\/tr>\n<tr data-start=\"1326\" data-end=\"1414\">\n<td style=\"width: 37.248322%;\" data-start=\"1326\" data-end=\"1358\" data-col-size=\"sm\">Carater\u00edsticas de prote\u00e7\u00e3o<\/td>\n<td style=\"width: 220.469799%;\" data-col-size=\"md\" data-start=\"1358\" data-end=\"1414\">Prote\u00e7\u00e3o contra funcionamento a seco, sobrecarga, polaridade inversa e bloqueio<\/td>\n<\/tr>\n<tr data-start=\"1415\" data-end=\"1480\">\n<td style=\"width: 37.248322%;\" data-start=\"1415\" data-end=\"1447\" data-col-size=\"sm\">Controlo de velocidade<\/td>\n<td style=\"width: 220.469799%;\" data-col-size=\"md\" data-start=\"1447\" data-end=\"1480\">N\u00e3o dispon\u00edvel<\/td>\n<\/tr>\n<tr data-start=\"1481\" data-end=\"1546\">\n<td style=\"width: 37.248322%;\" data-start=\"1481\" data-end=\"1513\" data-col-size=\"sm\">Peso<\/td>\n<td style=\"width: 220.469799%;\" data-col-size=\"md\" data-start=\"1513\" data-end=\"1546\">~520 g<\/td>\n<\/tr>\n<tr data-start=\"1547\" data-end=\"1612\">\n<td style=\"width: 37.248322%;\" data-start=\"1547\" data-end=\"1579\" data-col-size=\"sm\">Dimens\u00f5es<\/td>\n<td style=\"width: 220.469799%;\" data-col-size=\"md\" data-start=\"1579\" data-end=\"1612\">102 \u00d7 78 \u00d7 80 mm<\/td>\n<\/tr>\n<\/tbody>\n<\/table>\n<div class=\"sticky end-(--thread-content-margin) h-0 self-end select-none\">\n<div class=\"absolute end-0 flex items-end\"><\/div>\n<\/div>\n<\/div>\n<\/div>","protected":false},"featured_media":6179,"template":"","meta":{"_acf_changed":false},"product_brand":[],"product_cat":[35,75],"product_tag":[],"class_list":{"0":"post-4144","1":"product","2":"type-product","3":"status-publish","4":"has-post-thumbnail","6":"product_cat-accessories","7":"product_cat-sea-water-pump","9":"first","10":"instock","11":"shipping-taxable","12":"product-type-simple"},"acf":[],"_links":{"self":[{"href":"https:\/\/mbc-marine.com\/pt\/wp-json\/wp\/v2\/product\/4144","targetHints":{"allow":["GET"]}}],"collection":[{"href":"https:\/\/mbc-marine.com\/pt\/wp-json\/wp\/v2\/product"}],"about":[{"href":"https:\/\/mbc-marine.com\/pt\/wp-json\/wp\/v2\/types\/product"}],"version-history":[{"count":1,"href":"https:\/\/mbc-marine.com\/pt\/wp-json\/wp\/v2\/product\/4144\/revisions"}],"predecessor-version":[{"id":8163,"href":"https:\/\/mbc-marine.com\/pt\/wp-json\/wp\/v2\/product\/4144\/revisions\/8163"}],"wp:featuredmedia":[{"embeddable":true,"href":"https:\/\/mbc-marine.com\/pt\/wp-json\/wp\/v2\/media\/6179"}],"wp:attachment":[{"href":"https:\/\/mbc-marine.com\/pt\/wp-json\/wp\/v2\/media?parent=4144"}],"wp:term":[{"taxonomy":"product_brand","embeddable":true,"href":"https:\/\/mbc-marine.com\/pt\/wp-json\/wp\/v2\/product_brand?post=4144"},{"taxonomy":"product_cat","embeddable":true,"href":"https:\/\/mbc-marine.com\/pt\/wp-json\/wp\/v2\/product_cat?post=4144"},{"taxonomy":"product_tag","embeddable":true,"href":"https:\/\/mbc-marine.com\/pt\/wp-json\/wp\/v2\/product_tag?post=4144"}],"curies":[{"name":"wp","href":"https:\/\/api.w.org\/{rel}","templated":true}]}}