{"id":4156,"date":"2025-05-16T11:28:36","date_gmt":"2025-05-16T09:28:36","guid":{"rendered":"https:\/\/mbc-marine.com\/?post_type=product&#038;p=4156"},"modified":"2025-09-09T13:48:20","modified_gmt":"2025-09-09T11:48:20","slug":"xv-1","status":"publish","type":"product","link":"https:\/\/mbc-marine.com\/pt\/product\/xv-1\/","title":{"rendered":"XV1 - Conversor 48\/24V 15A"},"content":{"rendered":"<p data-start=\"240\" data-end=\"314\"><strong data-start=\"240\" data-end=\"314\">M\u00f3dulo de integra\u00e7\u00e3o de bombas para sistemas de ar condicionado MBC Marine 48V DC<\/strong><\/p>\n<p data-start=\"316\" data-end=\"579\">O <strong data-start=\"320\" data-end=\"328\">XV-1<\/strong> O conversor foi concebido para permitir uma integra\u00e7\u00e3o perfeita de um <strong data-start=\"387\" data-end=\"408\">Bomba de \u00e1gua do mar de 24V<\/strong> em sistemas alimentados por uma fonte de alimenta\u00e7\u00e3o de 48V DC. Isto torna-a ideal para instala\u00e7\u00f5es onde est\u00e1 dispon\u00edvel uma bomba fi\u00e1vel de 24V, mas a unidade de ar condicionado funciona a 48V.<\/p>","protected":false},"excerpt":{"rendered":"<table class=\"w-fit min-w-(--thread-content-width)\" style=\"width: 101.073544%;\" data-start=\"102\" data-end=\"1213\">\n<thead data-start=\"102\" data-end=\"213\">\n<tr data-start=\"102\" data-end=\"213\">\n<th style=\"width: 48.633705%;\" data-start=\"102\" data-end=\"134\" data-col-size=\"sm\"><strong data-start=\"104\" data-end=\"121\">XV-1 Especifica\u00e7\u00e3o<\/strong><\/th>\n<th style=\"width: 119.499807%;\" data-start=\"134\" data-end=\"213\" data-col-size=\"md\"><strong data-start=\"136\" data-end=\"147\">Detalhes<\/strong><\/th>\n<\/tr>\n<\/thead>\n<tbody data-start=\"326\" data-end=\"1213\">\n<tr data-start=\"326\" data-end=\"436\">\n<td style=\"width: 48.633705%;\" data-start=\"326\" data-end=\"357\" data-col-size=\"sm\"><strong data-start=\"328\" data-end=\"345\">Tens\u00e3o de entrada<\/strong><\/td>\n<td style=\"width: 119.499807%;\" data-col-size=\"md\" data-start=\"357\" data-end=\"436\">48V DC<\/td>\n<\/tr>\n<tr data-start=\"437\" data-end=\"547\">\n<td style=\"width: 48.633705%;\" data-start=\"437\" data-end=\"468\" data-col-size=\"sm\"><strong data-start=\"439\" data-end=\"457\">Tens\u00e3o de sa\u00edda<\/strong><\/td>\n<td style=\"width: 119.499807%;\" data-col-size=\"md\" data-start=\"468\" data-end=\"547\">24V DC<\/td>\n<\/tr>\n<tr data-start=\"548\" data-end=\"658\">\n<td style=\"width: 48.633705%;\" data-start=\"548\" data-end=\"579\" data-col-size=\"sm\"><strong data-start=\"550\" data-end=\"572\">Corrente de sa\u00edda m\u00e1xima<\/strong><\/td>\n<td style=\"width: 119.499807%;\" data-col-size=\"md\" data-start=\"579\" data-end=\"658\">15A<\/td>\n<\/tr>\n<tr data-start=\"659\" data-end=\"769\">\n<td style=\"width: 48.633705%;\" data-start=\"659\" data-end=\"690\" data-col-size=\"sm\"><strong data-start=\"661\" data-end=\"677\">Pot\u00eancia nominal<\/strong><\/td>\n<td style=\"width: 119.499807%;\" data-col-size=\"md\" data-start=\"690\" data-end=\"769\">At\u00e9 360W<\/td>\n<\/tr>\n<tr data-start=\"770\" data-end=\"880\">\n<td style=\"width: 48.633705%;\" data-start=\"770\" data-end=\"801\" data-col-size=\"sm\"><strong data-start=\"772\" data-end=\"795\">Carater\u00edsticas de prote\u00e7\u00e3o<\/strong><\/td>\n<td style=\"width: 119.499807%;\" data-col-size=\"md\" data-start=\"801\" data-end=\"880\">Sobretens\u00e3o, sobrecorrente, curto-circuito, sobretemperatura<\/td>\n<\/tr>\n<tr data-start=\"881\" data-end=\"991\">\n<td style=\"width: 48.633705%;\" data-start=\"881\" data-end=\"912\" data-col-size=\"sm\"><strong data-start=\"883\" data-end=\"896\">Inv\u00f3lucro<\/strong><\/td>\n<td style=\"width: 119.499807%;\" data-col-size=\"md\" data-start=\"912\" data-end=\"991\">Dissipador de calor em alum\u00ednio com caixa selada, adequado para ambientes mar\u00edtimos<\/td>\n<\/tr>\n<tr data-start=\"992\" data-end=\"1102\">\n<td style=\"width: 48.633705%;\" data-start=\"992\" data-end=\"1023\" data-col-size=\"sm\"><strong data-start=\"994\" data-end=\"1009\">Liga\u00e7\u00f5es<\/strong><\/td>\n<td style=\"width: 119.499807%;\" data-col-size=\"md\" data-start=\"1023\" data-end=\"1102\">Terminais de parafuso ou conectores r\u00e1pidos<\/td>\n<\/tr>\n<tr data-start=\"1103\" data-end=\"1213\">\n<td style=\"width: 48.633705%;\" data-start=\"1103\" data-end=\"1134\" data-col-size=\"sm\"><strong data-start=\"1105\" data-end=\"1121\">Tamanho compacto<\/strong><\/td>\n<td style=\"width: 119.499807%;\" data-col-size=\"md\" data-start=\"1134\" data-end=\"1213\">F\u00e1cil de instalar em espa\u00e7os apertados<\/td>\n<\/tr>\n<\/tbody>\n<\/table>","protected":false},"featured_media":6177,"template":"","meta":{"_acf_changed":false},"product_brand":[],"product_cat":[76,35],"product_tag":[],"class_list":{"0":"post-4156","1":"product","2":"type-product","3":"status-publish","4":"has-post-thumbnail","6":"product_cat-electrical-accessories","7":"product_cat-accessories","9":"first","10":"instock","11":"shipping-taxable","12":"product-type-simple"},"acf":[],"yoast_head":"<!-- This site is optimized with the Yoast SEO Premium plugin v27.3 (Yoast SEO v27.3) - https:\/\/yoast.com\/product\/yoast-seo-premium-wordpress\/ -->\n<title>XV1 - 48\/24V 15A Converter - MBC Marine<\/title>\n<meta name=\"description\" content=\"The XV-1 converter is designed to enable seamless integration of a 24V seawater pump into systems powered by a 48V DC power supply. This makes it ideal for installations where a reliable 24V pump is available but the air conditioning unit operates on 48V.\" \/>\n<meta name=\"robots\" content=\"index, follow, max-snippet:-1, max-image-preview:large, max-video-preview:-1\" \/>\n<link rel=\"canonical\" href=\"https:\/\/mbc-marine.com\/pt\/product\/xv-1\/\" \/>\n<meta property=\"og:locale\" content=\"pt_PT\" \/>\n<meta property=\"og:type\" content=\"article\" \/>\n<meta property=\"og:title\" content=\"XV1 - 48\/24V 15A Converter\" \/>\n<meta property=\"og:description\" content=\"The XV-1 converter is designed to enable seamless integration of a 24V seawater pump into systems powered by a 48V DC power supply. This makes it ideal for installations where a reliable 24V pump is available but the air conditioning unit operates on 48V.\" \/>\n<meta property=\"og:url\" content=\"https:\/\/mbc-marine.com\/pt\/product\/xv-1\/\" \/>\n<meta property=\"og:site_name\" content=\"MBC Marine\" \/>\n<meta property=\"article:modified_time\" content=\"2025-09-09T11:48:20+00:00\" \/>\n<meta property=\"og:image\" content=\"https:\/\/mbc-marine.com\/wp-content\/uploads\/2025\/05\/mbc-134.png\" \/>\n\t<meta property=\"og:image:width\" content=\"1920\" \/>\n\t<meta property=\"og:image:height\" content=\"1280\" \/>\n\t<meta property=\"og:image:type\" content=\"image\/png\" \/>\n<meta name=\"twitter:card\" content=\"summary_large_image\" \/>\n<meta name=\"twitter:label1\" content=\"pre\u00e7o\" \/>\n\t<meta name=\"twitter:data1\" content=\"\" \/>\n\t<meta name=\"twitter:label2\" content=\"Disponibilidade\" \/>\n\t<meta name=\"twitter:data2\" content=\"Em stock\" \/>\n<script type=\"application\/ld+json\" class=\"yoast-schema-graph\">{\"@context\":\"https:\\\/\\\/schema.org\",\"@graph\":[{\"@type\":[\"WebPage\",\"ItemPage\"],\"@id\":\"https:\\\/\\\/mbc-marine.com\\\/product\\\/xv-1\\\/\",\"url\":\"https:\\\/\\\/mbc-marine.com\\\/product\\\/xv-1\\\/\",\"name\":\"XV1 - 48\\\/24V 15A Converter - MBC Marine\",\"isPartOf\":{\"@id\":\"https:\\\/\\\/mbc-marine.com\\\/#website\"},\"primaryImageOfPage\":{\"@id\":\"https:\\\/\\\/mbc-marine.com\\\/product\\\/xv-1\\\/#primaryimage\"},\"image\":{\"@id\":\"https:\\\/\\\/mbc-marine.com\\\/product\\\/xv-1\\\/#primaryimage\"},\"thumbnailUrl\":\"https:\\\/\\\/mbc-marine.com\\\/wp-content\\\/uploads\\\/2025\\\/05\\\/mbc-134.png?wsr\",\"datePublished\":\"2025-05-16T09:28:36+00:00\",\"dateModified\":\"2025-09-09T11:48:20+00:00\",\"description\":\"The XV-1 converter is designed to enable seamless integration of a 24V seawater pump into systems powered by a 48V DC power supply. This makes it ideal for installations where a reliable 24V pump is available but the air conditioning unit operates on 48V.\",\"breadcrumb\":{\"@id\":\"https:\\\/\\\/mbc-marine.com\\\/product\\\/xv-1\\\/#breadcrumb\"},\"inLanguage\":\"pt-PT\",\"potentialAction\":[{\"@type\":\"ReadAction\",\"target\":[\"https:\\\/\\\/mbc-marine.com\\\/product\\\/xv-1\\\/\"]}]},{\"@type\":\"ImageObject\",\"inLanguage\":\"pt-PT\",\"@id\":\"https:\\\/\\\/mbc-marine.com\\\/product\\\/xv-1\\\/#primaryimage\",\"url\":\"https:\\\/\\\/mbc-marine.com\\\/wp-content\\\/uploads\\\/2025\\\/05\\\/mbc-134.png?wsr\",\"contentUrl\":\"https:\\\/\\\/mbc-marine.com\\\/wp-content\\\/uploads\\\/2025\\\/05\\\/mbc-134.png?wsr\",\"width\":1920,\"height\":1280,\"caption\":\"XV1 &#8211; 48\\\/24V 15A Converter\"},{\"@type\":\"BreadcrumbList\",\"@id\":\"https:\\\/\\\/mbc-marine.com\\\/product\\\/xv-1\\\/#breadcrumb\",\"itemListElement\":[{\"@type\":\"ListItem\",\"position\":1,\"name\":\"Home\",\"item\":\"https:\\\/\\\/mbc-marine.com\\\/\"},{\"@type\":\"ListItem\",\"position\":2,\"name\":\"Shop\",\"item\":\"https:\\\/\\\/mbc-marine.com\\\/shop\\\/\"},{\"@type\":\"ListItem\",\"position\":3,\"name\":\"XV1 &#8211; 48\\\/24V 15A Converter\"}]},{\"@type\":\"WebSite\",\"@id\":\"https:\\\/\\\/mbc-marine.com\\\/#website\",\"url\":\"https:\\\/\\\/mbc-marine.com\\\/\",\"name\":\"MBC Marine\",\"description\":\"\",\"potentialAction\":[{\"@type\":\"SearchAction\",\"target\":{\"@type\":\"EntryPoint\",\"urlTemplate\":\"https:\\\/\\\/mbc-marine.com\\\/?s={search_term_string}\"},\"query-input\":{\"@type\":\"PropertyValueSpecification\",\"valueRequired\":true,\"valueName\":\"search_term_string\"}}],\"inLanguage\":\"pt-PT\"}]}<\/script>\n<meta property=\"product:price:currency\" content=\"EUR\" \/>\n<meta property=\"og:availability\" content=\"instock\" \/>\n<meta property=\"product:availability\" content=\"instock\" \/>\n<meta property=\"product:condition\" content=\"new\" \/>\n<!-- \/ Yoast SEO Premium plugin. -->","yoast_head_json":{"title":"XV1 - Conversor 48\/24V 15A - MBC Marine","description":"O conversor XV-1 foi concebido para permitir a integra\u00e7\u00e3o perfeita de uma bomba de \u00e1gua do mar de 24 V em sistemas alimentados por uma fonte de alimenta\u00e7\u00e3o de 48 V CC. Isto torna-o ideal para instala\u00e7\u00f5es em que est\u00e1 dispon\u00edvel uma bomba fi\u00e1vel de 24 V, mas a unidade de ar condicionado funciona a 48 V.","robots":{"index":"index","follow":"follow","max-snippet":"max-snippet:-1","max-image-preview":"max-image-preview:large","max-video-preview":"max-video-preview:-1"},"canonical":"https:\/\/mbc-marine.com\/pt\/product\/xv-1\/","og_locale":"pt_PT","og_type":"article","og_title":"XV1 - 48\/24V 15A Converter","og_description":"The XV-1 converter is designed to enable seamless integration of a 24V seawater pump into systems powered by a 48V DC power supply. This makes it ideal for installations where a reliable 24V pump is available but the air conditioning unit operates on 48V.","og_url":"https:\/\/mbc-marine.com\/pt\/product\/xv-1\/","og_site_name":"MBC Marine","article_modified_time":"2025-09-09T11:48:20+00:00","og_image":[{"width":1920,"height":1280,"url":"https:\/\/mbc-marine.com\/wp-content\/uploads\/2025\/05\/mbc-134.png","type":"image\/png"}],"twitter_card":"summary_large_image","twitter_misc":{"pre\u00e7o":"","Disponibilidade":"Em stock"},"schema":{"@context":"https:\/\/schema.org","@graph":[{"@type":["WebPage","ItemPage"],"@id":"https:\/\/mbc-marine.com\/product\/xv-1\/","url":"https:\/\/mbc-marine.com\/product\/xv-1\/","name":"XV1 - Conversor 48\/24V 15A - MBC Marine","isPartOf":{"@id":"https:\/\/mbc-marine.com\/#website"},"primaryImageOfPage":{"@id":"https:\/\/mbc-marine.com\/product\/xv-1\/#primaryimage"},"image":{"@id":"https:\/\/mbc-marine.com\/product\/xv-1\/#primaryimage"},"thumbnailUrl":"https:\/\/mbc-marine.com\/wp-content\/uploads\/2025\/05\/mbc-134.png?wsr","datePublished":"2025-05-16T09:28:36+00:00","dateModified":"2025-09-09T11:48:20+00:00","description":"O conversor XV-1 foi concebido para permitir a integra\u00e7\u00e3o perfeita de uma bomba de \u00e1gua do mar de 24 V em sistemas alimentados por uma fonte de alimenta\u00e7\u00e3o de 48 V CC. Isto torna-o ideal para instala\u00e7\u00f5es em que est\u00e1 dispon\u00edvel uma bomba fi\u00e1vel de 24 V, mas a unidade de ar condicionado funciona a 48 V.","breadcrumb":{"@id":"https:\/\/mbc-marine.com\/product\/xv-1\/#breadcrumb"},"inLanguage":"pt-PT","potentialAction":[{"@type":"ReadAction","target":["https:\/\/mbc-marine.com\/product\/xv-1\/"]}]},{"@type":"ImageObject","inLanguage":"pt-PT","@id":"https:\/\/mbc-marine.com\/product\/xv-1\/#primaryimage","url":"https:\/\/mbc-marine.com\/wp-content\/uploads\/2025\/05\/mbc-134.png?wsr","contentUrl":"https:\/\/mbc-marine.com\/wp-content\/uploads\/2025\/05\/mbc-134.png?wsr","width":1920,"height":1280,"caption":"XV1 &#8211; 48\/24V 15A Converter"},{"@type":"BreadcrumbList","@id":"https:\/\/mbc-marine.com\/product\/xv-1\/#breadcrumb","itemListElement":[{"@type":"ListItem","position":1,"name":"Home","item":"https:\/\/mbc-marine.com\/"},{"@type":"ListItem","position":2,"name":"Shop","item":"https:\/\/mbc-marine.com\/shop\/"},{"@type":"ListItem","position":3,"name":"XV1 &#8211; 48\/24V 15A Converter"}]},{"@type":"WebSite","@id":"https:\/\/mbc-marine.com\/#website","url":"https:\/\/mbc-marine.com\/","name":"MBC Marine","description":"","potentialAction":[{"@type":"SearchAction","target":{"@type":"EntryPoint","urlTemplate":"https:\/\/mbc-marine.com\/?s={search_term_string}"},"query-input":{"@type":"PropertyValueSpecification","valueRequired":true,"valueName":"search_term_string"}}],"inLanguage":"pt-PT"}]},"product_price_currency":"EUR","og_availability":"instock","product_availability":"instock","product_condition":"new"},"_links":{"self":[{"href":"https:\/\/mbc-marine.com\/pt\/wp-json\/wp\/v2\/product\/4156","targetHints":{"allow":["GET"]}}],"collection":[{"href":"https:\/\/mbc-marine.com\/pt\/wp-json\/wp\/v2\/product"}],"about":[{"href":"https:\/\/mbc-marine.com\/pt\/wp-json\/wp\/v2\/types\/product"}],"version-history":[{"count":0,"href":"https:\/\/mbc-marine.com\/pt\/wp-json\/wp\/v2\/product\/4156\/revisions"}],"wp:featuredmedia":[{"embeddable":true,"href":"https:\/\/mbc-marine.com\/pt\/wp-json\/wp\/v2\/media\/6177"}],"wp:attachment":[{"href":"https:\/\/mbc-marine.com\/pt\/wp-json\/wp\/v2\/media?parent=4156"}],"wp:term":[{"taxonomy":"product_brand","embeddable":true,"href":"https:\/\/mbc-marine.com\/pt\/wp-json\/wp\/v2\/product_brand?post=4156"},{"taxonomy":"product_cat","embeddable":true,"href":"https:\/\/mbc-marine.com\/pt\/wp-json\/wp\/v2\/product_cat?post=4156"},{"taxonomy":"product_tag","embeddable":true,"href":"https:\/\/mbc-marine.com\/pt\/wp-json\/wp\/v2\/product_tag?post=4156"}],"curies":[{"name":"wp","href":"https:\/\/api.w.org\/{rel}","templated":true}]}}