{"id":5006,"date":"2025-07-08T22:14:26","date_gmt":"2025-07-08T20:14:26","guid":{"rendered":"https:\/\/mbc-marine.com\/?post_type=product&#038;p=5006"},"modified":"2026-04-29T17:00:29","modified_gmt":"2026-04-29T15:00:29","slug":"cpm-100-st6","status":"publish","type":"product","link":"https:\/\/mbc-marine.com\/pt\/product\/cpm-100-st6\/","title":{"rendered":"Bomba de \u00e1gua do mar CPM100-ST6"},"content":{"rendered":"<p>A bomba CPm-ST6, fabricada em a\u00e7o inoxid\u00e1vel AISI 316L, oferece uma excelente resist\u00eancia \u00e0 corros\u00e3o e \u00e9 ideal para utiliza\u00e7\u00e3o com \u00e1gua do mar em ambientes marinhos. A sua constru\u00e7\u00e3o robusta garante fiabilidade a longo prazo, mesmo em condi\u00e7\u00f5es adversas. Nos sistemas MBC Marine, \u00e9 particularmente recomendada para a circula\u00e7\u00e3o de \u00e1gua do mar em aplica\u00e7\u00f5es de ar condicionado.<\/p>","protected":false},"excerpt":{"rendered":"<table class=\"w-fit min-w-(--thread-content-width)\" style=\"width: 98.614206%;\" data-start=\"89\" data-end=\"1708\">\n<thead data-start=\"89\" data-end=\"178\">\n<tr data-start=\"89\" data-end=\"178\">\n<th style=\"width: 49.246231%;\" data-start=\"89\" data-end=\"133\" data-col-size=\"sm\"><strong data-start=\"91\" data-end=\"108\">Cpm 100 ST-6 Especifica\u00e7\u00e3o<\/strong><\/th>\n<th style=\"width: 333.919598%;\" data-start=\"133\" data-end=\"178\" data-col-size=\"sm\"><strong data-start=\"135\" data-end=\"144\">Valor<\/strong><\/th>\n<\/tr>\n<\/thead>\n<tbody data-start=\"268\" data-end=\"1708\">\n<tr data-start=\"268\" data-end=\"357\">\n<td style=\"width: 49.246231%;\" data-start=\"268\" data-end=\"312\" data-col-size=\"sm\">Garantia<\/td>\n<td style=\"width: 333.919598%;\" data-col-size=\"sm\" data-start=\"312\" data-end=\"357\">2 anos<\/td>\n<\/tr>\n<tr data-start=\"358\" data-end=\"447\">\n<td style=\"width: 49.246231%;\" data-start=\"358\" data-end=\"402\" data-col-size=\"sm\">Tens\u00e3o<\/td>\n<td style=\"width: 333.919598%;\" data-col-size=\"sm\" data-start=\"402\" data-end=\"447\">230 Volt<\/td>\n<\/tr>\n<tr data-start=\"448\" data-end=\"537\">\n<td style=\"width: 49.246231%;\" data-start=\"448\" data-end=\"492\" data-col-size=\"sm\">Pot\u00eancia<\/td>\n<td style=\"width: 333.919598%;\" data-col-size=\"sm\" data-start=\"492\" data-end=\"537\">250 Watt<\/td>\n<\/tr>\n<tr data-start=\"538\" data-end=\"628\">\n<td style=\"width: 49.246231%;\" data-start=\"538\" data-end=\"582\" data-col-size=\"sm\">Cabe\u00e7a (M\u00edn-M\u00e1x)<\/td>\n<td style=\"width: 333.919598%;\" data-col-size=\"sm\" data-start=\"582\" data-end=\"628\">6.5-15.5 m<\/td>\n<\/tr>\n<tr data-start=\"629\" data-end=\"718\">\n<td style=\"width: 49.246231%;\" data-start=\"629\" data-end=\"673\" data-col-size=\"sm\">Caudal a alturas manom\u00e9tricas especificadas<\/td>\n<td style=\"width: 333.919598%;\" data-col-size=\"sm\" data-start=\"673\" data-end=\"718\">10-90 litros\/min<\/td>\n<\/tr>\n<tr data-start=\"719\" data-end=\"808\">\n<td style=\"width: 49.246231%;\" data-start=\"719\" data-end=\"763\" data-col-size=\"sm\">Liga\u00e7\u00e3o de aspira\u00e7\u00e3o<\/td>\n<td style=\"width: 333.919598%;\" data-col-size=\"sm\" data-start=\"763\" data-end=\"808\">Rosca interna de 1 1\/4 polegadas<\/td>\n<\/tr>\n<tr data-start=\"809\" data-end=\"898\">\n<td style=\"width: 49.246231%;\" data-start=\"809\" data-end=\"853\" data-col-size=\"sm\">Liga\u00e7\u00e3o de descarga<\/td>\n<td style=\"width: 333.919598%;\" data-col-size=\"sm\" data-start=\"853\" data-end=\"898\">Rosca interna de 1 polegada<\/td>\n<\/tr>\n<tr data-start=\"899\" data-end=\"988\">\n<td style=\"width: 49.246231%;\" data-start=\"899\" data-end=\"943\" data-col-size=\"sm\">Profundidade m\u00e1xima de aspira\u00e7\u00e3o<\/td>\n<td style=\"width: 333.919598%;\" data-col-size=\"sm\" data-start=\"943\" data-end=\"988\">7 metros<\/td>\n<\/tr>\n<tr data-start=\"989\" data-end=\"1078\">\n<td style=\"width: 49.246231%;\" data-start=\"989\" data-end=\"1033\" data-col-size=\"sm\">Temperatura m\u00e1xima do l\u00edquido<\/td>\n<td style=\"width: 333.919598%;\" data-col-size=\"sm\" data-start=\"1033\" data-end=\"1078\">90 \u00b0C<\/td>\n<\/tr>\n<tr data-start=\"1079\" data-end=\"1168\">\n<td style=\"width: 49.246231%;\" data-start=\"1079\" data-end=\"1123\" data-col-size=\"sm\">Caixa da bomba<\/td>\n<td style=\"width: 333.919598%;\" data-col-size=\"sm\" data-start=\"1123\" data-end=\"1168\">A\u00e7o inoxid\u00e1vel AISI 316L<\/td>\n<\/tr>\n<tr data-start=\"1169\" data-end=\"1258\">\n<td style=\"width: 49.246231%;\" data-start=\"1169\" data-end=\"1213\" data-col-size=\"sm\">Eixo<\/td>\n<td style=\"width: 333.919598%;\" data-col-size=\"sm\" data-start=\"1213\" data-end=\"1258\">A\u00e7o inoxid\u00e1vel AISI 316L<\/td>\n<\/tr>\n<tr data-start=\"1259\" data-end=\"1348\">\n<td style=\"width: 49.246231%;\" data-start=\"1259\" data-end=\"1303\" data-col-size=\"sm\">Veda\u00e7\u00e3o mec\u00e2nica<\/td>\n<td style=\"width: 333.919598%;\" data-col-size=\"sm\" data-start=\"1303\" data-end=\"1348\">AR-12ST6 Carbono-Cer\u00e2mica<\/td>\n<\/tr>\n<tr data-start=\"1349\" data-end=\"1438\">\n<td style=\"width: 49.246231%;\" data-start=\"1349\" data-end=\"1393\" data-col-size=\"sm\">Impulsor<\/td>\n<td style=\"width: 333.919598%;\" data-col-size=\"sm\" data-start=\"1393\" data-end=\"1438\">A\u00e7o inoxid\u00e1vel AISI 316L<\/td>\n<\/tr>\n<tr data-start=\"1439\" data-end=\"1528\">\n<td style=\"width: 49.246231%;\" data-start=\"1439\" data-end=\"1483\" data-col-size=\"sm\">Comprimento do cabo<\/td>\n<td style=\"width: 333.919598%;\" data-col-size=\"sm\" data-start=\"1483\" data-end=\"1528\">0 metros<\/td>\n<\/tr>\n<tr data-start=\"1529\" data-end=\"1618\">\n<td style=\"width: 49.246231%;\" data-start=\"1529\" data-end=\"1573\" data-col-size=\"sm\">Classe de prote\u00e7\u00e3o<\/td>\n<td style=\"width: 333.919598%;\" data-col-size=\"sm\" data-start=\"1573\" data-end=\"1618\">IP X4<\/td>\n<\/tr>\n<tr data-start=\"1619\" data-end=\"1708\">\n<td style=\"width: 49.246231%;\" data-start=\"1619\" data-end=\"1663\" data-col-size=\"sm\">Peso<\/td>\n<td style=\"width: 333.919598%;\" data-col-size=\"sm\" data-start=\"1663\" data-end=\"1708\">5,6 kg<\/td>\n<\/tr>\n<\/tbody>\n<\/table>","protected":false},"featured_media":4932,"template":"","meta":{"_acf_changed":false},"product_brand":[],"product_cat":[75],"product_tag":[],"class_list":{"0":"post-5006","1":"product","2":"type-product","3":"status-publish","4":"has-post-thumbnail","6":"product_cat-sea-water-pump","8":"first","9":"instock","10":"shipping-taxable","11":"product-type-simple"},"acf":[],"_links":{"self":[{"href":"https:\/\/mbc-marine.com\/pt\/wp-json\/wp\/v2\/product\/5006","targetHints":{"allow":["GET"]}}],"collection":[{"href":"https:\/\/mbc-marine.com\/pt\/wp-json\/wp\/v2\/product"}],"about":[{"href":"https:\/\/mbc-marine.com\/pt\/wp-json\/wp\/v2\/types\/product"}],"version-history":[{"count":1,"href":"https:\/\/mbc-marine.com\/pt\/wp-json\/wp\/v2\/product\/5006\/revisions"}],"predecessor-version":[{"id":8147,"href":"https:\/\/mbc-marine.com\/pt\/wp-json\/wp\/v2\/product\/5006\/revisions\/8147"}],"wp:featuredmedia":[{"embeddable":true,"href":"https:\/\/mbc-marine.com\/pt\/wp-json\/wp\/v2\/media\/4932"}],"wp:attachment":[{"href":"https:\/\/mbc-marine.com\/pt\/wp-json\/wp\/v2\/media?parent=5006"}],"wp:term":[{"taxonomy":"product_brand","embeddable":true,"href":"https:\/\/mbc-marine.com\/pt\/wp-json\/wp\/v2\/product_brand?post=5006"},{"taxonomy":"product_cat","embeddable":true,"href":"https:\/\/mbc-marine.com\/pt\/wp-json\/wp\/v2\/product_cat?post=5006"},{"taxonomy":"product_tag","embeddable":true,"href":"https:\/\/mbc-marine.com\/pt\/wp-json\/wp\/v2\/product_tag?post=5006"}],"curies":[{"name":"wp","href":"https:\/\/api.w.org\/{rel}","templated":true}]}}