{"id":5008,"date":"2025-07-08T22:15:40","date_gmt":"2025-07-08T20:15:40","guid":{"rendered":"https:\/\/mbc-marine.com\/?post_type=product&#038;p=5008"},"modified":"2026-04-29T16:59:38","modified_gmt":"2026-04-29T14:59:38","slug":"cpm-130-st6","status":"publish","type":"product","link":"https:\/\/mbc-marine.com\/pt\/product\/cpm-130-st6\/","title":{"rendered":"CPM130-ST6 - Bomba de \u00e1gua do mar"},"content":{"rendered":"<p><strong data-start=\"87\" data-end=\"130\">Bomba Centr\u00edfuga Pedrollo CPm 130 - 1Ph<\/strong><br data-start=\"130\" data-end=\"133\" \/>Esta bomba \u00e9 adequada para a circula\u00e7\u00e3o de \u00e1gua doce em sistemas de refrigera\u00e7\u00e3o MBC Marine. Foi concebida para l\u00edquidos limpos que n\u00e3o s\u00e3o agressivos para os materiais da bomba. Fi\u00e1vel e f\u00e1cil de utilizar, deve ser instalada num local seco e protegido.<\/p>","protected":false},"excerpt":{"rendered":"<table class=\"w-fit min-w-(--thread-content-width)\" style=\"width: 96.107453%;\" data-start=\"88\" data-end=\"1707\">\n<thead data-start=\"88\" data-end=\"177\">\n<tr data-start=\"88\" data-end=\"177\">\n<th style=\"width: 49.246231%;\" data-start=\"88\" data-end=\"132\" data-col-size=\"sm\"><strong data-start=\"90\" data-end=\"107\">CPM130 ST6 Especifica\u00e7\u00e3o<\/strong><\/th>\n<th style=\"width: 324.120603%;\" data-start=\"132\" data-end=\"177\" data-col-size=\"sm\"><strong data-start=\"134\" data-end=\"143\">Valor<\/strong><\/th>\n<\/tr>\n<\/thead>\n<tbody data-start=\"267\" data-end=\"1707\">\n<tr data-start=\"267\" data-end=\"356\">\n<td style=\"width: 49.246231%;\" data-start=\"267\" data-end=\"311\" data-col-size=\"sm\">Garantia<\/td>\n<td style=\"width: 324.120603%;\" data-col-size=\"sm\" data-start=\"311\" data-end=\"356\">2 anos<\/td>\n<\/tr>\n<tr data-start=\"357\" data-end=\"446\">\n<td style=\"width: 49.246231%;\" data-start=\"357\" data-end=\"401\" data-col-size=\"sm\">Tens\u00e3o<\/td>\n<td style=\"width: 324.120603%;\" data-col-size=\"sm\" data-start=\"401\" data-end=\"446\">230 Volt<\/td>\n<\/tr>\n<tr data-start=\"447\" data-end=\"536\">\n<td style=\"width: 49.246231%;\" data-start=\"447\" data-end=\"491\" data-col-size=\"sm\">Pot\u00eancia<\/td>\n<td style=\"width: 324.120603%;\" data-col-size=\"sm\" data-start=\"491\" data-end=\"536\">370 Watt<\/td>\n<\/tr>\n<tr data-start=\"537\" data-end=\"627\">\n<td style=\"width: 49.246231%;\" data-start=\"537\" data-end=\"581\" data-col-size=\"sm\">Cabe\u00e7a (M\u00edn-M\u00e1x)<\/td>\n<td style=\"width: 324.120603%;\" data-col-size=\"sm\" data-start=\"581\" data-end=\"627\">9-21.5 m<\/td>\n<\/tr>\n<tr data-start=\"628\" data-end=\"717\">\n<td style=\"width: 49.246231%;\" data-start=\"628\" data-end=\"672\" data-col-size=\"sm\">Caudal a alturas manom\u00e9tricas especificadas<\/td>\n<td style=\"width: 324.120603%;\" data-col-size=\"sm\" data-start=\"672\" data-end=\"717\">10-100 litros\/min<\/td>\n<\/tr>\n<tr data-start=\"718\" data-end=\"807\">\n<td style=\"width: 49.246231%;\" data-start=\"718\" data-end=\"762\" data-col-size=\"sm\">Liga\u00e7\u00e3o de aspira\u00e7\u00e3o<\/td>\n<td style=\"width: 324.120603%;\" data-col-size=\"sm\" data-start=\"762\" data-end=\"807\">Rosca interna de 1 1\/4 polegadas<\/td>\n<\/tr>\n<tr data-start=\"808\" data-end=\"897\">\n<td style=\"width: 49.246231%;\" data-start=\"808\" data-end=\"852\" data-col-size=\"sm\">Liga\u00e7\u00e3o de descarga<\/td>\n<td style=\"width: 324.120603%;\" data-col-size=\"sm\" data-start=\"852\" data-end=\"897\">Rosca interna de 1 polegada<\/td>\n<\/tr>\n<tr data-start=\"898\" data-end=\"987\">\n<td style=\"width: 49.246231%;\" data-start=\"898\" data-end=\"942\" data-col-size=\"sm\">Profundidade m\u00e1xima de aspira\u00e7\u00e3o<\/td>\n<td style=\"width: 324.120603%;\" data-col-size=\"sm\" data-start=\"942\" data-end=\"987\">7 metros<\/td>\n<\/tr>\n<tr data-start=\"988\" data-end=\"1077\">\n<td style=\"width: 49.246231%;\" data-start=\"988\" data-end=\"1032\" data-col-size=\"sm\">Temperatura m\u00e1xima do l\u00edquido<\/td>\n<td style=\"width: 324.120603%;\" data-col-size=\"sm\" data-start=\"1032\" data-end=\"1077\">90 \u00b0C<\/td>\n<\/tr>\n<tr data-start=\"1078\" data-end=\"1167\">\n<td style=\"width: 49.246231%;\" data-start=\"1078\" data-end=\"1122\" data-col-size=\"sm\">Caixa da bomba<\/td>\n<td style=\"width: 324.120603%;\" data-col-size=\"sm\" data-start=\"1122\" data-end=\"1167\">A\u00e7o inoxid\u00e1vel AISI 316L<\/td>\n<\/tr>\n<tr data-start=\"1168\" data-end=\"1257\">\n<td style=\"width: 49.246231%;\" data-start=\"1168\" data-end=\"1212\" data-col-size=\"sm\">Eixo<\/td>\n<td style=\"width: 324.120603%;\" data-col-size=\"sm\" data-start=\"1212\" data-end=\"1257\">A\u00e7o inoxid\u00e1vel AISI 316L<\/td>\n<\/tr>\n<tr data-start=\"1258\" data-end=\"1347\">\n<td style=\"width: 49.246231%;\" data-start=\"1258\" data-end=\"1302\" data-col-size=\"sm\">Veda\u00e7\u00e3o mec\u00e2nica<\/td>\n<td style=\"width: 324.120603%;\" data-col-size=\"sm\" data-start=\"1302\" data-end=\"1347\">AR-12ST6 Carbono-Cer\u00e2mica<\/td>\n<\/tr>\n<tr data-start=\"1348\" data-end=\"1437\">\n<td style=\"width: 49.246231%;\" data-start=\"1348\" data-end=\"1392\" data-col-size=\"sm\">Impulsor<\/td>\n<td style=\"width: 324.120603%;\" data-col-size=\"sm\" data-start=\"1392\" data-end=\"1437\">A\u00e7o inoxid\u00e1vel AISI 316L<\/td>\n<\/tr>\n<tr data-start=\"1438\" data-end=\"1527\">\n<td style=\"width: 49.246231%;\" data-start=\"1438\" data-end=\"1482\" data-col-size=\"sm\">Comprimento do cabo<\/td>\n<td style=\"width: 324.120603%;\" data-col-size=\"sm\" data-start=\"1482\" data-end=\"1527\">0 metros<\/td>\n<\/tr>\n<tr data-start=\"1528\" data-end=\"1617\">\n<td style=\"width: 49.246231%;\" data-start=\"1528\" data-end=\"1572\" data-col-size=\"sm\">Classe de prote\u00e7\u00e3o<\/td>\n<td style=\"width: 324.120603%;\" data-col-size=\"sm\" data-start=\"1572\" data-end=\"1617\">IP X4<\/td>\n<\/tr>\n<tr data-start=\"1618\" data-end=\"1707\">\n<td style=\"width: 49.246231%;\" data-start=\"1618\" data-end=\"1662\" data-col-size=\"sm\">Peso<\/td>\n<td style=\"width: 324.120603%;\" data-col-size=\"sm\" data-start=\"1662\" data-end=\"1707\">6,5 kg<\/td>\n<\/tr>\n<\/tbody>\n<\/table>","protected":false},"featured_media":4932,"template":"","meta":{"_acf_changed":false},"product_brand":[],"product_cat":[75],"product_tag":[],"class_list":{"0":"post-5008","1":"product","2":"type-product","3":"status-publish","4":"has-post-thumbnail","6":"product_cat-sea-water-pump","8":"first","9":"instock","10":"shipping-taxable","11":"product-type-simple"},"acf":[],"_links":{"self":[{"href":"https:\/\/mbc-marine.com\/pt\/wp-json\/wp\/v2\/product\/5008","targetHints":{"allow":["GET"]}}],"collection":[{"href":"https:\/\/mbc-marine.com\/pt\/wp-json\/wp\/v2\/product"}],"about":[{"href":"https:\/\/mbc-marine.com\/pt\/wp-json\/wp\/v2\/types\/product"}],"version-history":[{"count":1,"href":"https:\/\/mbc-marine.com\/pt\/wp-json\/wp\/v2\/product\/5008\/revisions"}],"predecessor-version":[{"id":8146,"href":"https:\/\/mbc-marine.com\/pt\/wp-json\/wp\/v2\/product\/5008\/revisions\/8146"}],"wp:featuredmedia":[{"embeddable":true,"href":"https:\/\/mbc-marine.com\/pt\/wp-json\/wp\/v2\/media\/4932"}],"wp:attachment":[{"href":"https:\/\/mbc-marine.com\/pt\/wp-json\/wp\/v2\/media?parent=5008"}],"wp:term":[{"taxonomy":"product_brand","embeddable":true,"href":"https:\/\/mbc-marine.com\/pt\/wp-json\/wp\/v2\/product_brand?post=5008"},{"taxonomy":"product_cat","embeddable":true,"href":"https:\/\/mbc-marine.com\/pt\/wp-json\/wp\/v2\/product_cat?post=5008"},{"taxonomy":"product_tag","embeddable":true,"href":"https:\/\/mbc-marine.com\/pt\/wp-json\/wp\/v2\/product_tag?post=5008"}],"curies":[{"name":"wp","href":"https:\/\/api.w.org\/{rel}","templated":true}]}}