{"id":5055,"date":"2025-07-22T11:11:56","date_gmt":"2025-07-22T09:11:56","guid":{"rendered":"https:\/\/mbc-marine.com\/?post_type=product&#038;p=5055"},"modified":"2025-09-09T13:54:18","modified_gmt":"2025-09-09T11:54:18","slug":"cpm100","status":"publish","type":"product","link":"https:\/\/mbc-marine.com\/pt\/product\/cpm100\/","title":{"rendered":"CPM100 - Bomba de \u00e1gua doce"},"content":{"rendered":"<p>A bomba CPM 100 \u00e9 adequada para a circula\u00e7\u00e3o de \u00e1gua doce em sistemas de refrigera\u00e7\u00e3o MBC Marine. Foi concebida para l\u00edquidos limpos que n\u00e3o s\u00e3o agressivos para os materiais da bomba. Fi\u00e1vel e f\u00e1cil de utilizar, deve ser instalada num local seco e protegido.<\/p>","protected":false},"excerpt":{"rendered":"<table class=\"w-fit min-w-(--thread-content-width)\" style=\"width: 101.276204%;\" data-start=\"82\" data-end=\"2036\">\n<thead data-start=\"82\" data-end=\"166\">\n<tr data-start=\"82\" data-end=\"166\">\n<th style=\"width: 43.79085%;\" data-start=\"82\" data-end=\"126\" data-col-size=\"sm\"><strong data-start=\"84\" data-end=\"101\">Especifica\u00e7\u00e3o<\/strong><\/th>\n<th style=\"width: 288.888889%;\" data-start=\"126\" data-end=\"166\" data-col-size=\"sm\"><strong data-start=\"128\" data-end=\"137\">Valor<\/strong><\/th>\n<\/tr>\n<\/thead>\n<tbody data-start=\"251\" data-end=\"2036\">\n<tr data-start=\"251\" data-end=\"335\">\n<td style=\"width: 43.79085%;\" data-start=\"251\" data-end=\"295\" data-col-size=\"sm\">Garantia<\/td>\n<td style=\"width: 288.888889%;\" data-col-size=\"sm\" data-start=\"295\" data-end=\"335\">2 anos<\/td>\n<\/tr>\n<tr data-start=\"336\" data-end=\"420\">\n<td style=\"width: 43.79085%;\" data-start=\"336\" data-end=\"380\" data-col-size=\"sm\">Tens\u00e3o<\/td>\n<td style=\"width: 288.888889%;\" data-col-size=\"sm\" data-start=\"380\" data-end=\"420\">230 Volt<\/td>\n<\/tr>\n<tr data-start=\"421\" data-end=\"505\">\n<td style=\"width: 43.79085%;\" data-start=\"421\" data-end=\"465\" data-col-size=\"sm\">Velocidade<\/td>\n<td style=\"width: 288.888889%;\" data-col-size=\"sm\" data-start=\"465\" data-end=\"505\">2900 rpm<\/td>\n<\/tr>\n<tr data-start=\"506\" data-end=\"590\">\n<td style=\"width: 43.79085%;\" data-start=\"506\" data-end=\"550\" data-col-size=\"sm\">Pot\u00eancia<\/td>\n<td style=\"width: 288.888889%;\" data-col-size=\"sm\" data-start=\"550\" data-end=\"590\">250 Watt<\/td>\n<\/tr>\n<tr data-start=\"591\" data-end=\"676\">\n<td style=\"width: 43.79085%;\" data-start=\"591\" data-end=\"635\" data-col-size=\"sm\">Cabe\u00e7a (M\u00edn-M\u00e1x)<\/td>\n<td style=\"width: 288.888889%;\" data-col-size=\"sm\" data-start=\"635\" data-end=\"676\">7-15 m<\/td>\n<\/tr>\n<tr data-start=\"677\" data-end=\"761\">\n<td style=\"width: 43.79085%;\" data-start=\"677\" data-end=\"721\" data-col-size=\"sm\">Caudal a alturas manom\u00e9tricas especificadas<\/td>\n<td style=\"width: 288.888889%;\" data-col-size=\"sm\" data-start=\"721\" data-end=\"761\">10-60 litros\/min<\/td>\n<\/tr>\n<tr data-start=\"762\" data-end=\"846\">\n<td style=\"width: 43.79085%;\" data-start=\"762\" data-end=\"806\" data-col-size=\"sm\">Liga\u00e7\u00e3o de aspira\u00e7\u00e3o<\/td>\n<td style=\"width: 288.888889%;\" data-col-size=\"sm\" data-start=\"806\" data-end=\"846\">1 polegada<\/td>\n<\/tr>\n<tr data-start=\"847\" data-end=\"931\">\n<td style=\"width: 43.79085%;\" data-start=\"847\" data-end=\"891\" data-col-size=\"sm\">Liga\u00e7\u00e3o de descarga<\/td>\n<td style=\"width: 288.888889%;\" data-col-size=\"sm\" data-start=\"891\" data-end=\"931\">1 polegada<\/td>\n<\/tr>\n<tr data-start=\"932\" data-end=\"1016\">\n<td style=\"width: 43.79085%;\" data-start=\"932\" data-end=\"976\" data-col-size=\"sm\">Profundidade m\u00e1xima de aspira\u00e7\u00e3o<\/td>\n<td style=\"width: 288.888889%;\" data-col-size=\"sm\" data-start=\"976\" data-end=\"1016\">7 metros<\/td>\n<\/tr>\n<tr data-start=\"1017\" data-end=\"1101\">\n<td style=\"width: 43.79085%;\" data-start=\"1017\" data-end=\"1061\" data-col-size=\"sm\">Temperatura m\u00e1xima do l\u00edquido<\/td>\n<td style=\"width: 288.888889%;\" data-col-size=\"sm\" data-start=\"1061\" data-end=\"1101\">90 \u00b0C<\/td>\n<\/tr>\n<tr data-start=\"1102\" data-end=\"1186\">\n<td style=\"width: 43.79085%;\" data-start=\"1102\" data-end=\"1146\" data-col-size=\"sm\">Temperatura ambiente m\u00e1xima<\/td>\n<td style=\"width: 288.888889%;\" data-col-size=\"sm\" data-start=\"1146\" data-end=\"1186\">40 \u00b0C<\/td>\n<\/tr>\n<tr data-start=\"1187\" data-end=\"1271\">\n<td style=\"width: 43.79085%;\" data-start=\"1187\" data-end=\"1231\" data-col-size=\"sm\">Comprimento de instala\u00e7\u00e3o<\/td>\n<td style=\"width: 288.888889%;\" data-col-size=\"sm\" data-start=\"1231\" data-end=\"1271\">257 mm<\/td>\n<\/tr>\n<tr data-start=\"1272\" data-end=\"1356\">\n<td style=\"width: 43.79085%;\" data-start=\"1272\" data-end=\"1316\" data-col-size=\"sm\">Caixa da bomba<\/td>\n<td style=\"width: 288.888889%;\" data-col-size=\"sm\" data-start=\"1316\" data-end=\"1356\">Ferro fundido com rosca ISO 228\/1<\/td>\n<\/tr>\n<tr data-start=\"1357\" data-end=\"1441\">\n<td style=\"width: 43.79085%;\" data-start=\"1357\" data-end=\"1401\" data-col-size=\"sm\">Eixo<\/td>\n<td style=\"width: 288.888889%;\" data-col-size=\"sm\" data-start=\"1401\" data-end=\"1441\">A\u00e7o inoxid\u00e1vel EN 10088-3-1.4104<\/td>\n<\/tr>\n<tr data-start=\"1442\" data-end=\"1526\">\n<td style=\"width: 43.79085%;\" data-start=\"1442\" data-end=\"1486\" data-col-size=\"sm\">Veda\u00e7\u00e3o mec\u00e2nica<\/td>\n<td style=\"width: 288.888889%;\" data-col-size=\"sm\" data-start=\"1486\" data-end=\"1526\">AR-12 Cer\u00e2mica-Grafite-NBR<\/td>\n<\/tr>\n<tr data-start=\"1527\" data-end=\"1611\">\n<td style=\"width: 43.79085%;\" data-start=\"1527\" data-end=\"1571\" data-col-size=\"sm\">Impulsor<\/td>\n<td style=\"width: 288.888889%;\" data-col-size=\"sm\" data-start=\"1571\" data-end=\"1611\">A\u00e7o inoxid\u00e1vel AISI 304<\/td>\n<\/tr>\n<tr data-start=\"1612\" data-end=\"1696\">\n<td style=\"width: 43.79085%;\" data-start=\"1612\" data-end=\"1656\" data-col-size=\"sm\">Comprimento do cabo<\/td>\n<td style=\"width: 288.888889%;\" data-col-size=\"sm\" data-start=\"1656\" data-end=\"1696\">0 metros<\/td>\n<\/tr>\n<tr data-start=\"1697\" data-end=\"1781\">\n<td style=\"width: 43.79085%;\" data-start=\"1697\" data-end=\"1741\" data-col-size=\"sm\">Classe de prote\u00e7\u00e3o<\/td>\n<td style=\"width: 288.888889%;\" data-col-size=\"sm\" data-start=\"1741\" data-end=\"1781\">IP X4<\/td>\n<\/tr>\n<tr data-start=\"1782\" data-end=\"1866\">\n<td style=\"width: 43.79085%;\" data-start=\"1782\" data-end=\"1826\" data-col-size=\"sm\">Classe de isolamento<\/td>\n<td style=\"width: 288.888889%;\" data-col-size=\"sm\" data-start=\"1826\" data-end=\"1866\">F<\/td>\n<\/tr>\n<tr data-start=\"1867\" data-end=\"1951\">\n<td style=\"width: 43.79085%;\" data-start=\"1867\" data-end=\"1911\" data-col-size=\"sm\">Caudal de melhor efici\u00eancia<\/td>\n<td style=\"width: 288.888889%;\" data-col-size=\"sm\" data-start=\"1911\" data-end=\"1951\">54 litros\/minuto a 8 metros<\/td>\n<\/tr>\n<tr data-start=\"1952\" data-end=\"2036\">\n<td style=\"width: 43.79085%;\" data-start=\"1952\" data-end=\"1996\" data-col-size=\"sm\">Peso<\/td>\n<td style=\"width: 288.888889%;\" data-col-size=\"sm\" data-start=\"1996\" data-end=\"2036\">6,8 kg<\/td>\n<\/tr>\n<\/tbody>\n<\/table>","protected":false},"featured_media":5057,"template":"","meta":{"_acf_changed":false},"product_brand":[],"product_cat":[86],"product_tag":[],"class_list":{"0":"post-5055","1":"product","2":"type-product","3":"status-publish","4":"has-post-thumbnail","6":"product_cat-fresh-water-pumps","8":"first","9":"instock","10":"shipping-taxable","11":"product-type-simple"},"acf":[],"yoast_head":"<!-- This site is optimized with the Yoast SEO Premium plugin v27.3 (Yoast SEO v27.4) - https:\/\/yoast.com\/product\/yoast-seo-premium-wordpress\/ -->\n<title>CPM100 - Fresh Water Pump - MBC Marine<\/title>\n<meta name=\"description\" content=\"CPM 100 pump is suitable for circulating fresh water in MBC Marine chiller systems. It is designed for clean liquids that are non-aggressive to pump materials. Reliable and easy to use, it must be installed in a dry, protected location.\" \/>\n<meta name=\"robots\" content=\"index, follow, max-snippet:-1, max-image-preview:large, max-video-preview:-1\" \/>\n<link rel=\"canonical\" href=\"https:\/\/mbc-marine.com\/pt\/product\/cpm100\/\" \/>\n<meta property=\"og:locale\" content=\"pt_PT\" \/>\n<meta property=\"og:type\" content=\"article\" \/>\n<meta property=\"og:title\" content=\"CPM100 - Fresh Water Pump\" \/>\n<meta property=\"og:description\" content=\"CPM 100 pump is suitable for circulating fresh water in MBC Marine chiller systems. It is designed for clean liquids that are non-aggressive to pump materials. Reliable and easy to use, it must be installed in a dry, protected location.\" \/>\n<meta property=\"og:url\" content=\"https:\/\/mbc-marine.com\/pt\/product\/cpm100\/\" \/>\n<meta property=\"og:site_name\" content=\"MBC Marine\" \/>\n<meta property=\"article:modified_time\" content=\"2025-09-09T11:54:18+00:00\" \/>\n<meta property=\"og:image\" content=\"https:\/\/mbc-marine.com\/wp-content\/uploads\/2025\/07\/cp-_gbase__10_1.jpg\" \/>\n\t<meta property=\"og:image:width\" content=\"265\" \/>\n\t<meta property=\"og:image:height\" content=\"265\" \/>\n\t<meta property=\"og:image:type\" content=\"image\/jpeg\" \/>\n<meta name=\"twitter:card\" content=\"summary_large_image\" \/>\n<meta name=\"twitter:label1\" content=\"pre\u00e7o\" \/>\n\t<meta name=\"twitter:data1\" content=\"\" \/>\n\t<meta name=\"twitter:label2\" content=\"Disponibilidade\" \/>\n\t<meta name=\"twitter:data2\" content=\"Em stock\" \/>\n<script type=\"application\/ld+json\" class=\"yoast-schema-graph\">{\"@context\":\"https:\\\/\\\/schema.org\",\"@graph\":[{\"@type\":[\"WebPage\",\"ItemPage\"],\"@id\":\"https:\\\/\\\/mbc-marine.com\\\/product\\\/cpm100\\\/\",\"url\":\"https:\\\/\\\/mbc-marine.com\\\/product\\\/cpm100\\\/\",\"name\":\"CPM100 - Fresh Water Pump - MBC Marine\",\"isPartOf\":{\"@id\":\"https:\\\/\\\/mbc-marine.com\\\/#website\"},\"primaryImageOfPage\":{\"@id\":\"https:\\\/\\\/mbc-marine.com\\\/product\\\/cpm100\\\/#primaryimage\"},\"image\":{\"@id\":\"https:\\\/\\\/mbc-marine.com\\\/product\\\/cpm100\\\/#primaryimage\"},\"thumbnailUrl\":\"https:\\\/\\\/mbc-marine.com\\\/wp-content\\\/uploads\\\/2025\\\/07\\\/cp-_gbase__10_1.jpg?wsr\",\"datePublished\":\"2025-07-22T09:11:56+00:00\",\"dateModified\":\"2025-09-09T11:54:18+00:00\",\"description\":\"CPM 100 pump is suitable for circulating fresh water in MBC Marine chiller systems. It is designed for clean liquids that are non-aggressive to pump materials. Reliable and easy to use, it must be installed in a dry, protected location.\",\"breadcrumb\":{\"@id\":\"https:\\\/\\\/mbc-marine.com\\\/product\\\/cpm100\\\/#breadcrumb\"},\"inLanguage\":\"pt-PT\",\"potentialAction\":[{\"@type\":\"ReadAction\",\"target\":[\"https:\\\/\\\/mbc-marine.com\\\/product\\\/cpm100\\\/\"]}]},{\"@type\":\"ImageObject\",\"inLanguage\":\"pt-PT\",\"@id\":\"https:\\\/\\\/mbc-marine.com\\\/product\\\/cpm100\\\/#primaryimage\",\"url\":\"https:\\\/\\\/mbc-marine.com\\\/wp-content\\\/uploads\\\/2025\\\/07\\\/cp-_gbase__10_1.jpg?wsr\",\"contentUrl\":\"https:\\\/\\\/mbc-marine.com\\\/wp-content\\\/uploads\\\/2025\\\/07\\\/cp-_gbase__10_1.jpg?wsr\",\"width\":265,\"height\":265,\"caption\":\"Pedrollo CPm 100 \u2013 1Ph Centrifugal Pump\"},{\"@type\":\"BreadcrumbList\",\"@id\":\"https:\\\/\\\/mbc-marine.com\\\/product\\\/cpm100\\\/#breadcrumb\",\"itemListElement\":[{\"@type\":\"ListItem\",\"position\":1,\"name\":\"Home\",\"item\":\"https:\\\/\\\/mbc-marine.com\\\/\"},{\"@type\":\"ListItem\",\"position\":2,\"name\":\"Shop\",\"item\":\"https:\\\/\\\/mbc-marine.com\\\/shop\\\/\"},{\"@type\":\"ListItem\",\"position\":3,\"name\":\"CPM100 &#8211; Fresh Water Pump\"}]},{\"@type\":\"WebSite\",\"@id\":\"https:\\\/\\\/mbc-marine.com\\\/#website\",\"url\":\"https:\\\/\\\/mbc-marine.com\\\/\",\"name\":\"MBC Marine\",\"description\":\"\",\"potentialAction\":[{\"@type\":\"SearchAction\",\"target\":{\"@type\":\"EntryPoint\",\"urlTemplate\":\"https:\\\/\\\/mbc-marine.com\\\/?s={search_term_string}\"},\"query-input\":{\"@type\":\"PropertyValueSpecification\",\"valueRequired\":true,\"valueName\":\"search_term_string\"}}],\"inLanguage\":\"pt-PT\"}]}<\/script>\n<meta property=\"product:price:currency\" content=\"EUR\" \/>\n<meta property=\"og:availability\" content=\"instock\" \/>\n<meta property=\"product:availability\" content=\"instock\" \/>\n<meta property=\"product:condition\" content=\"new\" \/>\n<!-- \/ Yoast SEO Premium plugin. -->","yoast_head_json":{"title":"CPM100 - Bomba de \u00e1gua doce - MBC Marine","description":"A bomba CPM 100 \u00e9 adequada para a circula\u00e7\u00e3o de \u00e1gua doce em sistemas de refrigera\u00e7\u00e3o MBC Marine. Foi concebida para l\u00edquidos limpos que n\u00e3o s\u00e3o agressivos para os materiais da bomba. Fi\u00e1vel e f\u00e1cil de utilizar, deve ser instalada num local seco e protegido.","robots":{"index":"index","follow":"follow","max-snippet":"max-snippet:-1","max-image-preview":"max-image-preview:large","max-video-preview":"max-video-preview:-1"},"canonical":"https:\/\/mbc-marine.com\/pt\/product\/cpm100\/","og_locale":"pt_PT","og_type":"article","og_title":"CPM100 - Fresh Water Pump","og_description":"CPM 100 pump is suitable for circulating fresh water in MBC Marine chiller systems. It is designed for clean liquids that are non-aggressive to pump materials. Reliable and easy to use, it must be installed in a dry, protected location.","og_url":"https:\/\/mbc-marine.com\/pt\/product\/cpm100\/","og_site_name":"MBC Marine","article_modified_time":"2025-09-09T11:54:18+00:00","og_image":[{"width":265,"height":265,"url":"https:\/\/mbc-marine.com\/wp-content\/uploads\/2025\/07\/cp-_gbase__10_1.jpg","type":"image\/jpeg"}],"twitter_card":"summary_large_image","twitter_misc":{"pre\u00e7o":"","Disponibilidade":"Em stock"},"schema":{"@context":"https:\/\/schema.org","@graph":[{"@type":["WebPage","ItemPage"],"@id":"https:\/\/mbc-marine.com\/product\/cpm100\/","url":"https:\/\/mbc-marine.com\/product\/cpm100\/","name":"CPM100 - Bomba de \u00e1gua doce - MBC Marine","isPartOf":{"@id":"https:\/\/mbc-marine.com\/#website"},"primaryImageOfPage":{"@id":"https:\/\/mbc-marine.com\/product\/cpm100\/#primaryimage"},"image":{"@id":"https:\/\/mbc-marine.com\/product\/cpm100\/#primaryimage"},"thumbnailUrl":"https:\/\/mbc-marine.com\/wp-content\/uploads\/2025\/07\/cp-_gbase__10_1.jpg?wsr","datePublished":"2025-07-22T09:11:56+00:00","dateModified":"2025-09-09T11:54:18+00:00","description":"A bomba CPM 100 \u00e9 adequada para a circula\u00e7\u00e3o de \u00e1gua doce em sistemas de refrigera\u00e7\u00e3o MBC Marine. Foi concebida para l\u00edquidos limpos que n\u00e3o s\u00e3o agressivos para os materiais da bomba. Fi\u00e1vel e f\u00e1cil de utilizar, deve ser instalada num local seco e protegido.","breadcrumb":{"@id":"https:\/\/mbc-marine.com\/product\/cpm100\/#breadcrumb"},"inLanguage":"pt-PT","potentialAction":[{"@type":"ReadAction","target":["https:\/\/mbc-marine.com\/product\/cpm100\/"]}]},{"@type":"ImageObject","inLanguage":"pt-PT","@id":"https:\/\/mbc-marine.com\/product\/cpm100\/#primaryimage","url":"https:\/\/mbc-marine.com\/wp-content\/uploads\/2025\/07\/cp-_gbase__10_1.jpg?wsr","contentUrl":"https:\/\/mbc-marine.com\/wp-content\/uploads\/2025\/07\/cp-_gbase__10_1.jpg?wsr","width":265,"height":265,"caption":"Pedrollo CPm 100 \u2013 1Ph Centrifugal Pump"},{"@type":"BreadcrumbList","@id":"https:\/\/mbc-marine.com\/product\/cpm100\/#breadcrumb","itemListElement":[{"@type":"ListItem","position":1,"name":"Home","item":"https:\/\/mbc-marine.com\/"},{"@type":"ListItem","position":2,"name":"Shop","item":"https:\/\/mbc-marine.com\/shop\/"},{"@type":"ListItem","position":3,"name":"CPM100 &#8211; Fresh Water Pump"}]},{"@type":"WebSite","@id":"https:\/\/mbc-marine.com\/#website","url":"https:\/\/mbc-marine.com\/","name":"MBC Marine","description":"","potentialAction":[{"@type":"SearchAction","target":{"@type":"EntryPoint","urlTemplate":"https:\/\/mbc-marine.com\/?s={search_term_string}"},"query-input":{"@type":"PropertyValueSpecification","valueRequired":true,"valueName":"search_term_string"}}],"inLanguage":"pt-PT"}]},"product_price_currency":"EUR","og_availability":"instock","product_availability":"instock","product_condition":"new"},"_links":{"self":[{"href":"https:\/\/mbc-marine.com\/pt\/wp-json\/wp\/v2\/product\/5055","targetHints":{"allow":["GET"]}}],"collection":[{"href":"https:\/\/mbc-marine.com\/pt\/wp-json\/wp\/v2\/product"}],"about":[{"href":"https:\/\/mbc-marine.com\/pt\/wp-json\/wp\/v2\/types\/product"}],"version-history":[{"count":0,"href":"https:\/\/mbc-marine.com\/pt\/wp-json\/wp\/v2\/product\/5055\/revisions"}],"wp:featuredmedia":[{"embeddable":true,"href":"https:\/\/mbc-marine.com\/pt\/wp-json\/wp\/v2\/media\/5057"}],"wp:attachment":[{"href":"https:\/\/mbc-marine.com\/pt\/wp-json\/wp\/v2\/media?parent=5055"}],"wp:term":[{"taxonomy":"product_brand","embeddable":true,"href":"https:\/\/mbc-marine.com\/pt\/wp-json\/wp\/v2\/product_brand?post=5055"},{"taxonomy":"product_cat","embeddable":true,"href":"https:\/\/mbc-marine.com\/pt\/wp-json\/wp\/v2\/product_cat?post=5055"},{"taxonomy":"product_tag","embeddable":true,"href":"https:\/\/mbc-marine.com\/pt\/wp-json\/wp\/v2\/product_tag?post=5055"}],"curies":[{"name":"wp","href":"https:\/\/api.w.org\/{rel}","templated":true}]}}