{"id":5063,"date":"2025-07-22T11:33:49","date_gmt":"2025-07-22T09:33:49","guid":{"rendered":"https:\/\/mbc-marine.com\/?post_type=product&#038;p=5063"},"modified":"2026-04-29T16:55:55","modified_gmt":"2026-04-29T14:55:55","slug":"cpm130","status":"publish","type":"product","link":"https:\/\/mbc-marine.com\/pt\/product\/cpm130\/","title":{"rendered":"CPM130 - Bomba de \u00e1gua doce"},"content":{"rendered":"<p>A bomba CPM 130 \u00e9 adequada para a circula\u00e7\u00e3o de \u00e1gua doce em sistemas de refrigera\u00e7\u00e3o MBC Marine. Foi concebida para l\u00edquidos limpos que n\u00e3o s\u00e3o agressivos para os materiais da bomba. Fi\u00e1vel e f\u00e1cil de utilizar, deve ser instalada num local seco e protegido.<\/p>","protected":false},"excerpt":{"rendered":"<p>&nbsp;<\/p>\n<table style=\"width: 101.144142%;\">\n<thead>\n<tr>\n<th style=\"width: 43.79085%;\"><strong>CPM130 Especifica\u00e7\u00e3o<\/strong><\/th>\n<th style=\"width: 288.453159%;\"><strong>Valor<\/strong><\/th>\n<\/tr>\n<\/thead>\n<tbody>\n<tr>\n<td style=\"width: 43.79085%;\">Garantia<\/td>\n<td style=\"width: 288.453159%;\">2 anos<\/td>\n<\/tr>\n<tr>\n<td style=\"width: 43.79085%;\">Tens\u00e3o<\/td>\n<td style=\"width: 288.453159%;\">230 Volt<\/td>\n<\/tr>\n<tr>\n<td style=\"width: 43.79085%;\">Velocidade<\/td>\n<td style=\"width: 288.453159%;\">2900 rpm<\/td>\n<\/tr>\n<tr>\n<td style=\"width: 43.79085%;\">Pot\u00eancia<\/td>\n<td style=\"width: 288.453159%;\">370 Watt<\/td>\n<\/tr>\n<tr>\n<td style=\"width: 43.79085%;\">Cabe\u00e7a (M\u00edn-M\u00e1x)<\/td>\n<td style=\"width: 288.453159%;\">14-22 m<\/td>\n<\/tr>\n<tr>\n<td style=\"width: 43.79085%;\">Caudal a alturas manom\u00e9tricas especificadas<\/td>\n<td style=\"width: 288.453159%;\">10-80 litros\/min<\/td>\n<\/tr>\n<tr>\n<td style=\"width: 43.79085%;\">Liga\u00e7\u00e3o de aspira\u00e7\u00e3o<\/td>\n<td style=\"width: 288.453159%;\">1 polegada<\/td>\n<\/tr>\n<tr>\n<td style=\"width: 43.79085%;\">Liga\u00e7\u00e3o de descarga<\/td>\n<td style=\"width: 288.453159%;\">1 polegada<\/td>\n<\/tr>\n<tr>\n<td style=\"width: 43.79085%;\">Profundidade m\u00e1xima de aspira\u00e7\u00e3o<\/td>\n<td style=\"width: 288.453159%;\">7 metros<\/td>\n<\/tr>\n<tr>\n<td style=\"width: 43.79085%;\">Temperatura m\u00e1xima do l\u00edquido<\/td>\n<td style=\"width: 288.453159%;\">90 \u00b0C<\/td>\n<\/tr>\n<tr>\n<td style=\"width: 43.79085%;\">Temperatura ambiente m\u00e1xima<\/td>\n<td style=\"width: 288.453159%;\">40 \u00b0C<\/td>\n<\/tr>\n<tr>\n<td style=\"width: 43.79085%;\">Comprimento de instala\u00e7\u00e3o<\/td>\n<td style=\"width: 288.453159%;\">257 mm<\/td>\n<\/tr>\n<tr>\n<td style=\"width: 43.79085%;\">Caixa da bomba<\/td>\n<td style=\"width: 288.453159%;\">Ferro fundido com rosca ISO 228\/1<\/td>\n<\/tr>\n<tr>\n<td style=\"width: 43.79085%;\">Eixo<\/td>\n<td style=\"width: 288.453159%;\">A\u00e7o inoxid\u00e1vel AISI 431<\/td>\n<\/tr>\n<tr>\n<td style=\"width: 43.79085%;\">Veda\u00e7\u00e3o mec\u00e2nica<\/td>\n<td style=\"width: 288.453159%;\">AR-12 Cer\u00e2mica-Grafite-NBR<\/td>\n<\/tr>\n<tr>\n<td style=\"width: 43.79085%;\">Impulsor<\/td>\n<td style=\"width: 288.453159%;\">A\u00e7o inoxid\u00e1vel AISI 304<\/td>\n<\/tr>\n<tr>\n<td style=\"width: 43.79085%;\">Comprimento do cabo<\/td>\n<td style=\"width: 288.453159%;\">0 metros<\/td>\n<\/tr>\n<tr>\n<td style=\"width: 43.79085%;\">Classe de prote\u00e7\u00e3o<\/td>\n<td style=\"width: 288.453159%;\">IP X4<\/td>\n<\/tr>\n<tr>\n<td style=\"width: 43.79085%;\">Classe de isolamento<\/td>\n<td style=\"width: 288.453159%;\">F<\/td>\n<\/tr>\n<tr>\n<td style=\"width: 43.79085%;\">Caudal de melhor efici\u00eancia<\/td>\n<td style=\"width: 288.453159%;\">61 litros\/minuto a 16 metros<\/td>\n<\/tr>\n<tr>\n<td style=\"width: 43.79085%;\">Peso<\/td>\n<td style=\"width: 288.453159%;\">7,7 kg<\/td>\n<\/tr>\n<\/tbody>\n<\/table>","protected":false},"featured_media":5057,"template":"","meta":{"_acf_changed":false},"product_brand":[],"product_cat":[86],"product_tag":[],"class_list":{"0":"post-5063","1":"product","2":"type-product","3":"status-publish","4":"has-post-thumbnail","6":"product_cat-fresh-water-pumps","8":"first","9":"instock","10":"shipping-taxable","11":"product-type-simple"},"acf":[],"_links":{"self":[{"href":"https:\/\/mbc-marine.com\/pt\/wp-json\/wp\/v2\/product\/5063","targetHints":{"allow":["GET"]}}],"collection":[{"href":"https:\/\/mbc-marine.com\/pt\/wp-json\/wp\/v2\/product"}],"about":[{"href":"https:\/\/mbc-marine.com\/pt\/wp-json\/wp\/v2\/types\/product"}],"version-history":[{"count":1,"href":"https:\/\/mbc-marine.com\/pt\/wp-json\/wp\/v2\/product\/5063\/revisions"}],"predecessor-version":[{"id":8141,"href":"https:\/\/mbc-marine.com\/pt\/wp-json\/wp\/v2\/product\/5063\/revisions\/8141"}],"wp:featuredmedia":[{"embeddable":true,"href":"https:\/\/mbc-marine.com\/pt\/wp-json\/wp\/v2\/media\/5057"}],"wp:attachment":[{"href":"https:\/\/mbc-marine.com\/pt\/wp-json\/wp\/v2\/media?parent=5063"}],"wp:term":[{"taxonomy":"product_brand","embeddable":true,"href":"https:\/\/mbc-marine.com\/pt\/wp-json\/wp\/v2\/product_brand?post=5063"},{"taxonomy":"product_cat","embeddable":true,"href":"https:\/\/mbc-marine.com\/pt\/wp-json\/wp\/v2\/product_cat?post=5063"},{"taxonomy":"product_tag","embeddable":true,"href":"https:\/\/mbc-marine.com\/pt\/wp-json\/wp\/v2\/product_tag?post=5063"}],"curies":[{"name":"wp","href":"https:\/\/api.w.org\/{rel}","templated":true}]}}