{"id":5065,"date":"2025-07-22T11:45:58","date_gmt":"2025-07-22T09:45:58","guid":{"rendered":"https:\/\/mbc-marine.com\/?post_type=product&#038;p=5065"},"modified":"2025-09-09T13:54:45","modified_gmt":"2025-09-09T11:54:45","slug":"cpm132","status":"publish","type":"product","link":"https:\/\/mbc-marine.com\/pt\/product\/cpm132\/","title":{"rendered":"CPM132 - Bomba de \u00e1gua doce"},"content":{"rendered":"","protected":false},"excerpt":{"rendered":"<table class=\"w-fit min-w-(--thread-content-width)\" style=\"width: 100.393929%; height: 506px;\" data-start=\"78\" data-end=\"2032\">\n<thead data-start=\"78\" data-end=\"162\">\n<tr style=\"height: 23px;\" data-start=\"78\" data-end=\"162\">\n<th style=\"width: 43.79085%; height: 23px;\" data-start=\"78\" data-end=\"122\" data-col-size=\"sm\"><strong data-start=\"80\" data-end=\"97\">Especifica\u00e7\u00e3o<\/strong><\/th>\n<th style=\"width: 231.254973%; height: 23px;\" data-start=\"122\" data-end=\"162\" data-col-size=\"sm\"><strong data-start=\"124\" data-end=\"133\">Valor<\/strong><\/th>\n<\/tr>\n<\/thead>\n<tbody data-start=\"247\" data-end=\"2032\">\n<tr style=\"height: 23px;\" data-start=\"247\" data-end=\"331\">\n<td style=\"width: 43.79085%; height: 23px;\" data-start=\"247\" data-end=\"291\" data-col-size=\"sm\">Garantia<\/td>\n<td style=\"width: 231.254973%; height: 23px;\" data-col-size=\"sm\" data-start=\"291\" data-end=\"331\">2 anos<\/td>\n<\/tr>\n<tr style=\"height: 23px;\" data-start=\"332\" data-end=\"416\">\n<td style=\"width: 43.79085%; height: 23px;\" data-start=\"332\" data-end=\"376\" data-col-size=\"sm\">Tens\u00e3o<\/td>\n<td style=\"width: 231.254973%; height: 23px;\" data-col-size=\"sm\" data-start=\"376\" data-end=\"416\">230 Volt<\/td>\n<\/tr>\n<tr style=\"height: 23px;\" data-start=\"417\" data-end=\"501\">\n<td style=\"width: 43.79085%; height: 23px;\" data-start=\"417\" data-end=\"461\" data-col-size=\"sm\">Velocidade<\/td>\n<td style=\"width: 231.254973%; height: 23px;\" data-col-size=\"sm\" data-start=\"461\" data-end=\"501\">2900 rpm<\/td>\n<\/tr>\n<tr style=\"height: 23px;\" data-start=\"502\" data-end=\"586\">\n<td style=\"width: 43.79085%; height: 23px;\" data-start=\"502\" data-end=\"546\" data-col-size=\"sm\">Pot\u00eancia<\/td>\n<td style=\"width: 231.254973%; height: 23px;\" data-col-size=\"sm\" data-start=\"546\" data-end=\"586\">550 Watt<\/td>\n<\/tr>\n<tr style=\"height: 23px;\" data-start=\"587\" data-end=\"672\">\n<td style=\"width: 43.79085%; height: 23px;\" data-start=\"587\" data-end=\"631\" data-col-size=\"sm\">Cabe\u00e7a (M\u00edn-M\u00e1x)<\/td>\n<td style=\"width: 231.254973%; height: 23px;\" data-col-size=\"sm\" data-start=\"631\" data-end=\"672\">12-22.5 m<\/td>\n<\/tr>\n<tr style=\"height: 23px;\" data-start=\"673\" data-end=\"757\">\n<td style=\"width: 43.79085%; height: 23px;\" data-start=\"673\" data-end=\"717\" data-col-size=\"sm\">Caudal a alturas manom\u00e9tricas especificadas<\/td>\n<td style=\"width: 231.254973%; height: 23px;\" data-col-size=\"sm\" data-start=\"717\" data-end=\"757\">20-120 litros\/min<\/td>\n<\/tr>\n<tr style=\"height: 23px;\" data-start=\"758\" data-end=\"842\">\n<td style=\"width: 43.79085%; height: 23px;\" data-start=\"758\" data-end=\"802\" data-col-size=\"sm\">Liga\u00e7\u00e3o de aspira\u00e7\u00e3o<\/td>\n<td style=\"width: 231.254973%; height: 23px;\" data-col-size=\"sm\" data-start=\"802\" data-end=\"842\">1 polegada<\/td>\n<\/tr>\n<tr style=\"height: 23px;\" data-start=\"843\" data-end=\"927\">\n<td style=\"width: 43.79085%; height: 23px;\" data-start=\"843\" data-end=\"887\" data-col-size=\"sm\">Liga\u00e7\u00e3o de descarga<\/td>\n<td style=\"width: 231.254973%; height: 23px;\" data-col-size=\"sm\" data-start=\"887\" data-end=\"927\">1 polegada<\/td>\n<\/tr>\n<tr style=\"height: 23px;\" data-start=\"928\" data-end=\"1012\">\n<td style=\"width: 43.79085%; height: 23px;\" data-start=\"928\" data-end=\"972\" data-col-size=\"sm\">Profundidade m\u00e1xima de aspira\u00e7\u00e3o<\/td>\n<td style=\"width: 231.254973%; height: 23px;\" data-col-size=\"sm\" data-start=\"972\" data-end=\"1012\">7 metros<\/td>\n<\/tr>\n<tr style=\"height: 23px;\" data-start=\"1013\" data-end=\"1097\">\n<td style=\"width: 43.79085%; height: 23px;\" data-start=\"1013\" data-end=\"1057\" data-col-size=\"sm\">Temperatura m\u00e1xima do l\u00edquido<\/td>\n<td style=\"width: 231.254973%; height: 23px;\" data-col-size=\"sm\" data-start=\"1057\" data-end=\"1097\">90 \u00b0C<\/td>\n<\/tr>\n<tr style=\"height: 23px;\" data-start=\"1098\" data-end=\"1182\">\n<td style=\"width: 43.79085%; height: 23px;\" data-start=\"1098\" data-end=\"1142\" data-col-size=\"sm\">Temperatura ambiente m\u00e1xima<\/td>\n<td style=\"width: 231.254973%; height: 23px;\" data-col-size=\"sm\" data-start=\"1142\" data-end=\"1182\">40 \u00b0C<\/td>\n<\/tr>\n<tr style=\"height: 23px;\" data-start=\"1183\" data-end=\"1267\">\n<td style=\"width: 43.79085%; height: 23px;\" data-start=\"1183\" data-end=\"1227\" data-col-size=\"sm\">Comprimento de instala\u00e7\u00e3o<\/td>\n<td style=\"width: 231.254973%; height: 23px;\" data-col-size=\"sm\" data-start=\"1227\" data-end=\"1267\">257 mm<\/td>\n<\/tr>\n<tr style=\"height: 23px;\" data-start=\"1268\" data-end=\"1352\">\n<td style=\"width: 43.79085%; height: 23px;\" data-start=\"1268\" data-end=\"1312\" data-col-size=\"sm\">Caixa da bomba<\/td>\n<td style=\"width: 231.254973%; height: 23px;\" data-col-size=\"sm\" data-start=\"1312\" data-end=\"1352\">Ferro fundido com rosca ISO 228\/1<\/td>\n<\/tr>\n<tr style=\"height: 23px;\" data-start=\"1353\" data-end=\"1437\">\n<td style=\"width: 43.79085%; height: 23px;\" data-start=\"1353\" data-end=\"1397\" data-col-size=\"sm\">Eixo<\/td>\n<td style=\"width: 231.254973%; height: 23px;\" data-col-size=\"sm\" data-start=\"1397\" data-end=\"1437\">A\u00e7o inoxid\u00e1vel EN 10088-3-1.4104<\/td>\n<\/tr>\n<tr style=\"height: 23px;\" data-start=\"1438\" data-end=\"1522\">\n<td style=\"width: 43.79085%; height: 23px;\" data-start=\"1438\" data-end=\"1482\" data-col-size=\"sm\">Veda\u00e7\u00e3o mec\u00e2nica<\/td>\n<td style=\"width: 231.254973%; height: 23px;\" data-col-size=\"sm\" data-start=\"1482\" data-end=\"1522\">AR-12 Cer\u00e2mica-Grafite-NBR<\/td>\n<\/tr>\n<tr style=\"height: 23px;\" data-start=\"1523\" data-end=\"1607\">\n<td style=\"width: 43.79085%; height: 23px;\" data-start=\"1523\" data-end=\"1567\" data-col-size=\"sm\">Impulsor<\/td>\n<td style=\"width: 231.254973%; height: 23px;\" data-col-size=\"sm\" data-start=\"1567\" data-end=\"1607\">A\u00e7o inoxid\u00e1vel AISI 304<\/td>\n<\/tr>\n<tr style=\"height: 23px;\" data-start=\"1608\" data-end=\"1692\">\n<td style=\"width: 43.79085%; height: 23px;\" data-start=\"1608\" data-end=\"1652\" data-col-size=\"sm\">Comprimento do cabo<\/td>\n<td style=\"width: 231.254973%; height: 23px;\" data-col-size=\"sm\" data-start=\"1652\" data-end=\"1692\">0 metros<\/td>\n<\/tr>\n<tr style=\"height: 23px;\" data-start=\"1693\" data-end=\"1777\">\n<td style=\"width: 43.79085%; height: 23px;\" data-start=\"1693\" data-end=\"1737\" data-col-size=\"sm\">Classe de prote\u00e7\u00e3o<\/td>\n<td style=\"width: 231.254973%; height: 23px;\" data-col-size=\"sm\" data-start=\"1737\" data-end=\"1777\">IP X4<\/td>\n<\/tr>\n<tr style=\"height: 23px;\" data-start=\"1778\" data-end=\"1862\">\n<td style=\"width: 43.79085%; height: 23px;\" data-start=\"1778\" data-end=\"1822\" data-col-size=\"sm\">Classe de isolamento<\/td>\n<td style=\"width: 231.254973%; height: 23px;\" data-col-size=\"sm\" data-start=\"1822\" data-end=\"1862\">F<\/td>\n<\/tr>\n<tr style=\"height: 23px;\" data-start=\"1863\" data-end=\"1947\">\n<td style=\"width: 43.79085%; height: 23px;\" data-start=\"1863\" data-end=\"1907\" data-col-size=\"sm\">Caudal de melhor efici\u00eancia<\/td>\n<td style=\"width: 231.254973%; height: 23px;\" data-col-size=\"sm\" data-start=\"1907\" data-end=\"1947\">90 litros\/minuto a 17,5 metros<\/td>\n<\/tr>\n<tr style=\"height: 23px;\" data-start=\"1948\" data-end=\"2032\">\n<td style=\"width: 43.79085%; height: 23px;\" data-start=\"1948\" data-end=\"1992\" data-col-size=\"sm\">Peso<\/td>\n<td style=\"width: 231.254973%; height: 23px;\" data-col-size=\"sm\" data-start=\"1992\" data-end=\"2032\">8,4 kg<\/td>\n<\/tr>\n<\/tbody>\n<\/table>","protected":false},"featured_media":5057,"template":"","meta":{"_acf_changed":false},"product_brand":[],"product_cat":[86],"product_tag":[],"class_list":{"0":"post-5065","1":"product","2":"type-product","3":"status-publish","4":"has-post-thumbnail","6":"product_cat-fresh-water-pumps","8":"first","9":"instock","10":"shipping-taxable","11":"product-type-simple"},"acf":[],"yoast_head":"<!-- This site is optimized with the Yoast SEO Premium plugin v27.3 (Yoast SEO v27.4) - https:\/\/yoast.com\/product\/yoast-seo-premium-wordpress\/ -->\n<title>CPM132 - Fresh Water Pump - MBC Marine<\/title>\n<meta name=\"description\" content=\"CPM132 - Fresh Water Pump\" \/>\n<meta name=\"robots\" content=\"index, follow, max-snippet:-1, max-image-preview:large, max-video-preview:-1\" \/>\n<link rel=\"canonical\" href=\"https:\/\/mbc-marine.com\/pt\/product\/cpm132\/\" \/>\n<meta property=\"og:locale\" content=\"pt_PT\" \/>\n<meta property=\"og:type\" content=\"article\" \/>\n<meta property=\"og:title\" content=\"CPM132 - Fresh Water Pump\" \/>\n<meta property=\"og:description\" content=\"CPM132 - Fresh Water Pump\" \/>\n<meta property=\"og:url\" content=\"https:\/\/mbc-marine.com\/pt\/product\/cpm132\/\" \/>\n<meta property=\"og:site_name\" content=\"MBC Marine\" \/>\n<meta property=\"article:modified_time\" content=\"2025-09-09T11:54:45+00:00\" \/>\n<meta property=\"og:image\" content=\"https:\/\/mbc-marine.com\/wp-content\/uploads\/2025\/07\/cp-_gbase__10_1.jpg\" \/>\n\t<meta property=\"og:image:width\" content=\"265\" \/>\n\t<meta property=\"og:image:height\" content=\"265\" \/>\n\t<meta property=\"og:image:type\" content=\"image\/jpeg\" \/>\n<meta name=\"twitter:card\" content=\"summary_large_image\" \/>\n<meta name=\"twitter:label1\" content=\"pre\u00e7o\" \/>\n\t<meta name=\"twitter:data1\" content=\"\" \/>\n\t<meta name=\"twitter:label2\" content=\"Disponibilidade\" \/>\n\t<meta name=\"twitter:data2\" content=\"Em stock\" \/>\n<script type=\"application\/ld+json\" class=\"yoast-schema-graph\">{\"@context\":\"https:\\\/\\\/schema.org\",\"@graph\":[{\"@type\":[\"WebPage\",\"ItemPage\"],\"@id\":\"https:\\\/\\\/mbc-marine.com\\\/product\\\/cpm132\\\/\",\"url\":\"https:\\\/\\\/mbc-marine.com\\\/product\\\/cpm132\\\/\",\"name\":\"CPM132 - Fresh Water Pump - MBC Marine\",\"isPartOf\":{\"@id\":\"https:\\\/\\\/mbc-marine.com\\\/#website\"},\"primaryImageOfPage\":{\"@id\":\"https:\\\/\\\/mbc-marine.com\\\/product\\\/cpm132\\\/#primaryimage\"},\"image\":{\"@id\":\"https:\\\/\\\/mbc-marine.com\\\/product\\\/cpm132\\\/#primaryimage\"},\"thumbnailUrl\":\"https:\\\/\\\/mbc-marine.com\\\/wp-content\\\/uploads\\\/2025\\\/07\\\/cp-_gbase__10_1.jpg?wsr\",\"datePublished\":\"2025-07-22T09:45:58+00:00\",\"dateModified\":\"2025-09-09T11:54:45+00:00\",\"description\":\"CPM132 - Fresh Water Pump\",\"breadcrumb\":{\"@id\":\"https:\\\/\\\/mbc-marine.com\\\/product\\\/cpm132\\\/#breadcrumb\"},\"inLanguage\":\"pt-PT\",\"potentialAction\":[{\"@type\":\"ReadAction\",\"target\":[\"https:\\\/\\\/mbc-marine.com\\\/product\\\/cpm132\\\/\"]}]},{\"@type\":\"ImageObject\",\"inLanguage\":\"pt-PT\",\"@id\":\"https:\\\/\\\/mbc-marine.com\\\/product\\\/cpm132\\\/#primaryimage\",\"url\":\"https:\\\/\\\/mbc-marine.com\\\/wp-content\\\/uploads\\\/2025\\\/07\\\/cp-_gbase__10_1.jpg?wsr\",\"contentUrl\":\"https:\\\/\\\/mbc-marine.com\\\/wp-content\\\/uploads\\\/2025\\\/07\\\/cp-_gbase__10_1.jpg?wsr\",\"width\":265,\"height\":265,\"caption\":\"Pedrollo CPm 100 \u2013 1Ph Centrifugal Pump\"},{\"@type\":\"BreadcrumbList\",\"@id\":\"https:\\\/\\\/mbc-marine.com\\\/product\\\/cpm132\\\/#breadcrumb\",\"itemListElement\":[{\"@type\":\"ListItem\",\"position\":1,\"name\":\"Home\",\"item\":\"https:\\\/\\\/mbc-marine.com\\\/\"},{\"@type\":\"ListItem\",\"position\":2,\"name\":\"Shop\",\"item\":\"https:\\\/\\\/mbc-marine.com\\\/shop\\\/\"},{\"@type\":\"ListItem\",\"position\":3,\"name\":\"CPM132 &#8211; Fresh Water Pump\"}]},{\"@type\":\"WebSite\",\"@id\":\"https:\\\/\\\/mbc-marine.com\\\/#website\",\"url\":\"https:\\\/\\\/mbc-marine.com\\\/\",\"name\":\"MBC Marine\",\"description\":\"\",\"potentialAction\":[{\"@type\":\"SearchAction\",\"target\":{\"@type\":\"EntryPoint\",\"urlTemplate\":\"https:\\\/\\\/mbc-marine.com\\\/?s={search_term_string}\"},\"query-input\":{\"@type\":\"PropertyValueSpecification\",\"valueRequired\":true,\"valueName\":\"search_term_string\"}}],\"inLanguage\":\"pt-PT\"}]}<\/script>\n<meta property=\"product:price:currency\" content=\"EUR\" \/>\n<meta property=\"og:availability\" content=\"instock\" \/>\n<meta property=\"product:availability\" content=\"instock\" \/>\n<meta property=\"product:condition\" content=\"new\" \/>\n<!-- \/ Yoast SEO Premium plugin. -->","yoast_head_json":{"title":"CPM132 - Bomba de \u00e1gua doce - MBC Marine","description":"CPM132 - Bomba de \u00e1gua doce","robots":{"index":"index","follow":"follow","max-snippet":"max-snippet:-1","max-image-preview":"max-image-preview:large","max-video-preview":"max-video-preview:-1"},"canonical":"https:\/\/mbc-marine.com\/pt\/product\/cpm132\/","og_locale":"pt_PT","og_type":"article","og_title":"CPM132 - Fresh Water Pump","og_description":"CPM132 - Fresh Water Pump","og_url":"https:\/\/mbc-marine.com\/pt\/product\/cpm132\/","og_site_name":"MBC Marine","article_modified_time":"2025-09-09T11:54:45+00:00","og_image":[{"width":265,"height":265,"url":"https:\/\/mbc-marine.com\/wp-content\/uploads\/2025\/07\/cp-_gbase__10_1.jpg","type":"image\/jpeg"}],"twitter_card":"summary_large_image","twitter_misc":{"pre\u00e7o":"","Disponibilidade":"Em stock"},"schema":{"@context":"https:\/\/schema.org","@graph":[{"@type":["WebPage","ItemPage"],"@id":"https:\/\/mbc-marine.com\/product\/cpm132\/","url":"https:\/\/mbc-marine.com\/product\/cpm132\/","name":"CPM132 - Bomba de \u00e1gua doce - MBC Marine","isPartOf":{"@id":"https:\/\/mbc-marine.com\/#website"},"primaryImageOfPage":{"@id":"https:\/\/mbc-marine.com\/product\/cpm132\/#primaryimage"},"image":{"@id":"https:\/\/mbc-marine.com\/product\/cpm132\/#primaryimage"},"thumbnailUrl":"https:\/\/mbc-marine.com\/wp-content\/uploads\/2025\/07\/cp-_gbase__10_1.jpg?wsr","datePublished":"2025-07-22T09:45:58+00:00","dateModified":"2025-09-09T11:54:45+00:00","description":"CPM132 - Bomba de \u00e1gua doce","breadcrumb":{"@id":"https:\/\/mbc-marine.com\/product\/cpm132\/#breadcrumb"},"inLanguage":"pt-PT","potentialAction":[{"@type":"ReadAction","target":["https:\/\/mbc-marine.com\/product\/cpm132\/"]}]},{"@type":"ImageObject","inLanguage":"pt-PT","@id":"https:\/\/mbc-marine.com\/product\/cpm132\/#primaryimage","url":"https:\/\/mbc-marine.com\/wp-content\/uploads\/2025\/07\/cp-_gbase__10_1.jpg?wsr","contentUrl":"https:\/\/mbc-marine.com\/wp-content\/uploads\/2025\/07\/cp-_gbase__10_1.jpg?wsr","width":265,"height":265,"caption":"Pedrollo CPm 100 \u2013 1Ph Centrifugal Pump"},{"@type":"BreadcrumbList","@id":"https:\/\/mbc-marine.com\/product\/cpm132\/#breadcrumb","itemListElement":[{"@type":"ListItem","position":1,"name":"Home","item":"https:\/\/mbc-marine.com\/"},{"@type":"ListItem","position":2,"name":"Shop","item":"https:\/\/mbc-marine.com\/shop\/"},{"@type":"ListItem","position":3,"name":"CPM132 &#8211; Fresh Water Pump"}]},{"@type":"WebSite","@id":"https:\/\/mbc-marine.com\/#website","url":"https:\/\/mbc-marine.com\/","name":"MBC Marine","description":"","potentialAction":[{"@type":"SearchAction","target":{"@type":"EntryPoint","urlTemplate":"https:\/\/mbc-marine.com\/?s={search_term_string}"},"query-input":{"@type":"PropertyValueSpecification","valueRequired":true,"valueName":"search_term_string"}}],"inLanguage":"pt-PT"}]},"product_price_currency":"EUR","og_availability":"instock","product_availability":"instock","product_condition":"new"},"_links":{"self":[{"href":"https:\/\/mbc-marine.com\/pt\/wp-json\/wp\/v2\/product\/5065","targetHints":{"allow":["GET"]}}],"collection":[{"href":"https:\/\/mbc-marine.com\/pt\/wp-json\/wp\/v2\/product"}],"about":[{"href":"https:\/\/mbc-marine.com\/pt\/wp-json\/wp\/v2\/types\/product"}],"version-history":[{"count":0,"href":"https:\/\/mbc-marine.com\/pt\/wp-json\/wp\/v2\/product\/5065\/revisions"}],"wp:featuredmedia":[{"embeddable":true,"href":"https:\/\/mbc-marine.com\/pt\/wp-json\/wp\/v2\/media\/5057"}],"wp:attachment":[{"href":"https:\/\/mbc-marine.com\/pt\/wp-json\/wp\/v2\/media?parent=5065"}],"wp:term":[{"taxonomy":"product_brand","embeddable":true,"href":"https:\/\/mbc-marine.com\/pt\/wp-json\/wp\/v2\/product_brand?post=5065"},{"taxonomy":"product_cat","embeddable":true,"href":"https:\/\/mbc-marine.com\/pt\/wp-json\/wp\/v2\/product_cat?post=5065"},{"taxonomy":"product_tag","embeddable":true,"href":"https:\/\/mbc-marine.com\/pt\/wp-json\/wp\/v2\/product_tag?post=5065"}],"curies":[{"name":"wp","href":"https:\/\/api.w.org\/{rel}","templated":true}]}}