{"id":5299,"date":"2025-07-23T21:02:48","date_gmt":"2025-07-23T19:02:48","guid":{"rendered":"https:\/\/mbc-marine.com\/?post_type=product&#038;p=5299"},"modified":"2026-04-29T16:52:08","modified_gmt":"2026-04-29T14:52:08","slug":"filtro-de-agua-do-mar","status":"publish","type":"product","link":"https:\/\/mbc-marine.com\/pt\/product\/sea-water-filter\/","title":{"rendered":"FILTRO DE \u00c1GUA DO MAR AMP-S-03"},"content":{"rendered":"<h3 data-start=\"62\" data-end=\"111\">Filtro de \u00e1gua AMP-S-03 - \u00be\u2033 e 1\u2033<\/h3>\n<p data-start=\"113\" data-end=\"249\">Filtros de \u00e1gua do mar compactos e de elevado desempenho - ideais para sistemas de ar condicionado mar\u00edtimos, geradores e outras aplica\u00e7\u00f5es a bordo.<\/p>\n<p data-start=\"251\" data-end=\"642\">Os filtros da s\u00e9rie AMP-S-03 apresentam um corpo em bronze marinho niquelado e uma tampa em policarbonato transparente e resistente a impactos, permitindo uma inspe\u00e7\u00e3o visual r\u00e1pida do filtro sem desmontar o sistema. No interior, um cesto de malha de a\u00e7o inoxid\u00e1vel AISI 316L assegura uma durabilidade e resist\u00eancia \u00e0 corros\u00e3o excepcionais, enquanto a junta de neopreno garante uma veda\u00e7\u00e3o perfeita.<\/p>","protected":false},"excerpt":{"rendered":"<h3 data-start=\"123\" data-end=\"193\">Especifica\u00e7\u00f5es t\u00e9cnicas - Filtro de \u00e1gua AMP-S-03 (\u00be\u2033 e 1\u2033)<\/h3>\n<div class=\"_tableContainer_80l1q_1\">\n<div class=\"_tableWrapper_80l1q_14 group flex w-fit flex-col-reverse\" tabindex=\"-1\">\n<table class=\"w-fit min-w-(--thread-content-width)\" style=\"width: 100.898145%;\" data-start=\"195\" data-end=\"1663\">\n<thead data-start=\"195\" data-end=\"289\">\n<tr data-start=\"195\" data-end=\"289\">\n<th style=\"width: 40.254822%;\" data-start=\"195\" data-end=\"222\" data-col-size=\"sm\">Especifica\u00e7\u00e3o<\/th>\n<th style=\"width: 31.598282%;\" data-start=\"222\" data-end=\"255\" data-col-size=\"md\">\u00be\u2033 Tamanho<\/th>\n<th style=\"width: 60.912729%;\" data-start=\"255\" data-end=\"289\" data-col-size=\"md\">1\u2033 Tamanho<\/th>\n<\/tr>\n<\/thead>\n<tbody data-start=\"385\" data-end=\"1663\">\n<tr data-start=\"385\" data-end=\"479\">\n<td style=\"width: 40.254822%;\" data-start=\"385\" data-end=\"412\" data-col-size=\"sm\"><strong data-start=\"387\" data-end=\"403\">C\u00f3digo do produto<\/strong><\/td>\n<td style=\"width: 31.598282%;\" data-col-size=\"md\" data-start=\"412\" data-end=\"445\">1164.\u00be<\/td>\n<td style=\"width: 60.912729%;\" data-col-size=\"md\" data-start=\"445\" data-end=\"479\">1164.1<\/td>\n<\/tr>\n<tr data-start=\"480\" data-end=\"574\">\n<td style=\"width: 40.254822%;\" data-start=\"480\" data-end=\"507\" data-col-size=\"sm\"><strong data-start=\"482\" data-end=\"501\">Tipo de liga\u00e7\u00e3o<\/strong><\/td>\n<td style=\"width: 31.598282%;\" data-col-size=\"md\" data-start=\"507\" data-end=\"540\">Rosca f\u00eamea BSP (ISO 228\/1)<\/td>\n<td style=\"width: 60.912729%;\" data-col-size=\"md\" data-start=\"540\" data-end=\"574\">Rosca f\u00eamea BSP (ISO 228\/1)<\/td>\n<\/tr>\n<tr data-start=\"575\" data-end=\"669\">\n<td style=\"width: 40.254822%;\" data-start=\"575\" data-end=\"602\" data-col-size=\"sm\"><strong data-start=\"577\" data-end=\"594\">Material da carro\u00e7aria<\/strong><\/td>\n<td style=\"width: 31.598282%;\" data-col-size=\"md\" data-start=\"602\" data-end=\"635\">Bronze marinho niquelado<\/td>\n<td style=\"width: 60.912729%;\" data-col-size=\"md\" data-start=\"635\" data-end=\"669\">Bronze marinho niquelado<\/td>\n<\/tr>\n<tr data-start=\"670\" data-end=\"764\">\n<td style=\"width: 40.254822%;\" data-start=\"670\" data-end=\"697\" data-col-size=\"sm\"><strong data-start=\"672\" data-end=\"690\">Material de cobertura<\/strong><\/td>\n<td style=\"width: 31.598282%;\" data-col-size=\"md\" data-start=\"697\" data-end=\"730\">Policarbonato transparente<\/td>\n<td style=\"width: 60.912729%;\" data-col-size=\"md\" data-start=\"730\" data-end=\"764\">Policarbonato transparente<\/td>\n<\/tr>\n<tr data-start=\"765\" data-end=\"861\">\n<td style=\"width: 40.254822%;\" data-start=\"765\" data-end=\"792\" data-col-size=\"sm\"><strong data-start=\"767\" data-end=\"784\">Cesto de filtro<\/strong><\/td>\n<td style=\"width: 31.598282%;\" data-col-size=\"md\" data-start=\"792\" data-end=\"826\">A\u00e7o inoxid\u00e1vel AISI 316L<\/td>\n<td style=\"width: 60.912729%;\" data-col-size=\"md\" data-start=\"826\" data-end=\"861\">A\u00e7o inoxid\u00e1vel AISI 316L<\/td>\n<\/tr>\n<tr data-start=\"862\" data-end=\"956\">\n<td style=\"width: 40.254822%;\" data-start=\"862\" data-end=\"889\" data-col-size=\"sm\"><strong data-start=\"864\" data-end=\"874\">Junta de veda\u00e7\u00e3o<\/strong><\/td>\n<td style=\"width: 31.598282%;\" data-col-size=\"md\" data-start=\"889\" data-end=\"922\">Neopreno<\/td>\n<td style=\"width: 60.912729%;\" data-col-size=\"md\" data-start=\"922\" data-end=\"956\">Neopreno<\/td>\n<\/tr>\n<tr data-start=\"957\" data-end=\"1051\">\n<td style=\"width: 40.254822%;\" data-start=\"957\" data-end=\"984\" data-col-size=\"sm\"><strong data-start=\"959\" data-end=\"976\">Caudal m\u00e1ximo<\/strong><\/td>\n<td style=\"width: 31.598282%;\" data-col-size=\"md\" data-start=\"984\" data-end=\"1017\">14.900 l\/h<\/td>\n<td style=\"width: 60.912729%;\" data-col-size=\"md\" data-start=\"1017\" data-end=\"1051\">25.500 l\/h<\/td>\n<\/tr>\n<tr data-start=\"1052\" data-end=\"1146\">\n<td style=\"width: 40.254822%;\" data-start=\"1052\" data-end=\"1079\" data-col-size=\"sm\"><strong data-start=\"1054\" data-end=\"1064\">Peso<\/strong><\/td>\n<td style=\"width: 31.598282%;\" data-col-size=\"md\" data-start=\"1079\" data-end=\"1112\">aprox. 2.700-2.800 g<\/td>\n<td style=\"width: 60.912729%;\" data-col-size=\"md\" data-start=\"1112\" data-end=\"1146\">aprox. 2.800 g<\/td>\n<\/tr>\n<tr data-start=\"1147\" data-end=\"1241\">\n<td style=\"width: 40.254822%;\" data-start=\"1147\" data-end=\"1174\" data-col-size=\"sm\"><strong data-start=\"1149\" data-end=\"1169\">Altura total (H)<\/strong><\/td>\n<td style=\"width: 31.598282%;\" data-col-size=\"md\" data-start=\"1174\" data-end=\"1207\">145 mm<\/td>\n<td style=\"width: 60.912729%;\" data-col-size=\"md\" data-start=\"1207\" data-end=\"1241\">145 mm<\/td>\n<\/tr>\n<tr data-start=\"1242\" data-end=\"1336\">\n<td style=\"width: 40.254822%;\" data-start=\"1242\" data-end=\"1269\" data-col-size=\"sm\"><strong data-start=\"1244\" data-end=\"1266\">Di\u00e2metro da tampa (A)<\/strong><\/td>\n<td style=\"width: 31.598282%;\" data-col-size=\"md\" data-start=\"1269\" data-end=\"1302\">30 mm<\/td>\n<td style=\"width: 60.912729%;\" data-col-size=\"md\" data-start=\"1302\" data-end=\"1336\">30 mm<\/td>\n<\/tr>\n<tr data-start=\"1337\" data-end=\"1431\">\n<td style=\"width: 40.254822%;\" data-start=\"1337\" data-end=\"1364\" data-col-size=\"sm\"><strong data-start=\"1339\" data-end=\"1360\">Altura do cesto (L)<\/strong><\/td>\n<td style=\"width: 31.598282%;\" data-col-size=\"md\" data-start=\"1364\" data-end=\"1397\">151 mm<\/td>\n<td style=\"width: 60.912729%;\" data-col-size=\"md\" data-start=\"1397\" data-end=\"1431\">151 mm<\/td>\n<\/tr>\n<tr data-start=\"1432\" data-end=\"1526\">\n<td style=\"width: 40.254822%;\" data-start=\"1432\" data-end=\"1459\" data-col-size=\"sm\"><strong data-start=\"1434\" data-end=\"1451\">Certifica\u00e7\u00e3o<\/strong><\/td>\n<td style=\"width: 31.598282%;\" data-col-size=\"md\" data-start=\"1459\" data-end=\"1492\">RINA DIP<\/td>\n<td style=\"width: 60.912729%;\" data-col-size=\"md\" data-start=\"1492\" data-end=\"1526\">RINA DIP<\/td>\n<\/tr>\n<tr data-start=\"1527\" data-end=\"1663\">\n<td style=\"width: 40.254822%;\" data-start=\"1527\" data-end=\"1554\" data-col-size=\"sm\"><strong data-start=\"1529\" data-end=\"1548\">Utiliza\u00e7\u00e3o recomendada<\/strong><\/td>\n<td style=\"width: 31.598282%;\" data-col-size=\"md\" data-start=\"1554\" data-end=\"1608\">Filtragem da \u00e1gua do mar (por exemplo, sistemas de arrefecimento)<\/td>\n<td style=\"width: 60.912729%;\" data-col-size=\"md\" data-start=\"1608\" data-end=\"1663\">Filtragem da \u00e1gua do mar (por exemplo, sistemas de arrefecimento)<\/td>\n<\/tr>\n<\/tbody>\n<\/table>\n<div class=\"sticky end-(--thread-content-margin) h-0 self-end select-none\">\n<div class=\"absolute end-0 flex items-end\"><\/div>\n<\/div>\n<\/div>\n<\/div>","protected":false},"featured_media":6169,"template":"","meta":{"_acf_changed":false},"product_brand":[],"product_cat":[35,54],"product_tag":[],"class_list":{"0":"post-5299","1":"product","2":"type-product","3":"status-publish","4":"has-post-thumbnail","6":"product_cat-accessories","7":"product_cat-sea-water-accessories","9":"first","10":"instock","11":"shipping-taxable","12":"product-type-simple"},"acf":[],"_links":{"self":[{"href":"https:\/\/mbc-marine.com\/pt\/wp-json\/wp\/v2\/product\/5299","targetHints":{"allow":["GET"]}}],"collection":[{"href":"https:\/\/mbc-marine.com\/pt\/wp-json\/wp\/v2\/product"}],"about":[{"href":"https:\/\/mbc-marine.com\/pt\/wp-json\/wp\/v2\/types\/product"}],"version-history":[{"count":1,"href":"https:\/\/mbc-marine.com\/pt\/wp-json\/wp\/v2\/product\/5299\/revisions"}],"predecessor-version":[{"id":8137,"href":"https:\/\/mbc-marine.com\/pt\/wp-json\/wp\/v2\/product\/5299\/revisions\/8137"}],"wp:featuredmedia":[{"embeddable":true,"href":"https:\/\/mbc-marine.com\/pt\/wp-json\/wp\/v2\/media\/6169"}],"wp:attachment":[{"href":"https:\/\/mbc-marine.com\/pt\/wp-json\/wp\/v2\/media?parent=5299"}],"wp:term":[{"taxonomy":"product_brand","embeddable":true,"href":"https:\/\/mbc-marine.com\/pt\/wp-json\/wp\/v2\/product_brand?post=5299"},{"taxonomy":"product_cat","embeddable":true,"href":"https:\/\/mbc-marine.com\/pt\/wp-json\/wp\/v2\/product_cat?post=5299"},{"taxonomy":"product_tag","embeddable":true,"href":"https:\/\/mbc-marine.com\/pt\/wp-json\/wp\/v2\/product_tag?post=5299"}],"curies":[{"name":"wp","href":"https:\/\/api.w.org\/{rel}","templated":true}]}}