{"id":5305,"date":"2025-07-23T21:14:55","date_gmt":"2025-07-23T19:14:55","guid":{"rendered":"https:\/\/mbc-marine.com\/?post_type=product&#038;p=5305"},"modified":"2026-04-29T16:05:23","modified_gmt":"2026-04-29T14:05:23","slug":"filtro-de-agua-do-mar-amp-s-02","status":"publish","type":"product","link":"https:\/\/mbc-marine.com\/pt\/product\/sea-water-strainer-amp-s-02\/","title":{"rendered":"FILTRO DE \u00c1GUA DO MAR AMP-S-02"},"content":{"rendered":"<h3 data-start=\"168\" data-end=\"221\"><span style=\"font-size: 12pt;\">Filtro de \u00e1gua de 1\/2\u2033 AMP-S02\u00a0<\/span><\/h3>\n<p data-start=\"223\" data-end=\"425\"><span style=\"font-size: 12pt;\">Compacto em tamanho, intransigente em fiabilidade - o filtro de \u00e1gua de 1\/2\u2033 \u00e9 a solu\u00e7\u00e3o ideal para sistemas de ar condicionado mar\u00edtimos mais pequenos.\u00a0<\/span><\/p>\n<p data-start=\"427\" data-end=\"718\"><span style=\"font-size: 12pt;\">Constru\u00eddo com um corpo de bronze niquelado e uma tampa de metal s\u00f3lido, garante uma durabilidade duradoura, mesmo em ambientes marinhos adversos. O cesto interno de malha de a\u00e7o inoxid\u00e1vel AISI 316L proporciona uma filtragem eficiente, enquanto a junta de neopreno assegura uma veda\u00e7\u00e3o segura e sem fugas.<\/span><\/p>","protected":false},"excerpt":{"rendered":"<h3 data-start=\"135\" data-end=\"163\"><\/h3>\n<div class=\"_tableContainer_80l1q_1\">\n<div class=\"_tableWrapper_80l1q_14 group flex w-fit flex-col-reverse\" tabindex=\"-1\">\n<table class=\"w-fit min-w-(--thread-content-width)\" style=\"width: 100.700435%;\" data-start=\"165\" data-end=\"1179\">\n<thead data-start=\"165\" data-end=\"231\">\n<tr data-start=\"165\" data-end=\"231\">\n<th style=\"width: 51.193702%;\" data-start=\"165\" data-end=\"196\" data-col-size=\"sm\"><strong data-start=\"167\" data-end=\"184\">Especifica\u00e7\u00e3o do AMP-S-02<\/strong><\/th>\n<th style=\"width: 172.070264%;\" data-start=\"196\" data-end=\"231\" data-col-size=\"md\"><strong data-start=\"198\" data-end=\"207\">Valor<\/strong><\/th>\n<\/tr>\n<\/thead>\n<tbody data-start=\"299\" data-end=\"1179\">\n<tr data-start=\"299\" data-end=\"364\">\n<td style=\"width: 51.193702%;\" data-start=\"299\" data-end=\"329\" data-col-size=\"sm\">Tamanho da liga\u00e7\u00e3o<\/td>\n<td style=\"width: 172.070264%;\" data-col-size=\"md\" data-start=\"329\" data-end=\"364\">1\/2\u2033 BSP (ISO 228\/1)<\/td>\n<\/tr>\n<tr data-start=\"365\" data-end=\"430\">\n<td style=\"width: 51.193702%;\" data-start=\"365\" data-end=\"395\" data-col-size=\"sm\">Material da carro\u00e7aria<\/td>\n<td style=\"width: 172.070264%;\" data-col-size=\"md\" data-start=\"395\" data-end=\"430\">Bronze marinho niquelado<\/td>\n<\/tr>\n<tr data-start=\"431\" data-end=\"496\">\n<td style=\"width: 51.193702%;\" data-start=\"431\" data-end=\"461\" data-col-size=\"sm\">Material de cobertura<\/td>\n<td style=\"width: 172.070264%;\" data-col-size=\"md\" data-start=\"461\" data-end=\"496\">Metal niquelado<\/td>\n<\/tr>\n<tr data-start=\"497\" data-end=\"562\">\n<td style=\"width: 51.193702%;\" data-start=\"497\" data-end=\"527\" data-col-size=\"sm\">Cesto de filtro<\/td>\n<td style=\"width: 172.070264%;\" data-col-size=\"md\" data-start=\"527\" data-end=\"562\">A\u00e7o inoxid\u00e1vel AISI 316L<\/td>\n<\/tr>\n<tr data-start=\"563\" data-end=\"628\">\n<td style=\"width: 51.193702%;\" data-start=\"563\" data-end=\"593\" data-col-size=\"sm\">Material da junta<\/td>\n<td style=\"width: 172.070264%;\" data-col-size=\"md\" data-start=\"593\" data-end=\"628\">Neopreno<\/td>\n<\/tr>\n<tr data-start=\"629\" data-end=\"694\">\n<td style=\"width: 51.193702%;\" data-start=\"629\" data-end=\"659\" data-col-size=\"sm\">Caudal m\u00e1ximo<\/td>\n<td style=\"width: 172.070264%;\" data-col-size=\"md\" data-start=\"659\" data-end=\"694\">8.180 l\/h a 1 bar<\/td>\n<\/tr>\n<tr data-start=\"695\" data-end=\"760\">\n<td style=\"width: 51.193702%;\" data-start=\"695\" data-end=\"725\" data-col-size=\"sm\">Altura total (H)<\/td>\n<td style=\"width: 172.070264%;\" data-col-size=\"md\" data-start=\"725\" data-end=\"760\">108 mm<\/td>\n<\/tr>\n<tr data-start=\"761\" data-end=\"826\">\n<td style=\"width: 51.193702%;\" data-start=\"761\" data-end=\"791\" data-col-size=\"sm\">Di\u00e2metro da tampa (A)<\/td>\n<td style=\"width: 172.070264%;\" data-col-size=\"md\" data-start=\"791\" data-end=\"826\">30 mm<\/td>\n<\/tr>\n<tr data-start=\"827\" data-end=\"892\">\n<td style=\"width: 51.193702%;\" data-start=\"827\" data-end=\"857\" data-col-size=\"sm\">Altura do cesto (L)<\/td>\n<td style=\"width: 172.070264%;\" data-col-size=\"md\" data-start=\"857\" data-end=\"892\">104 mm<\/td>\n<\/tr>\n<tr data-start=\"893\" data-end=\"958\">\n<td style=\"width: 51.193702%;\" data-start=\"893\" data-end=\"923\" data-col-size=\"sm\">Centro de entrada para a base (H1)<\/td>\n<td style=\"width: 172.070264%;\" data-col-size=\"md\" data-start=\"923\" data-end=\"958\">64 mm<\/td>\n<\/tr>\n<tr data-start=\"959\" data-end=\"1024\">\n<td style=\"width: 51.193702%;\" data-start=\"959\" data-end=\"989\" data-col-size=\"sm\">Peso<\/td>\n<td style=\"width: 172.070264%;\" data-col-size=\"md\" data-start=\"989\" data-end=\"1024\">Aprox. 1.050-1.100 g<\/td>\n<\/tr>\n<tr data-start=\"1025\" data-end=\"1090\">\n<td style=\"width: 51.193702%;\" data-start=\"1025\" data-end=\"1055\" data-col-size=\"sm\">Certifica\u00e7\u00e3o<\/td>\n<td style=\"width: 172.070264%;\" data-col-size=\"md\" data-start=\"1055\" data-end=\"1090\">RINA DIP<\/td>\n<\/tr>\n<\/tbody>\n<\/table>\n<\/div>\n<\/div>","protected":false},"featured_media":6168,"template":"","meta":{"_acf_changed":false},"product_brand":[],"product_cat":[35,54],"product_tag":[],"class_list":{"0":"post-5305","1":"product","2":"type-product","3":"status-publish","4":"has-post-thumbnail","6":"product_cat-accessories","7":"product_cat-sea-water-accessories","9":"first","10":"instock","11":"shipping-taxable","12":"product-type-simple"},"acf":[],"_links":{"self":[{"href":"https:\/\/mbc-marine.com\/pt\/wp-json\/wp\/v2\/product\/5305","targetHints":{"allow":["GET"]}}],"collection":[{"href":"https:\/\/mbc-marine.com\/pt\/wp-json\/wp\/v2\/product"}],"about":[{"href":"https:\/\/mbc-marine.com\/pt\/wp-json\/wp\/v2\/types\/product"}],"version-history":[{"count":1,"href":"https:\/\/mbc-marine.com\/pt\/wp-json\/wp\/v2\/product\/5305\/revisions"}],"predecessor-version":[{"id":8136,"href":"https:\/\/mbc-marine.com\/pt\/wp-json\/wp\/v2\/product\/5305\/revisions\/8136"}],"wp:featuredmedia":[{"embeddable":true,"href":"https:\/\/mbc-marine.com\/pt\/wp-json\/wp\/v2\/media\/6168"}],"wp:attachment":[{"href":"https:\/\/mbc-marine.com\/pt\/wp-json\/wp\/v2\/media?parent=5305"}],"wp:term":[{"taxonomy":"product_brand","embeddable":true,"href":"https:\/\/mbc-marine.com\/pt\/wp-json\/wp\/v2\/product_brand?post=5305"},{"taxonomy":"product_cat","embeddable":true,"href":"https:\/\/mbc-marine.com\/pt\/wp-json\/wp\/v2\/product_cat?post=5305"},{"taxonomy":"product_tag","embeddable":true,"href":"https:\/\/mbc-marine.com\/pt\/wp-json\/wp\/v2\/product_tag?post=5305"}],"curies":[{"name":"wp","href":"https:\/\/api.w.org\/{rel}","templated":true}]}}