{"id":5313,"date":"2025-07-23T21:26:02","date_gmt":"2025-07-23T19:26:02","guid":{"rendered":"https:\/\/mbc-marine.com\/?post_type=product&#038;p=5313"},"modified":"2026-04-29T16:04:01","modified_gmt":"2026-04-29T14:04:01","slug":"filtro-de-agua-do-mar-amp-s-01","status":"publish","type":"product","link":"https:\/\/mbc-marine.com\/pt\/product\/sea-water-strainer-amp-s-01\/","title":{"rendered":"FILTRO DE \u00c1GUA DO MAR AMP-S-01"},"content":{"rendered":"<h2 data-start=\"137\" data-end=\"219\"><span style=\"font-size: 12pt;\">Filtro de \u00e1gua marinha compacto de 1\/2\u2033 - Corpo de pl\u00e1stico com tampa transparente<\/span><\/h2>\n<p data-start=\"221\" data-end=\"513\"><span style=\"font-size: 12pt;\">Este filtro compacto e leve \u00e9 a solu\u00e7\u00e3o perfeita para proteger as bombas e os sistemas mar\u00edtimos de detritos e part\u00edculas. Concebido com um corpo de baquelite dur\u00e1vel e uma tampa de rosca em policarbonato transparente, permite uma inspe\u00e7\u00e3o visual r\u00e1pida e uma manuten\u00e7\u00e3o f\u00e1cil - sem ferramentas. <\/span><span style=\"font-size: 12pt;\">Ideal para aparelhos de ar condicionado mar\u00edtimos de pequena dimens\u00e3o.<\/span><\/p>","protected":false},"excerpt":{"rendered":"<div class=\"_tableContainer_80l1q_1\">\n<div class=\"_tableWrapper_80l1q_14 group flex w-fit flex-col-reverse\" tabindex=\"-1\">\n<table class=\"w-fit min-w-(--thread-content-width)\" style=\"width: 102.359452%;\" data-start=\"1034\" data-end=\"1933\">\n<thead data-start=\"1034\" data-end=\"1102\">\n<tr data-start=\"1034\" data-end=\"1102\">\n<th style=\"width: 49.241141%;\" data-start=\"1034\" data-end=\"1064\" data-col-size=\"sm\"><strong data-start=\"1036\" data-end=\"1053\">Especifica\u00e7\u00e3o do AMP-S01<\/strong><\/th>\n<th style=\"width: 208.24259%;\" data-start=\"1064\" data-end=\"1102\" data-col-size=\"sm\"><strong data-start=\"1066\" data-end=\"1075\">Valor<\/strong><\/th>\n<\/tr>\n<\/thead>\n<tbody data-start=\"1172\" data-end=\"1933\">\n<tr data-start=\"1172\" data-end=\"1240\">\n<td style=\"width: 49.241141%;\" data-start=\"1172\" data-end=\"1201\" data-col-size=\"sm\">Tipo de liga\u00e7\u00e3o<\/td>\n<td style=\"width: 208.24259%;\" data-col-size=\"sm\" data-start=\"1201\" data-end=\"1240\">1\/2\u2033 BSP (rosca f\u00eamea)<\/td>\n<\/tr>\n<tr data-start=\"1241\" data-end=\"1309\">\n<td style=\"width: 49.241141%;\" data-start=\"1241\" data-end=\"1270\" data-col-size=\"sm\">Material da carro\u00e7aria<\/td>\n<td style=\"width: 208.24259%;\" data-col-size=\"sm\" data-start=\"1270\" data-end=\"1309\">Baquelite de alta resist\u00eancia (preto)<\/td>\n<\/tr>\n<tr data-start=\"1310\" data-end=\"1378\">\n<td style=\"width: 49.241141%;\" data-start=\"1310\" data-end=\"1339\" data-col-size=\"sm\">Material de cobertura<\/td>\n<td style=\"width: 208.24259%;\" data-col-size=\"sm\" data-start=\"1339\" data-end=\"1378\">Policarbonato transparente aparafusado<\/td>\n<\/tr>\n<tr data-start=\"1379\" data-end=\"1447\">\n<td style=\"width: 49.241141%;\" data-start=\"1379\" data-end=\"1408\" data-col-size=\"sm\">Cesto de filtro<\/td>\n<td style=\"width: 208.24259%;\" data-col-size=\"sm\" data-start=\"1408\" data-end=\"1447\">Malha de a\u00e7o inoxid\u00e1vel (AISI 304\/316)<\/td>\n<\/tr>\n<tr data-start=\"1448\" data-end=\"1516\">\n<td style=\"width: 49.241141%;\" data-start=\"1448\" data-end=\"1477\" data-col-size=\"sm\">Caudal m\u00e1ximo<\/td>\n<td style=\"width: 208.24259%;\" data-col-size=\"sm\" data-start=\"1477\" data-end=\"1516\">~20-30 l\/min (dependendo do sistema)<\/td>\n<\/tr>\n<tr data-start=\"1517\" data-end=\"1585\">\n<td style=\"width: 49.241141%;\" data-start=\"1517\" data-end=\"1546\" data-col-size=\"sm\">Press\u00e3o m\u00e1xima<\/td>\n<td style=\"width: 208.24259%;\" data-col-size=\"sm\" data-start=\"1546\" data-end=\"1585\">3-5 bar (t\u00edpico)<\/td>\n<\/tr>\n<tr data-start=\"1586\" data-end=\"1654\">\n<td style=\"width: 49.241141%;\" data-start=\"1586\" data-end=\"1615\" data-col-size=\"sm\">Tipo de veda\u00e7\u00e3o<\/td>\n<td style=\"width: 208.24259%;\" data-col-size=\"sm\" data-start=\"1615\" data-end=\"1654\">O-ring (borracha ou nitrilo)<\/td>\n<\/tr>\n<tr data-start=\"1655\" data-end=\"1723\">\n<td style=\"width: 49.241141%;\" data-start=\"1655\" data-end=\"1684\" data-col-size=\"sm\">Manuten\u00e7\u00e3o<\/td>\n<td style=\"width: 208.24259%;\" data-col-size=\"sm\" data-start=\"1684\" data-end=\"1723\">Desaparafusamento manual sem ferramentas<\/td>\n<\/tr>\n<tr data-start=\"1724\" data-end=\"1792\">\n<td style=\"width: 49.241141%;\" data-start=\"1724\" data-end=\"1753\" data-col-size=\"sm\">Orienta\u00e7\u00e3o da instala\u00e7\u00e3o<\/td>\n<td style=\"width: 208.24259%;\" data-col-size=\"sm\" data-start=\"1753\" data-end=\"1792\">Vertical recomendado (tampa no topo)<\/td>\n<\/tr>\n<tr data-start=\"1793\" data-end=\"1862\">\n<td style=\"width: 49.241141%;\" data-start=\"1793\" data-end=\"1822\" data-col-size=\"sm\">Aplica\u00e7\u00e3o<\/td>\n<td style=\"width: 208.24259%;\" data-col-size=\"sm\" data-start=\"1822\" data-end=\"1862\">Marinha\/\u00e1gua do mar<\/td>\n<\/tr>\n<tr data-start=\"1863\" data-end=\"1933\">\n<td style=\"width: 49.241141%;\" data-start=\"1863\" data-end=\"1892\" data-col-size=\"sm\">Caso de utiliza\u00e7\u00e3o<\/td>\n<td style=\"width: 208.24259%;\" data-col-size=\"sm\" data-start=\"1892\" data-end=\"1933\">Unidades de ar condicionado, bombas<\/td>\n<\/tr>\n<\/tbody>\n<\/table>\n<div class=\"sticky end-(--thread-content-margin) h-0 self-end select-none\">\n<div class=\"absolute end-0 flex items-end\"><\/div>\n<\/div>\n<\/div>\n<\/div>","protected":false},"featured_media":6174,"template":"","meta":{"_acf_changed":false},"product_brand":[],"product_cat":[54,35],"product_tag":[],"class_list":{"0":"post-5313","1":"product","2":"type-product","3":"status-publish","4":"has-post-thumbnail","6":"product_cat-sea-water-accessories","7":"product_cat-accessories","9":"first","10":"instock","11":"shipping-taxable","12":"product-type-simple"},"acf":[],"_links":{"self":[{"href":"https:\/\/mbc-marine.com\/pt\/wp-json\/wp\/v2\/product\/5313","targetHints":{"allow":["GET"]}}],"collection":[{"href":"https:\/\/mbc-marine.com\/pt\/wp-json\/wp\/v2\/product"}],"about":[{"href":"https:\/\/mbc-marine.com\/pt\/wp-json\/wp\/v2\/types\/product"}],"version-history":[{"count":1,"href":"https:\/\/mbc-marine.com\/pt\/wp-json\/wp\/v2\/product\/5313\/revisions"}],"predecessor-version":[{"id":8135,"href":"https:\/\/mbc-marine.com\/pt\/wp-json\/wp\/v2\/product\/5313\/revisions\/8135"}],"wp:featuredmedia":[{"embeddable":true,"href":"https:\/\/mbc-marine.com\/pt\/wp-json\/wp\/v2\/media\/6174"}],"wp:attachment":[{"href":"https:\/\/mbc-marine.com\/pt\/wp-json\/wp\/v2\/media?parent=5313"}],"wp:term":[{"taxonomy":"product_brand","embeddable":true,"href":"https:\/\/mbc-marine.com\/pt\/wp-json\/wp\/v2\/product_brand?post=5313"},{"taxonomy":"product_cat","embeddable":true,"href":"https:\/\/mbc-marine.com\/pt\/wp-json\/wp\/v2\/product_cat?post=5313"},{"taxonomy":"product_tag","embeddable":true,"href":"https:\/\/mbc-marine.com\/pt\/wp-json\/wp\/v2\/product_tag?post=5313"}],"curies":[{"name":"wp","href":"https:\/\/api.w.org\/{rel}","templated":true}]}}