{"id":5319,"date":"2025-07-23T21:43:09","date_gmt":"2025-07-23T19:43:09","guid":{"rendered":"https:\/\/mbc-marine.com\/?post_type=product&#038;p=5319"},"modified":"2026-04-29T15:57:18","modified_gmt":"2026-04-29T13:57:18","slug":"bomba-de-condensados-mini-slim-para-drenagem-de-agua","status":"publish","type":"product","link":"https:\/\/mbc-marine.com\/pt\/product\/drain-water-mini-slim-condensate-pump\/","title":{"rendered":"BOMBA DE CONDENSADOS MINI SLIM PARA DRENAGEM DE \u00c1GUA"},"content":{"rendered":"<h2 data-start=\"188\" data-end=\"261\"><span style=\"font-size: 12pt;\">Bomba de remo\u00e7\u00e3o de condensados P12 - Solu\u00e7\u00e3o ultra-compacta para A\/C mar\u00edtimo<\/span><\/h2>\n<p data-start=\"263\" data-end=\"449\"><span style=\"font-size: 12pt;\">A P12 \u00e9 uma das bombas de condensados mini-split mais finas dispon\u00edveis, concebida especificamente para espa\u00e7os apertados e instala\u00e7\u00f5es discretas - o que a torna ideal para aplica\u00e7\u00f5es mar\u00edtimas. <\/span><span style=\"font-size: 12pt;\">O seu corpo ultra-compacto, o funcionamento silencioso e a vibra\u00e7\u00e3o<\/span>A tecnologia de amortecimento de vibra\u00e7\u00f5es torna-o perfeitamente adequado para utiliza\u00e7\u00e3o a bordo de iates, catamar\u00e3s e embarca\u00e7\u00f5es compactas.<\/p>","protected":false},"excerpt":{"rendered":"<div class=\"_tableContainer_80l1q_1\">\n<div class=\"_tableWrapper_80l1q_14 group flex w-fit flex-col-reverse\" tabindex=\"-1\">\n<table class=\"w-fit min-w-(--thread-content-width)\" style=\"width: 101.409164%;\" data-start=\"942\" data-end=\"1879\">\n<thead data-start=\"942\" data-end=\"1019\">\n<tr data-start=\"942\" data-end=\"1019\">\n<th style=\"width: 50.183639%;\" data-start=\"942\" data-end=\"975\" data-col-size=\"sm\"><strong data-start=\"944\" data-end=\"961\">Especifica\u00e7\u00e3o<\/strong><\/th>\n<th style=\"width: 177.508669%;\" data-start=\"975\" data-end=\"1019\" data-col-size=\"sm\"><strong data-start=\"977\" data-end=\"986\">Valor<\/strong><\/th>\n<\/tr>\n<\/thead>\n<tbody data-start=\"1098\" data-end=\"1879\">\n<tr data-start=\"1098\" data-end=\"1175\">\n<td style=\"width: 50.183639%;\" data-start=\"1098\" data-end=\"1130\" data-col-size=\"sm\">Caudal m\u00e1ximo<\/td>\n<td style=\"width: 177.508669%;\" data-col-size=\"sm\" data-start=\"1130\" data-end=\"1175\">12 litros\/hora<\/td>\n<\/tr>\n<tr data-start=\"1176\" data-end=\"1253\">\n<td style=\"width: 50.183639%;\" data-start=\"1176\" data-end=\"1208\" data-col-size=\"sm\">Altura m\u00e1xima de eleva\u00e7\u00e3o (cabe\u00e7a)<\/td>\n<td style=\"width: 177.508669%;\" data-col-size=\"sm\" data-start=\"1208\" data-end=\"1253\">7 metros<\/td>\n<\/tr>\n<tr data-start=\"1254\" data-end=\"1331\">\n<td style=\"width: 50.183639%;\" data-start=\"1254\" data-end=\"1286\" data-col-size=\"sm\">N\u00edvel sonoro<\/td>\n<td style=\"width: 177.508669%;\" data-col-size=\"sm\" data-start=\"1286\" data-end=\"1331\">~19 dB<\/td>\n<\/tr>\n<tr data-start=\"1332\" data-end=\"1410\">\n<td style=\"width: 50.183639%;\" data-start=\"1332\" data-end=\"1364\" data-col-size=\"sm\">Capacidade de ar condicionado recomendada<\/td>\n<td style=\"width: 177.508669%;\" data-col-size=\"sm\" data-start=\"1364\" data-end=\"1410\">At\u00e9 30.000 BTU<\/td>\n<\/tr>\n<tr data-start=\"1411\" data-end=\"1489\">\n<td style=\"width: 50.183639%;\" data-start=\"1411\" data-end=\"1443\" data-col-size=\"sm\">Dimens\u00f5es (unidade de bomba)<\/td>\n<td style=\"width: 177.508669%;\" data-col-size=\"sm\" data-start=\"1443\" data-end=\"1489\">Ultra-compacto (normalmente ~29\u00d745\u00d745 mm)<\/td>\n<\/tr>\n<tr data-start=\"1490\" data-end=\"1567\">\n<td style=\"width: 50.183639%;\" data-start=\"1490\" data-end=\"1522\" data-col-size=\"sm\">Tipo de instala\u00e7\u00e3o<\/td>\n<td style=\"width: 177.508669%;\" data-col-size=\"sm\" data-start=\"1522\" data-end=\"1567\">Split: bomba + unidade de sensor<\/td>\n<\/tr>\n<tr data-start=\"1568\" data-end=\"1645\">\n<td style=\"width: 50.183639%;\" data-start=\"1568\" data-end=\"1600\" data-col-size=\"sm\">Interruptor de seguran\u00e7a<\/td>\n<td style=\"width: 177.508669%;\" data-start=\"1600\" data-end=\"1645\" data-col-size=\"sm\">Sim (integrado)<\/td>\n<\/tr>\n<tr data-start=\"1646\" data-end=\"1723\">\n<td style=\"width: 50.183639%;\" data-start=\"1646\" data-end=\"1678\" data-col-size=\"sm\">Fonte de alimenta\u00e7\u00e3o<\/td>\n<td style=\"width: 177.508669%;\" data-start=\"1678\" data-end=\"1723\" data-col-size=\"sm\">230V \/ 50-60 Hz<\/td>\n<\/tr>\n<tr data-start=\"1724\" data-end=\"1801\">\n<td style=\"width: 50.183639%;\" data-start=\"1724\" data-end=\"1756\" data-col-size=\"sm\">Isolamento de vibra\u00e7\u00f5es<\/td>\n<td style=\"width: 177.508669%;\" data-start=\"1756\" data-end=\"1801\" data-col-size=\"sm\">Sim<\/td>\n<\/tr>\n<tr data-start=\"1802\" data-end=\"1879\">\n<td style=\"width: 50.183639%;\" data-start=\"1802\" data-end=\"1834\" data-col-size=\"sm\">Aplica\u00e7\u00e3o<\/td>\n<td style=\"width: 177.508669%;\" data-start=\"1834\" data-end=\"1879\" data-col-size=\"sm\">Remo\u00e7\u00e3o de condensados de ar condicionado mar\u00edtimo<\/td>\n<\/tr>\n<\/tbody>\n<\/table>\n<div class=\"sticky end-(--thread-content-margin) h-0 self-end select-none\">\n<div class=\"absolute end-0 flex items-end\"><\/div>\n<\/div>\n<\/div>\n<\/div>","protected":false},"featured_media":5320,"template":"","meta":{"_acf_changed":false},"product_brand":[],"product_cat":[35,54],"product_tag":[],"class_list":{"0":"post-5319","1":"product","2":"type-product","3":"status-publish","4":"has-post-thumbnail","6":"product_cat-accessories","7":"product_cat-sea-water-accessories","9":"first","10":"instock","11":"shipping-taxable","12":"product-type-simple"},"acf":[],"_links":{"self":[{"href":"https:\/\/mbc-marine.com\/pt\/wp-json\/wp\/v2\/product\/5319","targetHints":{"allow":["GET"]}}],"collection":[{"href":"https:\/\/mbc-marine.com\/pt\/wp-json\/wp\/v2\/product"}],"about":[{"href":"https:\/\/mbc-marine.com\/pt\/wp-json\/wp\/v2\/types\/product"}],"version-history":[{"count":2,"href":"https:\/\/mbc-marine.com\/pt\/wp-json\/wp\/v2\/product\/5319\/revisions"}],"predecessor-version":[{"id":8133,"href":"https:\/\/mbc-marine.com\/pt\/wp-json\/wp\/v2\/product\/5319\/revisions\/8133"}],"wp:featuredmedia":[{"embeddable":true,"href":"https:\/\/mbc-marine.com\/pt\/wp-json\/wp\/v2\/media\/5320"}],"wp:attachment":[{"href":"https:\/\/mbc-marine.com\/pt\/wp-json\/wp\/v2\/media?parent=5319"}],"wp:term":[{"taxonomy":"product_brand","embeddable":true,"href":"https:\/\/mbc-marine.com\/pt\/wp-json\/wp\/v2\/product_brand?post=5319"},{"taxonomy":"product_cat","embeddable":true,"href":"https:\/\/mbc-marine.com\/pt\/wp-json\/wp\/v2\/product_cat?post=5319"},{"taxonomy":"product_tag","embeddable":true,"href":"https:\/\/mbc-marine.com\/pt\/wp-json\/wp\/v2\/product_tag?post=5319"}],"curies":[{"name":"wp","href":"https:\/\/api.w.org\/{rel}","templated":true}]}}